{"id":6665,"date":"2023-01-20T09:27:14","date_gmt":"2023-01-20T07:27:14","guid":{"rendered":"https:\/\/allstarfinland.fi\/?post_type=product&#038;p=6665"},"modified":"2025-11-12T07:37:49","modified_gmt":"2025-11-12T05:37:49","slug":"basic-rainbow-miekkailusukat","status":"publish","type":"product","link":"https:\/\/allstarfinland.fi\/en\/p\/basic-rainbow-miekkailusukat\/","title":{"rendered":"BASIC FENCING SOCKS RAINBOW"},"content":{"rendered":"","protected":false},"excerpt":{"rendered":"<p>Our special edition of the Basic cotton fencing socks are super comfy and feature a high-level of workmanship. They stand out due to their unique rainbow design and offer you a chance to make a statement against discrimination. We believe that fencing should be a safe space for everyone and that there is no room for discrimination on our fencing pistes.<\/p>\n<p>Sateenkaarisukat sopivat miekkailun lis\u00e4ksi jalkapalloon tai vaikka Pride-kulkueen iloisiin v\u00e4reihin.<\/p>","protected":false},"featured_media":6673,"template":"","meta":[],"product_brand":[],"product_cat":[193],"product_tag":[],"class_list":{"0":"post-6665","1":"product","2":"type-product","3":"status-publish","4":"has-post-thumbnail","6":"product_cat-miekkailusukat","7":"product_shipping_class-pikkupaketti","9":"first","10":"onbackorder","11":"taxable","12":"shipping-taxable","13":"purchasable","14":"product-type-variable"},"composite_virtual":false,"composite_layout":"","composite_add_to_cart_form_location":"","composite_editable_in_cart":false,"composite_sold_individually_context":"","composite_shop_price_calc":"","composite_components":[],"composite_scenarios":[],"supplier_id":1366,"supplier_sku":"","atum_controlled":true,"out_stock_date":"2023-01-20 07:27:14","out_stock_threshold":null,"inheritable":true,"inbound_stock":0,"stock_on_hold":0,"sold_today":0,"sales_last_days":1,"reserved_stock":0,"customer_returns":0,"warehouse_damage":0,"lost_in_post":0,"other_logs":0,"out_stock_days":930,"lost_sales":0,"has_location":false,"update_date":"2026-04-13T06:12:28","atum_locations":[],"atum_stock_status":"onbackorder","restock_status":false,"low_stock_amount":2,"sales_update_date":"2026-04-13T06:12:28","calc_backorders":0,"exclude_global_add_ons":[],"addons":[],"yoast_head":"<!-- This site is optimized with the Yoast SEO plugin v27.3 - https:\/\/yoast.com\/product\/yoast-seo-wordpress\/ -->\n<title>BASIC RAINBOW MIEKKAILUSUKAT - Allstar Finland<\/title>\n<meta name=\"description\" content=\"Allstar sateenkaarisukat ovat puuvillaa ja eritt\u00e4in mukavia k\u00e4ytt\u00e4\u00e4. Miekkailu sopii kaikille eik\u00e4 miekkailualueella ole tilaa syrjinn\u00e4lle.\" \/>\n<meta name=\"robots\" content=\"index, follow, max-snippet:-1, max-image-preview:large, max-video-preview:-1\" \/>\n<link rel=\"canonical\" href=\"https:\/\/allstarfinland.fi\/en\/p\/basic-rainbow-miekkailusukat\/\" \/>\n<meta property=\"og:locale\" content=\"en_US\" \/>\n<meta property=\"og:type\" content=\"article\" \/>\n<meta property=\"og:title\" content=\"BASIC RAINBOW MIEKKAILUSUKAT - Allstar Finland\" \/>\n<meta property=\"og:description\" content=\"Allstar sateenkaarisukat ovat puuvillaa ja eritt\u00e4in mukavia k\u00e4ytt\u00e4\u00e4. Miekkailu sopii kaikille eik\u00e4 miekkailualueella ole tilaa syrjinn\u00e4lle.\" \/>\n<meta property=\"og:url\" content=\"https:\/\/allstarfinland.fi\/en\/p\/basic-rainbow-miekkailusukat\/\" \/>\n<meta property=\"og:site_name\" content=\"Allstar Finland\" \/>\n<meta property=\"article:modified_time\" content=\"2025-11-12T05:37:49+00:00\" \/>\n<meta property=\"og:image\" content=\"https:\/\/allstarfinland.fi\/wp-content\/uploads\/2023\/01\/FSTR-B-R_1.jpg\" \/>\n\t<meta property=\"og:image:width\" content=\"1100\" \/>\n\t<meta property=\"og:image:height\" content=\"1100\" \/>\n\t<meta property=\"og:image:type\" content=\"image\/jpeg\" \/>\n<meta name=\"twitter:card\" content=\"summary_large_image\" \/>\n<meta name=\"twitter:label1\" content=\"Est. reading time\" \/>\n\t<meta name=\"twitter:data1\" content=\"1 minute\" \/>\n<script type=\"application\/ld+json\" class=\"yoast-schema-graph\">{\"@context\":\"https:\\\/\\\/schema.org\",\"@graph\":[{\"@type\":\"WebPage\",\"@id\":\"https:\\\/\\\/allstarfinland.fi\\\/p\\\/basic-rainbow-miekkailusukat\\\/\",\"url\":\"https:\\\/\\\/allstarfinland.fi\\\/p\\\/basic-rainbow-miekkailusukat\\\/\",\"name\":\"BASIC RAINBOW MIEKKAILUSUKAT - Allstar Finland\",\"isPartOf\":{\"@id\":\"https:\\\/\\\/allstarfinland.fi\\\/en\\\/#website\"},\"primaryImageOfPage\":{\"@id\":\"https:\\\/\\\/allstarfinland.fi\\\/p\\\/basic-rainbow-miekkailusukat\\\/#primaryimage\"},\"image\":{\"@id\":\"https:\\\/\\\/allstarfinland.fi\\\/p\\\/basic-rainbow-miekkailusukat\\\/#primaryimage\"},\"thumbnailUrl\":\"https:\\\/\\\/allstarfinland.fi\\\/wp-content\\\/uploads\\\/2023\\\/01\\\/FSTR-B-R_1.jpg\",\"datePublished\":\"2023-01-20T07:27:14+00:00\",\"dateModified\":\"2025-11-12T05:37:49+00:00\",\"description\":\"Allstar sateenkaarisukat ovat puuvillaa ja eritt\u00e4in mukavia k\u00e4ytt\u00e4\u00e4. Miekkailu sopii kaikille eik\u00e4 miekkailualueella ole tilaa syrjinn\u00e4lle.\",\"breadcrumb\":{\"@id\":\"https:\\\/\\\/allstarfinland.fi\\\/p\\\/basic-rainbow-miekkailusukat\\\/#breadcrumb\"},\"inLanguage\":\"en-US\",\"potentialAction\":[{\"@type\":\"ReadAction\",\"target\":[\"https:\\\/\\\/allstarfinland.fi\\\/p\\\/basic-rainbow-miekkailusukat\\\/\"]}]},{\"@type\":\"ImageObject\",\"inLanguage\":\"en-US\",\"@id\":\"https:\\\/\\\/allstarfinland.fi\\\/p\\\/basic-rainbow-miekkailusukat\\\/#primaryimage\",\"url\":\"https:\\\/\\\/allstarfinland.fi\\\/wp-content\\\/uploads\\\/2023\\\/01\\\/FSTR-B-R_1.jpg\",\"contentUrl\":\"https:\\\/\\\/allstarfinland.fi\\\/wp-content\\\/uploads\\\/2023\\\/01\\\/FSTR-B-R_1.jpg\",\"width\":1100,\"height\":1100,\"caption\":\"Basic Rainbow miekkailusukat\"},{\"@type\":\"BreadcrumbList\",\"@id\":\"https:\\\/\\\/allstarfinland.fi\\\/p\\\/basic-rainbow-miekkailusukat\\\/#breadcrumb\",\"itemListElement\":[{\"@type\":\"ListItem\",\"position\":1,\"name\":\"Etusivu\",\"item\":\"https:\\\/\\\/allstarfinland.fi\\\/\"},{\"@type\":\"ListItem\",\"position\":2,\"name\":\"Etusivu\",\"item\":\"https:\\\/\\\/allstarfinland.fi\\\/\"},{\"@type\":\"ListItem\",\"position\":3,\"name\":\"BASIC RAINBOW MIEKKAILUSUKAT\"}]},{\"@type\":\"WebSite\",\"@id\":\"https:\\\/\\\/allstarfinland.fi\\\/en\\\/#website\",\"url\":\"https:\\\/\\\/allstarfinland.fi\\\/en\\\/\",\"name\":\"Allstar Finland\",\"description\":\"Miekkailuv\u00e4lineiden verkkokauppa\",\"potentialAction\":[{\"@type\":\"SearchAction\",\"target\":{\"@type\":\"EntryPoint\",\"urlTemplate\":\"https:\\\/\\\/allstarfinland.fi\\\/en\\\/?s={search_term_string}\"},\"query-input\":{\"@type\":\"PropertyValueSpecification\",\"valueRequired\":true,\"valueName\":\"search_term_string\"}}],\"inLanguage\":\"en-US\"}]}<\/script>\n<!-- \/ Yoast SEO plugin. -->","yoast_head_json":{"title":"BASIC RAINBOW MIEKKAILUSUKAT - Allstar Finland","description":"Allstar sateenkaarisukat ovat puuvillaa ja eritt\u00e4in mukavia k\u00e4ytt\u00e4\u00e4. Miekkailu sopii kaikille eik\u00e4 miekkailualueella ole tilaa syrjinn\u00e4lle.","robots":{"index":"index","follow":"follow","max-snippet":"max-snippet:-1","max-image-preview":"max-image-preview:large","max-video-preview":"max-video-preview:-1"},"canonical":"https:\/\/allstarfinland.fi\/en\/p\/basic-rainbow-miekkailusukat\/","og_locale":"en_US","og_type":"article","og_title":"BASIC RAINBOW MIEKKAILUSUKAT - Allstar Finland","og_description":"Allstar sateenkaarisukat ovat puuvillaa ja eritt\u00e4in mukavia k\u00e4ytt\u00e4\u00e4. Miekkailu sopii kaikille eik\u00e4 miekkailualueella ole tilaa syrjinn\u00e4lle.","og_url":"https:\/\/allstarfinland.fi\/en\/p\/basic-rainbow-miekkailusukat\/","og_site_name":"Allstar Finland","article_modified_time":"2025-11-12T05:37:49+00:00","og_image":[{"width":1100,"height":1100,"url":"https:\/\/allstarfinland.fi\/wp-content\/uploads\/2023\/01\/FSTR-B-R_1.jpg","type":"image\/jpeg"}],"twitter_card":"summary_large_image","twitter_misc":{"Est. reading time":"1 minute"},"schema":{"@context":"https:\/\/schema.org","@graph":[{"@type":"WebPage","@id":"https:\/\/allstarfinland.fi\/p\/basic-rainbow-miekkailusukat\/","url":"https:\/\/allstarfinland.fi\/p\/basic-rainbow-miekkailusukat\/","name":"BASIC RAINBOW MIEKKAILUSUKAT - Allstar Finland","isPartOf":{"@id":"https:\/\/allstarfinland.fi\/en\/#website"},"primaryImageOfPage":{"@id":"https:\/\/allstarfinland.fi\/p\/basic-rainbow-miekkailusukat\/#primaryimage"},"image":{"@id":"https:\/\/allstarfinland.fi\/p\/basic-rainbow-miekkailusukat\/#primaryimage"},"thumbnailUrl":"https:\/\/allstarfinland.fi\/wp-content\/uploads\/2023\/01\/FSTR-B-R_1.jpg","datePublished":"2023-01-20T07:27:14+00:00","dateModified":"2025-11-12T05:37:49+00:00","description":"Allstar sateenkaarisukat ovat puuvillaa ja eritt\u00e4in mukavia k\u00e4ytt\u00e4\u00e4. Miekkailu sopii kaikille eik\u00e4 miekkailualueella ole tilaa syrjinn\u00e4lle.","breadcrumb":{"@id":"https:\/\/allstarfinland.fi\/p\/basic-rainbow-miekkailusukat\/#breadcrumb"},"inLanguage":"en-US","potentialAction":[{"@type":"ReadAction","target":["https:\/\/allstarfinland.fi\/p\/basic-rainbow-miekkailusukat\/"]}]},{"@type":"ImageObject","inLanguage":"en-US","@id":"https:\/\/allstarfinland.fi\/p\/basic-rainbow-miekkailusukat\/#primaryimage","url":"https:\/\/allstarfinland.fi\/wp-content\/uploads\/2023\/01\/FSTR-B-R_1.jpg","contentUrl":"https:\/\/allstarfinland.fi\/wp-content\/uploads\/2023\/01\/FSTR-B-R_1.jpg","width":1100,"height":1100,"caption":"Basic Rainbow miekkailusukat"},{"@type":"BreadcrumbList","@id":"https:\/\/allstarfinland.fi\/p\/basic-rainbow-miekkailusukat\/#breadcrumb","itemListElement":[{"@type":"ListItem","position":1,"name":"Etusivu","item":"https:\/\/allstarfinland.fi\/"},{"@type":"ListItem","position":2,"name":"Etusivu","item":"https:\/\/allstarfinland.fi\/"},{"@type":"ListItem","position":3,"name":"BASIC RAINBOW MIEKKAILUSUKAT"}]},{"@type":"WebSite","@id":"https:\/\/allstarfinland.fi\/en\/#website","url":"https:\/\/allstarfinland.fi\/en\/","name":"Allstar Finland","description":"Miekkailuv\u00e4lineiden verkkokauppa","potentialAction":[{"@type":"SearchAction","target":{"@type":"EntryPoint","urlTemplate":"https:\/\/allstarfinland.fi\/en\/?s={search_term_string}"},"query-input":{"@type":"PropertyValueSpecification","valueRequired":true,"valueName":"search_term_string"}}],"inLanguage":"en-US"}]}},"jetpack_sharing_enabled":true,"_links":{"self":[{"href":"https:\/\/allstarfinland.fi\/en\/wp-json\/wp\/v2\/product\/6665","targetHints":{"allow":["GET"]}}],"collection":[{"href":"https:\/\/allstarfinland.fi\/en\/wp-json\/wp\/v2\/product"}],"about":[{"href":"https:\/\/allstarfinland.fi\/en\/wp-json\/wp\/v2\/types\/product"}],"wp:featuredmedia":[{"embeddable":true,"href":"https:\/\/allstarfinland.fi\/en\/wp-json\/wp\/v2\/media\/6673"}],"wp:attachment":[{"href":"https:\/\/allstarfinland.fi\/en\/wp-json\/wp\/v2\/media?parent=6665"}],"wp:term":[{"taxonomy":"product_brand","embeddable":true,"href":"https:\/\/allstarfinland.fi\/en\/wp-json\/wp\/v2\/product_brand?post=6665"},{"taxonomy":"product_cat","embeddable":true,"href":"https:\/\/allstarfinland.fi\/en\/wp-json\/wp\/v2\/product_cat?post=6665"},{"taxonomy":"product_tag","embeddable":true,"href":"https:\/\/allstarfinland.fi\/en\/wp-json\/wp\/v2\/product_tag?post=6665"}],"curies":[{"name":"wp","href":"https:\/\/api.w.org\/{rel}","templated":true}]}}