{"id":6648,"date":"2023-01-18T08:38:29","date_gmt":"2023-01-18T06:38:29","guid":{"rendered":"https:\/\/allstarfinland.fi\/?post_type=product&#038;p=6648"},"modified":"2026-01-27T07:16:36","modified_gmt":"2026-01-27T05:16:36","slug":"neps-karkiruuvit-kalvalle","status":"publish","type":"product","link":"https:\/\/allstarfinland.fi\/en\/p\/neps-karkiruuvit-kalvalle\/","title":{"rendered":"NEPS EPEE SCREWS (10 PCS.)"},"content":{"rendered":"","protected":false},"excerpt":{"rendered":"<p>NEPS - don\u00b4t worry about your tip!<\/p>\n<p>The unique design of NEPS tip screws reduces the risk of the screws falling out of the tip and the special steel collar protects against over-tightening. The durability is increased compared to other tip screws. NEPS screws can be installed from both sides and can be easily and quickly aligned in the tip. The perfectly fitting <span style=\"color:#e40033\"><a href=\"https:\/\/allstarfinland.fi\/en\/p\/neps-ruuvimeisseli-karkiruuveille\/\" rel=\"noopener\" target=\"_blank\">NEPS-screwdriver<\/a><\/span> holds the screw securely and makes installation even easier. However, a standard flat head screwdriver can also be used. The dimensions of the NEPS screws are comparable to those of the standard screws.<\/p>","protected":false},"featured_media":6649,"template":"","meta":[],"product_brand":[],"product_cat":[197],"product_tag":[336,335],"class_list":{"0":"post-6648","1":"product","2":"type-product","3":"status-publish","4":"has-post-thumbnail","6":"product_cat-karjet-ja-johdot","7":"product_tag-pikkuruuvi","8":"product_tag-superruuvi","9":"product_shipping_class-pikkupaketti","11":"first","12":"outofstock","13":"taxable","14":"shipping-taxable","15":"purchasable","16":"product-type-simple"},"composite_virtual":false,"composite_layout":"","composite_add_to_cart_form_location":"","composite_editable_in_cart":false,"composite_sold_individually_context":"","composite_shop_price_calc":"","composite_components":[],"composite_scenarios":[],"supplier_id":1366,"supplier_sku":"DS-SN","atum_controlled":true,"out_stock_date":"2026-01-27 07:16:36","out_stock_threshold":null,"inheritable":false,"inbound_stock":0,"stock_on_hold":0,"sold_today":0,"sales_last_days":0,"reserved_stock":0,"customer_returns":0,"warehouse_damage":0,"lost_in_post":0,"other_logs":0,"out_stock_days":57,"lost_sales":260,"has_location":false,"update_date":"2026-03-26T06:46:27","atum_locations":[],"atum_stock_status":"outofstock","restock_status":false,"low_stock_amount":5,"sales_update_date":"2026-03-26T06:46:27","calc_backorders":null,"exclude_global_add_ons":[],"addons":[],"yoast_head":"<!-- This site is optimized with the Yoast SEO plugin v27.3 - https:\/\/yoast.com\/product\/yoast-seo-wordpress\/ -->\n<title>NEPS K\u00c4RKIRUUVIT KALVALLE (10 KPL) - Allstar Finland<\/title>\n<meta name=\"description\" content=\"NEPS k\u00e4rkiruuvien muotoilu pienent\u00e4\u00e4 ruuvin irtoamisen riski\u00e4 ja on helppo asentaa NEPS ruuvimeisselill\u00e4. Ruuvissa oleva kaulus suojaa ylikirist\u00e4miselt\u00e4.\" \/>\n<meta name=\"robots\" content=\"index, follow, max-snippet:-1, max-image-preview:large, max-video-preview:-1\" \/>\n<link rel=\"canonical\" href=\"https:\/\/allstarfinland.fi\/en\/p\/neps-karkiruuvit-kalvalle\/\" \/>\n<meta property=\"og:locale\" content=\"en_US\" \/>\n<meta property=\"og:type\" content=\"article\" \/>\n<meta property=\"og:title\" content=\"NEPS K\u00c4RKIRUUVIT KALVALLE (10 KPL) - Allstar Finland\" \/>\n<meta property=\"og:description\" content=\"NEPS k\u00e4rkiruuvien muotoilu pienent\u00e4\u00e4 ruuvin irtoamisen riski\u00e4 ja on helppo asentaa NEPS ruuvimeisselill\u00e4. Ruuvissa oleva kaulus suojaa ylikirist\u00e4miselt\u00e4.\" \/>\n<meta property=\"og:url\" content=\"https:\/\/allstarfinland.fi\/en\/p\/neps-karkiruuvit-kalvalle\/\" \/>\n<meta property=\"og:site_name\" content=\"Allstar Finland\" \/>\n<meta property=\"article:modified_time\" content=\"2026-01-27T05:16:36+00:00\" \/>\n<meta property=\"og:image\" content=\"https:\/\/allstarfinland.fi\/wp-content\/uploads\/2023\/01\/DS-SN_1.jpg\" \/>\n\t<meta property=\"og:image:width\" content=\"1100\" \/>\n\t<meta property=\"og:image:height\" content=\"1100\" \/>\n\t<meta property=\"og:image:type\" content=\"image\/jpeg\" \/>\n<meta name=\"twitter:card\" content=\"summary_large_image\" \/>\n<script type=\"application\/ld+json\" class=\"yoast-schema-graph\">{\"@context\":\"https:\\\/\\\/schema.org\",\"@graph\":[{\"@type\":\"WebPage\",\"@id\":\"https:\\\/\\\/allstarfinland.fi\\\/p\\\/neps-karkiruuvit-kalvalle\\\/\",\"url\":\"https:\\\/\\\/allstarfinland.fi\\\/p\\\/neps-karkiruuvit-kalvalle\\\/\",\"name\":\"NEPS K\u00c4RKIRUUVIT KALVALLE (10 KPL) - Allstar Finland\",\"isPartOf\":{\"@id\":\"https:\\\/\\\/allstarfinland.fi\\\/en\\\/#website\"},\"primaryImageOfPage\":{\"@id\":\"https:\\\/\\\/allstarfinland.fi\\\/p\\\/neps-karkiruuvit-kalvalle\\\/#primaryimage\"},\"image\":{\"@id\":\"https:\\\/\\\/allstarfinland.fi\\\/p\\\/neps-karkiruuvit-kalvalle\\\/#primaryimage\"},\"thumbnailUrl\":\"https:\\\/\\\/allstarfinland.fi\\\/wp-content\\\/uploads\\\/2023\\\/01\\\/DS-SN_1.jpg\",\"datePublished\":\"2023-01-18T06:38:29+00:00\",\"dateModified\":\"2026-01-27T05:16:36+00:00\",\"description\":\"NEPS k\u00e4rkiruuvien muotoilu pienent\u00e4\u00e4 ruuvin irtoamisen riski\u00e4 ja on helppo asentaa NEPS ruuvimeisselill\u00e4. Ruuvissa oleva kaulus suojaa ylikirist\u00e4miselt\u00e4.\",\"breadcrumb\":{\"@id\":\"https:\\\/\\\/allstarfinland.fi\\\/p\\\/neps-karkiruuvit-kalvalle\\\/#breadcrumb\"},\"inLanguage\":\"en-US\",\"potentialAction\":[{\"@type\":\"ReadAction\",\"target\":[\"https:\\\/\\\/allstarfinland.fi\\\/p\\\/neps-karkiruuvit-kalvalle\\\/\"]}]},{\"@type\":\"ImageObject\",\"inLanguage\":\"en-US\",\"@id\":\"https:\\\/\\\/allstarfinland.fi\\\/p\\\/neps-karkiruuvit-kalvalle\\\/#primaryimage\",\"url\":\"https:\\\/\\\/allstarfinland.fi\\\/wp-content\\\/uploads\\\/2023\\\/01\\\/DS-SN_1.jpg\",\"contentUrl\":\"https:\\\/\\\/allstarfinland.fi\\\/wp-content\\\/uploads\\\/2023\\\/01\\\/DS-SN_1.jpg\",\"width\":1100,\"height\":1100,\"caption\":\"NEPS k\u00e4rkiruuvit kalvalle\"},{\"@type\":\"BreadcrumbList\",\"@id\":\"https:\\\/\\\/allstarfinland.fi\\\/p\\\/neps-karkiruuvit-kalvalle\\\/#breadcrumb\",\"itemListElement\":[{\"@type\":\"ListItem\",\"position\":1,\"name\":\"Etusivu\",\"item\":\"https:\\\/\\\/allstarfinland.fi\\\/\"},{\"@type\":\"ListItem\",\"position\":2,\"name\":\"Etusivu\",\"item\":\"https:\\\/\\\/allstarfinland.fi\\\/\"},{\"@type\":\"ListItem\",\"position\":3,\"name\":\"NEPS K\u00c4RKIRUUVIT KALVALLE (10 KPL)\"}]},{\"@type\":\"WebSite\",\"@id\":\"https:\\\/\\\/allstarfinland.fi\\\/en\\\/#website\",\"url\":\"https:\\\/\\\/allstarfinland.fi\\\/en\\\/\",\"name\":\"Allstar Finland\",\"description\":\"Miekkailuv\u00e4lineiden verkkokauppa\",\"potentialAction\":[{\"@type\":\"SearchAction\",\"target\":{\"@type\":\"EntryPoint\",\"urlTemplate\":\"https:\\\/\\\/allstarfinland.fi\\\/en\\\/?s={search_term_string}\"},\"query-input\":{\"@type\":\"PropertyValueSpecification\",\"valueRequired\":true,\"valueName\":\"search_term_string\"}}],\"inLanguage\":\"en-US\"}]}<\/script>\n<!-- \/ Yoast SEO plugin. -->","yoast_head_json":{"title":"NEPS K\u00c4RKIRUUVIT KALVALLE (10 KPL) - Allstar Finland","description":"NEPS k\u00e4rkiruuvien muotoilu pienent\u00e4\u00e4 ruuvin irtoamisen riski\u00e4 ja on helppo asentaa NEPS ruuvimeisselill\u00e4. Ruuvissa oleva kaulus suojaa ylikirist\u00e4miselt\u00e4.","robots":{"index":"index","follow":"follow","max-snippet":"max-snippet:-1","max-image-preview":"max-image-preview:large","max-video-preview":"max-video-preview:-1"},"canonical":"https:\/\/allstarfinland.fi\/en\/p\/neps-karkiruuvit-kalvalle\/","og_locale":"en_US","og_type":"article","og_title":"NEPS K\u00c4RKIRUUVIT KALVALLE (10 KPL) - Allstar Finland","og_description":"NEPS k\u00e4rkiruuvien muotoilu pienent\u00e4\u00e4 ruuvin irtoamisen riski\u00e4 ja on helppo asentaa NEPS ruuvimeisselill\u00e4. Ruuvissa oleva kaulus suojaa ylikirist\u00e4miselt\u00e4.","og_url":"https:\/\/allstarfinland.fi\/en\/p\/neps-karkiruuvit-kalvalle\/","og_site_name":"Allstar Finland","article_modified_time":"2026-01-27T05:16:36+00:00","og_image":[{"width":1100,"height":1100,"url":"https:\/\/allstarfinland.fi\/wp-content\/uploads\/2023\/01\/DS-SN_1.jpg","type":"image\/jpeg"}],"twitter_card":"summary_large_image","schema":{"@context":"https:\/\/schema.org","@graph":[{"@type":"WebPage","@id":"https:\/\/allstarfinland.fi\/p\/neps-karkiruuvit-kalvalle\/","url":"https:\/\/allstarfinland.fi\/p\/neps-karkiruuvit-kalvalle\/","name":"NEPS K\u00c4RKIRUUVIT KALVALLE (10 KPL) - Allstar Finland","isPartOf":{"@id":"https:\/\/allstarfinland.fi\/en\/#website"},"primaryImageOfPage":{"@id":"https:\/\/allstarfinland.fi\/p\/neps-karkiruuvit-kalvalle\/#primaryimage"},"image":{"@id":"https:\/\/allstarfinland.fi\/p\/neps-karkiruuvit-kalvalle\/#primaryimage"},"thumbnailUrl":"https:\/\/allstarfinland.fi\/wp-content\/uploads\/2023\/01\/DS-SN_1.jpg","datePublished":"2023-01-18T06:38:29+00:00","dateModified":"2026-01-27T05:16:36+00:00","description":"NEPS k\u00e4rkiruuvien muotoilu pienent\u00e4\u00e4 ruuvin irtoamisen riski\u00e4 ja on helppo asentaa NEPS ruuvimeisselill\u00e4. Ruuvissa oleva kaulus suojaa ylikirist\u00e4miselt\u00e4.","breadcrumb":{"@id":"https:\/\/allstarfinland.fi\/p\/neps-karkiruuvit-kalvalle\/#breadcrumb"},"inLanguage":"en-US","potentialAction":[{"@type":"ReadAction","target":["https:\/\/allstarfinland.fi\/p\/neps-karkiruuvit-kalvalle\/"]}]},{"@type":"ImageObject","inLanguage":"en-US","@id":"https:\/\/allstarfinland.fi\/p\/neps-karkiruuvit-kalvalle\/#primaryimage","url":"https:\/\/allstarfinland.fi\/wp-content\/uploads\/2023\/01\/DS-SN_1.jpg","contentUrl":"https:\/\/allstarfinland.fi\/wp-content\/uploads\/2023\/01\/DS-SN_1.jpg","width":1100,"height":1100,"caption":"NEPS k\u00e4rkiruuvit kalvalle"},{"@type":"BreadcrumbList","@id":"https:\/\/allstarfinland.fi\/p\/neps-karkiruuvit-kalvalle\/#breadcrumb","itemListElement":[{"@type":"ListItem","position":1,"name":"Etusivu","item":"https:\/\/allstarfinland.fi\/"},{"@type":"ListItem","position":2,"name":"Etusivu","item":"https:\/\/allstarfinland.fi\/"},{"@type":"ListItem","position":3,"name":"NEPS K\u00c4RKIRUUVIT KALVALLE (10 KPL)"}]},{"@type":"WebSite","@id":"https:\/\/allstarfinland.fi\/en\/#website","url":"https:\/\/allstarfinland.fi\/en\/","name":"Allstar Finland","description":"Miekkailuv\u00e4lineiden verkkokauppa","potentialAction":[{"@type":"SearchAction","target":{"@type":"EntryPoint","urlTemplate":"https:\/\/allstarfinland.fi\/en\/?s={search_term_string}"},"query-input":{"@type":"PropertyValueSpecification","valueRequired":true,"valueName":"search_term_string"}}],"inLanguage":"en-US"}]}},"jetpack_sharing_enabled":true,"_links":{"self":[{"href":"https:\/\/allstarfinland.fi\/en\/wp-json\/wp\/v2\/product\/6648","targetHints":{"allow":["GET"]}}],"collection":[{"href":"https:\/\/allstarfinland.fi\/en\/wp-json\/wp\/v2\/product"}],"about":[{"href":"https:\/\/allstarfinland.fi\/en\/wp-json\/wp\/v2\/types\/product"}],"wp:featuredmedia":[{"embeddable":true,"href":"https:\/\/allstarfinland.fi\/en\/wp-json\/wp\/v2\/media\/6649"}],"wp:attachment":[{"href":"https:\/\/allstarfinland.fi\/en\/wp-json\/wp\/v2\/media?parent=6648"}],"wp:term":[{"taxonomy":"product_brand","embeddable":true,"href":"https:\/\/allstarfinland.fi\/en\/wp-json\/wp\/v2\/product_brand?post=6648"},{"taxonomy":"product_cat","embeddable":true,"href":"https:\/\/allstarfinland.fi\/en\/wp-json\/wp\/v2\/product_cat?post=6648"},{"taxonomy":"product_tag","embeddable":true,"href":"https:\/\/allstarfinland.fi\/en\/wp-json\/wp\/v2\/product_tag?post=6648"}],"curies":[{"name":"wp","href":"https:\/\/api.w.org\/{rel}","templated":true}]}}