{"id":6578,"date":"2023-01-04T13:13:43","date_gmt":"2023-01-04T11:13:43","guid":{"rendered":"https:\/\/allstarfinland.fi\/?post_type=product&#038;p=6578"},"modified":"2025-01-10T10:44:21","modified_gmt":"2025-01-10T08:44:21","slug":"azza-15-14-red-miekkailukenka","status":"publish","type":"product","link":"https:\/\/allstarfinland.fi\/en\/p\/azza-15-14-red-miekkailukenka\/","title":{"rendered":"AZZA 15\/14 RED FENCING SHOES"},"content":{"rendered":"","protected":false},"excerpt":{"rendered":"<p>Azza 15\/14 Red sneaker was created from fencer to fencers. Years of professional fencing experience form the basis for a development focused on functionality, sustainability and performance. This functionality is derived from the tradition and brought together with the evolution of the sport. Each Azza Fencing sneaker stands for professionalism and innovation.<\/p>\n<p><strong>From fencer to fencers<\/strong><\/p>\n<p>Design by <a href=\"https:\/\/en.wikipedia.org\/wiki\/Azza_Besbes\" rel=\"noopener\" target=\"_blank\">Azza Besbes<\/a>, five-time African champion and three-time olympic athele.<\/p>\n<p>Check also the other colors: <a href=\"https:\/\/allstarfinland.fi\/en\/p\/azza-15-14-white-miekkailukenka\/\">White<\/a>, <a href=\"https:\/\/allstarfinland.fi\/en\/p\/azza-15-14-blue-miekkailukenka\/\">Blue<\/a> and <a href=\"https:\/\/allstarfinland.fi\/en\/p\/azza-15-14-electric-miekkailukenka\/\">Electric<\/a>.<\/p>","protected":false},"featured_media":6589,"template":"","meta":[],"product_brand":[],"product_cat":[192],"product_tag":[],"class_list":{"0":"post-6578","1":"product","2":"type-product","3":"status-publish","4":"has-post-thumbnail","6":"product_cat-miekkailukengat","7":"product_shipping_class-paketti","9":"first","10":"outofstock","11":"taxable","12":"shipping-taxable","13":"purchasable","14":"product-type-variable"},"composite_virtual":false,"composite_layout":"","composite_add_to_cart_form_location":"","composite_editable_in_cart":false,"composite_sold_individually_context":"","composite_shop_price_calc":"","composite_components":[],"composite_scenarios":[],"supplier_id":null,"supplier_sku":"","atum_controlled":true,"out_stock_date":"2023-01-04 11:13:43","out_stock_threshold":null,"inheritable":true,"inbound_stock":0,"stock_on_hold":0,"sold_today":1,"sales_last_days":1,"reserved_stock":0,"customer_returns":0,"warehouse_damage":0,"lost_in_post":0,"other_logs":0,"out_stock_days":726,"lost_sales":0,"has_location":false,"update_date":"2025-12-28T09:02:13","atum_locations":[],"atum_stock_status":"outofstock","restock_status":false,"low_stock_amount":0,"sales_update_date":"2025-12-28T09:02:13","calc_backorders":null,"exclude_global_add_ons":[],"addons":[],"yoast_head":"<!-- This site is optimized with the Yoast SEO plugin v27.3 - https:\/\/yoast.com\/product\/yoast-seo-wordpress\/ -->\n<title>AZZA 15\/14 RED MIEKKAILUKENK\u00c4 - Allstar Finland<\/title>\n<meta name=\"description\" content=\"Azza 15\/14 Red miekkailukenk\u00e4 korkealaatuinen p\u00e4\u00e4osin kierr\u00e4tetyist\u00e4 materiaaleista valmistettu miekkailukenk\u00e4. Miekkailijalta miekkailijoille.\" \/>\n<meta name=\"robots\" content=\"index, follow, max-snippet:-1, max-image-preview:large, max-video-preview:-1\" \/>\n<link rel=\"canonical\" href=\"https:\/\/allstarfinland.fi\/en\/p\/azza-15-14-red-miekkailukenka\/\" \/>\n<meta property=\"og:locale\" content=\"en_US\" \/>\n<meta property=\"og:type\" content=\"article\" \/>\n<meta property=\"og:title\" content=\"AZZA 15\/14 RED MIEKKAILUKENK\u00c4 - Allstar Finland\" \/>\n<meta property=\"og:description\" content=\"Azza 15\/14 Red miekkailukenk\u00e4 korkealaatuinen p\u00e4\u00e4osin kierr\u00e4tetyist\u00e4 materiaaleista valmistettu miekkailukenk\u00e4. Miekkailijalta miekkailijoille.\" \/>\n<meta property=\"og:url\" content=\"https:\/\/allstarfinland.fi\/en\/p\/azza-15-14-red-miekkailukenka\/\" \/>\n<meta property=\"og:site_name\" content=\"Allstar Finland\" \/>\n<meta property=\"article:modified_time\" content=\"2025-01-10T08:44:21+00:00\" \/>\n<meta property=\"og:image\" content=\"https:\/\/allstarfinland.fi\/wp-content\/uploads\/2023\/01\/Red_01.webp\" \/>\n\t<meta property=\"og:image:width\" content=\"1300\" \/>\n\t<meta property=\"og:image:height\" content=\"1300\" \/>\n\t<meta property=\"og:image:type\" content=\"image\/webp\" \/>\n<meta name=\"twitter:card\" content=\"summary_large_image\" \/>\n<meta name=\"twitter:label1\" content=\"Est. reading time\" \/>\n\t<meta name=\"twitter:data1\" content=\"1 minute\" \/>\n<script type=\"application\/ld+json\" class=\"yoast-schema-graph\">{\"@context\":\"https:\\\/\\\/schema.org\",\"@graph\":[{\"@type\":\"WebPage\",\"@id\":\"https:\\\/\\\/allstarfinland.fi\\\/p\\\/azza-15-14-red-miekkailukenka\\\/\",\"url\":\"https:\\\/\\\/allstarfinland.fi\\\/p\\\/azza-15-14-red-miekkailukenka\\\/\",\"name\":\"AZZA 15\\\/14 RED MIEKKAILUKENK\u00c4 - Allstar Finland\",\"isPartOf\":{\"@id\":\"https:\\\/\\\/allstarfinland.fi\\\/en\\\/#website\"},\"primaryImageOfPage\":{\"@id\":\"https:\\\/\\\/allstarfinland.fi\\\/p\\\/azza-15-14-red-miekkailukenka\\\/#primaryimage\"},\"image\":{\"@id\":\"https:\\\/\\\/allstarfinland.fi\\\/p\\\/azza-15-14-red-miekkailukenka\\\/#primaryimage\"},\"thumbnailUrl\":\"https:\\\/\\\/allstarfinland.fi\\\/wp-content\\\/uploads\\\/2023\\\/01\\\/Red_01.webp\",\"datePublished\":\"2023-01-04T11:13:43+00:00\",\"dateModified\":\"2025-01-10T08:44:21+00:00\",\"description\":\"Azza 15\\\/14 Red miekkailukenk\u00e4 korkealaatuinen p\u00e4\u00e4osin kierr\u00e4tetyist\u00e4 materiaaleista valmistettu miekkailukenk\u00e4. Miekkailijalta miekkailijoille.\",\"breadcrumb\":{\"@id\":\"https:\\\/\\\/allstarfinland.fi\\\/p\\\/azza-15-14-red-miekkailukenka\\\/#breadcrumb\"},\"inLanguage\":\"en-US\",\"potentialAction\":[{\"@type\":\"ReadAction\",\"target\":[\"https:\\\/\\\/allstarfinland.fi\\\/p\\\/azza-15-14-red-miekkailukenka\\\/\"]}]},{\"@type\":\"ImageObject\",\"inLanguage\":\"en-US\",\"@id\":\"https:\\\/\\\/allstarfinland.fi\\\/p\\\/azza-15-14-red-miekkailukenka\\\/#primaryimage\",\"url\":\"https:\\\/\\\/allstarfinland.fi\\\/wp-content\\\/uploads\\\/2023\\\/01\\\/Red_01.webp\",\"contentUrl\":\"https:\\\/\\\/allstarfinland.fi\\\/wp-content\\\/uploads\\\/2023\\\/01\\\/Red_01.webp\",\"width\":1300,\"height\":1300,\"caption\":\"Azza Red miekkailukenk\u00e4\"},{\"@type\":\"BreadcrumbList\",\"@id\":\"https:\\\/\\\/allstarfinland.fi\\\/p\\\/azza-15-14-red-miekkailukenka\\\/#breadcrumb\",\"itemListElement\":[{\"@type\":\"ListItem\",\"position\":1,\"name\":\"Etusivu\",\"item\":\"https:\\\/\\\/allstarfinland.fi\\\/\"},{\"@type\":\"ListItem\",\"position\":2,\"name\":\"Etusivu\",\"item\":\"https:\\\/\\\/allstarfinland.fi\\\/\"},{\"@type\":\"ListItem\",\"position\":3,\"name\":\"AZZA 15\\\/14 RED MIEKKAILUKENK\u00c4\"}]},{\"@type\":\"WebSite\",\"@id\":\"https:\\\/\\\/allstarfinland.fi\\\/en\\\/#website\",\"url\":\"https:\\\/\\\/allstarfinland.fi\\\/en\\\/\",\"name\":\"Allstar Finland\",\"description\":\"Miekkailuv\u00e4lineiden verkkokauppa\",\"potentialAction\":[{\"@type\":\"SearchAction\",\"target\":{\"@type\":\"EntryPoint\",\"urlTemplate\":\"https:\\\/\\\/allstarfinland.fi\\\/en\\\/?s={search_term_string}\"},\"query-input\":{\"@type\":\"PropertyValueSpecification\",\"valueRequired\":true,\"valueName\":\"search_term_string\"}}],\"inLanguage\":\"en-US\"}]}<\/script>\n<!-- \/ Yoast SEO plugin. -->","yoast_head_json":{"title":"AZZA 15\/14 RED MIEKKAILUKENK\u00c4 - Allstar Finland","description":"Azza 15\/14 Red miekkailukenk\u00e4 korkealaatuinen p\u00e4\u00e4osin kierr\u00e4tetyist\u00e4 materiaaleista valmistettu miekkailukenk\u00e4. Miekkailijalta miekkailijoille.","robots":{"index":"index","follow":"follow","max-snippet":"max-snippet:-1","max-image-preview":"max-image-preview:large","max-video-preview":"max-video-preview:-1"},"canonical":"https:\/\/allstarfinland.fi\/en\/p\/azza-15-14-red-miekkailukenka\/","og_locale":"en_US","og_type":"article","og_title":"AZZA 15\/14 RED MIEKKAILUKENK\u00c4 - Allstar Finland","og_description":"Azza 15\/14 Red miekkailukenk\u00e4 korkealaatuinen p\u00e4\u00e4osin kierr\u00e4tetyist\u00e4 materiaaleista valmistettu miekkailukenk\u00e4. Miekkailijalta miekkailijoille.","og_url":"https:\/\/allstarfinland.fi\/en\/p\/azza-15-14-red-miekkailukenka\/","og_site_name":"Allstar Finland","article_modified_time":"2025-01-10T08:44:21+00:00","og_image":[{"width":1300,"height":1300,"url":"https:\/\/allstarfinland.fi\/wp-content\/uploads\/2023\/01\/Red_01.webp","type":"image\/webp"}],"twitter_card":"summary_large_image","twitter_misc":{"Est. reading time":"1 minute"},"schema":{"@context":"https:\/\/schema.org","@graph":[{"@type":"WebPage","@id":"https:\/\/allstarfinland.fi\/p\/azza-15-14-red-miekkailukenka\/","url":"https:\/\/allstarfinland.fi\/p\/azza-15-14-red-miekkailukenka\/","name":"AZZA 15\/14 RED MIEKKAILUKENK\u00c4 - Allstar Finland","isPartOf":{"@id":"https:\/\/allstarfinland.fi\/en\/#website"},"primaryImageOfPage":{"@id":"https:\/\/allstarfinland.fi\/p\/azza-15-14-red-miekkailukenka\/#primaryimage"},"image":{"@id":"https:\/\/allstarfinland.fi\/p\/azza-15-14-red-miekkailukenka\/#primaryimage"},"thumbnailUrl":"https:\/\/allstarfinland.fi\/wp-content\/uploads\/2023\/01\/Red_01.webp","datePublished":"2023-01-04T11:13:43+00:00","dateModified":"2025-01-10T08:44:21+00:00","description":"Azza 15\/14 Red miekkailukenk\u00e4 korkealaatuinen p\u00e4\u00e4osin kierr\u00e4tetyist\u00e4 materiaaleista valmistettu miekkailukenk\u00e4. Miekkailijalta miekkailijoille.","breadcrumb":{"@id":"https:\/\/allstarfinland.fi\/p\/azza-15-14-red-miekkailukenka\/#breadcrumb"},"inLanguage":"en-US","potentialAction":[{"@type":"ReadAction","target":["https:\/\/allstarfinland.fi\/p\/azza-15-14-red-miekkailukenka\/"]}]},{"@type":"ImageObject","inLanguage":"en-US","@id":"https:\/\/allstarfinland.fi\/p\/azza-15-14-red-miekkailukenka\/#primaryimage","url":"https:\/\/allstarfinland.fi\/wp-content\/uploads\/2023\/01\/Red_01.webp","contentUrl":"https:\/\/allstarfinland.fi\/wp-content\/uploads\/2023\/01\/Red_01.webp","width":1300,"height":1300,"caption":"Azza Red miekkailukenk\u00e4"},{"@type":"BreadcrumbList","@id":"https:\/\/allstarfinland.fi\/p\/azza-15-14-red-miekkailukenka\/#breadcrumb","itemListElement":[{"@type":"ListItem","position":1,"name":"Etusivu","item":"https:\/\/allstarfinland.fi\/"},{"@type":"ListItem","position":2,"name":"Etusivu","item":"https:\/\/allstarfinland.fi\/"},{"@type":"ListItem","position":3,"name":"AZZA 15\/14 RED MIEKKAILUKENK\u00c4"}]},{"@type":"WebSite","@id":"https:\/\/allstarfinland.fi\/en\/#website","url":"https:\/\/allstarfinland.fi\/en\/","name":"Allstar Finland","description":"Miekkailuv\u00e4lineiden verkkokauppa","potentialAction":[{"@type":"SearchAction","target":{"@type":"EntryPoint","urlTemplate":"https:\/\/allstarfinland.fi\/en\/?s={search_term_string}"},"query-input":{"@type":"PropertyValueSpecification","valueRequired":true,"valueName":"search_term_string"}}],"inLanguage":"en-US"}]}},"jetpack_sharing_enabled":true,"_links":{"self":[{"href":"https:\/\/allstarfinland.fi\/en\/wp-json\/wp\/v2\/product\/6578","targetHints":{"allow":["GET"]}}],"collection":[{"href":"https:\/\/allstarfinland.fi\/en\/wp-json\/wp\/v2\/product"}],"about":[{"href":"https:\/\/allstarfinland.fi\/en\/wp-json\/wp\/v2\/types\/product"}],"wp:featuredmedia":[{"embeddable":true,"href":"https:\/\/allstarfinland.fi\/en\/wp-json\/wp\/v2\/media\/6589"}],"wp:attachment":[{"href":"https:\/\/allstarfinland.fi\/en\/wp-json\/wp\/v2\/media?parent=6578"}],"wp:term":[{"taxonomy":"product_brand","embeddable":true,"href":"https:\/\/allstarfinland.fi\/en\/wp-json\/wp\/v2\/product_brand?post=6578"},{"taxonomy":"product_cat","embeddable":true,"href":"https:\/\/allstarfinland.fi\/en\/wp-json\/wp\/v2\/product_cat?post=6578"},{"taxonomy":"product_tag","embeddable":true,"href":"https:\/\/allstarfinland.fi\/en\/wp-json\/wp\/v2\/product_tag?post=6578"}],"curies":[{"name":"wp","href":"https:\/\/api.w.org\/{rel}","templated":true}]}}