{"id":6239,"date":"2022-11-08T14:09:48","date_gmt":"2022-11-08T12:09:48","guid":{"rendered":"https:\/\/allstarfinland.fi\/?post_type=product&#038;p=6239"},"modified":"2025-06-17T09:56:51","modified_gmt":"2025-06-17T06:56:51","slug":"calibur-wireless-pocket-box-pari-langaton-merkitsijalaite","status":"publish","type":"product","link":"https:\/\/allstarfinland.fi\/en\/p\/calibur-wireless-pocket-box-pari-langaton-merkitsijalaite\/","title":{"rendered":"CALIBUR WIRELESS POCKET BOX \u2013 PAIR"},"content":{"rendered":"<p>Calibur Wireless Pocket Box on langaton pistelaskuri ja merkitsij\u00e4laite, joka mahdollistaa miekkailun miss\u00e4 vain. \u00c4lypuhelimesi tai tablettisi toimii j\u00e4rjestelm\u00e4n n\u00e4ytt\u00f6n\u00e4. Kahden tulitikkurasian kokoinen 45 grammaa painava l\u00e4hetin kytket\u00e4\u00e4n miekkaan, valitaan kyseinen l\u00e4hetin sovelluksesta ja aloitetaan miekkailu. Kalibrointia ei tarvita. Toimii kalvassa ja floretissa. S\u00e4il\u00e4-toiminnallisuudet ovat beta-vaiheessa. Laitteen akku kest\u00e4\u00e4 jopa 20 tuntia ja lataaminen 80 %:iin onnistuu alle tunnissa. Sovelluksen k\u00e4ytt\u00f6liittym\u00e4 ohjaa sinut helposti alkuun.<\/p>\n<p>Pistelaskusovelluksessa on kello, edun arvonta tai manuaalinen sy\u00f6tt\u00f6 sek\u00e4 keltaisten ja punaisten korttien n\u00e4ytt\u00f6. Lis\u00e4ksi sovelluksessa on reaktioaikapeli ja tarkkuuspeli (vaatii toimiakseen esimerkiksi alumiiniteippi\u00e4). Voit peilata puhelimesi kaapelilla tai erillisell\u00e4 sovelluksella isommalle ruudulle ja k\u00e4ytt\u00e4\u00e4 toista puhelinta j\u00e4rjestelm\u00e4n kaukos\u00e4\u00e4timen\u00e4 (vaatii WiFi:n).<\/p>\n<p>Voit tallentaa miekkailutuloksesi pilvipalveluun ja seurata edistymist\u00e4si.<\/p>\n<p>Myyntipakkaus sis\u00e4lt\u00e4\u00e4 kaksi yksikk\u00f6\u00e4 ja latausjohdon. Langaton merkitsij\u00e4laite ja pistelaskurij\u00e4rjestelm\u00e4 vaatii toimiakseen \u00e4lylaitteen, jossa on v\u00e4hint\u00e4\u00e4n Android 8.0 (Oreo) tai iOS 10. Lis\u00e4ksi tarvitaan datayhteys sovelluksen lataamisen ajaksi. Sovellus on maksuton.<\/p>\n<p>L\u00f6yd\u00e4t esittelyvideoita <a href=\"https:\/\/calibur.ai\/live-demo\/\" target=\"_blank\" rel=\"noopener\">here<\/a>.<\/p>\n<p>Tarvitsetko viel\u00e4 kolmannen yksik\u00f6n? Sen l\u00f6yd\u00e4t <a href=\"https:\/\/allstarfinland.fi\/en\/p\/calibur-wireless-pocket-box\/\">here<\/a>.<\/p>","protected":false},"excerpt":{"rendered":"<p>Langaton pistelaskuj\u00e4rjestelm\u00e4 miekkailuun. Sis\u00e4lt\u00e4\u00e4 kaksi yksikk\u00f6\u00e4.<\/p>","protected":false},"featured_media":6237,"template":"","meta":[],"product_brand":[],"product_cat":[19],"product_tag":[],"class_list":{"0":"post-6239","1":"product","2":"type-product","3":"status-publish","4":"has-post-thumbnail","6":"product_cat-miekkailusalit","7":"product_shipping_class-paketti","9":"first","10":"outofstock","11":"taxable","12":"shipping-taxable","13":"purchasable","14":"product-type-simple"},"composite_virtual":false,"composite_layout":"","composite_add_to_cart_form_location":"","composite_editable_in_cart":false,"composite_sold_individually_context":"","composite_shop_price_calc":"","composite_components":[],"composite_scenarios":[],"supplier_id":1366,"supplier_sku":"CBR-BOX2","atum_controlled":true,"out_stock_date":"2022-11-08 08:39:42","out_stock_threshold":null,"inheritable":false,"inbound_stock":0,"stock_on_hold":0,"sold_today":0,"sales_last_days":0,"reserved_stock":0,"customer_returns":0,"warehouse_damage":0,"lost_in_post":0,"other_logs":0,"out_stock_days":1146,"lost_sales":0,"has_location":false,"update_date":"2025-12-28T09:02:34","atum_locations":[],"atum_stock_status":"outofstock","restock_status":false,"low_stock_amount":"","sales_update_date":"2025-12-28T09:02:34","calc_backorders":null,"exclude_global_add_ons":[],"addons":[],"yoast_head":"<!-- This site is optimized with the Yoast SEO plugin v27.3 - https:\/\/yoast.com\/product\/yoast-seo-wordpress\/ -->\n<title>CALIBUR WIRELESS POCKET BOX - Langaton merkitsij\u00e4laite<\/title>\n<meta name=\"description\" content=\"Calibur Wireless Pocket Box on langaton merkitsij\u00e4laite ja miekkailuun. Yhdist\u00e4 laite miekkaasi ja puhelimeesi, niin voit miekkailla miss\u00e4 vain\" \/>\n<meta name=\"robots\" content=\"index, follow, max-snippet:-1, max-image-preview:large, max-video-preview:-1\" \/>\n<link rel=\"canonical\" href=\"https:\/\/allstarfinland.fi\/en\/p\/calibur-wireless-pocket-box-pari-langaton-merkitsijalaite\/\" \/>\n<meta property=\"og:locale\" content=\"en_US\" \/>\n<meta property=\"og:type\" content=\"article\" \/>\n<meta property=\"og:title\" content=\"CALIBUR WIRELESS POCKET BOX - Langaton merkitsij\u00e4laite\" \/>\n<meta property=\"og:description\" content=\"Calibur Wireless Pocket Box on langaton merkitsij\u00e4laite ja miekkailuun. Yhdist\u00e4 laite miekkaasi ja puhelimeesi, niin voit miekkailla miss\u00e4 vain\" \/>\n<meta property=\"og:url\" content=\"https:\/\/allstarfinland.fi\/en\/p\/calibur-wireless-pocket-box-pari-langaton-merkitsijalaite\/\" \/>\n<meta property=\"og:site_name\" content=\"Allstar Finland\" \/>\n<meta property=\"article:modified_time\" content=\"2025-06-17T06:56:51+00:00\" \/>\n<meta property=\"og:image\" content=\"https:\/\/allstarfinland.fi\/wp-content\/uploads\/2022\/11\/CBR2.jpg\" \/>\n\t<meta property=\"og:image:width\" content=\"1920\" \/>\n\t<meta property=\"og:image:height\" content=\"1920\" \/>\n\t<meta property=\"og:image:type\" content=\"image\/jpeg\" \/>\n<meta name=\"twitter:card\" content=\"summary_large_image\" \/>\n<meta name=\"twitter:label1\" content=\"Est. reading time\" \/>\n\t<meta name=\"twitter:data1\" content=\"2 minutes\" \/>\n<script type=\"application\/ld+json\" class=\"yoast-schema-graph\">{\"@context\":\"https:\\\/\\\/schema.org\",\"@graph\":[{\"@type\":\"WebPage\",\"@id\":\"https:\\\/\\\/allstarfinland.fi\\\/p\\\/calibur-wireless-pocket-box-pari-langaton-merkitsijalaite\\\/\",\"url\":\"https:\\\/\\\/allstarfinland.fi\\\/p\\\/calibur-wireless-pocket-box-pari-langaton-merkitsijalaite\\\/\",\"name\":\"CALIBUR WIRELESS POCKET BOX - Langaton merkitsij\u00e4laite\",\"isPartOf\":{\"@id\":\"https:\\\/\\\/allstarfinland.fi\\\/en\\\/#website\"},\"primaryImageOfPage\":{\"@id\":\"https:\\\/\\\/allstarfinland.fi\\\/p\\\/calibur-wireless-pocket-box-pari-langaton-merkitsijalaite\\\/#primaryimage\"},\"image\":{\"@id\":\"https:\\\/\\\/allstarfinland.fi\\\/p\\\/calibur-wireless-pocket-box-pari-langaton-merkitsijalaite\\\/#primaryimage\"},\"thumbnailUrl\":\"https:\\\/\\\/allstarfinland.fi\\\/wp-content\\\/uploads\\\/2022\\\/11\\\/CBR2.jpg\",\"datePublished\":\"2022-11-08T12:09:48+00:00\",\"dateModified\":\"2025-06-17T06:56:51+00:00\",\"description\":\"Calibur Wireless Pocket Box on langaton merkitsij\u00e4laite ja miekkailuun. Yhdist\u00e4 laite miekkaasi ja puhelimeesi, niin voit miekkailla miss\u00e4 vain\",\"breadcrumb\":{\"@id\":\"https:\\\/\\\/allstarfinland.fi\\\/p\\\/calibur-wireless-pocket-box-pari-langaton-merkitsijalaite\\\/#breadcrumb\"},\"inLanguage\":\"en-US\",\"potentialAction\":[{\"@type\":\"ReadAction\",\"target\":[\"https:\\\/\\\/allstarfinland.fi\\\/p\\\/calibur-wireless-pocket-box-pari-langaton-merkitsijalaite\\\/\"]}]},{\"@type\":\"ImageObject\",\"inLanguage\":\"en-US\",\"@id\":\"https:\\\/\\\/allstarfinland.fi\\\/p\\\/calibur-wireless-pocket-box-pari-langaton-merkitsijalaite\\\/#primaryimage\",\"url\":\"https:\\\/\\\/allstarfinland.fi\\\/wp-content\\\/uploads\\\/2022\\\/11\\\/CBR2.jpg\",\"contentUrl\":\"https:\\\/\\\/allstarfinland.fi\\\/wp-content\\\/uploads\\\/2022\\\/11\\\/CBR2.jpg\",\"width\":1920,\"height\":1920,\"caption\":\"L\u00e4hetinyksikk\u00f6pari - langaton merkitsij\u00e4laite\"},{\"@type\":\"BreadcrumbList\",\"@id\":\"https:\\\/\\\/allstarfinland.fi\\\/p\\\/calibur-wireless-pocket-box-pari-langaton-merkitsijalaite\\\/#breadcrumb\",\"itemListElement\":[{\"@type\":\"ListItem\",\"position\":1,\"name\":\"Etusivu\",\"item\":\"https:\\\/\\\/allstarfinland.fi\\\/\"},{\"@type\":\"ListItem\",\"position\":2,\"name\":\"Etusivu\",\"item\":\"https:\\\/\\\/allstarfinland.fi\\\/\"},{\"@type\":\"ListItem\",\"position\":3,\"name\":\"CALIBUR WIRELESS POCKET BOX &#8211; PARI\"}]},{\"@type\":\"WebSite\",\"@id\":\"https:\\\/\\\/allstarfinland.fi\\\/en\\\/#website\",\"url\":\"https:\\\/\\\/allstarfinland.fi\\\/en\\\/\",\"name\":\"Allstar Finland\",\"description\":\"Miekkailuv\u00e4lineiden verkkokauppa\",\"potentialAction\":[{\"@type\":\"SearchAction\",\"target\":{\"@type\":\"EntryPoint\",\"urlTemplate\":\"https:\\\/\\\/allstarfinland.fi\\\/en\\\/?s={search_term_string}\"},\"query-input\":{\"@type\":\"PropertyValueSpecification\",\"valueRequired\":true,\"valueName\":\"search_term_string\"}}],\"inLanguage\":\"en-US\"}]}<\/script>\n<!-- \/ Yoast SEO plugin. -->","yoast_head_json":{"title":"CALIBUR WIRELESS POCKET BOX - Langaton merkitsij\u00e4laite","description":"Calibur Wireless Pocket Box on langaton merkitsij\u00e4laite ja miekkailuun. Yhdist\u00e4 laite miekkaasi ja puhelimeesi, niin voit miekkailla miss\u00e4 vain","robots":{"index":"index","follow":"follow","max-snippet":"max-snippet:-1","max-image-preview":"max-image-preview:large","max-video-preview":"max-video-preview:-1"},"canonical":"https:\/\/allstarfinland.fi\/en\/p\/calibur-wireless-pocket-box-pari-langaton-merkitsijalaite\/","og_locale":"en_US","og_type":"article","og_title":"CALIBUR WIRELESS POCKET BOX - Langaton merkitsij\u00e4laite","og_description":"Calibur Wireless Pocket Box on langaton merkitsij\u00e4laite ja miekkailuun. Yhdist\u00e4 laite miekkaasi ja puhelimeesi, niin voit miekkailla miss\u00e4 vain","og_url":"https:\/\/allstarfinland.fi\/en\/p\/calibur-wireless-pocket-box-pari-langaton-merkitsijalaite\/","og_site_name":"Allstar Finland","article_modified_time":"2025-06-17T06:56:51+00:00","og_image":[{"width":1920,"height":1920,"url":"https:\/\/allstarfinland.fi\/wp-content\/uploads\/2022\/11\/CBR2.jpg","type":"image\/jpeg"}],"twitter_card":"summary_large_image","twitter_misc":{"Est. reading time":"2 minutes"},"schema":{"@context":"https:\/\/schema.org","@graph":[{"@type":"WebPage","@id":"https:\/\/allstarfinland.fi\/p\/calibur-wireless-pocket-box-pari-langaton-merkitsijalaite\/","url":"https:\/\/allstarfinland.fi\/p\/calibur-wireless-pocket-box-pari-langaton-merkitsijalaite\/","name":"CALIBUR WIRELESS POCKET BOX - Langaton merkitsij\u00e4laite","isPartOf":{"@id":"https:\/\/allstarfinland.fi\/en\/#website"},"primaryImageOfPage":{"@id":"https:\/\/allstarfinland.fi\/p\/calibur-wireless-pocket-box-pari-langaton-merkitsijalaite\/#primaryimage"},"image":{"@id":"https:\/\/allstarfinland.fi\/p\/calibur-wireless-pocket-box-pari-langaton-merkitsijalaite\/#primaryimage"},"thumbnailUrl":"https:\/\/allstarfinland.fi\/wp-content\/uploads\/2022\/11\/CBR2.jpg","datePublished":"2022-11-08T12:09:48+00:00","dateModified":"2025-06-17T06:56:51+00:00","description":"Calibur Wireless Pocket Box on langaton merkitsij\u00e4laite ja miekkailuun. Yhdist\u00e4 laite miekkaasi ja puhelimeesi, niin voit miekkailla miss\u00e4 vain","breadcrumb":{"@id":"https:\/\/allstarfinland.fi\/p\/calibur-wireless-pocket-box-pari-langaton-merkitsijalaite\/#breadcrumb"},"inLanguage":"en-US","potentialAction":[{"@type":"ReadAction","target":["https:\/\/allstarfinland.fi\/p\/calibur-wireless-pocket-box-pari-langaton-merkitsijalaite\/"]}]},{"@type":"ImageObject","inLanguage":"en-US","@id":"https:\/\/allstarfinland.fi\/p\/calibur-wireless-pocket-box-pari-langaton-merkitsijalaite\/#primaryimage","url":"https:\/\/allstarfinland.fi\/wp-content\/uploads\/2022\/11\/CBR2.jpg","contentUrl":"https:\/\/allstarfinland.fi\/wp-content\/uploads\/2022\/11\/CBR2.jpg","width":1920,"height":1920,"caption":"L\u00e4hetinyksikk\u00f6pari - langaton merkitsij\u00e4laite"},{"@type":"BreadcrumbList","@id":"https:\/\/allstarfinland.fi\/p\/calibur-wireless-pocket-box-pari-langaton-merkitsijalaite\/#breadcrumb","itemListElement":[{"@type":"ListItem","position":1,"name":"Etusivu","item":"https:\/\/allstarfinland.fi\/"},{"@type":"ListItem","position":2,"name":"Etusivu","item":"https:\/\/allstarfinland.fi\/"},{"@type":"ListItem","position":3,"name":"CALIBUR WIRELESS POCKET BOX &#8211; PARI"}]},{"@type":"WebSite","@id":"https:\/\/allstarfinland.fi\/en\/#website","url":"https:\/\/allstarfinland.fi\/en\/","name":"Allstar Finland","description":"Miekkailuv\u00e4lineiden verkkokauppa","potentialAction":[{"@type":"SearchAction","target":{"@type":"EntryPoint","urlTemplate":"https:\/\/allstarfinland.fi\/en\/?s={search_term_string}"},"query-input":{"@type":"PropertyValueSpecification","valueRequired":true,"valueName":"search_term_string"}}],"inLanguage":"en-US"}]}},"jetpack_sharing_enabled":true,"_links":{"self":[{"href":"https:\/\/allstarfinland.fi\/en\/wp-json\/wp\/v2\/product\/6239","targetHints":{"allow":["GET"]}}],"collection":[{"href":"https:\/\/allstarfinland.fi\/en\/wp-json\/wp\/v2\/product"}],"about":[{"href":"https:\/\/allstarfinland.fi\/en\/wp-json\/wp\/v2\/types\/product"}],"wp:featuredmedia":[{"embeddable":true,"href":"https:\/\/allstarfinland.fi\/en\/wp-json\/wp\/v2\/media\/6237"}],"wp:attachment":[{"href":"https:\/\/allstarfinland.fi\/en\/wp-json\/wp\/v2\/media?parent=6239"}],"wp:term":[{"taxonomy":"product_brand","embeddable":true,"href":"https:\/\/allstarfinland.fi\/en\/wp-json\/wp\/v2\/product_brand?post=6239"},{"taxonomy":"product_cat","embeddable":true,"href":"https:\/\/allstarfinland.fi\/en\/wp-json\/wp\/v2\/product_cat?post=6239"},{"taxonomy":"product_tag","embeddable":true,"href":"https:\/\/allstarfinland.fi\/en\/wp-json\/wp\/v2\/product_tag?post=6239"}],"curies":[{"name":"wp","href":"https:\/\/api.w.org\/{rel}","templated":true}]}}