{"id":5937,"date":"2022-08-09T09:20:00","date_gmt":"2022-08-09T06:20:00","guid":{"rendered":"https:\/\/allstarfinland.fi\/?post_type=product&#038;p=5937"},"modified":"2025-03-04T08:46:09","modified_gmt":"2025-03-04T06:46:09","slug":"bf-fie-kalpamiekka","status":"publish","type":"product","link":"https:\/\/allstarfinland.fi\/en\/p\/bf-fie-kalpamiekka\/","title":{"rendered":"BF FIE EPEE"},"content":{"rendered":"","protected":false},"excerpt":{"rendered":"<p>Now you can create your weapon by yourself! Just choose blade, guard and grip and the weapon will be sent to you. There is some needed items you cannot remove or change.<\/p>","protected":false},"featured_media":6122,"template":"","meta":[],"product_brand":[],"product_cat":[179],"product_tag":[],"class_list":{"0":"post-5937","1":"product","2":"type-product","3":"status-publish","4":"has-post-thumbnail","6":"product_cat-kokonaiset-kalvat","7":"product_shipping_class-paketti","9":"first","10":"instock","11":"taxable","12":"shipping-taxable","13":"purchasable","14":"product-type-composite"},"composite_virtual":false,"composite_layout":"progressive","composite_add_to_cart_form_location":"default","composite_editable_in_cart":false,"composite_sold_individually_context":"product","composite_shop_price_calc":"defaults","composite_components":[{"id":"1660036462","title":"Ter\u00e4 \/ Blade","description":"","query_type":"product_ids","query_ids":[1674],"default_option_id":1674,"thumbnail_id":"","thumbnail_src":"","quantity_min":1,"quantity_max":1,"priced_individually":true,"shipped_individually":false,"optional":false,"discount":"","options_style":"dropdowns","pagination_style":"classic","display_prices":"hidden","show_sorting_options":false,"show_filtering_options":false,"attribute_filter_ids":[],"select_action":"view","product_title_visible":true,"product_descr_visible":true,"product_price_visible":true,"product_thumb_visible":false,"subtotal_visible_product":true,"subtotal_visible_cart":true,"subtotal_visible_orders":true,"product_addons_visible":true},{"id":"1660036463","title":"Kokilli \/ Guard","description":"","query_type":"product_ids","query_ids":[1697,1774,1694],"default_option_id":1697,"thumbnail_id":"","thumbnail_src":"","quantity_min":1,"quantity_max":1,"priced_individually":true,"shipped_individually":false,"optional":false,"discount":"","options_style":"dropdowns","pagination_style":"classic","display_prices":"hidden","show_sorting_options":false,"show_filtering_options":false,"attribute_filter_ids":[],"select_action":"view","product_title_visible":true,"product_descr_visible":false,"product_price_visible":true,"product_thumb_visible":false,"subtotal_visible_product":true,"subtotal_visible_cart":true,"subtotal_visible_orders":true,"product_addons_visible":true},{"id":"1660036464","title":"V\u00e4istintyyny \/ Pad","description":"","query_type":"product_ids","query_ids":[1700,1703],"default_option_id":1700,"thumbnail_id":"","thumbnail_src":"","quantity_min":1,"quantity_max":1,"priced_individually":true,"shipped_individually":false,"optional":false,"discount":"","options_style":"dropdowns","pagination_style":"classic","display_prices":"hidden","show_sorting_options":false,"show_filtering_options":false,"attribute_filter_ids":[],"select_action":"view","product_title_visible":true,"product_descr_visible":false,"product_price_visible":true,"product_thumb_visible":false,"subtotal_visible_product":true,"subtotal_visible_cart":true,"subtotal_visible_orders":true,"product_addons_visible":true},{"id":"1660037900","title":"Pistoke \/ Socket","description":"<p>Without this component you cannot connect your weapon to scoring machine. Component cannot be removed. Socket is FIE-approved.<\/p>","query_type":"product_ids","query_ids":[1775],"default_option_id":1775,"thumbnail_id":"","thumbnail_src":"","quantity_min":1,"quantity_max":1,"priced_individually":true,"shipped_individually":false,"optional":false,"discount":"","options_style":"dropdowns","pagination_style":"classic","display_prices":"hidden","show_sorting_options":false,"show_filtering_options":false,"attribute_filter_ids":[],"select_action":"view","product_title_visible":false,"product_descr_visible":false,"product_price_visible":true,"product_thumb_visible":false,"subtotal_visible_product":true,"subtotal_visible_cart":true,"subtotal_visible_orders":true,"product_addons_visible":true},{"id":"1660036465","title":"Kahva \/ Grip","description":"","query_type":"product_ids","query_ids":[1706,1758,6129,1754,1763,15998],"default_option_id":1706,"thumbnail_id":"","thumbnail_src":"","quantity_min":1,"quantity_max":1,"priced_individually":true,"shipped_individually":false,"optional":false,"discount":"","options_style":"dropdowns","pagination_style":"classic","display_prices":"hidden","show_sorting_options":false,"show_filtering_options":false,"attribute_filter_ids":[],"select_action":"view","product_title_visible":true,"product_descr_visible":false,"product_price_visible":true,"product_thumb_visible":false,"subtotal_visible_product":true,"subtotal_visible_cart":true,"subtotal_visible_orders":true,"product_addons_visible":true},{"id":"1660039038","title":"Kiinnitys \/ Fixing","description":"<p>The nut will be chosen depending of chosen grip.<\/p>","query_type":"product_ids","query_ids":[1770,1768,2202],"default_option_id":1770,"thumbnail_id":"","thumbnail_src":"","quantity_min":1,"quantity_max":1,"priced_individually":true,"shipped_individually":false,"optional":false,"discount":"","options_style":"dropdowns","pagination_style":"classic","display_prices":"hidden","show_sorting_options":false,"show_filtering_options":false,"attribute_filter_ids":[],"select_action":"view","product_title_visible":true,"product_descr_visible":false,"product_price_visible":true,"product_thumb_visible":false,"subtotal_visible_product":true,"subtotal_visible_cart":true,"subtotal_visible_orders":true,"product_addons_visible":true},{"id":"1660038329","title":"Miekan suojus \/ Cover","description":"<p>You can add optional blade cover.<\/p>","query_type":"product_ids","query_ids":[2204],"default_option_id":2204,"thumbnail_id":"","thumbnail_src":"","quantity_min":1,"quantity_max":1,"priced_individually":true,"shipped_individually":false,"optional":true,"discount":"","options_style":"dropdowns","pagination_style":"classic","display_prices":"relative","show_sorting_options":false,"show_filtering_options":false,"attribute_filter_ids":[],"select_action":"view","product_title_visible":true,"product_descr_visible":true,"product_price_visible":true,"product_thumb_visible":true,"subtotal_visible_product":true,"subtotal_visible_cart":true,"subtotal_visible_orders":true,"product_addons_visible":true}],"composite_scenarios":[{"id":"1660039892","name":"Valittu pistoolikahva","description":"","configuration":[{"component_id":"1660036465","options_modifier":"in","component_options":[1706,1758,6129]}],"actions":[{"action_id":"compat_group","is_active":false},{"action_id":"conditional_components","is_active":false,"hidden_components":[]},{"action_id":"conditional_options","is_active":true,"hidden_options":[{"component_id":"1660039038","component_options":[1768,2202],"options_modifier":"in"}]}],"enabled":true},{"id":"1660039893","name":"Valittu ranskalainen kahva","description":"","configuration":[{"component_id":"1660036465","options_modifier":"in","component_options":[1754,1763,15998]}],"actions":[{"action_id":"compat_group","is_active":false},{"action_id":"conditional_components","is_active":false,"hidden_components":[]},{"action_id":"conditional_options","is_active":true,"hidden_options":[{"component_id":"1660039038","component_options":[1770],"options_modifier":"in"}]}],"enabled":true}],"supplier_id":null,"supplier_sku":"","atum_controlled":true,"out_stock_date":null,"out_stock_threshold":null,"inheritable":false,"inbound_stock":null,"stock_on_hold":0,"sold_today":0,"sales_last_days":1,"reserved_stock":null,"customer_returns":null,"warehouse_damage":null,"lost_in_post":null,"other_logs":null,"out_stock_days":0,"lost_sales":0,"has_location":false,"update_date":"2026-04-14T16:33:33","atum_locations":[],"atum_stock_status":"instock","restock_status":false,"low_stock_amount":"","sales_update_date":"2026-04-14T16:33:33","calc_backorders":null,"exclude_global_add_ons":[],"addons":[],"yoast_head":"<!-- This site is optimized with the Yoast SEO plugin v27.3 - https:\/\/yoast.com\/product\/yoast-seo-wordpress\/ -->\n<title>BF FIE KALPAMIEKKA - Allstar Finland<\/title>\n<meta name=\"description\" content=\"Huippulaadukas maraging-ter\u00e4ksest\u00e4 taottu kalpamiekka. Ter\u00e4 on taattua BF FIE-laatua ja on ter\u00e4ksen v\u00e4rinen. Valitse itse sopiva v\u00e4istin ja kahva.\" \/>\n<meta name=\"robots\" content=\"index, follow, max-snippet:-1, max-image-preview:large, max-video-preview:-1\" \/>\n<link rel=\"canonical\" href=\"https:\/\/allstarfinland.fi\/en\/p\/bf-fie-kalpamiekka\/\" \/>\n<meta property=\"og:locale\" content=\"en_US\" \/>\n<meta property=\"og:type\" content=\"article\" \/>\n<meta property=\"og:title\" content=\"BF FIE KALPAMIEKKA - Allstar Finland\" \/>\n<meta property=\"og:description\" content=\"Huippulaadukas maraging-ter\u00e4ksest\u00e4 taottu kalpamiekka. Ter\u00e4 on taattua BF FIE-laatua ja on ter\u00e4ksen v\u00e4rinen. Valitse itse sopiva v\u00e4istin ja kahva.\" \/>\n<meta property=\"og:url\" content=\"https:\/\/allstarfinland.fi\/en\/p\/bf-fie-kalpamiekka\/\" \/>\n<meta property=\"og:site_name\" content=\"Allstar Finland\" \/>\n<meta property=\"article:modified_time\" content=\"2025-03-04T06:46:09+00:00\" \/>\n<meta property=\"og:image\" content=\"https:\/\/allstarfinland.fi\/wp-content\/uploads\/2022\/08\/BF-kalpa.jpeg\" \/>\n\t<meta property=\"og:image:width\" content=\"1773\" \/>\n\t<meta property=\"og:image:height\" content=\"1773\" \/>\n\t<meta property=\"og:image:type\" content=\"image\/jpeg\" \/>\n<meta name=\"twitter:card\" content=\"summary_large_image\" \/>\n<meta name=\"twitter:label1\" content=\"Est. reading time\" \/>\n\t<meta name=\"twitter:data1\" content=\"1 minute\" \/>\n<script type=\"application\/ld+json\" class=\"yoast-schema-graph\">{\"@context\":\"https:\\\/\\\/schema.org\",\"@graph\":[{\"@type\":\"WebPage\",\"@id\":\"https:\\\/\\\/allstarfinland.fi\\\/p\\\/bf-fie-kalpamiekka\\\/\",\"url\":\"https:\\\/\\\/allstarfinland.fi\\\/p\\\/bf-fie-kalpamiekka\\\/\",\"name\":\"BF FIE KALPAMIEKKA - Allstar Finland\",\"isPartOf\":{\"@id\":\"https:\\\/\\\/allstarfinland.fi\\\/en\\\/#website\"},\"primaryImageOfPage\":{\"@id\":\"https:\\\/\\\/allstarfinland.fi\\\/p\\\/bf-fie-kalpamiekka\\\/#primaryimage\"},\"image\":{\"@id\":\"https:\\\/\\\/allstarfinland.fi\\\/p\\\/bf-fie-kalpamiekka\\\/#primaryimage\"},\"thumbnailUrl\":\"https:\\\/\\\/allstarfinland.fi\\\/wp-content\\\/uploads\\\/2022\\\/08\\\/BF-kalpa.jpeg\",\"datePublished\":\"2022-08-09T06:20:00+00:00\",\"dateModified\":\"2025-03-04T06:46:09+00:00\",\"description\":\"Huippulaadukas maraging-ter\u00e4ksest\u00e4 taottu kalpamiekka. Ter\u00e4 on taattua BF FIE-laatua ja on ter\u00e4ksen v\u00e4rinen. Valitse itse sopiva v\u00e4istin ja kahva.\",\"breadcrumb\":{\"@id\":\"https:\\\/\\\/allstarfinland.fi\\\/p\\\/bf-fie-kalpamiekka\\\/#breadcrumb\"},\"inLanguage\":\"en-US\",\"potentialAction\":[{\"@type\":\"ReadAction\",\"target\":[\"https:\\\/\\\/allstarfinland.fi\\\/p\\\/bf-fie-kalpamiekka\\\/\"]}]},{\"@type\":\"ImageObject\",\"inLanguage\":\"en-US\",\"@id\":\"https:\\\/\\\/allstarfinland.fi\\\/p\\\/bf-fie-kalpamiekka\\\/#primaryimage\",\"url\":\"https:\\\/\\\/allstarfinland.fi\\\/wp-content\\\/uploads\\\/2022\\\/08\\\/BF-kalpa.jpeg\",\"contentUrl\":\"https:\\\/\\\/allstarfinland.fi\\\/wp-content\\\/uploads\\\/2022\\\/08\\\/BF-kalpa.jpeg\",\"width\":1773,\"height\":1773},{\"@type\":\"BreadcrumbList\",\"@id\":\"https:\\\/\\\/allstarfinland.fi\\\/p\\\/bf-fie-kalpamiekka\\\/#breadcrumb\",\"itemListElement\":[{\"@type\":\"ListItem\",\"position\":1,\"name\":\"Etusivu\",\"item\":\"https:\\\/\\\/allstarfinland.fi\\\/\"},{\"@type\":\"ListItem\",\"position\":2,\"name\":\"Etusivu\",\"item\":\"https:\\\/\\\/allstarfinland.fi\\\/\"},{\"@type\":\"ListItem\",\"position\":3,\"name\":\"BF FIE KALPAMIEKKA\"}]},{\"@type\":\"WebSite\",\"@id\":\"https:\\\/\\\/allstarfinland.fi\\\/en\\\/#website\",\"url\":\"https:\\\/\\\/allstarfinland.fi\\\/en\\\/\",\"name\":\"Allstar Finland\",\"description\":\"Miekkailuv\u00e4lineiden verkkokauppa\",\"potentialAction\":[{\"@type\":\"SearchAction\",\"target\":{\"@type\":\"EntryPoint\",\"urlTemplate\":\"https:\\\/\\\/allstarfinland.fi\\\/en\\\/?s={search_term_string}\"},\"query-input\":{\"@type\":\"PropertyValueSpecification\",\"valueRequired\":true,\"valueName\":\"search_term_string\"}}],\"inLanguage\":\"en-US\"}]}<\/script>\n<!-- \/ Yoast SEO plugin. -->","yoast_head_json":{"title":"BF FIE KALPAMIEKKA - Allstar Finland","description":"Huippulaadukas maraging-ter\u00e4ksest\u00e4 taottu kalpamiekka. Ter\u00e4 on taattua BF FIE-laatua ja on ter\u00e4ksen v\u00e4rinen. Valitse itse sopiva v\u00e4istin ja kahva.","robots":{"index":"index","follow":"follow","max-snippet":"max-snippet:-1","max-image-preview":"max-image-preview:large","max-video-preview":"max-video-preview:-1"},"canonical":"https:\/\/allstarfinland.fi\/en\/p\/bf-fie-kalpamiekka\/","og_locale":"en_US","og_type":"article","og_title":"BF FIE KALPAMIEKKA - Allstar Finland","og_description":"Huippulaadukas maraging-ter\u00e4ksest\u00e4 taottu kalpamiekka. Ter\u00e4 on taattua BF FIE-laatua ja on ter\u00e4ksen v\u00e4rinen. Valitse itse sopiva v\u00e4istin ja kahva.","og_url":"https:\/\/allstarfinland.fi\/en\/p\/bf-fie-kalpamiekka\/","og_site_name":"Allstar Finland","article_modified_time":"2025-03-04T06:46:09+00:00","og_image":[{"width":1773,"height":1773,"url":"https:\/\/allstarfinland.fi\/wp-content\/uploads\/2022\/08\/BF-kalpa.jpeg","type":"image\/jpeg"}],"twitter_card":"summary_large_image","twitter_misc":{"Est. reading time":"1 minute"},"schema":{"@context":"https:\/\/schema.org","@graph":[{"@type":"WebPage","@id":"https:\/\/allstarfinland.fi\/p\/bf-fie-kalpamiekka\/","url":"https:\/\/allstarfinland.fi\/p\/bf-fie-kalpamiekka\/","name":"BF FIE KALPAMIEKKA - Allstar Finland","isPartOf":{"@id":"https:\/\/allstarfinland.fi\/en\/#website"},"primaryImageOfPage":{"@id":"https:\/\/allstarfinland.fi\/p\/bf-fie-kalpamiekka\/#primaryimage"},"image":{"@id":"https:\/\/allstarfinland.fi\/p\/bf-fie-kalpamiekka\/#primaryimage"},"thumbnailUrl":"https:\/\/allstarfinland.fi\/wp-content\/uploads\/2022\/08\/BF-kalpa.jpeg","datePublished":"2022-08-09T06:20:00+00:00","dateModified":"2025-03-04T06:46:09+00:00","description":"Huippulaadukas maraging-ter\u00e4ksest\u00e4 taottu kalpamiekka. Ter\u00e4 on taattua BF FIE-laatua ja on ter\u00e4ksen v\u00e4rinen. Valitse itse sopiva v\u00e4istin ja kahva.","breadcrumb":{"@id":"https:\/\/allstarfinland.fi\/p\/bf-fie-kalpamiekka\/#breadcrumb"},"inLanguage":"en-US","potentialAction":[{"@type":"ReadAction","target":["https:\/\/allstarfinland.fi\/p\/bf-fie-kalpamiekka\/"]}]},{"@type":"ImageObject","inLanguage":"en-US","@id":"https:\/\/allstarfinland.fi\/p\/bf-fie-kalpamiekka\/#primaryimage","url":"https:\/\/allstarfinland.fi\/wp-content\/uploads\/2022\/08\/BF-kalpa.jpeg","contentUrl":"https:\/\/allstarfinland.fi\/wp-content\/uploads\/2022\/08\/BF-kalpa.jpeg","width":1773,"height":1773},{"@type":"BreadcrumbList","@id":"https:\/\/allstarfinland.fi\/p\/bf-fie-kalpamiekka\/#breadcrumb","itemListElement":[{"@type":"ListItem","position":1,"name":"Etusivu","item":"https:\/\/allstarfinland.fi\/"},{"@type":"ListItem","position":2,"name":"Etusivu","item":"https:\/\/allstarfinland.fi\/"},{"@type":"ListItem","position":3,"name":"BF FIE KALPAMIEKKA"}]},{"@type":"WebSite","@id":"https:\/\/allstarfinland.fi\/en\/#website","url":"https:\/\/allstarfinland.fi\/en\/","name":"Allstar Finland","description":"Miekkailuv\u00e4lineiden verkkokauppa","potentialAction":[{"@type":"SearchAction","target":{"@type":"EntryPoint","urlTemplate":"https:\/\/allstarfinland.fi\/en\/?s={search_term_string}"},"query-input":{"@type":"PropertyValueSpecification","valueRequired":true,"valueName":"search_term_string"}}],"inLanguage":"en-US"}]}},"jetpack_sharing_enabled":true,"_links":{"self":[{"href":"https:\/\/allstarfinland.fi\/en\/wp-json\/wp\/v2\/product\/5937","targetHints":{"allow":["GET"]}}],"collection":[{"href":"https:\/\/allstarfinland.fi\/en\/wp-json\/wp\/v2\/product"}],"about":[{"href":"https:\/\/allstarfinland.fi\/en\/wp-json\/wp\/v2\/types\/product"}],"wp:featuredmedia":[{"embeddable":true,"href":"https:\/\/allstarfinland.fi\/en\/wp-json\/wp\/v2\/media\/6122"}],"wp:attachment":[{"href":"https:\/\/allstarfinland.fi\/en\/wp-json\/wp\/v2\/media?parent=5937"}],"wp:term":[{"taxonomy":"product_brand","embeddable":true,"href":"https:\/\/allstarfinland.fi\/en\/wp-json\/wp\/v2\/product_brand?post=5937"},{"taxonomy":"product_cat","embeddable":true,"href":"https:\/\/allstarfinland.fi\/en\/wp-json\/wp\/v2\/product_cat?post=5937"},{"taxonomy":"product_tag","embeddable":true,"href":"https:\/\/allstarfinland.fi\/en\/wp-json\/wp\/v2\/product_tag?post=5937"}],"curies":[{"name":"wp","href":"https:\/\/api.w.org\/{rel}","templated":true}]}}