{"id":5738,"date":"2022-08-01T12:18:27","date_gmt":"2022-08-01T09:18:27","guid":{"rendered":"https:\/\/allstarfinland.fi\/?post_type=product&#038;p=5738"},"modified":"2024-11-26T09:16:19","modified_gmt":"2024-11-26T07:16:19","slug":"kansallistunnuksen-painatus-miekkailuhousuihin","status":"publish","type":"product","link":"https:\/\/allstarfinland.fi\/en\/p\/kansallistunnuksen-painatus-miekkailuhousuihin\/","title":{"rendered":"NATIONAL LOGO ON BREECHES"},"content":{"rendered":"","protected":false},"excerpt":{"rendered":"<p>Print your national logo on your breeches. Please note that you have to ship your gear to Allstar Finland on your own expenses. Printing only on freshly washed items. After ordering no cancellation possible.<\/p>","protected":false},"featured_media":5739,"template":"","meta":[],"product_brand":[],"product_cat":[24],"product_tag":[],"class_list":{"0":"post-5738","1":"product","2":"type-product","3":"status-publish","4":"has-post-thumbnail","6":"product_cat-fie-800n","8":"first","9":"instock","10":"taxable","11":"shipping-taxable","12":"purchasable","13":"product-type-simple"},"composite_virtual":false,"composite_layout":"","composite_add_to_cart_form_location":"","composite_editable_in_cart":false,"composite_sold_individually_context":"","composite_shop_price_calc":"","composite_components":[],"composite_scenarios":[],"supplier_id":1366,"supplier_sku":"LOGO\/BS","atum_controlled":true,"out_stock_date":"2024-01-02 07:24:52","out_stock_threshold":null,"inheritable":false,"inbound_stock":0,"stock_on_hold":1,"sold_today":0,"sales_last_days":0,"reserved_stock":0,"customer_returns":0,"warehouse_damage":0,"lost_in_post":0,"other_logs":0,"out_stock_days":846,"lost_sales":0,"has_location":false,"update_date":"2026-04-28T06:04:06","atum_locations":[],"atum_stock_status":"instock","restock_status":false,"low_stock_amount":"","sales_update_date":"2026-04-28T06:04:06","calc_backorders":null,"exclude_global_add_ons":false,"addons":[{"name":"Printing of national colors on breeches","type":"multiple_choice","position":0,"required":false,"title_format":"label","default":"","description_enable":false,"description":"","placeholder_enable":false,"placeholder":"","display":"select","restrictions_type":"any_text","adjust_price":false,"price":"","price_type":"flat_fee","restrictions":false,"min":"0","max":"0","options":[{"label":"FIN","price":"","price_type":"flat_fee","image":0,"visibility":true},{"label":"AUT","price":"10","price_type":"flat_fee","image":0,"visibility":true},{"label":"BEL","price":"10","price_type":"flat_fee","image":0,"visibility":true},{"label":"BUL","price":"10","price_type":"flat_fee","image":0,"visibility":true},{"label":"CRO","price":"10","price_type":"flat_fee","image":0,"visibility":true},{"label":"CYP","price":"10","price_type":"flat_fee","image":0,"visibility":true},{"label":"CZE","price":"10","price_type":"flat_fee","image":0,"visibility":true},{"label":"DEN","price":"10","price_type":"flat_fee","image":0,"visibility":true},{"label":"EST","price":"10","price_type":"flat_fee","image":0,"visibility":true},{"label":"ESP","price":"10","price_type":"flat_fee","image":0,"visibility":true},{"label":"FRA","price":"10","price_type":"flat_fee","image":0,"visibility":true},{"label":"GER","price":"10","price_type":"flat_fee","image":0,"visibility":true},{"label":"GRE","price":"10","price_type":"flat_fee","image":0,"visibility":true},{"label":"HUN","price":"10","price_type":"flat_fee","image":0,"visibility":true},{"label":"IRL","price":"10","price_type":"flat_fee","image":0,"visibility":true},{"label":"JPN","price":"10","price_type":"flat_fee","image":0,"visibility":true},{"label":"ITA","price":"10","price_type":"flat_fee","image":0,"visibility":true},{"label":"LAT","price":"10","price_type":"flat_fee","image":0,"visibility":true},{"label":"LIT","price":"10","price_type":"flat_fee","image":0,"visibility":true},{"label":"LUX","price":"10","price_type":"flat_fee","image":0,"visibility":true},{"label":"MLT","price":"10","price_type":"flat_fee","image":0,"visibility":true},{"label":"NED","price":"10","price_type":"flat_fee","image":0,"visibility":true},{"label":"POL","price":"10","price_type":"flat_fee","image":0,"visibility":true},{"label":"POR","price":"10","price_type":"flat_fee","image":0,"visibility":true},{"label":"ROM","price":"10","price_type":"flat_fee","image":0,"visibility":true},{"label":"SVK","price":"10","price_type":"flat_fee","image":0,"visibility":true},{"label":"SLO","price":"10","price_type":"flat_fee","image":0,"visibility":true},{"label":"SWE","price":"10","price_type":"flat_fee","image":0,"visibility":true}],"id":1705049421}],"yoast_head":"<!-- This site is optimized with the Yoast SEO plugin v27.4 - https:\/\/yoast.com\/product\/yoast-seo-wordpress\/ -->\n<title>KANSALLISTUNNUKSEN PAINATUS MIEKKAILUHOUSUIHIN - Allstar Finland<\/title>\n<meta name=\"robots\" content=\"index, follow, max-snippet:-1, max-image-preview:large, max-video-preview:-1\" \/>\n<link rel=\"canonical\" href=\"https:\/\/allstarfinland.fi\/en\/p\/kansallistunnuksen-painatus-miekkailuhousuihin\/\" \/>\n<meta property=\"og:locale\" content=\"en_US\" \/>\n<meta property=\"og:type\" content=\"article\" \/>\n<meta property=\"og:title\" content=\"KANSALLISTUNNUKSEN PAINATUS MIEKKAILUHOUSUIHIN - Allstar Finland\" \/>\n<meta property=\"og:description\" content=\"Kansallistunnuksen FIE-hyv\u00e4ksytty painatus molempiin lahkeisiin olemassa oleviin housuihin. FIN-painatus tehd\u00e4\u00e4n Suomessa, muut Saksassa. Housut on toimitettava vasta pestyin\u00e4. Postikulut lis\u00e4t\u00e4\u00e4n toteutuneen mukaan.\" \/>\n<meta property=\"og:url\" content=\"https:\/\/allstarfinland.fi\/en\/p\/kansallistunnuksen-painatus-miekkailuhousuihin\/\" \/>\n<meta property=\"og:site_name\" content=\"Allstar Finland\" \/>\n<meta property=\"article:modified_time\" content=\"2024-11-26T07:16:19+00:00\" \/>\n<meta property=\"og:image\" content=\"https:\/\/allstarfinland.fi\/wp-content\/uploads\/2022\/08\/IMG_20211118_145759.jpg\" \/>\n\t<meta property=\"og:image:width\" content=\"1000\" \/>\n\t<meta property=\"og:image:height\" content=\"1000\" \/>\n\t<meta property=\"og:image:type\" content=\"image\/jpeg\" \/>\n<meta name=\"twitter:card\" content=\"summary_large_image\" \/>\n<meta name=\"twitter:label1\" content=\"Est. reading time\" \/>\n\t<meta name=\"twitter:data1\" content=\"1 minute\" \/>\n<script type=\"application\/ld+json\" class=\"yoast-schema-graph\">{\"@context\":\"https:\\\/\\\/schema.org\",\"@graph\":[{\"@type\":\"WebPage\",\"@id\":\"https:\\\/\\\/allstarfinland.fi\\\/p\\\/kansallistunnuksen-painatus-miekkailuhousuihin\\\/\",\"url\":\"https:\\\/\\\/allstarfinland.fi\\\/p\\\/kansallistunnuksen-painatus-miekkailuhousuihin\\\/\",\"name\":\"KANSALLISTUNNUKSEN PAINATUS MIEKKAILUHOUSUIHIN - Allstar Finland\",\"isPartOf\":{\"@id\":\"https:\\\/\\\/allstarfinland.fi\\\/en\\\/#website\"},\"primaryImageOfPage\":{\"@id\":\"https:\\\/\\\/allstarfinland.fi\\\/p\\\/kansallistunnuksen-painatus-miekkailuhousuihin\\\/#primaryimage\"},\"image\":{\"@id\":\"https:\\\/\\\/allstarfinland.fi\\\/p\\\/kansallistunnuksen-painatus-miekkailuhousuihin\\\/#primaryimage\"},\"thumbnailUrl\":\"https:\\\/\\\/allstarfinland.fi\\\/wp-content\\\/uploads\\\/2022\\\/08\\\/IMG_20211118_145759.jpg\",\"datePublished\":\"2022-08-01T09:18:27+00:00\",\"dateModified\":\"2024-11-26T07:16:19+00:00\",\"breadcrumb\":{\"@id\":\"https:\\\/\\\/allstarfinland.fi\\\/p\\\/kansallistunnuksen-painatus-miekkailuhousuihin\\\/#breadcrumb\"},\"inLanguage\":\"en-US\",\"potentialAction\":[{\"@type\":\"ReadAction\",\"target\":[\"https:\\\/\\\/allstarfinland.fi\\\/p\\\/kansallistunnuksen-painatus-miekkailuhousuihin\\\/\"]}]},{\"@type\":\"ImageObject\",\"inLanguage\":\"en-US\",\"@id\":\"https:\\\/\\\/allstarfinland.fi\\\/p\\\/kansallistunnuksen-painatus-miekkailuhousuihin\\\/#primaryimage\",\"url\":\"https:\\\/\\\/allstarfinland.fi\\\/wp-content\\\/uploads\\\/2022\\\/08\\\/IMG_20211118_145759.jpg\",\"contentUrl\":\"https:\\\/\\\/allstarfinland.fi\\\/wp-content\\\/uploads\\\/2022\\\/08\\\/IMG_20211118_145759.jpg\",\"width\":1000,\"height\":1000},{\"@type\":\"BreadcrumbList\",\"@id\":\"https:\\\/\\\/allstarfinland.fi\\\/p\\\/kansallistunnuksen-painatus-miekkailuhousuihin\\\/#breadcrumb\",\"itemListElement\":[{\"@type\":\"ListItem\",\"position\":1,\"name\":\"Etusivu\",\"item\":\"https:\\\/\\\/allstarfinland.fi\\\/\"},{\"@type\":\"ListItem\",\"position\":2,\"name\":\"Etusivu\",\"item\":\"https:\\\/\\\/allstarfinland.fi\\\/\"},{\"@type\":\"ListItem\",\"position\":3,\"name\":\"KANSALLISTUNNUKSEN PAINATUS MIEKKAILUHOUSUIHIN\"}]},{\"@type\":\"WebSite\",\"@id\":\"https:\\\/\\\/allstarfinland.fi\\\/en\\\/#website\",\"url\":\"https:\\\/\\\/allstarfinland.fi\\\/en\\\/\",\"name\":\"Allstar Finland\",\"description\":\"Miekkailuv\u00e4lineiden verkkokauppa\",\"potentialAction\":[{\"@type\":\"SearchAction\",\"target\":{\"@type\":\"EntryPoint\",\"urlTemplate\":\"https:\\\/\\\/allstarfinland.fi\\\/en\\\/?s={search_term_string}\"},\"query-input\":{\"@type\":\"PropertyValueSpecification\",\"valueRequired\":true,\"valueName\":\"search_term_string\"}}],\"inLanguage\":\"en-US\"}]}<\/script>\n<!-- \/ Yoast SEO plugin. -->","yoast_head_json":{"title":"KANSALLISTUNNUKSEN PAINATUS MIEKKAILUHOUSUIHIN - Allstar Finland","robots":{"index":"index","follow":"follow","max-snippet":"max-snippet:-1","max-image-preview":"max-image-preview:large","max-video-preview":"max-video-preview:-1"},"canonical":"https:\/\/allstarfinland.fi\/en\/p\/kansallistunnuksen-painatus-miekkailuhousuihin\/","og_locale":"en_US","og_type":"article","og_title":"KANSALLISTUNNUKSEN PAINATUS MIEKKAILUHOUSUIHIN - Allstar Finland","og_description":"Kansallistunnuksen FIE-hyv\u00e4ksytty painatus molempiin lahkeisiin olemassa oleviin housuihin. FIN-painatus tehd\u00e4\u00e4n Suomessa, muut Saksassa. Housut on toimitettava vasta pestyin\u00e4. Postikulut lis\u00e4t\u00e4\u00e4n toteutuneen mukaan.","og_url":"https:\/\/allstarfinland.fi\/en\/p\/kansallistunnuksen-painatus-miekkailuhousuihin\/","og_site_name":"Allstar Finland","article_modified_time":"2024-11-26T07:16:19+00:00","og_image":[{"width":1000,"height":1000,"url":"https:\/\/allstarfinland.fi\/wp-content\/uploads\/2022\/08\/IMG_20211118_145759.jpg","type":"image\/jpeg"}],"twitter_card":"summary_large_image","twitter_misc":{"Est. reading time":"1 minute"},"schema":{"@context":"https:\/\/schema.org","@graph":[{"@type":"WebPage","@id":"https:\/\/allstarfinland.fi\/p\/kansallistunnuksen-painatus-miekkailuhousuihin\/","url":"https:\/\/allstarfinland.fi\/p\/kansallistunnuksen-painatus-miekkailuhousuihin\/","name":"KANSALLISTUNNUKSEN PAINATUS MIEKKAILUHOUSUIHIN - Allstar Finland","isPartOf":{"@id":"https:\/\/allstarfinland.fi\/en\/#website"},"primaryImageOfPage":{"@id":"https:\/\/allstarfinland.fi\/p\/kansallistunnuksen-painatus-miekkailuhousuihin\/#primaryimage"},"image":{"@id":"https:\/\/allstarfinland.fi\/p\/kansallistunnuksen-painatus-miekkailuhousuihin\/#primaryimage"},"thumbnailUrl":"https:\/\/allstarfinland.fi\/wp-content\/uploads\/2022\/08\/IMG_20211118_145759.jpg","datePublished":"2022-08-01T09:18:27+00:00","dateModified":"2024-11-26T07:16:19+00:00","breadcrumb":{"@id":"https:\/\/allstarfinland.fi\/p\/kansallistunnuksen-painatus-miekkailuhousuihin\/#breadcrumb"},"inLanguage":"en-US","potentialAction":[{"@type":"ReadAction","target":["https:\/\/allstarfinland.fi\/p\/kansallistunnuksen-painatus-miekkailuhousuihin\/"]}]},{"@type":"ImageObject","inLanguage":"en-US","@id":"https:\/\/allstarfinland.fi\/p\/kansallistunnuksen-painatus-miekkailuhousuihin\/#primaryimage","url":"https:\/\/allstarfinland.fi\/wp-content\/uploads\/2022\/08\/IMG_20211118_145759.jpg","contentUrl":"https:\/\/allstarfinland.fi\/wp-content\/uploads\/2022\/08\/IMG_20211118_145759.jpg","width":1000,"height":1000},{"@type":"BreadcrumbList","@id":"https:\/\/allstarfinland.fi\/p\/kansallistunnuksen-painatus-miekkailuhousuihin\/#breadcrumb","itemListElement":[{"@type":"ListItem","position":1,"name":"Etusivu","item":"https:\/\/allstarfinland.fi\/"},{"@type":"ListItem","position":2,"name":"Etusivu","item":"https:\/\/allstarfinland.fi\/"},{"@type":"ListItem","position":3,"name":"KANSALLISTUNNUKSEN PAINATUS MIEKKAILUHOUSUIHIN"}]},{"@type":"WebSite","@id":"https:\/\/allstarfinland.fi\/en\/#website","url":"https:\/\/allstarfinland.fi\/en\/","name":"Allstar Finland","description":"Miekkailuv\u00e4lineiden verkkokauppa","potentialAction":[{"@type":"SearchAction","target":{"@type":"EntryPoint","urlTemplate":"https:\/\/allstarfinland.fi\/en\/?s={search_term_string}"},"query-input":{"@type":"PropertyValueSpecification","valueRequired":true,"valueName":"search_term_string"}}],"inLanguage":"en-US"}]}},"jetpack_sharing_enabled":true,"_links":{"self":[{"href":"https:\/\/allstarfinland.fi\/en\/wp-json\/wp\/v2\/product\/5738","targetHints":{"allow":["GET"]}}],"collection":[{"href":"https:\/\/allstarfinland.fi\/en\/wp-json\/wp\/v2\/product"}],"about":[{"href":"https:\/\/allstarfinland.fi\/en\/wp-json\/wp\/v2\/types\/product"}],"wp:featuredmedia":[{"embeddable":true,"href":"https:\/\/allstarfinland.fi\/en\/wp-json\/wp\/v2\/media\/5739"}],"wp:attachment":[{"href":"https:\/\/allstarfinland.fi\/en\/wp-json\/wp\/v2\/media?parent=5738"}],"wp:term":[{"taxonomy":"product_brand","embeddable":true,"href":"https:\/\/allstarfinland.fi\/en\/wp-json\/wp\/v2\/product_brand?post=5738"},{"taxonomy":"product_cat","embeddable":true,"href":"https:\/\/allstarfinland.fi\/en\/wp-json\/wp\/v2\/product_cat?post=5738"},{"taxonomy":"product_tag","embeddable":true,"href":"https:\/\/allstarfinland.fi\/en\/wp-json\/wp\/v2\/product_tag?post=5738"}],"curies":[{"name":"wp","href":"https:\/\/api.w.org\/{rel}","templated":true}]}}