{"id":5705,"date":"2022-08-01T07:45:28","date_gmt":"2022-08-01T04:45:28","guid":{"rendered":"https:\/\/allstarfinland.fi\/?post_type=product&#038;p=5705"},"modified":"2026-02-23T09:53:24","modified_gmt":"2026-02-23T07:53:24","slug":"allstar-titaanikarkihylsy-kalvalle","status":"publish","type":"product","link":"https:\/\/allstarfinland.fi\/en\/p\/allstar-titaanikarkihylsy-kalvalle\/","title":{"rendered":"ALLSTAR STRONG TITANIUM EPEE POINT BARREL"},"content":{"rendered":"","protected":false},"excerpt":{"rendered":"<p>Strong barrels and points made of titanium are not only stronger, but also over 40% lighter in weight compared to standard points. That makes them the strongest and lightest allstar points of all times. The best!<\/p>","protected":false},"featured_media":5706,"template":"","meta":[],"product_brand":[],"product_cat":[197],"product_tag":[],"class_list":{"0":"post-5705","1":"product","2":"type-product","3":"status-publish","4":"has-post-thumbnail","6":"product_cat-karjet-ja-johdot","7":"product_shipping_class-pikkupaketti","9":"first","10":"instock","11":"taxable","12":"shipping-taxable","13":"purchasable","14":"product-type-simple"},"composite_virtual":false,"composite_layout":"","composite_add_to_cart_form_location":"","composite_editable_in_cart":false,"composite_sold_individually_context":"","composite_shop_price_calc":"","composite_components":[],"composite_scenarios":[],"supplier_id":1366,"supplier_sku":"DSH-T","atum_controlled":true,"out_stock_date":null,"out_stock_threshold":null,"inheritable":false,"inbound_stock":0,"stock_on_hold":0,"sold_today":0,"sales_last_days":0,"reserved_stock":0,"customer_returns":0,"warehouse_damage":0,"lost_in_post":0,"other_logs":0,"out_stock_days":0,"lost_sales":0,"has_location":false,"update_date":"2026-04-09T10:34:15","atum_locations":[],"atum_stock_status":"instock","restock_status":false,"low_stock_amount":1,"sales_update_date":null,"calc_backorders":0,"exclude_global_add_ons":[],"addons":[],"yoast_head":"<!-- This site is optimized with the Yoast SEO plugin v27.3 - https:\/\/yoast.com\/product\/yoast-seo-wordpress\/ -->\n<title>ALLSTAR TITAANIK\u00c4RKIHYLSY KALVALLE - Allstar Finland<\/title>\n<meta name=\"robots\" content=\"index, follow, max-snippet:-1, max-image-preview:large, max-video-preview:-1\" \/>\n<link rel=\"canonical\" href=\"https:\/\/allstarfinland.fi\/en\/p\/allstar-titaanikarkihylsy-kalvalle\/\" \/>\n<meta property=\"og:locale\" content=\"en_US\" \/>\n<meta property=\"og:type\" content=\"article\" \/>\n<meta property=\"og:title\" content=\"ALLSTAR TITAANIK\u00c4RKIHYLSY KALVALLE - Allstar Finland\" \/>\n<meta property=\"og:description\" content=\"Titaanista valmistettu k\u00e4rkihylsy ei ole pelk\u00e4st\u00e4\u00e4n vahvempi vaan se on jopa 40 % kevyempi verrattuna vakiok\u00e4rkeen.\" \/>\n<meta property=\"og:url\" content=\"https:\/\/allstarfinland.fi\/en\/p\/allstar-titaanikarkihylsy-kalvalle\/\" \/>\n<meta property=\"og:site_name\" content=\"Allstar Finland\" \/>\n<meta property=\"article:modified_time\" content=\"2026-02-23T07:53:24+00:00\" \/>\n<meta property=\"og:image\" content=\"https:\/\/allstarfinland.fi\/wp-content\/uploads\/2022\/08\/DSH-T_1.jpg\" \/>\n\t<meta property=\"og:image:width\" content=\"1920\" \/>\n\t<meta property=\"og:image:height\" content=\"1920\" \/>\n\t<meta property=\"og:image:type\" content=\"image\/jpeg\" \/>\n<meta name=\"twitter:card\" content=\"summary_large_image\" \/>\n<script type=\"application\/ld+json\" class=\"yoast-schema-graph\">{\"@context\":\"https:\\\/\\\/schema.org\",\"@graph\":[{\"@type\":\"WebPage\",\"@id\":\"https:\\\/\\\/allstarfinland.fi\\\/p\\\/allstar-titaanikarkihylsy-kalvalle\\\/\",\"url\":\"https:\\\/\\\/allstarfinland.fi\\\/p\\\/allstar-titaanikarkihylsy-kalvalle\\\/\",\"name\":\"ALLSTAR TITAANIK\u00c4RKIHYLSY KALVALLE - Allstar Finland\",\"isPartOf\":{\"@id\":\"https:\\\/\\\/allstarfinland.fi\\\/en\\\/#website\"},\"primaryImageOfPage\":{\"@id\":\"https:\\\/\\\/allstarfinland.fi\\\/p\\\/allstar-titaanikarkihylsy-kalvalle\\\/#primaryimage\"},\"image\":{\"@id\":\"https:\\\/\\\/allstarfinland.fi\\\/p\\\/allstar-titaanikarkihylsy-kalvalle\\\/#primaryimage\"},\"thumbnailUrl\":\"https:\\\/\\\/allstarfinland.fi\\\/wp-content\\\/uploads\\\/2022\\\/08\\\/DSH-T_1.jpg\",\"datePublished\":\"2022-08-01T04:45:28+00:00\",\"dateModified\":\"2026-02-23T07:53:24+00:00\",\"breadcrumb\":{\"@id\":\"https:\\\/\\\/allstarfinland.fi\\\/p\\\/allstar-titaanikarkihylsy-kalvalle\\\/#breadcrumb\"},\"inLanguage\":\"en-US\",\"potentialAction\":[{\"@type\":\"ReadAction\",\"target\":[\"https:\\\/\\\/allstarfinland.fi\\\/p\\\/allstar-titaanikarkihylsy-kalvalle\\\/\"]}]},{\"@type\":\"ImageObject\",\"inLanguage\":\"en-US\",\"@id\":\"https:\\\/\\\/allstarfinland.fi\\\/p\\\/allstar-titaanikarkihylsy-kalvalle\\\/#primaryimage\",\"url\":\"https:\\\/\\\/allstarfinland.fi\\\/wp-content\\\/uploads\\\/2022\\\/08\\\/DSH-T_1.jpg\",\"contentUrl\":\"https:\\\/\\\/allstarfinland.fi\\\/wp-content\\\/uploads\\\/2022\\\/08\\\/DSH-T_1.jpg\",\"width\":1920,\"height\":1920},{\"@type\":\"BreadcrumbList\",\"@id\":\"https:\\\/\\\/allstarfinland.fi\\\/p\\\/allstar-titaanikarkihylsy-kalvalle\\\/#breadcrumb\",\"itemListElement\":[{\"@type\":\"ListItem\",\"position\":1,\"name\":\"Etusivu\",\"item\":\"https:\\\/\\\/allstarfinland.fi\\\/\"},{\"@type\":\"ListItem\",\"position\":2,\"name\":\"Etusivu\",\"item\":\"https:\\\/\\\/allstarfinland.fi\\\/\"},{\"@type\":\"ListItem\",\"position\":3,\"name\":\"ALLSTAR TITAANIK\u00c4RKIHYLSY KALVALLE\"}]},{\"@type\":\"WebSite\",\"@id\":\"https:\\\/\\\/allstarfinland.fi\\\/en\\\/#website\",\"url\":\"https:\\\/\\\/allstarfinland.fi\\\/en\\\/\",\"name\":\"Allstar Finland\",\"description\":\"Miekkailuv\u00e4lineiden verkkokauppa\",\"potentialAction\":[{\"@type\":\"SearchAction\",\"target\":{\"@type\":\"EntryPoint\",\"urlTemplate\":\"https:\\\/\\\/allstarfinland.fi\\\/en\\\/?s={search_term_string}\"},\"query-input\":{\"@type\":\"PropertyValueSpecification\",\"valueRequired\":true,\"valueName\":\"search_term_string\"}}],\"inLanguage\":\"en-US\"}]}<\/script>\n<!-- \/ Yoast SEO plugin. -->","yoast_head_json":{"title":"ALLSTAR TITAANIK\u00c4RKIHYLSY KALVALLE - Allstar Finland","robots":{"index":"index","follow":"follow","max-snippet":"max-snippet:-1","max-image-preview":"max-image-preview:large","max-video-preview":"max-video-preview:-1"},"canonical":"https:\/\/allstarfinland.fi\/en\/p\/allstar-titaanikarkihylsy-kalvalle\/","og_locale":"en_US","og_type":"article","og_title":"ALLSTAR TITAANIK\u00c4RKIHYLSY KALVALLE - Allstar Finland","og_description":"Titaanista valmistettu k\u00e4rkihylsy ei ole pelk\u00e4st\u00e4\u00e4n vahvempi vaan se on jopa 40 % kevyempi verrattuna vakiok\u00e4rkeen.","og_url":"https:\/\/allstarfinland.fi\/en\/p\/allstar-titaanikarkihylsy-kalvalle\/","og_site_name":"Allstar Finland","article_modified_time":"2026-02-23T07:53:24+00:00","og_image":[{"width":1920,"height":1920,"url":"https:\/\/allstarfinland.fi\/wp-content\/uploads\/2022\/08\/DSH-T_1.jpg","type":"image\/jpeg"}],"twitter_card":"summary_large_image","schema":{"@context":"https:\/\/schema.org","@graph":[{"@type":"WebPage","@id":"https:\/\/allstarfinland.fi\/p\/allstar-titaanikarkihylsy-kalvalle\/","url":"https:\/\/allstarfinland.fi\/p\/allstar-titaanikarkihylsy-kalvalle\/","name":"ALLSTAR TITAANIK\u00c4RKIHYLSY KALVALLE - Allstar Finland","isPartOf":{"@id":"https:\/\/allstarfinland.fi\/en\/#website"},"primaryImageOfPage":{"@id":"https:\/\/allstarfinland.fi\/p\/allstar-titaanikarkihylsy-kalvalle\/#primaryimage"},"image":{"@id":"https:\/\/allstarfinland.fi\/p\/allstar-titaanikarkihylsy-kalvalle\/#primaryimage"},"thumbnailUrl":"https:\/\/allstarfinland.fi\/wp-content\/uploads\/2022\/08\/DSH-T_1.jpg","datePublished":"2022-08-01T04:45:28+00:00","dateModified":"2026-02-23T07:53:24+00:00","breadcrumb":{"@id":"https:\/\/allstarfinland.fi\/p\/allstar-titaanikarkihylsy-kalvalle\/#breadcrumb"},"inLanguage":"en-US","potentialAction":[{"@type":"ReadAction","target":["https:\/\/allstarfinland.fi\/p\/allstar-titaanikarkihylsy-kalvalle\/"]}]},{"@type":"ImageObject","inLanguage":"en-US","@id":"https:\/\/allstarfinland.fi\/p\/allstar-titaanikarkihylsy-kalvalle\/#primaryimage","url":"https:\/\/allstarfinland.fi\/wp-content\/uploads\/2022\/08\/DSH-T_1.jpg","contentUrl":"https:\/\/allstarfinland.fi\/wp-content\/uploads\/2022\/08\/DSH-T_1.jpg","width":1920,"height":1920},{"@type":"BreadcrumbList","@id":"https:\/\/allstarfinland.fi\/p\/allstar-titaanikarkihylsy-kalvalle\/#breadcrumb","itemListElement":[{"@type":"ListItem","position":1,"name":"Etusivu","item":"https:\/\/allstarfinland.fi\/"},{"@type":"ListItem","position":2,"name":"Etusivu","item":"https:\/\/allstarfinland.fi\/"},{"@type":"ListItem","position":3,"name":"ALLSTAR TITAANIK\u00c4RKIHYLSY KALVALLE"}]},{"@type":"WebSite","@id":"https:\/\/allstarfinland.fi\/en\/#website","url":"https:\/\/allstarfinland.fi\/en\/","name":"Allstar Finland","description":"Miekkailuv\u00e4lineiden verkkokauppa","potentialAction":[{"@type":"SearchAction","target":{"@type":"EntryPoint","urlTemplate":"https:\/\/allstarfinland.fi\/en\/?s={search_term_string}"},"query-input":{"@type":"PropertyValueSpecification","valueRequired":true,"valueName":"search_term_string"}}],"inLanguage":"en-US"}]}},"jetpack_sharing_enabled":true,"_links":{"self":[{"href":"https:\/\/allstarfinland.fi\/en\/wp-json\/wp\/v2\/product\/5705","targetHints":{"allow":["GET"]}}],"collection":[{"href":"https:\/\/allstarfinland.fi\/en\/wp-json\/wp\/v2\/product"}],"about":[{"href":"https:\/\/allstarfinland.fi\/en\/wp-json\/wp\/v2\/types\/product"}],"wp:featuredmedia":[{"embeddable":true,"href":"https:\/\/allstarfinland.fi\/en\/wp-json\/wp\/v2\/media\/5706"}],"wp:attachment":[{"href":"https:\/\/allstarfinland.fi\/en\/wp-json\/wp\/v2\/media?parent=5705"}],"wp:term":[{"taxonomy":"product_brand","embeddable":true,"href":"https:\/\/allstarfinland.fi\/en\/wp-json\/wp\/v2\/product_brand?post=5705"},{"taxonomy":"product_cat","embeddable":true,"href":"https:\/\/allstarfinland.fi\/en\/wp-json\/wp\/v2\/product_cat?post=5705"},{"taxonomy":"product_tag","embeddable":true,"href":"https:\/\/allstarfinland.fi\/en\/wp-json\/wp\/v2\/product_tag?post=5705"}],"curies":[{"name":"wp","href":"https:\/\/api.w.org\/{rel}","templated":true}]}}