{"id":5566,"date":"2022-07-29T12:38:56","date_gmt":"2022-07-29T09:38:56","guid":{"rendered":"https:\/\/allstarfinland.fi\/tuote\/alcantex-pitkahihainen-valmentajan-takki-naisille\/"},"modified":"2024-09-16T14:53:46","modified_gmt":"2024-09-16T11:53:46","slug":"alcantex-pitkahihainen-valmentajan-takki-naisille","status":"publish","type":"product","link":"https:\/\/allstarfinland.fi\/en\/p\/alcantex-pitkahihainen-valmentajan-takki-naisille\/","title":{"rendered":"ALCANTEX COACH JACKET WITH 2 LONG SLEEVES WOMEN"},"content":{"rendered":"","protected":false},"excerpt":{"rendered":"<p>Long-sleeve coach jacket made of synthetic alcantex leather with back zip. A removable PE-foam padding is included.<\/p>","protected":false},"featured_media":5556,"template":"","meta":[],"product_brand":[],"product_cat":[128],"product_tag":[],"class_list":{"0":"post-5566","1":"product","2":"type-product","3":"status-publish","4":"has-post-thumbnail","6":"product_cat-valmentajille","7":"product_shipping_class-paketti","9":"first","10":"onbackorder","11":"taxable","12":"shipping-taxable","13":"purchasable","14":"product-type-variable"},"composite_virtual":false,"composite_layout":"","composite_add_to_cart_form_location":"","composite_editable_in_cart":false,"composite_sold_individually_context":"","composite_shop_price_calc":"","composite_components":[],"composite_scenarios":[],"supplier_id":null,"supplier_sku":"","atum_controlled":true,"out_stock_date":"2022-07-29 09:38:56","out_stock_threshold":null,"inheritable":true,"inbound_stock":0,"stock_on_hold":0,"sold_today":null,"sales_last_days":null,"reserved_stock":0,"customer_returns":0,"warehouse_damage":0,"lost_in_post":0,"other_logs":0,"out_stock_days":109,"lost_sales":null,"has_location":false,"update_date":"2025-12-28T09:18:01","atum_locations":[],"atum_stock_status":"onbackorder","restock_status":false,"low_stock_amount":"","sales_update_date":"2025-12-28T09:18:01","calc_backorders":0,"exclude_global_add_ons":[],"addons":[],"yoast_head":"<!-- This site is optimized with the Yoast SEO plugin v27.3 - https:\/\/yoast.com\/product\/yoast-seo-wordpress\/ -->\n<title>ALCANTEX PITK\u00c4HIHAINEN VALMENTAJAN TAKKI NAISILLE - Allstar Finland<\/title>\n<meta name=\"robots\" content=\"index, follow, max-snippet:-1, max-image-preview:large, max-video-preview:-1\" \/>\n<link rel=\"canonical\" href=\"https:\/\/allstarfinland.fi\/en\/p\/alcantex-pitkahihainen-valmentajan-takki-naisille\/\" \/>\n<meta property=\"og:locale\" content=\"en_US\" \/>\n<meta property=\"og:type\" content=\"article\" \/>\n<meta property=\"og:title\" content=\"ALCANTEX PITK\u00c4HIHAINEN VALMENTAJAN TAKKI NAISILLE - Allstar Finland\" \/>\n<meta property=\"og:description\" content=\"Synteettisesta Alcantex-nahasta valmistettu pitk\u00e4hihainen valmentajan takki selk\u00e4vetoketjulla naisille. Sis\u00e4lt\u00e4\u00e4 irrotettavan PE-vaahtopehmusteen.\" \/>\n<meta property=\"og:url\" content=\"https:\/\/allstarfinland.fi\/en\/p\/alcantex-pitkahihainen-valmentajan-takki-naisille\/\" \/>\n<meta property=\"og:site_name\" content=\"Allstar Finland\" \/>\n<meta property=\"article:modified_time\" content=\"2024-09-16T11:53:46+00:00\" \/>\n<meta property=\"og:image\" content=\"https:\/\/allstarfinland.fi\/wp-content\/uploads\/2022\/07\/LW2-D-L_1.jpg\" \/>\n\t<meta property=\"og:image:width\" content=\"1000\" \/>\n\t<meta property=\"og:image:height\" content=\"1000\" \/>\n\t<meta property=\"og:image:type\" content=\"image\/jpeg\" \/>\n<meta name=\"twitter:card\" content=\"summary_large_image\" \/>\n<script type=\"application\/ld+json\" class=\"yoast-schema-graph\">{\"@context\":\"https:\\\/\\\/schema.org\",\"@graph\":[{\"@type\":\"WebPage\",\"@id\":\"https:\\\/\\\/allstarfinland.fi\\\/p\\\/alcantex-pitkahihainen-valmentajan-takki-naisille\\\/\",\"url\":\"https:\\\/\\\/allstarfinland.fi\\\/p\\\/alcantex-pitkahihainen-valmentajan-takki-naisille\\\/\",\"name\":\"ALCANTEX PITK\u00c4HIHAINEN VALMENTAJAN TAKKI NAISILLE - Allstar Finland\",\"isPartOf\":{\"@id\":\"https:\\\/\\\/allstarfinland.fi\\\/en\\\/#website\"},\"primaryImageOfPage\":{\"@id\":\"https:\\\/\\\/allstarfinland.fi\\\/p\\\/alcantex-pitkahihainen-valmentajan-takki-naisille\\\/#primaryimage\"},\"image\":{\"@id\":\"https:\\\/\\\/allstarfinland.fi\\\/p\\\/alcantex-pitkahihainen-valmentajan-takki-naisille\\\/#primaryimage\"},\"thumbnailUrl\":\"https:\\\/\\\/allstarfinland.fi\\\/wp-content\\\/uploads\\\/2022\\\/07\\\/LW2-D-L_1.jpg\",\"datePublished\":\"2022-07-29T09:38:56+00:00\",\"dateModified\":\"2024-09-16T11:53:46+00:00\",\"breadcrumb\":{\"@id\":\"https:\\\/\\\/allstarfinland.fi\\\/p\\\/alcantex-pitkahihainen-valmentajan-takki-naisille\\\/#breadcrumb\"},\"inLanguage\":\"en-US\",\"potentialAction\":[{\"@type\":\"ReadAction\",\"target\":[\"https:\\\/\\\/allstarfinland.fi\\\/p\\\/alcantex-pitkahihainen-valmentajan-takki-naisille\\\/\"]}]},{\"@type\":\"ImageObject\",\"inLanguage\":\"en-US\",\"@id\":\"https:\\\/\\\/allstarfinland.fi\\\/p\\\/alcantex-pitkahihainen-valmentajan-takki-naisille\\\/#primaryimage\",\"url\":\"https:\\\/\\\/allstarfinland.fi\\\/wp-content\\\/uploads\\\/2022\\\/07\\\/LW2-D-L_1.jpg\",\"contentUrl\":\"https:\\\/\\\/allstarfinland.fi\\\/wp-content\\\/uploads\\\/2022\\\/07\\\/LW2-D-L_1.jpg\",\"width\":1000,\"height\":1000},{\"@type\":\"BreadcrumbList\",\"@id\":\"https:\\\/\\\/allstarfinland.fi\\\/p\\\/alcantex-pitkahihainen-valmentajan-takki-naisille\\\/#breadcrumb\",\"itemListElement\":[{\"@type\":\"ListItem\",\"position\":1,\"name\":\"Etusivu\",\"item\":\"https:\\\/\\\/allstarfinland.fi\\\/\"},{\"@type\":\"ListItem\",\"position\":2,\"name\":\"Etusivu\",\"item\":\"https:\\\/\\\/allstarfinland.fi\\\/\"},{\"@type\":\"ListItem\",\"position\":3,\"name\":\"ALCANTEX PITK\u00c4HIHAINEN VALMENTAJAN TAKKI NAISILLE\"}]},{\"@type\":\"WebSite\",\"@id\":\"https:\\\/\\\/allstarfinland.fi\\\/en\\\/#website\",\"url\":\"https:\\\/\\\/allstarfinland.fi\\\/en\\\/\",\"name\":\"Allstar Finland\",\"description\":\"Miekkailuv\u00e4lineiden verkkokauppa\",\"potentialAction\":[{\"@type\":\"SearchAction\",\"target\":{\"@type\":\"EntryPoint\",\"urlTemplate\":\"https:\\\/\\\/allstarfinland.fi\\\/en\\\/?s={search_term_string}\"},\"query-input\":{\"@type\":\"PropertyValueSpecification\",\"valueRequired\":true,\"valueName\":\"search_term_string\"}}],\"inLanguage\":\"en-US\"}]}<\/script>\n<!-- \/ Yoast SEO plugin. -->","yoast_head_json":{"title":"ALCANTEX PITK\u00c4HIHAINEN VALMENTAJAN TAKKI NAISILLE - Allstar Finland","robots":{"index":"index","follow":"follow","max-snippet":"max-snippet:-1","max-image-preview":"max-image-preview:large","max-video-preview":"max-video-preview:-1"},"canonical":"https:\/\/allstarfinland.fi\/en\/p\/alcantex-pitkahihainen-valmentajan-takki-naisille\/","og_locale":"en_US","og_type":"article","og_title":"ALCANTEX PITK\u00c4HIHAINEN VALMENTAJAN TAKKI NAISILLE - Allstar Finland","og_description":"Synteettisesta Alcantex-nahasta valmistettu pitk\u00e4hihainen valmentajan takki selk\u00e4vetoketjulla naisille. Sis\u00e4lt\u00e4\u00e4 irrotettavan PE-vaahtopehmusteen.","og_url":"https:\/\/allstarfinland.fi\/en\/p\/alcantex-pitkahihainen-valmentajan-takki-naisille\/","og_site_name":"Allstar Finland","article_modified_time":"2024-09-16T11:53:46+00:00","og_image":[{"width":1000,"height":1000,"url":"https:\/\/allstarfinland.fi\/wp-content\/uploads\/2022\/07\/LW2-D-L_1.jpg","type":"image\/jpeg"}],"twitter_card":"summary_large_image","schema":{"@context":"https:\/\/schema.org","@graph":[{"@type":"WebPage","@id":"https:\/\/allstarfinland.fi\/p\/alcantex-pitkahihainen-valmentajan-takki-naisille\/","url":"https:\/\/allstarfinland.fi\/p\/alcantex-pitkahihainen-valmentajan-takki-naisille\/","name":"ALCANTEX PITK\u00c4HIHAINEN VALMENTAJAN TAKKI NAISILLE - Allstar Finland","isPartOf":{"@id":"https:\/\/allstarfinland.fi\/en\/#website"},"primaryImageOfPage":{"@id":"https:\/\/allstarfinland.fi\/p\/alcantex-pitkahihainen-valmentajan-takki-naisille\/#primaryimage"},"image":{"@id":"https:\/\/allstarfinland.fi\/p\/alcantex-pitkahihainen-valmentajan-takki-naisille\/#primaryimage"},"thumbnailUrl":"https:\/\/allstarfinland.fi\/wp-content\/uploads\/2022\/07\/LW2-D-L_1.jpg","datePublished":"2022-07-29T09:38:56+00:00","dateModified":"2024-09-16T11:53:46+00:00","breadcrumb":{"@id":"https:\/\/allstarfinland.fi\/p\/alcantex-pitkahihainen-valmentajan-takki-naisille\/#breadcrumb"},"inLanguage":"en-US","potentialAction":[{"@type":"ReadAction","target":["https:\/\/allstarfinland.fi\/p\/alcantex-pitkahihainen-valmentajan-takki-naisille\/"]}]},{"@type":"ImageObject","inLanguage":"en-US","@id":"https:\/\/allstarfinland.fi\/p\/alcantex-pitkahihainen-valmentajan-takki-naisille\/#primaryimage","url":"https:\/\/allstarfinland.fi\/wp-content\/uploads\/2022\/07\/LW2-D-L_1.jpg","contentUrl":"https:\/\/allstarfinland.fi\/wp-content\/uploads\/2022\/07\/LW2-D-L_1.jpg","width":1000,"height":1000},{"@type":"BreadcrumbList","@id":"https:\/\/allstarfinland.fi\/p\/alcantex-pitkahihainen-valmentajan-takki-naisille\/#breadcrumb","itemListElement":[{"@type":"ListItem","position":1,"name":"Etusivu","item":"https:\/\/allstarfinland.fi\/"},{"@type":"ListItem","position":2,"name":"Etusivu","item":"https:\/\/allstarfinland.fi\/"},{"@type":"ListItem","position":3,"name":"ALCANTEX PITK\u00c4HIHAINEN VALMENTAJAN TAKKI NAISILLE"}]},{"@type":"WebSite","@id":"https:\/\/allstarfinland.fi\/en\/#website","url":"https:\/\/allstarfinland.fi\/en\/","name":"Allstar Finland","description":"Miekkailuv\u00e4lineiden verkkokauppa","potentialAction":[{"@type":"SearchAction","target":{"@type":"EntryPoint","urlTemplate":"https:\/\/allstarfinland.fi\/en\/?s={search_term_string}"},"query-input":{"@type":"PropertyValueSpecification","valueRequired":true,"valueName":"search_term_string"}}],"inLanguage":"en-US"}]}},"jetpack_sharing_enabled":true,"_links":{"self":[{"href":"https:\/\/allstarfinland.fi\/en\/wp-json\/wp\/v2\/product\/5566","targetHints":{"allow":["GET"]}}],"collection":[{"href":"https:\/\/allstarfinland.fi\/en\/wp-json\/wp\/v2\/product"}],"about":[{"href":"https:\/\/allstarfinland.fi\/en\/wp-json\/wp\/v2\/types\/product"}],"wp:featuredmedia":[{"embeddable":true,"href":"https:\/\/allstarfinland.fi\/en\/wp-json\/wp\/v2\/media\/5556"}],"wp:attachment":[{"href":"https:\/\/allstarfinland.fi\/en\/wp-json\/wp\/v2\/media?parent=5566"}],"wp:term":[{"taxonomy":"product_brand","embeddable":true,"href":"https:\/\/allstarfinland.fi\/en\/wp-json\/wp\/v2\/product_brand?post=5566"},{"taxonomy":"product_cat","embeddable":true,"href":"https:\/\/allstarfinland.fi\/en\/wp-json\/wp\/v2\/product_cat?post=5566"},{"taxonomy":"product_tag","embeddable":true,"href":"https:\/\/allstarfinland.fi\/en\/wp-json\/wp\/v2\/product_tag?post=5566"}],"curies":[{"name":"wp","href":"https:\/\/api.w.org\/{rel}","templated":true}]}}