{"id":5392,"date":"2022-07-28T14:05:12","date_gmt":"2022-07-28T11:05:12","guid":{"rendered":"https:\/\/allstarfinland.fi\/?post_type=product&#038;p=5392"},"modified":"2024-09-16T14:44:32","modified_gmt":"2024-09-16T11:44:32","slug":"alcantex-valmentajan-jalkaterasuoja","status":"publish","type":"product","link":"https:\/\/allstarfinland.fi\/en\/p\/alcantex-valmentajan-jalkaterasuoja\/","title":{"rendered":"ALCANTEX COACH FOOT PROTECTOR"},"content":{"rendered":"","protected":false},"excerpt":{"rendered":"<p>Foot protector for coach. Made of synthetic alcantex-leather. Washable. One size.<\/p>","protected":false},"featured_media":2308,"template":"","meta":[],"product_brand":[],"product_cat":[128],"product_tag":[],"class_list":{"0":"post-5392","1":"product","2":"type-product","3":"status-publish","4":"has-post-thumbnail","6":"product_cat-valmentajille","7":"product_shipping_class-paketti","9":"first","10":"onbackorder","11":"taxable","12":"shipping-taxable","13":"purchasable","14":"product-type-simple"},"composite_virtual":false,"composite_layout":"","composite_add_to_cart_form_location":"","composite_editable_in_cart":false,"composite_sold_individually_context":"","composite_shop_price_calc":"","composite_components":[],"composite_scenarios":[],"supplier_id":1366,"supplier_sku":"MS","atum_controlled":true,"out_stock_date":"2024-03-31 07:18:43","out_stock_threshold":null,"inheritable":false,"inbound_stock":0,"stock_on_hold":0,"sold_today":0,"sales_last_days":0,"reserved_stock":0,"customer_returns":0,"warehouse_damage":0,"lost_in_post":0,"other_logs":0,"out_stock_days":637,"lost_sales":0,"has_location":false,"update_date":"2025-12-28T09:18:44","atum_locations":[],"atum_stock_status":"onbackorder","restock_status":false,"low_stock_amount":"","sales_update_date":"2025-12-28T09:18:44","calc_backorders":0,"exclude_global_add_ons":[],"addons":[],"yoast_head":"<!-- This site is optimized with the Yoast SEO plugin v27.3 - https:\/\/yoast.com\/product\/yoast-seo-wordpress\/ -->\n<title>ALCANTEX VALMENTAJAN JALKATER\u00c4SUOJA - Allstar Finland<\/title>\n<meta name=\"robots\" content=\"index, follow, max-snippet:-1, max-image-preview:large, max-video-preview:-1\" \/>\n<link rel=\"canonical\" href=\"https:\/\/allstarfinland.fi\/en\/p\/alcantex-valmentajan-jalkaterasuoja\/\" \/>\n<meta property=\"og:locale\" content=\"en_US\" \/>\n<meta property=\"og:type\" content=\"article\" \/>\n<meta property=\"og:title\" content=\"ALCANTEX VALMENTAJAN JALKATER\u00c4SUOJA - Allstar Finland\" \/>\n<meta property=\"og:description\" content=\"Synteettisest\u00e4 alcantex-nahasta valmistettu valmentajan jalkater\u00e4suoja. Yksi koko.\" \/>\n<meta property=\"og:url\" content=\"https:\/\/allstarfinland.fi\/en\/p\/alcantex-valmentajan-jalkaterasuoja\/\" \/>\n<meta property=\"og:site_name\" content=\"Allstar Finland\" \/>\n<meta property=\"article:modified_time\" content=\"2024-09-16T11:44:32+00:00\" \/>\n<meta property=\"og:image\" content=\"https:\/\/allstarfinland.fi\/wp-content\/uploads\/2022\/07\/MS_1.jpg\" \/>\n\t<meta property=\"og:image:width\" content=\"1000\" \/>\n\t<meta property=\"og:image:height\" content=\"1000\" \/>\n\t<meta property=\"og:image:type\" content=\"image\/jpeg\" \/>\n<meta name=\"twitter:card\" content=\"summary_large_image\" \/>\n<meta name=\"twitter:label1\" content=\"Est. reading time\" \/>\n\t<meta name=\"twitter:data1\" content=\"1 minute\" \/>\n<script type=\"application\/ld+json\" class=\"yoast-schema-graph\">{\"@context\":\"https:\\\/\\\/schema.org\",\"@graph\":[{\"@type\":\"WebPage\",\"@id\":\"https:\\\/\\\/allstarfinland.fi\\\/p\\\/alcantex-valmentajan-jalkaterasuoja\\\/\",\"url\":\"https:\\\/\\\/allstarfinland.fi\\\/p\\\/alcantex-valmentajan-jalkaterasuoja\\\/\",\"name\":\"ALCANTEX VALMENTAJAN JALKATER\u00c4SUOJA - Allstar Finland\",\"isPartOf\":{\"@id\":\"https:\\\/\\\/allstarfinland.fi\\\/en\\\/#website\"},\"primaryImageOfPage\":{\"@id\":\"https:\\\/\\\/allstarfinland.fi\\\/p\\\/alcantex-valmentajan-jalkaterasuoja\\\/#primaryimage\"},\"image\":{\"@id\":\"https:\\\/\\\/allstarfinland.fi\\\/p\\\/alcantex-valmentajan-jalkaterasuoja\\\/#primaryimage\"},\"thumbnailUrl\":\"https:\\\/\\\/allstarfinland.fi\\\/wp-content\\\/uploads\\\/2022\\\/07\\\/MS_1.jpg\",\"datePublished\":\"2022-07-28T11:05:12+00:00\",\"dateModified\":\"2024-09-16T11:44:32+00:00\",\"breadcrumb\":{\"@id\":\"https:\\\/\\\/allstarfinland.fi\\\/p\\\/alcantex-valmentajan-jalkaterasuoja\\\/#breadcrumb\"},\"inLanguage\":\"en-US\",\"potentialAction\":[{\"@type\":\"ReadAction\",\"target\":[\"https:\\\/\\\/allstarfinland.fi\\\/p\\\/alcantex-valmentajan-jalkaterasuoja\\\/\"]}]},{\"@type\":\"ImageObject\",\"inLanguage\":\"en-US\",\"@id\":\"https:\\\/\\\/allstarfinland.fi\\\/p\\\/alcantex-valmentajan-jalkaterasuoja\\\/#primaryimage\",\"url\":\"https:\\\/\\\/allstarfinland.fi\\\/wp-content\\\/uploads\\\/2022\\\/07\\\/MS_1.jpg\",\"contentUrl\":\"https:\\\/\\\/allstarfinland.fi\\\/wp-content\\\/uploads\\\/2022\\\/07\\\/MS_1.jpg\",\"width\":1000,\"height\":1000},{\"@type\":\"BreadcrumbList\",\"@id\":\"https:\\\/\\\/allstarfinland.fi\\\/p\\\/alcantex-valmentajan-jalkaterasuoja\\\/#breadcrumb\",\"itemListElement\":[{\"@type\":\"ListItem\",\"position\":1,\"name\":\"Etusivu\",\"item\":\"https:\\\/\\\/allstarfinland.fi\\\/\"},{\"@type\":\"ListItem\",\"position\":2,\"name\":\"Etusivu\",\"item\":\"https:\\\/\\\/allstarfinland.fi\\\/\"},{\"@type\":\"ListItem\",\"position\":3,\"name\":\"ALCANTEX VALMENTAJAN JALKATER\u00c4SUOJA\"}]},{\"@type\":\"WebSite\",\"@id\":\"https:\\\/\\\/allstarfinland.fi\\\/en\\\/#website\",\"url\":\"https:\\\/\\\/allstarfinland.fi\\\/en\\\/\",\"name\":\"Allstar Finland\",\"description\":\"Miekkailuv\u00e4lineiden verkkokauppa\",\"potentialAction\":[{\"@type\":\"SearchAction\",\"target\":{\"@type\":\"EntryPoint\",\"urlTemplate\":\"https:\\\/\\\/allstarfinland.fi\\\/en\\\/?s={search_term_string}\"},\"query-input\":{\"@type\":\"PropertyValueSpecification\",\"valueRequired\":true,\"valueName\":\"search_term_string\"}}],\"inLanguage\":\"en-US\"}]}<\/script>\n<!-- \/ Yoast SEO plugin. -->","yoast_head_json":{"title":"ALCANTEX VALMENTAJAN JALKATER\u00c4SUOJA - Allstar Finland","robots":{"index":"index","follow":"follow","max-snippet":"max-snippet:-1","max-image-preview":"max-image-preview:large","max-video-preview":"max-video-preview:-1"},"canonical":"https:\/\/allstarfinland.fi\/en\/p\/alcantex-valmentajan-jalkaterasuoja\/","og_locale":"en_US","og_type":"article","og_title":"ALCANTEX VALMENTAJAN JALKATER\u00c4SUOJA - Allstar Finland","og_description":"Synteettisest\u00e4 alcantex-nahasta valmistettu valmentajan jalkater\u00e4suoja. Yksi koko.","og_url":"https:\/\/allstarfinland.fi\/en\/p\/alcantex-valmentajan-jalkaterasuoja\/","og_site_name":"Allstar Finland","article_modified_time":"2024-09-16T11:44:32+00:00","og_image":[{"width":1000,"height":1000,"url":"https:\/\/allstarfinland.fi\/wp-content\/uploads\/2022\/07\/MS_1.jpg","type":"image\/jpeg"}],"twitter_card":"summary_large_image","twitter_misc":{"Est. reading time":"1 minute"},"schema":{"@context":"https:\/\/schema.org","@graph":[{"@type":"WebPage","@id":"https:\/\/allstarfinland.fi\/p\/alcantex-valmentajan-jalkaterasuoja\/","url":"https:\/\/allstarfinland.fi\/p\/alcantex-valmentajan-jalkaterasuoja\/","name":"ALCANTEX VALMENTAJAN JALKATER\u00c4SUOJA - Allstar Finland","isPartOf":{"@id":"https:\/\/allstarfinland.fi\/en\/#website"},"primaryImageOfPage":{"@id":"https:\/\/allstarfinland.fi\/p\/alcantex-valmentajan-jalkaterasuoja\/#primaryimage"},"image":{"@id":"https:\/\/allstarfinland.fi\/p\/alcantex-valmentajan-jalkaterasuoja\/#primaryimage"},"thumbnailUrl":"https:\/\/allstarfinland.fi\/wp-content\/uploads\/2022\/07\/MS_1.jpg","datePublished":"2022-07-28T11:05:12+00:00","dateModified":"2024-09-16T11:44:32+00:00","breadcrumb":{"@id":"https:\/\/allstarfinland.fi\/p\/alcantex-valmentajan-jalkaterasuoja\/#breadcrumb"},"inLanguage":"en-US","potentialAction":[{"@type":"ReadAction","target":["https:\/\/allstarfinland.fi\/p\/alcantex-valmentajan-jalkaterasuoja\/"]}]},{"@type":"ImageObject","inLanguage":"en-US","@id":"https:\/\/allstarfinland.fi\/p\/alcantex-valmentajan-jalkaterasuoja\/#primaryimage","url":"https:\/\/allstarfinland.fi\/wp-content\/uploads\/2022\/07\/MS_1.jpg","contentUrl":"https:\/\/allstarfinland.fi\/wp-content\/uploads\/2022\/07\/MS_1.jpg","width":1000,"height":1000},{"@type":"BreadcrumbList","@id":"https:\/\/allstarfinland.fi\/p\/alcantex-valmentajan-jalkaterasuoja\/#breadcrumb","itemListElement":[{"@type":"ListItem","position":1,"name":"Etusivu","item":"https:\/\/allstarfinland.fi\/"},{"@type":"ListItem","position":2,"name":"Etusivu","item":"https:\/\/allstarfinland.fi\/"},{"@type":"ListItem","position":3,"name":"ALCANTEX VALMENTAJAN JALKATER\u00c4SUOJA"}]},{"@type":"WebSite","@id":"https:\/\/allstarfinland.fi\/en\/#website","url":"https:\/\/allstarfinland.fi\/en\/","name":"Allstar Finland","description":"Miekkailuv\u00e4lineiden verkkokauppa","potentialAction":[{"@type":"SearchAction","target":{"@type":"EntryPoint","urlTemplate":"https:\/\/allstarfinland.fi\/en\/?s={search_term_string}"},"query-input":{"@type":"PropertyValueSpecification","valueRequired":true,"valueName":"search_term_string"}}],"inLanguage":"en-US"}]}},"jetpack_sharing_enabled":true,"_links":{"self":[{"href":"https:\/\/allstarfinland.fi\/en\/wp-json\/wp\/v2\/product\/5392","targetHints":{"allow":["GET"]}}],"collection":[{"href":"https:\/\/allstarfinland.fi\/en\/wp-json\/wp\/v2\/product"}],"about":[{"href":"https:\/\/allstarfinland.fi\/en\/wp-json\/wp\/v2\/types\/product"}],"wp:featuredmedia":[{"embeddable":true,"href":"https:\/\/allstarfinland.fi\/en\/wp-json\/wp\/v2\/media\/2308"}],"wp:attachment":[{"href":"https:\/\/allstarfinland.fi\/en\/wp-json\/wp\/v2\/media?parent=5392"}],"wp:term":[{"taxonomy":"product_brand","embeddable":true,"href":"https:\/\/allstarfinland.fi\/en\/wp-json\/wp\/v2\/product_brand?post=5392"},{"taxonomy":"product_cat","embeddable":true,"href":"https:\/\/allstarfinland.fi\/en\/wp-json\/wp\/v2\/product_cat?post=5392"},{"taxonomy":"product_tag","embeddable":true,"href":"https:\/\/allstarfinland.fi\/en\/wp-json\/wp\/v2\/product_tag?post=5392"}],"curies":[{"name":"wp","href":"https:\/\/api.w.org\/{rel}","templated":true}]}}