{"id":5344,"date":"2022-07-27T14:13:54","date_gmt":"2022-07-27T11:13:54","guid":{"rendered":"https:\/\/allstarfinland.fi\/?post_type=product&#038;p=5344"},"modified":"2025-02-13T13:07:52","modified_gmt":"2025-02-13T11:07:52","slug":"modern-pentathlon-rullalaukku","status":"publish","type":"product","link":"https:\/\/allstarfinland.fi\/en\/p\/modern-pentathlon-rullalaukku\/","title":{"rendered":"MODERN PENTATHLON ROLLBAG"},"content":{"rendered":"","protected":false},"excerpt":{"rendered":"<p>The allstar rollbag Pentathlon is an extended version of our fencing bag Jumbo. It was specifically developed for Modern Pentathlon: It is extra spacious and has an additional pistol bag.<\/p>\n<p>Verkkokaupassa on myynniss\u00e4 aina muodissa oleva musta laukku. Tilauksesta laukkuja on saatavilla my\u00f6s muissa v\u00e4reiss\u00e4 (punainen, sininen). Laita meille viesti\u00e4, jos muut v\u00e4rit sopivat paremmin tyyliisi.<\/p>\n<p><strong>Measures:<\/strong><\/p>\n<p>Rollbag without top bag:<\/p>\n<ul>\n<li>Length: 115 cm<\/li>\n<li>Width: 38 cm<\/li>\n<li>Height: 40 cm<\/li>\n<li>Weight: 7,0 kg<\/li>\n<\/ul>","protected":false},"featured_media":21145,"template":"","meta":[],"product_brand":[],"product_cat":[129],"product_tag":[],"class_list":{"0":"post-5344","1":"product","2":"type-product","3":"status-publish","4":"has-post-thumbnail","6":"product_cat-laukut","7":"product_shipping_class-paketti","9":"first","10":"onbackorder","11":"taxable","12":"shipping-taxable","13":"purchasable","14":"product-type-simple"},"composite_virtual":false,"composite_layout":"","composite_add_to_cart_form_location":"","composite_editable_in_cart":false,"composite_sold_individually_context":"","composite_shop_price_calc":"","composite_components":[],"composite_scenarios":[],"supplier_id":1366,"supplier_sku":"RB-PENT\/SW","atum_controlled":true,"out_stock_date":"2022-07-27 11:13:54","out_stock_threshold":null,"inheritable":false,"inbound_stock":0,"stock_on_hold":0,"sold_today":0,"sales_last_days":0,"reserved_stock":0,"customer_returns":0,"warehouse_damage":0,"lost_in_post":0,"other_logs":0,"out_stock_days":1249,"lost_sales":0,"has_location":false,"update_date":"2025-12-28T09:18:56","atum_locations":[],"atum_stock_status":"onbackorder","restock_status":false,"low_stock_amount":"","sales_update_date":"2025-12-28T09:18:56","calc_backorders":0,"exclude_global_add_ons":[],"addons":[],"yoast_head":"<!-- This site is optimized with the Yoast SEO plugin v27.4 - https:\/\/yoast.com\/product\/yoast-seo-wordpress\/ -->\n<title>MODERN PENTATHLON RULLALAUKKU - Allstar Finland<\/title>\n<meta name=\"description\" content=\"Tilava laukku nykyaikaiseen 5-otteluun. Mukana erillinen pistoolilaukku.\" \/>\n<meta name=\"robots\" content=\"index, follow, max-snippet:-1, max-image-preview:large, max-video-preview:-1\" \/>\n<link rel=\"canonical\" href=\"https:\/\/allstarfinland.fi\/en\/p\/modern-pentathlon-rullalaukku\/\" \/>\n<meta property=\"og:locale\" content=\"en_US\" \/>\n<meta property=\"og:type\" content=\"article\" \/>\n<meta property=\"og:title\" content=\"MODERN PENTATHLON RULLALAUKKU - Allstar Finland\" \/>\n<meta property=\"og:description\" content=\"Tilava laukku nykyaikaiseen 5-otteluun. Mukana erillinen pistoolilaukku.\" \/>\n<meta property=\"og:url\" content=\"https:\/\/allstarfinland.fi\/en\/p\/modern-pentathlon-rullalaukku\/\" \/>\n<meta property=\"og:site_name\" content=\"Allstar Finland\" \/>\n<meta property=\"article:modified_time\" content=\"2025-02-13T11:07:52+00:00\" \/>\n<meta property=\"og:image\" content=\"https:\/\/allstarfinland.fi\/wp-content\/uploads\/2022\/07\/RB-PENT-SW_1920x1920.jpg\" \/>\n\t<meta property=\"og:image:width\" content=\"1100\" \/>\n\t<meta property=\"og:image:height\" content=\"1100\" \/>\n\t<meta property=\"og:image:type\" content=\"image\/jpeg\" \/>\n<meta name=\"twitter:card\" content=\"summary_large_image\" \/>\n<meta name=\"twitter:label1\" content=\"Est. reading time\" \/>\n\t<meta name=\"twitter:data1\" content=\"1 minute\" \/>\n<script type=\"application\/ld+json\" class=\"yoast-schema-graph\">{\"@context\":\"https:\\\/\\\/schema.org\",\"@graph\":[{\"@type\":\"WebPage\",\"@id\":\"https:\\\/\\\/allstarfinland.fi\\\/p\\\/modern-pentathlon-rullalaukku\\\/\",\"url\":\"https:\\\/\\\/allstarfinland.fi\\\/p\\\/modern-pentathlon-rullalaukku\\\/\",\"name\":\"MODERN PENTATHLON RULLALAUKKU - Allstar Finland\",\"isPartOf\":{\"@id\":\"https:\\\/\\\/allstarfinland.fi\\\/en\\\/#website\"},\"primaryImageOfPage\":{\"@id\":\"https:\\\/\\\/allstarfinland.fi\\\/p\\\/modern-pentathlon-rullalaukku\\\/#primaryimage\"},\"image\":{\"@id\":\"https:\\\/\\\/allstarfinland.fi\\\/p\\\/modern-pentathlon-rullalaukku\\\/#primaryimage\"},\"thumbnailUrl\":\"https:\\\/\\\/allstarfinland.fi\\\/wp-content\\\/uploads\\\/2022\\\/07\\\/RB-PENT-SW_1920x1920.jpg\",\"datePublished\":\"2022-07-27T11:13:54+00:00\",\"dateModified\":\"2025-02-13T11:07:52+00:00\",\"description\":\"Tilava laukku nykyaikaiseen 5-otteluun. Mukana erillinen pistoolilaukku.\",\"breadcrumb\":{\"@id\":\"https:\\\/\\\/allstarfinland.fi\\\/p\\\/modern-pentathlon-rullalaukku\\\/#breadcrumb\"},\"inLanguage\":\"en-US\",\"potentialAction\":[{\"@type\":\"ReadAction\",\"target\":[\"https:\\\/\\\/allstarfinland.fi\\\/p\\\/modern-pentathlon-rullalaukku\\\/\"]}]},{\"@type\":\"ImageObject\",\"inLanguage\":\"en-US\",\"@id\":\"https:\\\/\\\/allstarfinland.fi\\\/p\\\/modern-pentathlon-rullalaukku\\\/#primaryimage\",\"url\":\"https:\\\/\\\/allstarfinland.fi\\\/wp-content\\\/uploads\\\/2022\\\/07\\\/RB-PENT-SW_1920x1920.jpg\",\"contentUrl\":\"https:\\\/\\\/allstarfinland.fi\\\/wp-content\\\/uploads\\\/2022\\\/07\\\/RB-PENT-SW_1920x1920.jpg\",\"width\":1100,\"height\":1100},{\"@type\":\"BreadcrumbList\",\"@id\":\"https:\\\/\\\/allstarfinland.fi\\\/p\\\/modern-pentathlon-rullalaukku\\\/#breadcrumb\",\"itemListElement\":[{\"@type\":\"ListItem\",\"position\":1,\"name\":\"Etusivu\",\"item\":\"https:\\\/\\\/allstarfinland.fi\\\/\"},{\"@type\":\"ListItem\",\"position\":2,\"name\":\"Etusivu\",\"item\":\"https:\\\/\\\/allstarfinland.fi\\\/\"},{\"@type\":\"ListItem\",\"position\":3,\"name\":\"MODERN PENTATHLON RULLALAUKKU\"}]},{\"@type\":\"WebSite\",\"@id\":\"https:\\\/\\\/allstarfinland.fi\\\/en\\\/#website\",\"url\":\"https:\\\/\\\/allstarfinland.fi\\\/en\\\/\",\"name\":\"Allstar Finland\",\"description\":\"Miekkailuv\u00e4lineiden verkkokauppa\",\"potentialAction\":[{\"@type\":\"SearchAction\",\"target\":{\"@type\":\"EntryPoint\",\"urlTemplate\":\"https:\\\/\\\/allstarfinland.fi\\\/en\\\/?s={search_term_string}\"},\"query-input\":{\"@type\":\"PropertyValueSpecification\",\"valueRequired\":true,\"valueName\":\"search_term_string\"}}],\"inLanguage\":\"en-US\"}]}<\/script>\n<!-- \/ Yoast SEO plugin. -->","yoast_head_json":{"title":"MODERN PENTATHLON RULLALAUKKU - Allstar Finland","description":"Tilava laukku nykyaikaiseen 5-otteluun. Mukana erillinen pistoolilaukku.","robots":{"index":"index","follow":"follow","max-snippet":"max-snippet:-1","max-image-preview":"max-image-preview:large","max-video-preview":"max-video-preview:-1"},"canonical":"https:\/\/allstarfinland.fi\/en\/p\/modern-pentathlon-rullalaukku\/","og_locale":"en_US","og_type":"article","og_title":"MODERN PENTATHLON RULLALAUKKU - Allstar Finland","og_description":"Tilava laukku nykyaikaiseen 5-otteluun. Mukana erillinen pistoolilaukku.","og_url":"https:\/\/allstarfinland.fi\/en\/p\/modern-pentathlon-rullalaukku\/","og_site_name":"Allstar Finland","article_modified_time":"2025-02-13T11:07:52+00:00","og_image":[{"width":1100,"height":1100,"url":"https:\/\/allstarfinland.fi\/wp-content\/uploads\/2022\/07\/RB-PENT-SW_1920x1920.jpg","type":"image\/jpeg"}],"twitter_card":"summary_large_image","twitter_misc":{"Est. reading time":"1 minute"},"schema":{"@context":"https:\/\/schema.org","@graph":[{"@type":"WebPage","@id":"https:\/\/allstarfinland.fi\/p\/modern-pentathlon-rullalaukku\/","url":"https:\/\/allstarfinland.fi\/p\/modern-pentathlon-rullalaukku\/","name":"MODERN PENTATHLON RULLALAUKKU - Allstar Finland","isPartOf":{"@id":"https:\/\/allstarfinland.fi\/en\/#website"},"primaryImageOfPage":{"@id":"https:\/\/allstarfinland.fi\/p\/modern-pentathlon-rullalaukku\/#primaryimage"},"image":{"@id":"https:\/\/allstarfinland.fi\/p\/modern-pentathlon-rullalaukku\/#primaryimage"},"thumbnailUrl":"https:\/\/allstarfinland.fi\/wp-content\/uploads\/2022\/07\/RB-PENT-SW_1920x1920.jpg","datePublished":"2022-07-27T11:13:54+00:00","dateModified":"2025-02-13T11:07:52+00:00","description":"Tilava laukku nykyaikaiseen 5-otteluun. Mukana erillinen pistoolilaukku.","breadcrumb":{"@id":"https:\/\/allstarfinland.fi\/p\/modern-pentathlon-rullalaukku\/#breadcrumb"},"inLanguage":"en-US","potentialAction":[{"@type":"ReadAction","target":["https:\/\/allstarfinland.fi\/p\/modern-pentathlon-rullalaukku\/"]}]},{"@type":"ImageObject","inLanguage":"en-US","@id":"https:\/\/allstarfinland.fi\/p\/modern-pentathlon-rullalaukku\/#primaryimage","url":"https:\/\/allstarfinland.fi\/wp-content\/uploads\/2022\/07\/RB-PENT-SW_1920x1920.jpg","contentUrl":"https:\/\/allstarfinland.fi\/wp-content\/uploads\/2022\/07\/RB-PENT-SW_1920x1920.jpg","width":1100,"height":1100},{"@type":"BreadcrumbList","@id":"https:\/\/allstarfinland.fi\/p\/modern-pentathlon-rullalaukku\/#breadcrumb","itemListElement":[{"@type":"ListItem","position":1,"name":"Etusivu","item":"https:\/\/allstarfinland.fi\/"},{"@type":"ListItem","position":2,"name":"Etusivu","item":"https:\/\/allstarfinland.fi\/"},{"@type":"ListItem","position":3,"name":"MODERN PENTATHLON RULLALAUKKU"}]},{"@type":"WebSite","@id":"https:\/\/allstarfinland.fi\/en\/#website","url":"https:\/\/allstarfinland.fi\/en\/","name":"Allstar Finland","description":"Miekkailuv\u00e4lineiden verkkokauppa","potentialAction":[{"@type":"SearchAction","target":{"@type":"EntryPoint","urlTemplate":"https:\/\/allstarfinland.fi\/en\/?s={search_term_string}"},"query-input":{"@type":"PropertyValueSpecification","valueRequired":true,"valueName":"search_term_string"}}],"inLanguage":"en-US"}]}},"jetpack_sharing_enabled":true,"_links":{"self":[{"href":"https:\/\/allstarfinland.fi\/en\/wp-json\/wp\/v2\/product\/5344","targetHints":{"allow":["GET"]}}],"collection":[{"href":"https:\/\/allstarfinland.fi\/en\/wp-json\/wp\/v2\/product"}],"about":[{"href":"https:\/\/allstarfinland.fi\/en\/wp-json\/wp\/v2\/types\/product"}],"wp:featuredmedia":[{"embeddable":true,"href":"https:\/\/allstarfinland.fi\/en\/wp-json\/wp\/v2\/media\/21145"}],"wp:attachment":[{"href":"https:\/\/allstarfinland.fi\/en\/wp-json\/wp\/v2\/media?parent=5344"}],"wp:term":[{"taxonomy":"product_brand","embeddable":true,"href":"https:\/\/allstarfinland.fi\/en\/wp-json\/wp\/v2\/product_brand?post=5344"},{"taxonomy":"product_cat","embeddable":true,"href":"https:\/\/allstarfinland.fi\/en\/wp-json\/wp\/v2\/product_cat?post=5344"},{"taxonomy":"product_tag","embeddable":true,"href":"https:\/\/allstarfinland.fi\/en\/wp-json\/wp\/v2\/product_tag?post=5344"}],"curies":[{"name":"wp","href":"https:\/\/api.w.org\/{rel}","templated":true}]}}