{"id":5339,"date":"2022-07-27T14:08:31","date_gmt":"2022-07-27T11:08:31","guid":{"rendered":"https:\/\/allstarfinland.fi\/?post_type=product&#038;p=5339"},"modified":"2025-09-23T14:56:38","modified_gmt":"2025-09-23T11:56:38","slug":"allstar-jumbo-rullalaukku","status":"publish","type":"product","link":"https:\/\/allstarfinland.fi\/en\/p\/allstar-jumbo-rullalaukku\/","title":{"rendered":"ALLSTAR JUMBO ROLLBAG"},"content":{"rendered":"","protected":false},"excerpt":{"rendered":"<p>If you need carry a bit more.<\/p>\n<p>Our allstar rollbag Jumbo stands out due to its excellent price-performance ratio. It\u00b4s the perfect choice for all fencers looking for an affordable and spacious fencing bag. The rollbag comes with a metal frame, 2 main compartments, 3 outter pockets and 1 detachable top bag.<\/p>\n<p>As a default we are selling black bag with red details. If you prefer more other colors, please don't hesitate to contact us.<\/p>\n<p>Name and nationality can be printed on the bag.<\/p>\n<p><strong>Measures:<\/strong><\/p>\n<p>Rollbag without top bag:<\/p>\n<ul>\n<li>Length: 117 cm<\/li>\n<li>Width: 33 cm<\/li>\n<li>Height: 38 cm<\/li>\n<li>Weight: 6,0 kg<\/li>\n<\/ul>\n<p>Rollbag with top bag:<\/p>\n<ul>\n<li>Length: 117 cm<\/li>\n<li>Width: 33 cm<\/li>\n<li>Height: 51 cm<\/li>\n<li>Weight: 6,7 kg<\/li>\n<\/ul>","protected":false},"featured_media":5340,"template":"","meta":[],"product_brand":[],"product_cat":[129],"product_tag":[],"class_list":{"0":"post-5339","1":"product","2":"type-product","3":"status-publish","4":"has-post-thumbnail","6":"product_cat-laukut","7":"product_shipping_class-paketti","9":"first","10":"onbackorder","11":"taxable","12":"shipping-taxable","13":"purchasable","14":"product-type-simple"},"composite_virtual":false,"composite_layout":"","composite_add_to_cart_form_location":"","composite_editable_in_cart":false,"composite_sold_individually_context":"","composite_shop_price_calc":"","composite_components":[],"composite_scenarios":[],"supplier_id":1366,"supplier_sku":"RB3\/SW\/RT","atum_controlled":true,"out_stock_date":"2025-09-23 14:56:38","out_stock_threshold":null,"inheritable":false,"inbound_stock":0,"stock_on_hold":0,"sold_today":0,"sales_last_days":0,"reserved_stock":0,"customer_returns":0,"warehouse_damage":0,"lost_in_post":0,"other_logs":0,"out_stock_days":95,"lost_sales":0,"has_location":false,"update_date":"2025-12-28T09:18:56","atum_locations":[],"atum_stock_status":"onbackorder","restock_status":false,"low_stock_amount":"","sales_update_date":"2025-12-28T09:18:56","calc_backorders":0,"exclude_global_add_ons":[],"addons":[],"yoast_head":"<!-- This site is optimized with the Yoast SEO plugin v27.4 - https:\/\/yoast.com\/product\/yoast-seo-wordpress\/ -->\n<title>ALLSTAR JUMBO RULLALAUKKU - Allstar Finland<\/title>\n<meta name=\"robots\" content=\"index, follow, max-snippet:-1, max-image-preview:large, max-video-preview:-1\" \/>\n<link rel=\"canonical\" href=\"https:\/\/allstarfinland.fi\/en\/p\/allstar-jumbo-rullalaukku\/\" \/>\n<meta property=\"og:locale\" content=\"en_US\" \/>\n<meta property=\"og:type\" content=\"article\" \/>\n<meta property=\"og:title\" content=\"ALLSTAR JUMBO RULLALAUKKU - Allstar Finland\" \/>\n<meta property=\"og:description\" content=\"Kun tarve on saada v\u00e4h\u00e4n enemm\u00e4n tavaraa kantoon!  Jumbo on varustettu metallirungolla, kahdella sis\u00e4osastolla, kolmella ulkotaskulla ja irrotettavalla yl\u00e4laukulla.  Verkkokaupassa on myynniss\u00e4 musta laukku punaisella tehostev\u00e4rill\u00e4. Tilauksesta laukkuja on saatavilla my\u00f6s muissa v\u00e4reiss\u00e4. Laita meille viesti\u00e4, jos muut v\u00e4rit sopivat paremmin tyyliisi.  Laukkuun on mahdollista saada my\u00f6s nimi- ja kansallistunnuspainatus.  Mitat:  Rullalaukku ilman yl\u00e4laukkua:   Pituus: 117 cm  Leveys: 33 cm  Korkeus: 38 cm  Paino: 6,0 kg  Rullalaukku yl\u00e4laukun kanssa:   Pituus: 117 cm  Leveys: 33 cm  Korkeus: 51 cm  Paino: 6,7 kg\" \/>\n<meta property=\"og:url\" content=\"https:\/\/allstarfinland.fi\/en\/p\/allstar-jumbo-rullalaukku\/\" \/>\n<meta property=\"og:site_name\" content=\"Allstar Finland\" \/>\n<meta property=\"article:modified_time\" content=\"2025-09-23T11:56:38+00:00\" \/>\n<meta property=\"og:image\" content=\"https:\/\/allstarfinland.fi\/wp-content\/uploads\/2022\/07\/RB-3_1.jpg\" \/>\n\t<meta property=\"og:image:width\" content=\"1920\" \/>\n\t<meta property=\"og:image:height\" content=\"1920\" \/>\n\t<meta property=\"og:image:type\" content=\"image\/jpeg\" \/>\n<meta name=\"twitter:card\" content=\"summary_large_image\" \/>\n<meta name=\"twitter:label1\" content=\"Est. reading time\" \/>\n\t<meta name=\"twitter:data1\" content=\"1 minute\" \/>\n<script type=\"application\/ld+json\" class=\"yoast-schema-graph\">{\"@context\":\"https:\\\/\\\/schema.org\",\"@graph\":[{\"@type\":\"WebPage\",\"@id\":\"https:\\\/\\\/allstarfinland.fi\\\/p\\\/allstar-jumbo-rullalaukku\\\/\",\"url\":\"https:\\\/\\\/allstarfinland.fi\\\/p\\\/allstar-jumbo-rullalaukku\\\/\",\"name\":\"ALLSTAR JUMBO RULLALAUKKU - Allstar Finland\",\"isPartOf\":{\"@id\":\"https:\\\/\\\/allstarfinland.fi\\\/en\\\/#website\"},\"primaryImageOfPage\":{\"@id\":\"https:\\\/\\\/allstarfinland.fi\\\/p\\\/allstar-jumbo-rullalaukku\\\/#primaryimage\"},\"image\":{\"@id\":\"https:\\\/\\\/allstarfinland.fi\\\/p\\\/allstar-jumbo-rullalaukku\\\/#primaryimage\"},\"thumbnailUrl\":\"https:\\\/\\\/allstarfinland.fi\\\/wp-content\\\/uploads\\\/2022\\\/07\\\/RB-3_1.jpg\",\"datePublished\":\"2022-07-27T11:08:31+00:00\",\"dateModified\":\"2025-09-23T11:56:38+00:00\",\"breadcrumb\":{\"@id\":\"https:\\\/\\\/allstarfinland.fi\\\/p\\\/allstar-jumbo-rullalaukku\\\/#breadcrumb\"},\"inLanguage\":\"en-US\",\"potentialAction\":[{\"@type\":\"ReadAction\",\"target\":[\"https:\\\/\\\/allstarfinland.fi\\\/p\\\/allstar-jumbo-rullalaukku\\\/\"]}]},{\"@type\":\"ImageObject\",\"inLanguage\":\"en-US\",\"@id\":\"https:\\\/\\\/allstarfinland.fi\\\/p\\\/allstar-jumbo-rullalaukku\\\/#primaryimage\",\"url\":\"https:\\\/\\\/allstarfinland.fi\\\/wp-content\\\/uploads\\\/2022\\\/07\\\/RB-3_1.jpg\",\"contentUrl\":\"https:\\\/\\\/allstarfinland.fi\\\/wp-content\\\/uploads\\\/2022\\\/07\\\/RB-3_1.jpg\",\"width\":1920,\"height\":1920},{\"@type\":\"BreadcrumbList\",\"@id\":\"https:\\\/\\\/allstarfinland.fi\\\/p\\\/allstar-jumbo-rullalaukku\\\/#breadcrumb\",\"itemListElement\":[{\"@type\":\"ListItem\",\"position\":1,\"name\":\"Etusivu\",\"item\":\"https:\\\/\\\/allstarfinland.fi\\\/\"},{\"@type\":\"ListItem\",\"position\":2,\"name\":\"Etusivu\",\"item\":\"https:\\\/\\\/allstarfinland.fi\\\/\"},{\"@type\":\"ListItem\",\"position\":3,\"name\":\"ALLSTAR JUMBO RULLALAUKKU\"}]},{\"@type\":\"WebSite\",\"@id\":\"https:\\\/\\\/allstarfinland.fi\\\/en\\\/#website\",\"url\":\"https:\\\/\\\/allstarfinland.fi\\\/en\\\/\",\"name\":\"Allstar Finland\",\"description\":\"Miekkailuv\u00e4lineiden verkkokauppa\",\"potentialAction\":[{\"@type\":\"SearchAction\",\"target\":{\"@type\":\"EntryPoint\",\"urlTemplate\":\"https:\\\/\\\/allstarfinland.fi\\\/en\\\/?s={search_term_string}\"},\"query-input\":{\"@type\":\"PropertyValueSpecification\",\"valueRequired\":true,\"valueName\":\"search_term_string\"}}],\"inLanguage\":\"en-US\"}]}<\/script>\n<!-- \/ Yoast SEO plugin. -->","yoast_head_json":{"title":"ALLSTAR JUMBO RULLALAUKKU - Allstar Finland","robots":{"index":"index","follow":"follow","max-snippet":"max-snippet:-1","max-image-preview":"max-image-preview:large","max-video-preview":"max-video-preview:-1"},"canonical":"https:\/\/allstarfinland.fi\/en\/p\/allstar-jumbo-rullalaukku\/","og_locale":"en_US","og_type":"article","og_title":"ALLSTAR JUMBO RULLALAUKKU - Allstar Finland","og_description":"Kun tarve on saada v\u00e4h\u00e4n enemm\u00e4n tavaraa kantoon!  Jumbo on varustettu metallirungolla, kahdella sis\u00e4osastolla, kolmella ulkotaskulla ja irrotettavalla yl\u00e4laukulla.  Verkkokaupassa on myynniss\u00e4 musta laukku punaisella tehostev\u00e4rill\u00e4. Tilauksesta laukkuja on saatavilla my\u00f6s muissa v\u00e4reiss\u00e4. Laita meille viesti\u00e4, jos muut v\u00e4rit sopivat paremmin tyyliisi.  Laukkuun on mahdollista saada my\u00f6s nimi- ja kansallistunnuspainatus.  Mitat:  Rullalaukku ilman yl\u00e4laukkua:   Pituus: 117 cm  Leveys: 33 cm  Korkeus: 38 cm  Paino: 6,0 kg  Rullalaukku yl\u00e4laukun kanssa:   Pituus: 117 cm  Leveys: 33 cm  Korkeus: 51 cm  Paino: 6,7 kg","og_url":"https:\/\/allstarfinland.fi\/en\/p\/allstar-jumbo-rullalaukku\/","og_site_name":"Allstar Finland","article_modified_time":"2025-09-23T11:56:38+00:00","og_image":[{"width":1920,"height":1920,"url":"https:\/\/allstarfinland.fi\/wp-content\/uploads\/2022\/07\/RB-3_1.jpg","type":"image\/jpeg"}],"twitter_card":"summary_large_image","twitter_misc":{"Est. reading time":"1 minute"},"schema":{"@context":"https:\/\/schema.org","@graph":[{"@type":"WebPage","@id":"https:\/\/allstarfinland.fi\/p\/allstar-jumbo-rullalaukku\/","url":"https:\/\/allstarfinland.fi\/p\/allstar-jumbo-rullalaukku\/","name":"ALLSTAR JUMBO RULLALAUKKU - Allstar Finland","isPartOf":{"@id":"https:\/\/allstarfinland.fi\/en\/#website"},"primaryImageOfPage":{"@id":"https:\/\/allstarfinland.fi\/p\/allstar-jumbo-rullalaukku\/#primaryimage"},"image":{"@id":"https:\/\/allstarfinland.fi\/p\/allstar-jumbo-rullalaukku\/#primaryimage"},"thumbnailUrl":"https:\/\/allstarfinland.fi\/wp-content\/uploads\/2022\/07\/RB-3_1.jpg","datePublished":"2022-07-27T11:08:31+00:00","dateModified":"2025-09-23T11:56:38+00:00","breadcrumb":{"@id":"https:\/\/allstarfinland.fi\/p\/allstar-jumbo-rullalaukku\/#breadcrumb"},"inLanguage":"en-US","potentialAction":[{"@type":"ReadAction","target":["https:\/\/allstarfinland.fi\/p\/allstar-jumbo-rullalaukku\/"]}]},{"@type":"ImageObject","inLanguage":"en-US","@id":"https:\/\/allstarfinland.fi\/p\/allstar-jumbo-rullalaukku\/#primaryimage","url":"https:\/\/allstarfinland.fi\/wp-content\/uploads\/2022\/07\/RB-3_1.jpg","contentUrl":"https:\/\/allstarfinland.fi\/wp-content\/uploads\/2022\/07\/RB-3_1.jpg","width":1920,"height":1920},{"@type":"BreadcrumbList","@id":"https:\/\/allstarfinland.fi\/p\/allstar-jumbo-rullalaukku\/#breadcrumb","itemListElement":[{"@type":"ListItem","position":1,"name":"Etusivu","item":"https:\/\/allstarfinland.fi\/"},{"@type":"ListItem","position":2,"name":"Etusivu","item":"https:\/\/allstarfinland.fi\/"},{"@type":"ListItem","position":3,"name":"ALLSTAR JUMBO RULLALAUKKU"}]},{"@type":"WebSite","@id":"https:\/\/allstarfinland.fi\/en\/#website","url":"https:\/\/allstarfinland.fi\/en\/","name":"Allstar Finland","description":"Miekkailuv\u00e4lineiden verkkokauppa","potentialAction":[{"@type":"SearchAction","target":{"@type":"EntryPoint","urlTemplate":"https:\/\/allstarfinland.fi\/en\/?s={search_term_string}"},"query-input":{"@type":"PropertyValueSpecification","valueRequired":true,"valueName":"search_term_string"}}],"inLanguage":"en-US"}]}},"jetpack_sharing_enabled":true,"_links":{"self":[{"href":"https:\/\/allstarfinland.fi\/en\/wp-json\/wp\/v2\/product\/5339","targetHints":{"allow":["GET"]}}],"collection":[{"href":"https:\/\/allstarfinland.fi\/en\/wp-json\/wp\/v2\/product"}],"about":[{"href":"https:\/\/allstarfinland.fi\/en\/wp-json\/wp\/v2\/types\/product"}],"wp:featuredmedia":[{"embeddable":true,"href":"https:\/\/allstarfinland.fi\/en\/wp-json\/wp\/v2\/media\/5340"}],"wp:attachment":[{"href":"https:\/\/allstarfinland.fi\/en\/wp-json\/wp\/v2\/media?parent=5339"}],"wp:term":[{"taxonomy":"product_brand","embeddable":true,"href":"https:\/\/allstarfinland.fi\/en\/wp-json\/wp\/v2\/product_brand?post=5339"},{"taxonomy":"product_cat","embeddable":true,"href":"https:\/\/allstarfinland.fi\/en\/wp-json\/wp\/v2\/product_cat?post=5339"},{"taxonomy":"product_tag","embeddable":true,"href":"https:\/\/allstarfinland.fi\/en\/wp-json\/wp\/v2\/product_tag?post=5339"}],"curies":[{"name":"wp","href":"https:\/\/api.w.org\/{rel}","templated":true}]}}