{"id":5056,"date":"2022-07-25T16:12:33","date_gmt":"2022-07-25T13:12:33","guid":{"rendered":"https:\/\/allstarfinland.fi\/?post_type=product&#038;p=5056"},"modified":"2024-12-30T13:02:56","modified_gmt":"2024-12-30T11:02:56","slug":"allstar-comfort-inox-fie-maski-florettiin-fin","status":"publish","type":"product","link":"https:\/\/allstarfinland.fi\/en\/p\/allstar-comfort-inox-fie-maski-florettiin-fin\/","title":{"rendered":"ALLSTAR COMFORT INOX FIE MASK FOR FOIL FIN"},"content":{"rendered":"","protected":false},"excerpt":{"rendered":"<p>Allstar Inox FIE mask in Finnish colors.<\/p>\n<p>allstar Comfort FIE mask speak for highest safety and a perfect wearing comfort. All FIE masks produced by allstar have a 1600N bib for maximum protection. Our masks stand out due to their immense durability and robustness. The light weight and the soft padding guarantee a great wearing comfort. Moreover our Comfort masks have a removable and washable padding.<\/p>\n<p>Tip for washing: Wash the padding in a bra washing bag. Then the stickers won't stick to others clothes.<\/p>","protected":false},"featured_media":4965,"template":"","meta":[],"product_brand":[],"product_cat":[305],"product_tag":[],"class_list":{"0":"post-5056","1":"product","2":"type-product","3":"status-publish","4":"has-post-thumbnail","6":"product_cat-fie-1600n-floretti-maskit","7":"product_shipping_class-paketti","9":"first","10":"onbackorder","11":"taxable","12":"shipping-taxable","13":"purchasable","14":"product-type-variable"},"composite_virtual":false,"composite_layout":"","composite_add_to_cart_form_location":"","composite_editable_in_cart":false,"composite_sold_individually_context":"","composite_shop_price_calc":"","composite_components":[],"composite_scenarios":[],"supplier_id":null,"supplier_sku":"","atum_controlled":true,"out_stock_date":"2022-07-25 13:12:35","out_stock_threshold":null,"inheritable":true,"inbound_stock":0,"stock_on_hold":0,"sold_today":null,"sales_last_days":null,"reserved_stock":0,"customer_returns":0,"warehouse_damage":0,"lost_in_post":0,"other_logs":0,"out_stock_days":888,"lost_sales":null,"has_location":false,"update_date":"2025-12-28T09:22:41","atum_locations":[],"atum_stock_status":"onbackorder","restock_status":false,"low_stock_amount":"","sales_update_date":"2025-12-28T09:22:41","calc_backorders":0,"exclude_global_add_ons":[],"addons":[],"yoast_head":"<!-- This site is optimized with the Yoast SEO plugin v27.3 - https:\/\/yoast.com\/product\/yoast-seo-wordpress\/ -->\n<title>ALLSTAR COMFORT INOX FIE MASKI FLORETTIIN FIN - Allstar Finland<\/title>\n<meta name=\"robots\" content=\"index, follow, max-snippet:-1, max-image-preview:large, max-video-preview:-1\" \/>\n<link rel=\"canonical\" href=\"https:\/\/allstarfinland.fi\/en\/p\/allstar-comfort-inox-fie-maski-florettiin-fin\/\" \/>\n<meta property=\"og:locale\" content=\"en_US\" \/>\n<meta property=\"og:type\" content=\"article\" \/>\n<meta property=\"og:title\" content=\"ALLSTAR COMFORT INOX FIE MASKI FLORETTIIN FIN - Allstar Finland\" \/>\n<meta property=\"og:description\" content=\"Allstar maski Suomen v\u00e4reiss\u00e4!  Allstar Comfort Inox FIE maski on turvallisuuden ja k\u00e4ytt\u00f6mukavuuden puolestapuhuja. Kaikissa allstarin tuottamissa maskeissa on 1600N:n kaulus maksimaalista suojaa varten. Inox maskimme erottuvat kest\u00e4vyydell\u00e4\u00e4n. Maskin keveys ja mukavat pehmusteet takaavat erinomaisen k\u00e4ytt\u00f6mukavuuden. Pysy turvassa allstar Inox FIE-maskien avulla. Comfort-mallissa on irrotettava sis\u00e4osa pesua varten.  Pyykkiukon vinkki: Pese maskin sis\u00e4osa rintaliivien pesupussissa, niin tarrat ei takerru muihin vaatteisiin pesukoneessa.\" \/>\n<meta property=\"og:url\" content=\"https:\/\/allstarfinland.fi\/en\/p\/allstar-comfort-inox-fie-maski-florettiin-fin\/\" \/>\n<meta property=\"og:site_name\" content=\"Allstar Finland\" \/>\n<meta property=\"article:modified_time\" content=\"2024-12-30T11:02:56+00:00\" \/>\n<meta property=\"og:image\" content=\"https:\/\/allstarfinland.fi\/wp-content\/uploads\/2022\/07\/AMI-FL_FIN.jpg\" \/>\n\t<meta property=\"og:image:width\" content=\"1000\" \/>\n\t<meta property=\"og:image:height\" content=\"1000\" \/>\n\t<meta property=\"og:image:type\" content=\"image\/jpeg\" \/>\n<meta name=\"twitter:card\" content=\"summary_large_image\" \/>\n<meta name=\"twitter:label1\" content=\"Est. reading time\" \/>\n\t<meta name=\"twitter:data1\" content=\"1 minute\" \/>\n<script type=\"application\/ld+json\" class=\"yoast-schema-graph\">{\"@context\":\"https:\\\/\\\/schema.org\",\"@graph\":[{\"@type\":\"WebPage\",\"@id\":\"https:\\\/\\\/allstarfinland.fi\\\/p\\\/allstar-comfort-inox-fie-maski-florettiin-fin\\\/\",\"url\":\"https:\\\/\\\/allstarfinland.fi\\\/p\\\/allstar-comfort-inox-fie-maski-florettiin-fin\\\/\",\"name\":\"ALLSTAR COMFORT INOX FIE MASKI FLORETTIIN FIN - Allstar Finland\",\"isPartOf\":{\"@id\":\"https:\\\/\\\/allstarfinland.fi\\\/en\\\/#website\"},\"primaryImageOfPage\":{\"@id\":\"https:\\\/\\\/allstarfinland.fi\\\/p\\\/allstar-comfort-inox-fie-maski-florettiin-fin\\\/#primaryimage\"},\"image\":{\"@id\":\"https:\\\/\\\/allstarfinland.fi\\\/p\\\/allstar-comfort-inox-fie-maski-florettiin-fin\\\/#primaryimage\"},\"thumbnailUrl\":\"https:\\\/\\\/allstarfinland.fi\\\/wp-content\\\/uploads\\\/2022\\\/07\\\/AMI-FL_FIN.jpg\",\"datePublished\":\"2022-07-25T13:12:33+00:00\",\"dateModified\":\"2024-12-30T11:02:56+00:00\",\"breadcrumb\":{\"@id\":\"https:\\\/\\\/allstarfinland.fi\\\/p\\\/allstar-comfort-inox-fie-maski-florettiin-fin\\\/#breadcrumb\"},\"inLanguage\":\"en-US\",\"potentialAction\":[{\"@type\":\"ReadAction\",\"target\":[\"https:\\\/\\\/allstarfinland.fi\\\/p\\\/allstar-comfort-inox-fie-maski-florettiin-fin\\\/\"]}]},{\"@type\":\"ImageObject\",\"inLanguage\":\"en-US\",\"@id\":\"https:\\\/\\\/allstarfinland.fi\\\/p\\\/allstar-comfort-inox-fie-maski-florettiin-fin\\\/#primaryimage\",\"url\":\"https:\\\/\\\/allstarfinland.fi\\\/wp-content\\\/uploads\\\/2022\\\/07\\\/AMI-FL_FIN.jpg\",\"contentUrl\":\"https:\\\/\\\/allstarfinland.fi\\\/wp-content\\\/uploads\\\/2022\\\/07\\\/AMI-FL_FIN.jpg\",\"width\":1000,\"height\":1000},{\"@type\":\"BreadcrumbList\",\"@id\":\"https:\\\/\\\/allstarfinland.fi\\\/p\\\/allstar-comfort-inox-fie-maski-florettiin-fin\\\/#breadcrumb\",\"itemListElement\":[{\"@type\":\"ListItem\",\"position\":1,\"name\":\"Etusivu\",\"item\":\"https:\\\/\\\/allstarfinland.fi\\\/\"},{\"@type\":\"ListItem\",\"position\":2,\"name\":\"Etusivu\",\"item\":\"https:\\\/\\\/allstarfinland.fi\\\/\"},{\"@type\":\"ListItem\",\"position\":3,\"name\":\"ALLSTAR COMFORT INOX FIE MASKI FLORETTIIN FIN\"}]},{\"@type\":\"WebSite\",\"@id\":\"https:\\\/\\\/allstarfinland.fi\\\/en\\\/#website\",\"url\":\"https:\\\/\\\/allstarfinland.fi\\\/en\\\/\",\"name\":\"Allstar Finland\",\"description\":\"Miekkailuv\u00e4lineiden verkkokauppa\",\"potentialAction\":[{\"@type\":\"SearchAction\",\"target\":{\"@type\":\"EntryPoint\",\"urlTemplate\":\"https:\\\/\\\/allstarfinland.fi\\\/en\\\/?s={search_term_string}\"},\"query-input\":{\"@type\":\"PropertyValueSpecification\",\"valueRequired\":true,\"valueName\":\"search_term_string\"}}],\"inLanguage\":\"en-US\"}]}<\/script>\n<!-- \/ Yoast SEO plugin. -->","yoast_head_json":{"title":"ALLSTAR COMFORT INOX FIE MASKI FLORETTIIN FIN - Allstar Finland","robots":{"index":"index","follow":"follow","max-snippet":"max-snippet:-1","max-image-preview":"max-image-preview:large","max-video-preview":"max-video-preview:-1"},"canonical":"https:\/\/allstarfinland.fi\/en\/p\/allstar-comfort-inox-fie-maski-florettiin-fin\/","og_locale":"en_US","og_type":"article","og_title":"ALLSTAR COMFORT INOX FIE MASKI FLORETTIIN FIN - Allstar Finland","og_description":"Allstar maski Suomen v\u00e4reiss\u00e4!  Allstar Comfort Inox FIE maski on turvallisuuden ja k\u00e4ytt\u00f6mukavuuden puolestapuhuja. Kaikissa allstarin tuottamissa maskeissa on 1600N:n kaulus maksimaalista suojaa varten. Inox maskimme erottuvat kest\u00e4vyydell\u00e4\u00e4n. Maskin keveys ja mukavat pehmusteet takaavat erinomaisen k\u00e4ytt\u00f6mukavuuden. Pysy turvassa allstar Inox FIE-maskien avulla. Comfort-mallissa on irrotettava sis\u00e4osa pesua varten.  Pyykkiukon vinkki: Pese maskin sis\u00e4osa rintaliivien pesupussissa, niin tarrat ei takerru muihin vaatteisiin pesukoneessa.","og_url":"https:\/\/allstarfinland.fi\/en\/p\/allstar-comfort-inox-fie-maski-florettiin-fin\/","og_site_name":"Allstar Finland","article_modified_time":"2024-12-30T11:02:56+00:00","og_image":[{"width":1000,"height":1000,"url":"https:\/\/allstarfinland.fi\/wp-content\/uploads\/2022\/07\/AMI-FL_FIN.jpg","type":"image\/jpeg"}],"twitter_card":"summary_large_image","twitter_misc":{"Est. reading time":"1 minute"},"schema":{"@context":"https:\/\/schema.org","@graph":[{"@type":"WebPage","@id":"https:\/\/allstarfinland.fi\/p\/allstar-comfort-inox-fie-maski-florettiin-fin\/","url":"https:\/\/allstarfinland.fi\/p\/allstar-comfort-inox-fie-maski-florettiin-fin\/","name":"ALLSTAR COMFORT INOX FIE MASKI FLORETTIIN FIN - Allstar Finland","isPartOf":{"@id":"https:\/\/allstarfinland.fi\/en\/#website"},"primaryImageOfPage":{"@id":"https:\/\/allstarfinland.fi\/p\/allstar-comfort-inox-fie-maski-florettiin-fin\/#primaryimage"},"image":{"@id":"https:\/\/allstarfinland.fi\/p\/allstar-comfort-inox-fie-maski-florettiin-fin\/#primaryimage"},"thumbnailUrl":"https:\/\/allstarfinland.fi\/wp-content\/uploads\/2022\/07\/AMI-FL_FIN.jpg","datePublished":"2022-07-25T13:12:33+00:00","dateModified":"2024-12-30T11:02:56+00:00","breadcrumb":{"@id":"https:\/\/allstarfinland.fi\/p\/allstar-comfort-inox-fie-maski-florettiin-fin\/#breadcrumb"},"inLanguage":"en-US","potentialAction":[{"@type":"ReadAction","target":["https:\/\/allstarfinland.fi\/p\/allstar-comfort-inox-fie-maski-florettiin-fin\/"]}]},{"@type":"ImageObject","inLanguage":"en-US","@id":"https:\/\/allstarfinland.fi\/p\/allstar-comfort-inox-fie-maski-florettiin-fin\/#primaryimage","url":"https:\/\/allstarfinland.fi\/wp-content\/uploads\/2022\/07\/AMI-FL_FIN.jpg","contentUrl":"https:\/\/allstarfinland.fi\/wp-content\/uploads\/2022\/07\/AMI-FL_FIN.jpg","width":1000,"height":1000},{"@type":"BreadcrumbList","@id":"https:\/\/allstarfinland.fi\/p\/allstar-comfort-inox-fie-maski-florettiin-fin\/#breadcrumb","itemListElement":[{"@type":"ListItem","position":1,"name":"Etusivu","item":"https:\/\/allstarfinland.fi\/"},{"@type":"ListItem","position":2,"name":"Etusivu","item":"https:\/\/allstarfinland.fi\/"},{"@type":"ListItem","position":3,"name":"ALLSTAR COMFORT INOX FIE MASKI FLORETTIIN FIN"}]},{"@type":"WebSite","@id":"https:\/\/allstarfinland.fi\/en\/#website","url":"https:\/\/allstarfinland.fi\/en\/","name":"Allstar Finland","description":"Miekkailuv\u00e4lineiden verkkokauppa","potentialAction":[{"@type":"SearchAction","target":{"@type":"EntryPoint","urlTemplate":"https:\/\/allstarfinland.fi\/en\/?s={search_term_string}"},"query-input":{"@type":"PropertyValueSpecification","valueRequired":true,"valueName":"search_term_string"}}],"inLanguage":"en-US"}]}},"jetpack_sharing_enabled":true,"_links":{"self":[{"href":"https:\/\/allstarfinland.fi\/en\/wp-json\/wp\/v2\/product\/5056","targetHints":{"allow":["GET"]}}],"collection":[{"href":"https:\/\/allstarfinland.fi\/en\/wp-json\/wp\/v2\/product"}],"about":[{"href":"https:\/\/allstarfinland.fi\/en\/wp-json\/wp\/v2\/types\/product"}],"wp:featuredmedia":[{"embeddable":true,"href":"https:\/\/allstarfinland.fi\/en\/wp-json\/wp\/v2\/media\/4965"}],"wp:attachment":[{"href":"https:\/\/allstarfinland.fi\/en\/wp-json\/wp\/v2\/media?parent=5056"}],"wp:term":[{"taxonomy":"product_brand","embeddable":true,"href":"https:\/\/allstarfinland.fi\/en\/wp-json\/wp\/v2\/product_brand?post=5056"},{"taxonomy":"product_cat","embeddable":true,"href":"https:\/\/allstarfinland.fi\/en\/wp-json\/wp\/v2\/product_cat?post=5056"},{"taxonomy":"product_tag","embeddable":true,"href":"https:\/\/allstarfinland.fi\/en\/wp-json\/wp\/v2\/product_tag?post=5056"}],"curies":[{"name":"wp","href":"https:\/\/api.w.org\/{rel}","templated":true}]}}