{"id":4526,"date":"2022-07-19T10:36:54","date_gmt":"2022-07-19T07:36:54","guid":{"rendered":"https:\/\/allstarfinland.fi\/?post_type=product&#038;p=4526"},"modified":"2026-03-29T11:13:31","modified_gmt":"2026-03-29T08:13:31","slug":"allstar-extralight-fie-alusliivi-lapsille-3-4","status":"publish","type":"product","link":"https:\/\/allstarfinland.fi\/en\/p\/allstar-extralight-fie-alusliivi-lapsille-3-4\/","title":{"rendered":"ALLSTAR EXTRALIGHT FIE UNDERPLASTRON KIDS (3\/4)"},"content":{"rendered":"","protected":false},"excerpt":{"rendered":"<p>The 800N FIE plastron ExtraLight is by far our bestseller among all plastrons. It combines a maximum of safety with excellent wearing comfort and minimal weight. The high-tech fiber Dyneema guarantees highest resistance and quality. The plastron provides additional protection in the area of neck, chest and the armed arm.<\/p>","protected":false},"featured_media":4520,"template":"","meta":[],"product_brand":[],"product_cat":[146],"product_tag":[],"class_list":{"0":"post-4526","1":"product","2":"type-product","3":"status-publish","4":"has-post-thumbnail","6":"product_cat-alusliivit","7":"product_shipping_class-paketti","9":"first","10":"onbackorder","11":"taxable","12":"shipping-taxable","13":"purchasable","14":"product-type-variable"},"composite_virtual":false,"composite_layout":"","composite_add_to_cart_form_location":"","composite_editable_in_cart":false,"composite_sold_individually_context":"","composite_shop_price_calc":"","composite_components":[],"composite_scenarios":[],"supplier_id":1366,"supplier_sku":"SPG-K","atum_controlled":true,"out_stock_date":"2022-07-19 07:36:54","out_stock_threshold":null,"inheritable":true,"inbound_stock":0,"stock_on_hold":0,"sold_today":0,"sales_last_days":0,"reserved_stock":0,"customer_returns":0,"warehouse_damage":0,"lost_in_post":0,"other_logs":0,"out_stock_days":460,"lost_sales":0,"has_location":false,"update_date":"2026-03-31T06:29:35","atum_locations":[],"atum_stock_status":"onbackorder","restock_status":false,"low_stock_amount":"","sales_update_date":null,"calc_backorders":0,"exclude_global_add_ons":[],"addons":[],"yoast_head":"<!-- This site is optimized with the Yoast SEO plugin v27.5 - https:\/\/yoast.com\/product\/yoast-seo-wordpress\/ -->\n<title>ALLSTAR EXTRALIGHT FIE ALUSLIIVI LAPSILLE (3\/4) - Allstar Finland<\/title>\n<meta name=\"robots\" content=\"index, follow, max-snippet:-1, max-image-preview:large, max-video-preview:-1\" \/>\n<link rel=\"canonical\" href=\"https:\/\/allstarfinland.fi\/en\/p\/allstar-extralight-fie-alusliivi-lapsille-3-4\/\" \/>\n<meta property=\"og:locale\" content=\"en_US\" \/>\n<meta property=\"og:type\" content=\"article\" \/>\n<meta property=\"og:title\" content=\"ALLSTAR EXTRALIGHT FIE ALUSLIIVI LAPSILLE (3\/4) - Allstar Finland\" \/>\n<meta property=\"og:description\" content=\"ExtraLight on ylivoimaisesti myydyin alusliivimme. Siin\u00e4 yhdistyv\u00e4t maksimaalinen turvallisuus, erinomainen k\u00e4ytt\u00f6mukavuus ja v\u00e4h\u00e4inen paino. Huipputekninen Dyneema-kuitu takaa parhaan kest\u00e4vyyden ja laadun. Alusliivi tarjoaa lis\u00e4suojaa kaulan, rinnan ja asek\u00e4den alueelle. Naisten M-koon liivi painaa vain 200 grammaa. Alusliivi voidaan pest\u00e4 koneessa 30 asteessa.\" \/>\n<meta property=\"og:url\" content=\"https:\/\/allstarfinland.fi\/en\/p\/allstar-extralight-fie-alusliivi-lapsille-3-4\/\" \/>\n<meta property=\"og:site_name\" content=\"Allstar Finland\" \/>\n<meta property=\"article:modified_time\" content=\"2026-03-29T08:13:31+00:00\" \/>\n<meta property=\"og:image\" content=\"https:\/\/allstarfinland.fi\/wp-content\/uploads\/2022\/07\/SPG-K_1.jpg\" \/>\n\t<meta property=\"og:image:width\" content=\"1920\" \/>\n\t<meta property=\"og:image:height\" content=\"1920\" \/>\n\t<meta property=\"og:image:type\" content=\"image\/jpeg\" \/>\n<meta name=\"twitter:card\" content=\"summary_large_image\" \/>\n<script type=\"application\/ld+json\" class=\"yoast-schema-graph\">{\"@context\":\"https:\\\/\\\/schema.org\",\"@graph\":[{\"@type\":\"WebPage\",\"@id\":\"https:\\\/\\\/allstarfinland.fi\\\/p\\\/allstar-extralight-fie-alusliivi-lapsille-3-4\\\/\",\"url\":\"https:\\\/\\\/allstarfinland.fi\\\/p\\\/allstar-extralight-fie-alusliivi-lapsille-3-4\\\/\",\"name\":\"ALLSTAR EXTRALIGHT FIE ALUSLIIVI LAPSILLE (3\\\/4) - Allstar Finland\",\"isPartOf\":{\"@id\":\"https:\\\/\\\/allstarfinland.fi\\\/en\\\/#website\"},\"primaryImageOfPage\":{\"@id\":\"https:\\\/\\\/allstarfinland.fi\\\/p\\\/allstar-extralight-fie-alusliivi-lapsille-3-4\\\/#primaryimage\"},\"image\":{\"@id\":\"https:\\\/\\\/allstarfinland.fi\\\/p\\\/allstar-extralight-fie-alusliivi-lapsille-3-4\\\/#primaryimage\"},\"thumbnailUrl\":\"https:\\\/\\\/allstarfinland.fi\\\/wp-content\\\/uploads\\\/2022\\\/07\\\/SPG-K_1.jpg\",\"datePublished\":\"2022-07-19T07:36:54+00:00\",\"dateModified\":\"2026-03-29T08:13:31+00:00\",\"breadcrumb\":{\"@id\":\"https:\\\/\\\/allstarfinland.fi\\\/p\\\/allstar-extralight-fie-alusliivi-lapsille-3-4\\\/#breadcrumb\"},\"inLanguage\":\"en-US\",\"potentialAction\":[{\"@type\":\"ReadAction\",\"target\":[\"https:\\\/\\\/allstarfinland.fi\\\/p\\\/allstar-extralight-fie-alusliivi-lapsille-3-4\\\/\"]}]},{\"@type\":\"ImageObject\",\"inLanguage\":\"en-US\",\"@id\":\"https:\\\/\\\/allstarfinland.fi\\\/p\\\/allstar-extralight-fie-alusliivi-lapsille-3-4\\\/#primaryimage\",\"url\":\"https:\\\/\\\/allstarfinland.fi\\\/wp-content\\\/uploads\\\/2022\\\/07\\\/SPG-K_1.jpg\",\"contentUrl\":\"https:\\\/\\\/allstarfinland.fi\\\/wp-content\\\/uploads\\\/2022\\\/07\\\/SPG-K_1.jpg\",\"width\":1920,\"height\":1920},{\"@type\":\"BreadcrumbList\",\"@id\":\"https:\\\/\\\/allstarfinland.fi\\\/p\\\/allstar-extralight-fie-alusliivi-lapsille-3-4\\\/#breadcrumb\",\"itemListElement\":[{\"@type\":\"ListItem\",\"position\":1,\"name\":\"Etusivu\",\"item\":\"https:\\\/\\\/allstarfinland.fi\\\/\"},{\"@type\":\"ListItem\",\"position\":2,\"name\":\"Etusivu\",\"item\":\"https:\\\/\\\/allstarfinland.fi\\\/\"},{\"@type\":\"ListItem\",\"position\":3,\"name\":\"ALLSTAR EXTRALIGHT FIE ALUSLIIVI LAPSILLE (3\\\/4)\"}]},{\"@type\":\"WebSite\",\"@id\":\"https:\\\/\\\/allstarfinland.fi\\\/en\\\/#website\",\"url\":\"https:\\\/\\\/allstarfinland.fi\\\/en\\\/\",\"name\":\"Allstar Finland\",\"description\":\"Miekkailuv\u00e4lineiden verkkokauppa\",\"potentialAction\":[{\"@type\":\"SearchAction\",\"target\":{\"@type\":\"EntryPoint\",\"urlTemplate\":\"https:\\\/\\\/allstarfinland.fi\\\/en\\\/?s={search_term_string}\"},\"query-input\":{\"@type\":\"PropertyValueSpecification\",\"valueRequired\":true,\"valueName\":\"search_term_string\"}}],\"inLanguage\":\"en-US\"}]}<\/script>\n<!-- \/ Yoast SEO plugin. -->","yoast_head_json":{"title":"ALLSTAR EXTRALIGHT FIE ALUSLIIVI LAPSILLE (3\/4) - Allstar Finland","robots":{"index":"index","follow":"follow","max-snippet":"max-snippet:-1","max-image-preview":"max-image-preview:large","max-video-preview":"max-video-preview:-1"},"canonical":"https:\/\/allstarfinland.fi\/en\/p\/allstar-extralight-fie-alusliivi-lapsille-3-4\/","og_locale":"en_US","og_type":"article","og_title":"ALLSTAR EXTRALIGHT FIE ALUSLIIVI LAPSILLE (3\/4) - Allstar Finland","og_description":"ExtraLight on ylivoimaisesti myydyin alusliivimme. Siin\u00e4 yhdistyv\u00e4t maksimaalinen turvallisuus, erinomainen k\u00e4ytt\u00f6mukavuus ja v\u00e4h\u00e4inen paino. Huipputekninen Dyneema-kuitu takaa parhaan kest\u00e4vyyden ja laadun. Alusliivi tarjoaa lis\u00e4suojaa kaulan, rinnan ja asek\u00e4den alueelle. Naisten M-koon liivi painaa vain 200 grammaa. Alusliivi voidaan pest\u00e4 koneessa 30 asteessa.","og_url":"https:\/\/allstarfinland.fi\/en\/p\/allstar-extralight-fie-alusliivi-lapsille-3-4\/","og_site_name":"Allstar Finland","article_modified_time":"2026-03-29T08:13:31+00:00","og_image":[{"width":1920,"height":1920,"url":"https:\/\/allstarfinland.fi\/wp-content\/uploads\/2022\/07\/SPG-K_1.jpg","type":"image\/jpeg"}],"twitter_card":"summary_large_image","schema":{"@context":"https:\/\/schema.org","@graph":[{"@type":"WebPage","@id":"https:\/\/allstarfinland.fi\/p\/allstar-extralight-fie-alusliivi-lapsille-3-4\/","url":"https:\/\/allstarfinland.fi\/p\/allstar-extralight-fie-alusliivi-lapsille-3-4\/","name":"ALLSTAR EXTRALIGHT FIE ALUSLIIVI LAPSILLE (3\/4) - Allstar Finland","isPartOf":{"@id":"https:\/\/allstarfinland.fi\/en\/#website"},"primaryImageOfPage":{"@id":"https:\/\/allstarfinland.fi\/p\/allstar-extralight-fie-alusliivi-lapsille-3-4\/#primaryimage"},"image":{"@id":"https:\/\/allstarfinland.fi\/p\/allstar-extralight-fie-alusliivi-lapsille-3-4\/#primaryimage"},"thumbnailUrl":"https:\/\/allstarfinland.fi\/wp-content\/uploads\/2022\/07\/SPG-K_1.jpg","datePublished":"2022-07-19T07:36:54+00:00","dateModified":"2026-03-29T08:13:31+00:00","breadcrumb":{"@id":"https:\/\/allstarfinland.fi\/p\/allstar-extralight-fie-alusliivi-lapsille-3-4\/#breadcrumb"},"inLanguage":"en-US","potentialAction":[{"@type":"ReadAction","target":["https:\/\/allstarfinland.fi\/p\/allstar-extralight-fie-alusliivi-lapsille-3-4\/"]}]},{"@type":"ImageObject","inLanguage":"en-US","@id":"https:\/\/allstarfinland.fi\/p\/allstar-extralight-fie-alusliivi-lapsille-3-4\/#primaryimage","url":"https:\/\/allstarfinland.fi\/wp-content\/uploads\/2022\/07\/SPG-K_1.jpg","contentUrl":"https:\/\/allstarfinland.fi\/wp-content\/uploads\/2022\/07\/SPG-K_1.jpg","width":1920,"height":1920},{"@type":"BreadcrumbList","@id":"https:\/\/allstarfinland.fi\/p\/allstar-extralight-fie-alusliivi-lapsille-3-4\/#breadcrumb","itemListElement":[{"@type":"ListItem","position":1,"name":"Etusivu","item":"https:\/\/allstarfinland.fi\/"},{"@type":"ListItem","position":2,"name":"Etusivu","item":"https:\/\/allstarfinland.fi\/"},{"@type":"ListItem","position":3,"name":"ALLSTAR EXTRALIGHT FIE ALUSLIIVI LAPSILLE (3\/4)"}]},{"@type":"WebSite","@id":"https:\/\/allstarfinland.fi\/en\/#website","url":"https:\/\/allstarfinland.fi\/en\/","name":"Allstar Finland","description":"Miekkailuv\u00e4lineiden verkkokauppa","potentialAction":[{"@type":"SearchAction","target":{"@type":"EntryPoint","urlTemplate":"https:\/\/allstarfinland.fi\/en\/?s={search_term_string}"},"query-input":{"@type":"PropertyValueSpecification","valueRequired":true,"valueName":"search_term_string"}}],"inLanguage":"en-US"}]}},"jetpack_sharing_enabled":true,"_links":{"self":[{"href":"https:\/\/allstarfinland.fi\/en\/wp-json\/wp\/v2\/product\/4526","targetHints":{"allow":["GET"]}}],"collection":[{"href":"https:\/\/allstarfinland.fi\/en\/wp-json\/wp\/v2\/product"}],"about":[{"href":"https:\/\/allstarfinland.fi\/en\/wp-json\/wp\/v2\/types\/product"}],"wp:featuredmedia":[{"embeddable":true,"href":"https:\/\/allstarfinland.fi\/en\/wp-json\/wp\/v2\/media\/4520"}],"wp:attachment":[{"href":"https:\/\/allstarfinland.fi\/en\/wp-json\/wp\/v2\/media?parent=4526"}],"wp:term":[{"taxonomy":"product_brand","embeddable":true,"href":"https:\/\/allstarfinland.fi\/en\/wp-json\/wp\/v2\/product_brand?post=4526"},{"taxonomy":"product_cat","embeddable":true,"href":"https:\/\/allstarfinland.fi\/en\/wp-json\/wp\/v2\/product_cat?post=4526"},{"taxonomy":"product_tag","embeddable":true,"href":"https:\/\/allstarfinland.fi\/en\/wp-json\/wp\/v2\/product_tag?post=4526"}],"curies":[{"name":"wp","href":"https:\/\/api.w.org\/{rel}","templated":true}]}}