{"id":3739,"date":"2022-07-18T14:48:13","date_gmt":"2022-07-18T11:48:13","guid":{"rendered":"https:\/\/allstarfinland.fi\/tuote\/allstar-inox-sahkoliivi-selkavetoketjulla-florettiintiin-naisille\/"},"modified":"2026-04-09T10:19:09","modified_gmt":"2026-04-09T07:19:09","slug":"allstar-inox-sahkoliivi-selkavetoketjulla-florettiin-naisille","status":"publish","type":"product","link":"https:\/\/allstarfinland.fi\/en\/p\/allstar-inox-sahkoliivi-selkavetoketjulla-florettiin-naisille\/","title":{"rendered":"ALLSTAR INOX ELECTRIC JACKET WITH BACKZIP WOMEN FOIL"},"content":{"rendered":"","protected":false},"excerpt":{"rendered":"<p>Our top-selling electric jacket is equally popular among top-athletes, amateurs and beginners. It features a unique robustness and a considerably longer lifespan due to the outstanding quality of the Inox material, which prevents oxidation caused by moisture and sweat. This electric jackets represents highest German quality and excellent cost-performance ratio.<\/p>\n<p>The backzip allows right- and left-handed fencers to wear the lam\u00e9. We especially developed this version of our Inox electric jacket for clubs that provide their beginners with fencing gear.<\/p>","protected":false},"featured_media":3734,"template":"","meta":[],"product_brand":[],"product_cat":[190],"product_tag":[],"class_list":{"0":"post-3739","1":"product","2":"type-product","3":"status-publish","4":"has-post-thumbnail","6":"product_cat-sahkoliivit-florettiin","7":"product_shipping_class-paketti","9":"first","10":"onbackorder","11":"taxable","12":"shipping-taxable","13":"purchasable","14":"product-type-variable"},"composite_virtual":false,"composite_layout":"","composite_add_to_cart_form_location":"","composite_editable_in_cart":false,"composite_sold_individually_context":"","composite_shop_price_calc":"","composite_components":[],"composite_scenarios":[],"supplier_id":null,"supplier_sku":"","atum_controlled":true,"out_stock_date":"2022-07-18 11:48:13","out_stock_threshold":null,"inheritable":true,"inbound_stock":0,"stock_on_hold":0,"sold_today":0,"sales_last_days":0,"reserved_stock":0,"customer_returns":0,"warehouse_damage":0,"lost_in_post":0,"other_logs":0,"out_stock_days":104,"lost_sales":0,"has_location":false,"update_date":"2026-04-09T07:19:16","atum_locations":[],"atum_stock_status":"onbackorder","restock_status":false,"low_stock_amount":"","sales_update_date":"2026-03-03T08:36:51","calc_backorders":0,"exclude_global_add_ons":[],"addons":[],"yoast_head":"<!-- This site is optimized with the Yoast SEO plugin v27.5 - https:\/\/yoast.com\/product\/yoast-seo-wordpress\/ -->\n<title>ALLSTAR INOX S\u00c4HK\u00d6LIIVI SELK\u00c4VETOKETJULLA FLORETTIIN NAISILLE - Allstar Finland<\/title>\n<meta name=\"description\" content=\"Selk\u00e4vetoketjulla oleva florettiliivi sopii sek\u00e4 vasen- ett\u00e4 oikeak\u00e4tisille miekkailijoille. Siksi se onkin erinomainen valinta seurak\u00e4ytt\u00f6\u00f6n.\" \/>\n<meta name=\"robots\" content=\"index, follow, max-snippet:-1, max-image-preview:large, max-video-preview:-1\" \/>\n<link rel=\"canonical\" href=\"https:\/\/allstarfinland.fi\/en\/p\/allstar-inox-sahkoliivi-selkavetoketjulla-florettiin-naisille\/\" \/>\n<meta property=\"og:locale\" content=\"en_US\" \/>\n<meta property=\"og:type\" content=\"article\" \/>\n<meta property=\"og:title\" content=\"ALLSTAR INOX S\u00c4HK\u00d6LIIVI SELK\u00c4VETOKETJULLA FLORETTIIN NAISILLE - Allstar Finland\" \/>\n<meta property=\"og:description\" content=\"Selk\u00e4vetoketjulla oleva florettiliivi sopii sek\u00e4 vasen- ett\u00e4 oikeak\u00e4tisille miekkailijoille. Siksi se onkin erinomainen valinta seurak\u00e4ytt\u00f6\u00f6n.\" \/>\n<meta property=\"og:url\" content=\"https:\/\/allstarfinland.fi\/en\/p\/allstar-inox-sahkoliivi-selkavetoketjulla-florettiin-naisille\/\" \/>\n<meta property=\"og:site_name\" content=\"Allstar Finland\" \/>\n<meta property=\"article:modified_time\" content=\"2026-04-09T07:19:09+00:00\" \/>\n<meta property=\"og:image\" content=\"https:\/\/allstarfinland.fi\/wp-content\/uploads\/2022\/07\/1240D_1.jpg\" \/>\n\t<meta property=\"og:image:width\" content=\"1920\" \/>\n\t<meta property=\"og:image:height\" content=\"1920\" \/>\n\t<meta property=\"og:image:type\" content=\"image\/jpeg\" \/>\n<meta name=\"twitter:card\" content=\"summary_large_image\" \/>\n<script type=\"application\/ld+json\" class=\"yoast-schema-graph\">{\"@context\":\"https:\\\/\\\/schema.org\",\"@graph\":[{\"@type\":\"WebPage\",\"@id\":\"https:\\\/\\\/allstarfinland.fi\\\/p\\\/allstar-inox-sahkoliivi-selkavetoketjulla-florettiin-naisille\\\/\",\"url\":\"https:\\\/\\\/allstarfinland.fi\\\/p\\\/allstar-inox-sahkoliivi-selkavetoketjulla-florettiin-naisille\\\/\",\"name\":\"ALLSTAR INOX S\u00c4HK\u00d6LIIVI SELK\u00c4VETOKETJULLA FLORETTIIN NAISILLE - Allstar Finland\",\"isPartOf\":{\"@id\":\"https:\\\/\\\/allstarfinland.fi\\\/en\\\/#website\"},\"primaryImageOfPage\":{\"@id\":\"https:\\\/\\\/allstarfinland.fi\\\/p\\\/allstar-inox-sahkoliivi-selkavetoketjulla-florettiin-naisille\\\/#primaryimage\"},\"image\":{\"@id\":\"https:\\\/\\\/allstarfinland.fi\\\/p\\\/allstar-inox-sahkoliivi-selkavetoketjulla-florettiin-naisille\\\/#primaryimage\"},\"thumbnailUrl\":\"https:\\\/\\\/allstarfinland.fi\\\/wp-content\\\/uploads\\\/2022\\\/07\\\/1240D_1.jpg\",\"datePublished\":\"2022-07-18T11:48:13+00:00\",\"dateModified\":\"2026-04-09T07:19:09+00:00\",\"description\":\"Selk\u00e4vetoketjulla oleva florettiliivi sopii sek\u00e4 vasen- ett\u00e4 oikeak\u00e4tisille miekkailijoille. Siksi se onkin erinomainen valinta seurak\u00e4ytt\u00f6\u00f6n.\",\"breadcrumb\":{\"@id\":\"https:\\\/\\\/allstarfinland.fi\\\/p\\\/allstar-inox-sahkoliivi-selkavetoketjulla-florettiin-naisille\\\/#breadcrumb\"},\"inLanguage\":\"en-US\",\"potentialAction\":[{\"@type\":\"ReadAction\",\"target\":[\"https:\\\/\\\/allstarfinland.fi\\\/p\\\/allstar-inox-sahkoliivi-selkavetoketjulla-florettiin-naisille\\\/\"]}]},{\"@type\":\"ImageObject\",\"inLanguage\":\"en-US\",\"@id\":\"https:\\\/\\\/allstarfinland.fi\\\/p\\\/allstar-inox-sahkoliivi-selkavetoketjulla-florettiin-naisille\\\/#primaryimage\",\"url\":\"https:\\\/\\\/allstarfinland.fi\\\/wp-content\\\/uploads\\\/2022\\\/07\\\/1240D_1.jpg\",\"contentUrl\":\"https:\\\/\\\/allstarfinland.fi\\\/wp-content\\\/uploads\\\/2022\\\/07\\\/1240D_1.jpg\",\"width\":1920,\"height\":1920},{\"@type\":\"BreadcrumbList\",\"@id\":\"https:\\\/\\\/allstarfinland.fi\\\/p\\\/allstar-inox-sahkoliivi-selkavetoketjulla-florettiin-naisille\\\/#breadcrumb\",\"itemListElement\":[{\"@type\":\"ListItem\",\"position\":1,\"name\":\"Etusivu\",\"item\":\"https:\\\/\\\/allstarfinland.fi\\\/\"},{\"@type\":\"ListItem\",\"position\":2,\"name\":\"Etusivu\",\"item\":\"https:\\\/\\\/allstarfinland.fi\\\/\"},{\"@type\":\"ListItem\",\"position\":3,\"name\":\"ALLSTAR INOX S\u00c4HK\u00d6LIIVI SELK\u00c4VETOKETJULLA FLORETTIIN NAISILLE\"}]},{\"@type\":\"WebSite\",\"@id\":\"https:\\\/\\\/allstarfinland.fi\\\/en\\\/#website\",\"url\":\"https:\\\/\\\/allstarfinland.fi\\\/en\\\/\",\"name\":\"Allstar Finland\",\"description\":\"Miekkailuv\u00e4lineiden verkkokauppa\",\"potentialAction\":[{\"@type\":\"SearchAction\",\"target\":{\"@type\":\"EntryPoint\",\"urlTemplate\":\"https:\\\/\\\/allstarfinland.fi\\\/en\\\/?s={search_term_string}\"},\"query-input\":{\"@type\":\"PropertyValueSpecification\",\"valueRequired\":true,\"valueName\":\"search_term_string\"}}],\"inLanguage\":\"en-US\"}]}<\/script>\n<!-- \/ Yoast SEO plugin. -->","yoast_head_json":{"title":"ALLSTAR INOX S\u00c4HK\u00d6LIIVI SELK\u00c4VETOKETJULLA FLORETTIIN NAISILLE - Allstar Finland","description":"Selk\u00e4vetoketjulla oleva florettiliivi sopii sek\u00e4 vasen- ett\u00e4 oikeak\u00e4tisille miekkailijoille. Siksi se onkin erinomainen valinta seurak\u00e4ytt\u00f6\u00f6n.","robots":{"index":"index","follow":"follow","max-snippet":"max-snippet:-1","max-image-preview":"max-image-preview:large","max-video-preview":"max-video-preview:-1"},"canonical":"https:\/\/allstarfinland.fi\/en\/p\/allstar-inox-sahkoliivi-selkavetoketjulla-florettiin-naisille\/","og_locale":"en_US","og_type":"article","og_title":"ALLSTAR INOX S\u00c4HK\u00d6LIIVI SELK\u00c4VETOKETJULLA FLORETTIIN NAISILLE - Allstar Finland","og_description":"Selk\u00e4vetoketjulla oleva florettiliivi sopii sek\u00e4 vasen- ett\u00e4 oikeak\u00e4tisille miekkailijoille. Siksi se onkin erinomainen valinta seurak\u00e4ytt\u00f6\u00f6n.","og_url":"https:\/\/allstarfinland.fi\/en\/p\/allstar-inox-sahkoliivi-selkavetoketjulla-florettiin-naisille\/","og_site_name":"Allstar Finland","article_modified_time":"2026-04-09T07:19:09+00:00","og_image":[{"width":1920,"height":1920,"url":"https:\/\/allstarfinland.fi\/wp-content\/uploads\/2022\/07\/1240D_1.jpg","type":"image\/jpeg"}],"twitter_card":"summary_large_image","schema":{"@context":"https:\/\/schema.org","@graph":[{"@type":"WebPage","@id":"https:\/\/allstarfinland.fi\/p\/allstar-inox-sahkoliivi-selkavetoketjulla-florettiin-naisille\/","url":"https:\/\/allstarfinland.fi\/p\/allstar-inox-sahkoliivi-selkavetoketjulla-florettiin-naisille\/","name":"ALLSTAR INOX S\u00c4HK\u00d6LIIVI SELK\u00c4VETOKETJULLA FLORETTIIN NAISILLE - Allstar Finland","isPartOf":{"@id":"https:\/\/allstarfinland.fi\/en\/#website"},"primaryImageOfPage":{"@id":"https:\/\/allstarfinland.fi\/p\/allstar-inox-sahkoliivi-selkavetoketjulla-florettiin-naisille\/#primaryimage"},"image":{"@id":"https:\/\/allstarfinland.fi\/p\/allstar-inox-sahkoliivi-selkavetoketjulla-florettiin-naisille\/#primaryimage"},"thumbnailUrl":"https:\/\/allstarfinland.fi\/wp-content\/uploads\/2022\/07\/1240D_1.jpg","datePublished":"2022-07-18T11:48:13+00:00","dateModified":"2026-04-09T07:19:09+00:00","description":"Selk\u00e4vetoketjulla oleva florettiliivi sopii sek\u00e4 vasen- ett\u00e4 oikeak\u00e4tisille miekkailijoille. Siksi se onkin erinomainen valinta seurak\u00e4ytt\u00f6\u00f6n.","breadcrumb":{"@id":"https:\/\/allstarfinland.fi\/p\/allstar-inox-sahkoliivi-selkavetoketjulla-florettiin-naisille\/#breadcrumb"},"inLanguage":"en-US","potentialAction":[{"@type":"ReadAction","target":["https:\/\/allstarfinland.fi\/p\/allstar-inox-sahkoliivi-selkavetoketjulla-florettiin-naisille\/"]}]},{"@type":"ImageObject","inLanguage":"en-US","@id":"https:\/\/allstarfinland.fi\/p\/allstar-inox-sahkoliivi-selkavetoketjulla-florettiin-naisille\/#primaryimage","url":"https:\/\/allstarfinland.fi\/wp-content\/uploads\/2022\/07\/1240D_1.jpg","contentUrl":"https:\/\/allstarfinland.fi\/wp-content\/uploads\/2022\/07\/1240D_1.jpg","width":1920,"height":1920},{"@type":"BreadcrumbList","@id":"https:\/\/allstarfinland.fi\/p\/allstar-inox-sahkoliivi-selkavetoketjulla-florettiin-naisille\/#breadcrumb","itemListElement":[{"@type":"ListItem","position":1,"name":"Etusivu","item":"https:\/\/allstarfinland.fi\/"},{"@type":"ListItem","position":2,"name":"Etusivu","item":"https:\/\/allstarfinland.fi\/"},{"@type":"ListItem","position":3,"name":"ALLSTAR INOX S\u00c4HK\u00d6LIIVI SELK\u00c4VETOKETJULLA FLORETTIIN NAISILLE"}]},{"@type":"WebSite","@id":"https:\/\/allstarfinland.fi\/en\/#website","url":"https:\/\/allstarfinland.fi\/en\/","name":"Allstar Finland","description":"Miekkailuv\u00e4lineiden verkkokauppa","potentialAction":[{"@type":"SearchAction","target":{"@type":"EntryPoint","urlTemplate":"https:\/\/allstarfinland.fi\/en\/?s={search_term_string}"},"query-input":{"@type":"PropertyValueSpecification","valueRequired":true,"valueName":"search_term_string"}}],"inLanguage":"en-US"}]}},"jetpack_sharing_enabled":true,"_links":{"self":[{"href":"https:\/\/allstarfinland.fi\/en\/wp-json\/wp\/v2\/product\/3739","targetHints":{"allow":["GET"]}}],"collection":[{"href":"https:\/\/allstarfinland.fi\/en\/wp-json\/wp\/v2\/product"}],"about":[{"href":"https:\/\/allstarfinland.fi\/en\/wp-json\/wp\/v2\/types\/product"}],"wp:featuredmedia":[{"embeddable":true,"href":"https:\/\/allstarfinland.fi\/en\/wp-json\/wp\/v2\/media\/3734"}],"wp:attachment":[{"href":"https:\/\/allstarfinland.fi\/en\/wp-json\/wp\/v2\/media?parent=3739"}],"wp:term":[{"taxonomy":"product_brand","embeddable":true,"href":"https:\/\/allstarfinland.fi\/en\/wp-json\/wp\/v2\/product_brand?post=3739"},{"taxonomy":"product_cat","embeddable":true,"href":"https:\/\/allstarfinland.fi\/en\/wp-json\/wp\/v2\/product_cat?post=3739"},{"taxonomy":"product_tag","embeddable":true,"href":"https:\/\/allstarfinland.fi\/en\/wp-json\/wp\/v2\/product_tag?post=3739"}],"curies":[{"name":"wp","href":"https:\/\/api.w.org\/{rel}","templated":true}]}}