{"id":3433,"date":"2022-07-18T14:28:33","date_gmt":"2022-07-18T11:28:33","guid":{"rendered":"https:\/\/allstarfinland.fi\/tuote\/allstar-ultralight-sahkoliivi-florettiin-tytoille\/"},"modified":"2026-02-18T12:05:42","modified_gmt":"2026-02-18T10:05:42","slug":"allstar-ultralight-sahkoliivi-florettiin-tytoille","status":"publish","type":"product","link":"https:\/\/allstarfinland.fi\/en\/p\/allstar-ultralight-sahkoliivi-florettiin-tytoille\/","title":{"rendered":"ALLSTAR ULTRALIGHT ELECTRIC JACKET GIRLS FOIL"},"content":{"rendered":"","protected":false},"excerpt":{"rendered":"<p>UltraLight s\u00e4hk\u00f6liivi on valmistettu eritt\u00e4in hienosta verkkomaisesta materiaalista, joka on laminoitu s\u00e4hk\u00f6\u00e4 johtavalla hopealla. Kevyen painonsa vuoksi s\u00e4hk\u00f6liivi on huomaamattoman joustava, mukava eik\u00e4 se rajoita liikkuvuutta. T\u00e4ss\u00e4 premium-tuotteessa yhdistyv\u00e4t tyylikkyys, mukavuus ja suorituskyky. Kultainen s\u00e4vy ja ilmi\u00f6m\u00e4inen k\u00e4ytt\u00f6mukavuus tekev\u00e4t siit\u00e4 ykk\u00f6svalinnan maailman huippumiekkailijoille tai sellaiseksi aikoville.<\/p>","protected":false},"featured_media":3423,"template":"","meta":[],"product_brand":[],"product_cat":[190],"product_tag":[],"class_list":{"0":"post-3433","1":"product","2":"type-product","3":"status-publish","4":"has-post-thumbnail","6":"product_cat-sahkoliivit-florettiin","7":"product_shipping_class-paketti","9":"first","10":"onbackorder","11":"taxable","12":"shipping-taxable","13":"purchasable","14":"product-type-variable"},"composite_virtual":false,"composite_layout":"","composite_add_to_cart_form_location":"","composite_editable_in_cart":false,"composite_sold_individually_context":"","composite_shop_price_calc":"","composite_components":[],"composite_scenarios":[],"supplier_id":null,"supplier_sku":"","atum_controlled":true,"out_stock_date":"2023-06-19 09:08:34","out_stock_threshold":null,"inheritable":true,"inbound_stock":0,"stock_on_hold":0,"sold_today":null,"sales_last_days":null,"reserved_stock":0,"customer_returns":0,"warehouse_damage":0,"lost_in_post":0,"other_logs":0,"out_stock_days":253,"lost_sales":null,"has_location":false,"update_date":"2026-03-23T09:29:07","atum_locations":[],"atum_stock_status":"onbackorder","restock_status":false,"low_stock_amount":"","sales_update_date":"2026-03-23T09:29:07","calc_backorders":null,"exclude_global_add_ons":false,"addons":[{"name":"Printing of name and nationality","type":"custom_text","position":0,"required":false,"title_format":"label","default":"","description_enable":true,"description":"Type LASTNAME \/ COUNTRY (for example SMITH \/  USA)","placeholder_enable":false,"placeholder":"","display":"select","restrictions_type":"any_text","adjust_price":true,"price":"15","price_type":"flat_fee","restrictions":false,"min":"0","max":"0","options":[],"id":1709115174}],"yoast_head":"<!-- This site is optimized with the Yoast SEO plugin v27.4 - https:\/\/yoast.com\/product\/yoast-seo-wordpress\/ -->\n<title>ALLSTAR ULTRALIGHT S\u00c4HK\u00d6LIIVI FLORETTIIN TYT\u00d6ILLE - Allstar Finland<\/title>\n<meta name=\"description\" content=\"Allstar UltraLight s\u00e4hk\u00f6liivi on valmistettu eritt\u00e4in hienosta verkkomaisesta materiaalista, joka on laminoitu s\u00e4hk\u00f6\u00e4 johtavalla hopealla.\" \/>\n<meta name=\"robots\" content=\"index, follow, max-snippet:-1, max-image-preview:large, max-video-preview:-1\" \/>\n<link rel=\"canonical\" href=\"https:\/\/allstarfinland.fi\/en\/p\/allstar-ultralight-sahkoliivi-florettiin-tytoille\/\" \/>\n<meta property=\"og:locale\" content=\"en_US\" \/>\n<meta property=\"og:type\" content=\"article\" \/>\n<meta property=\"og:title\" content=\"ALLSTAR ULTRALIGHT S\u00c4HK\u00d6LIIVI FLORETTIIN TYT\u00d6ILLE - Allstar Finland\" \/>\n<meta property=\"og:description\" content=\"Allstar UltraLight s\u00e4hk\u00f6liivi on valmistettu eritt\u00e4in hienosta verkkomaisesta materiaalista, joka on laminoitu s\u00e4hk\u00f6\u00e4 johtavalla hopealla.\" \/>\n<meta property=\"og:url\" content=\"https:\/\/allstarfinland.fi\/en\/p\/allstar-ultralight-sahkoliivi-florettiin-tytoille\/\" \/>\n<meta property=\"og:site_name\" content=\"Allstar Finland\" \/>\n<meta property=\"article:modified_time\" content=\"2026-02-18T10:05:42+00:00\" \/>\n<meta property=\"og:image\" content=\"https:\/\/allstarfinland.fi\/wp-content\/uploads\/2022\/07\/1160D_1.jpg\" \/>\n\t<meta property=\"og:image:width\" content=\"1920\" \/>\n\t<meta property=\"og:image:height\" content=\"1920\" \/>\n\t<meta property=\"og:image:type\" content=\"image\/jpeg\" \/>\n<meta name=\"twitter:card\" content=\"summary_large_image\" \/>\n<meta name=\"twitter:label1\" content=\"Est. reading time\" \/>\n\t<meta name=\"twitter:data1\" content=\"1 minute\" \/>\n<script type=\"application\/ld+json\" class=\"yoast-schema-graph\">{\"@context\":\"https:\\\/\\\/schema.org\",\"@graph\":[{\"@type\":\"WebPage\",\"@id\":\"https:\\\/\\\/allstarfinland.fi\\\/p\\\/allstar-ultralight-sahkoliivi-florettiin-tytoille\\\/\",\"url\":\"https:\\\/\\\/allstarfinland.fi\\\/p\\\/allstar-ultralight-sahkoliivi-florettiin-tytoille\\\/\",\"name\":\"ALLSTAR ULTRALIGHT S\u00c4HK\u00d6LIIVI FLORETTIIN TYT\u00d6ILLE - Allstar Finland\",\"isPartOf\":{\"@id\":\"https:\\\/\\\/allstarfinland.fi\\\/en\\\/#website\"},\"primaryImageOfPage\":{\"@id\":\"https:\\\/\\\/allstarfinland.fi\\\/p\\\/allstar-ultralight-sahkoliivi-florettiin-tytoille\\\/#primaryimage\"},\"image\":{\"@id\":\"https:\\\/\\\/allstarfinland.fi\\\/p\\\/allstar-ultralight-sahkoliivi-florettiin-tytoille\\\/#primaryimage\"},\"thumbnailUrl\":\"https:\\\/\\\/allstarfinland.fi\\\/wp-content\\\/uploads\\\/2022\\\/07\\\/1160D_1.jpg\",\"datePublished\":\"2022-07-18T11:28:33+00:00\",\"dateModified\":\"2026-02-18T10:05:42+00:00\",\"description\":\"Allstar UltraLight s\u00e4hk\u00f6liivi on valmistettu eritt\u00e4in hienosta verkkomaisesta materiaalista, joka on laminoitu s\u00e4hk\u00f6\u00e4 johtavalla hopealla.\",\"breadcrumb\":{\"@id\":\"https:\\\/\\\/allstarfinland.fi\\\/p\\\/allstar-ultralight-sahkoliivi-florettiin-tytoille\\\/#breadcrumb\"},\"inLanguage\":\"en-US\",\"potentialAction\":[{\"@type\":\"ReadAction\",\"target\":[\"https:\\\/\\\/allstarfinland.fi\\\/p\\\/allstar-ultralight-sahkoliivi-florettiin-tytoille\\\/\"]}]},{\"@type\":\"ImageObject\",\"inLanguage\":\"en-US\",\"@id\":\"https:\\\/\\\/allstarfinland.fi\\\/p\\\/allstar-ultralight-sahkoliivi-florettiin-tytoille\\\/#primaryimage\",\"url\":\"https:\\\/\\\/allstarfinland.fi\\\/wp-content\\\/uploads\\\/2022\\\/07\\\/1160D_1.jpg\",\"contentUrl\":\"https:\\\/\\\/allstarfinland.fi\\\/wp-content\\\/uploads\\\/2022\\\/07\\\/1160D_1.jpg\",\"width\":1920,\"height\":1920},{\"@type\":\"BreadcrumbList\",\"@id\":\"https:\\\/\\\/allstarfinland.fi\\\/p\\\/allstar-ultralight-sahkoliivi-florettiin-tytoille\\\/#breadcrumb\",\"itemListElement\":[{\"@type\":\"ListItem\",\"position\":1,\"name\":\"Etusivu\",\"item\":\"https:\\\/\\\/allstarfinland.fi\\\/\"},{\"@type\":\"ListItem\",\"position\":2,\"name\":\"Etusivu\",\"item\":\"https:\\\/\\\/allstarfinland.fi\\\/\"},{\"@type\":\"ListItem\",\"position\":3,\"name\":\"ALLSTAR ULTRALIGHT S\u00c4HK\u00d6LIIVI FLORETTIIN TYT\u00d6ILLE\"}]},{\"@type\":\"WebSite\",\"@id\":\"https:\\\/\\\/allstarfinland.fi\\\/en\\\/#website\",\"url\":\"https:\\\/\\\/allstarfinland.fi\\\/en\\\/\",\"name\":\"Allstar Finland\",\"description\":\"Miekkailuv\u00e4lineiden verkkokauppa\",\"potentialAction\":[{\"@type\":\"SearchAction\",\"target\":{\"@type\":\"EntryPoint\",\"urlTemplate\":\"https:\\\/\\\/allstarfinland.fi\\\/en\\\/?s={search_term_string}\"},\"query-input\":{\"@type\":\"PropertyValueSpecification\",\"valueRequired\":true,\"valueName\":\"search_term_string\"}}],\"inLanguage\":\"en-US\"}]}<\/script>\n<!-- \/ Yoast SEO plugin. -->","yoast_head_json":{"title":"ALLSTAR ULTRALIGHT S\u00c4HK\u00d6LIIVI FLORETTIIN TYT\u00d6ILLE - Allstar Finland","description":"Allstar UltraLight s\u00e4hk\u00f6liivi on valmistettu eritt\u00e4in hienosta verkkomaisesta materiaalista, joka on laminoitu s\u00e4hk\u00f6\u00e4 johtavalla hopealla.","robots":{"index":"index","follow":"follow","max-snippet":"max-snippet:-1","max-image-preview":"max-image-preview:large","max-video-preview":"max-video-preview:-1"},"canonical":"https:\/\/allstarfinland.fi\/en\/p\/allstar-ultralight-sahkoliivi-florettiin-tytoille\/","og_locale":"en_US","og_type":"article","og_title":"ALLSTAR ULTRALIGHT S\u00c4HK\u00d6LIIVI FLORETTIIN TYT\u00d6ILLE - Allstar Finland","og_description":"Allstar UltraLight s\u00e4hk\u00f6liivi on valmistettu eritt\u00e4in hienosta verkkomaisesta materiaalista, joka on laminoitu s\u00e4hk\u00f6\u00e4 johtavalla hopealla.","og_url":"https:\/\/allstarfinland.fi\/en\/p\/allstar-ultralight-sahkoliivi-florettiin-tytoille\/","og_site_name":"Allstar Finland","article_modified_time":"2026-02-18T10:05:42+00:00","og_image":[{"width":1920,"height":1920,"url":"https:\/\/allstarfinland.fi\/wp-content\/uploads\/2022\/07\/1160D_1.jpg","type":"image\/jpeg"}],"twitter_card":"summary_large_image","twitter_misc":{"Est. reading time":"1 minute"},"schema":{"@context":"https:\/\/schema.org","@graph":[{"@type":"WebPage","@id":"https:\/\/allstarfinland.fi\/p\/allstar-ultralight-sahkoliivi-florettiin-tytoille\/","url":"https:\/\/allstarfinland.fi\/p\/allstar-ultralight-sahkoliivi-florettiin-tytoille\/","name":"ALLSTAR ULTRALIGHT S\u00c4HK\u00d6LIIVI FLORETTIIN TYT\u00d6ILLE - Allstar Finland","isPartOf":{"@id":"https:\/\/allstarfinland.fi\/en\/#website"},"primaryImageOfPage":{"@id":"https:\/\/allstarfinland.fi\/p\/allstar-ultralight-sahkoliivi-florettiin-tytoille\/#primaryimage"},"image":{"@id":"https:\/\/allstarfinland.fi\/p\/allstar-ultralight-sahkoliivi-florettiin-tytoille\/#primaryimage"},"thumbnailUrl":"https:\/\/allstarfinland.fi\/wp-content\/uploads\/2022\/07\/1160D_1.jpg","datePublished":"2022-07-18T11:28:33+00:00","dateModified":"2026-02-18T10:05:42+00:00","description":"Allstar UltraLight s\u00e4hk\u00f6liivi on valmistettu eritt\u00e4in hienosta verkkomaisesta materiaalista, joka on laminoitu s\u00e4hk\u00f6\u00e4 johtavalla hopealla.","breadcrumb":{"@id":"https:\/\/allstarfinland.fi\/p\/allstar-ultralight-sahkoliivi-florettiin-tytoille\/#breadcrumb"},"inLanguage":"en-US","potentialAction":[{"@type":"ReadAction","target":["https:\/\/allstarfinland.fi\/p\/allstar-ultralight-sahkoliivi-florettiin-tytoille\/"]}]},{"@type":"ImageObject","inLanguage":"en-US","@id":"https:\/\/allstarfinland.fi\/p\/allstar-ultralight-sahkoliivi-florettiin-tytoille\/#primaryimage","url":"https:\/\/allstarfinland.fi\/wp-content\/uploads\/2022\/07\/1160D_1.jpg","contentUrl":"https:\/\/allstarfinland.fi\/wp-content\/uploads\/2022\/07\/1160D_1.jpg","width":1920,"height":1920},{"@type":"BreadcrumbList","@id":"https:\/\/allstarfinland.fi\/p\/allstar-ultralight-sahkoliivi-florettiin-tytoille\/#breadcrumb","itemListElement":[{"@type":"ListItem","position":1,"name":"Etusivu","item":"https:\/\/allstarfinland.fi\/"},{"@type":"ListItem","position":2,"name":"Etusivu","item":"https:\/\/allstarfinland.fi\/"},{"@type":"ListItem","position":3,"name":"ALLSTAR ULTRALIGHT S\u00c4HK\u00d6LIIVI FLORETTIIN TYT\u00d6ILLE"}]},{"@type":"WebSite","@id":"https:\/\/allstarfinland.fi\/en\/#website","url":"https:\/\/allstarfinland.fi\/en\/","name":"Allstar Finland","description":"Miekkailuv\u00e4lineiden verkkokauppa","potentialAction":[{"@type":"SearchAction","target":{"@type":"EntryPoint","urlTemplate":"https:\/\/allstarfinland.fi\/en\/?s={search_term_string}"},"query-input":{"@type":"PropertyValueSpecification","valueRequired":true,"valueName":"search_term_string"}}],"inLanguage":"en-US"}]}},"jetpack_sharing_enabled":true,"_links":{"self":[{"href":"https:\/\/allstarfinland.fi\/en\/wp-json\/wp\/v2\/product\/3433","targetHints":{"allow":["GET"]}}],"collection":[{"href":"https:\/\/allstarfinland.fi\/en\/wp-json\/wp\/v2\/product"}],"about":[{"href":"https:\/\/allstarfinland.fi\/en\/wp-json\/wp\/v2\/types\/product"}],"wp:featuredmedia":[{"embeddable":true,"href":"https:\/\/allstarfinland.fi\/en\/wp-json\/wp\/v2\/media\/3423"}],"wp:attachment":[{"href":"https:\/\/allstarfinland.fi\/en\/wp-json\/wp\/v2\/media?parent=3433"}],"wp:term":[{"taxonomy":"product_brand","embeddable":true,"href":"https:\/\/allstarfinland.fi\/en\/wp-json\/wp\/v2\/product_brand?post=3433"},{"taxonomy":"product_cat","embeddable":true,"href":"https:\/\/allstarfinland.fi\/en\/wp-json\/wp\/v2\/product_cat?post=3433"},{"taxonomy":"product_tag","embeddable":true,"href":"https:\/\/allstarfinland.fi\/en\/wp-json\/wp\/v2\/product_tag?post=3433"}],"curies":[{"name":"wp","href":"https:\/\/api.w.org\/{rel}","templated":true}]}}