{"id":3351,"date":"2022-07-18T12:41:10","date_gmt":"2022-07-18T09:41:10","guid":{"rendered":"https:\/\/allstarfinland.fi\/?post_type=product&#038;p=3351"},"modified":"2024-09-16T13:51:10","modified_gmt":"2024-09-16T10:51:10","slug":"kempa-attack-miekkailukengat","status":"publish","type":"product","link":"https:\/\/allstarfinland.fi\/en\/p\/kempa-attack-miekkailukengat\/","title":{"rendered":"KEMPA ATTACK FENCING SHOES"},"content":{"rendered":"<p>Keyfacts:<\/p>\n<ul>\n<li>very high abrasion-resistance due to the use of a high-quality rubber composite for the sole<\/li>\n<li>the honeycomb profile guarantees a perfect grip on the piste<\/li>\n<li>lateral leather reinforcement<\/li>\n<li>reinforced shoelace protection<\/li>\n<li>light weight<\/li>\n<\/ul>","protected":false},"excerpt":{"rendered":"<p><strong>Attack - Unleash your footwork<\/strong><\/p>\n<p>Our Attack is the perfect choice for all fencers looking for an affordable high-quality fencing shoe. This high-performance fencing shoe is the successful result of an intense collaboration of three German companies going global: allstar, Uhlmann and Kempa. Our Attack combines highest functionality and durability with an appealing design.<\/p>","protected":false},"featured_media":3346,"template":"","meta":[],"product_brand":[],"product_cat":[127,192],"product_tag":[],"class_list":{"0":"post-3351","1":"product","2":"type-product","3":"status-publish","4":"has-post-thumbnail","6":"product_cat-kengat-ja-sukat","7":"product_cat-miekkailukengat","8":"product_shipping_class-paketti","10":"first","11":"onbackorder","12":"taxable","13":"shipping-taxable","14":"purchasable","15":"product-type-variable"},"composite_virtual":false,"composite_layout":"","composite_add_to_cart_form_location":"","composite_editable_in_cart":false,"composite_sold_individually_context":"","composite_shop_price_calc":"","composite_components":[],"composite_scenarios":[],"supplier_id":null,"supplier_sku":"","atum_controlled":true,"out_stock_date":"2022-07-18 09:41:11","out_stock_threshold":null,"inheritable":true,"inbound_stock":0,"stock_on_hold":0,"sold_today":0,"sales_last_days":0,"reserved_stock":0,"customer_returns":0,"warehouse_damage":0,"lost_in_post":0,"other_logs":0,"out_stock_days":512,"lost_sales":0,"has_location":false,"update_date":"2026-04-19T11:43:36","atum_locations":[],"atum_stock_status":"onbackorder","restock_status":false,"low_stock_amount":"","sales_update_date":"2025-12-28T09:37:01","calc_backorders":0,"exclude_global_add_ons":[],"addons":[],"yoast_head":"<!-- This site is optimized with the Yoast SEO plugin v27.3 - https:\/\/yoast.com\/product\/yoast-seo-wordpress\/ -->\n<title>KEMPA ATTACK MIEKKAILUKENG\u00c4T - Allstar Finland<\/title>\n<meta name=\"robots\" content=\"index, follow, max-snippet:-1, max-image-preview:large, max-video-preview:-1\" \/>\n<link rel=\"canonical\" href=\"https:\/\/allstarfinland.fi\/en\/p\/kempa-attack-miekkailukengat\/\" \/>\n<meta property=\"og:locale\" content=\"en_US\" \/>\n<meta property=\"og:type\" content=\"article\" \/>\n<meta property=\"og:title\" content=\"KEMPA ATTACK MIEKKAILUKENG\u00c4T - Allstar Finland\" \/>\n<meta property=\"og:description\" content=\"Attack- vapauta jalkaty\u00f6si  Attack on t\u00e4ydellinen valinta miekkailijoille, jotka etsiv\u00e4t edullista korkealaatuista kenk\u00e4\u00e4. Attack on kolmen maailmanlaajuisen saksalaisen yrityksen allstarin, Uhlmannin ja Kempan yhteisty\u00f6n tulos. Attackissa yhdistyv\u00e4t parhaat miekkailukeng\u00e4n ominaisuudet, erinomainen kest\u00e4vyys ja houkutteleva muotoilu.\" \/>\n<meta property=\"og:url\" content=\"https:\/\/allstarfinland.fi\/en\/p\/kempa-attack-miekkailukengat\/\" \/>\n<meta property=\"og:site_name\" content=\"Allstar Finland\" \/>\n<meta property=\"article:modified_time\" content=\"2024-09-16T10:51:10+00:00\" \/>\n<meta property=\"og:image\" content=\"https:\/\/allstarfinland.fi\/wp-content\/uploads\/2022\/07\/519KAS_1.jpg\" \/>\n\t<meta property=\"og:image:width\" content=\"1920\" \/>\n\t<meta property=\"og:image:height\" content=\"1920\" \/>\n\t<meta property=\"og:image:type\" content=\"image\/jpeg\" \/>\n<meta name=\"twitter:card\" content=\"summary_large_image\" \/>\n<meta name=\"twitter:label1\" content=\"Est. reading time\" \/>\n\t<meta name=\"twitter:data1\" content=\"1 minute\" \/>\n<script type=\"application\/ld+json\" class=\"yoast-schema-graph\">{\"@context\":\"https:\\\/\\\/schema.org\",\"@graph\":[{\"@type\":\"WebPage\",\"@id\":\"https:\\\/\\\/allstarfinland.fi\\\/p\\\/kempa-attack-miekkailukengat\\\/\",\"url\":\"https:\\\/\\\/allstarfinland.fi\\\/p\\\/kempa-attack-miekkailukengat\\\/\",\"name\":\"KEMPA ATTACK MIEKKAILUKENG\u00c4T - Allstar Finland\",\"isPartOf\":{\"@id\":\"https:\\\/\\\/allstarfinland.fi\\\/en\\\/#website\"},\"primaryImageOfPage\":{\"@id\":\"https:\\\/\\\/allstarfinland.fi\\\/p\\\/kempa-attack-miekkailukengat\\\/#primaryimage\"},\"image\":{\"@id\":\"https:\\\/\\\/allstarfinland.fi\\\/p\\\/kempa-attack-miekkailukengat\\\/#primaryimage\"},\"thumbnailUrl\":\"https:\\\/\\\/allstarfinland.fi\\\/wp-content\\\/uploads\\\/2022\\\/07\\\/519KAS_1.jpg\",\"datePublished\":\"2022-07-18T09:41:10+00:00\",\"dateModified\":\"2024-09-16T10:51:10+00:00\",\"breadcrumb\":{\"@id\":\"https:\\\/\\\/allstarfinland.fi\\\/p\\\/kempa-attack-miekkailukengat\\\/#breadcrumb\"},\"inLanguage\":\"en-US\",\"potentialAction\":[{\"@type\":\"ReadAction\",\"target\":[\"https:\\\/\\\/allstarfinland.fi\\\/p\\\/kempa-attack-miekkailukengat\\\/\"]}]},{\"@type\":\"ImageObject\",\"inLanguage\":\"en-US\",\"@id\":\"https:\\\/\\\/allstarfinland.fi\\\/p\\\/kempa-attack-miekkailukengat\\\/#primaryimage\",\"url\":\"https:\\\/\\\/allstarfinland.fi\\\/wp-content\\\/uploads\\\/2022\\\/07\\\/519KAS_1.jpg\",\"contentUrl\":\"https:\\\/\\\/allstarfinland.fi\\\/wp-content\\\/uploads\\\/2022\\\/07\\\/519KAS_1.jpg\",\"width\":1920,\"height\":1920},{\"@type\":\"BreadcrumbList\",\"@id\":\"https:\\\/\\\/allstarfinland.fi\\\/p\\\/kempa-attack-miekkailukengat\\\/#breadcrumb\",\"itemListElement\":[{\"@type\":\"ListItem\",\"position\":1,\"name\":\"Etusivu\",\"item\":\"https:\\\/\\\/allstarfinland.fi\\\/\"},{\"@type\":\"ListItem\",\"position\":2,\"name\":\"Etusivu\",\"item\":\"https:\\\/\\\/allstarfinland.fi\\\/\"},{\"@type\":\"ListItem\",\"position\":3,\"name\":\"KEMPA ATTACK MIEKKAILUKENG\u00c4T\"}]},{\"@type\":\"WebSite\",\"@id\":\"https:\\\/\\\/allstarfinland.fi\\\/en\\\/#website\",\"url\":\"https:\\\/\\\/allstarfinland.fi\\\/en\\\/\",\"name\":\"Allstar Finland\",\"description\":\"Miekkailuv\u00e4lineiden verkkokauppa\",\"potentialAction\":[{\"@type\":\"SearchAction\",\"target\":{\"@type\":\"EntryPoint\",\"urlTemplate\":\"https:\\\/\\\/allstarfinland.fi\\\/en\\\/?s={search_term_string}\"},\"query-input\":{\"@type\":\"PropertyValueSpecification\",\"valueRequired\":true,\"valueName\":\"search_term_string\"}}],\"inLanguage\":\"en-US\"}]}<\/script>\n<!-- \/ Yoast SEO plugin. -->","yoast_head_json":{"title":"KEMPA ATTACK MIEKKAILUKENG\u00c4T - Allstar Finland","robots":{"index":"index","follow":"follow","max-snippet":"max-snippet:-1","max-image-preview":"max-image-preview:large","max-video-preview":"max-video-preview:-1"},"canonical":"https:\/\/allstarfinland.fi\/en\/p\/kempa-attack-miekkailukengat\/","og_locale":"en_US","og_type":"article","og_title":"KEMPA ATTACK MIEKKAILUKENG\u00c4T - Allstar Finland","og_description":"Attack- vapauta jalkaty\u00f6si  Attack on t\u00e4ydellinen valinta miekkailijoille, jotka etsiv\u00e4t edullista korkealaatuista kenk\u00e4\u00e4. Attack on kolmen maailmanlaajuisen saksalaisen yrityksen allstarin, Uhlmannin ja Kempan yhteisty\u00f6n tulos. Attackissa yhdistyv\u00e4t parhaat miekkailukeng\u00e4n ominaisuudet, erinomainen kest\u00e4vyys ja houkutteleva muotoilu.","og_url":"https:\/\/allstarfinland.fi\/en\/p\/kempa-attack-miekkailukengat\/","og_site_name":"Allstar Finland","article_modified_time":"2024-09-16T10:51:10+00:00","og_image":[{"width":1920,"height":1920,"url":"https:\/\/allstarfinland.fi\/wp-content\/uploads\/2022\/07\/519KAS_1.jpg","type":"image\/jpeg"}],"twitter_card":"summary_large_image","twitter_misc":{"Est. reading time":"1 minute"},"schema":{"@context":"https:\/\/schema.org","@graph":[{"@type":"WebPage","@id":"https:\/\/allstarfinland.fi\/p\/kempa-attack-miekkailukengat\/","url":"https:\/\/allstarfinland.fi\/p\/kempa-attack-miekkailukengat\/","name":"KEMPA ATTACK MIEKKAILUKENG\u00c4T - Allstar Finland","isPartOf":{"@id":"https:\/\/allstarfinland.fi\/en\/#website"},"primaryImageOfPage":{"@id":"https:\/\/allstarfinland.fi\/p\/kempa-attack-miekkailukengat\/#primaryimage"},"image":{"@id":"https:\/\/allstarfinland.fi\/p\/kempa-attack-miekkailukengat\/#primaryimage"},"thumbnailUrl":"https:\/\/allstarfinland.fi\/wp-content\/uploads\/2022\/07\/519KAS_1.jpg","datePublished":"2022-07-18T09:41:10+00:00","dateModified":"2024-09-16T10:51:10+00:00","breadcrumb":{"@id":"https:\/\/allstarfinland.fi\/p\/kempa-attack-miekkailukengat\/#breadcrumb"},"inLanguage":"en-US","potentialAction":[{"@type":"ReadAction","target":["https:\/\/allstarfinland.fi\/p\/kempa-attack-miekkailukengat\/"]}]},{"@type":"ImageObject","inLanguage":"en-US","@id":"https:\/\/allstarfinland.fi\/p\/kempa-attack-miekkailukengat\/#primaryimage","url":"https:\/\/allstarfinland.fi\/wp-content\/uploads\/2022\/07\/519KAS_1.jpg","contentUrl":"https:\/\/allstarfinland.fi\/wp-content\/uploads\/2022\/07\/519KAS_1.jpg","width":1920,"height":1920},{"@type":"BreadcrumbList","@id":"https:\/\/allstarfinland.fi\/p\/kempa-attack-miekkailukengat\/#breadcrumb","itemListElement":[{"@type":"ListItem","position":1,"name":"Etusivu","item":"https:\/\/allstarfinland.fi\/"},{"@type":"ListItem","position":2,"name":"Etusivu","item":"https:\/\/allstarfinland.fi\/"},{"@type":"ListItem","position":3,"name":"KEMPA ATTACK MIEKKAILUKENG\u00c4T"}]},{"@type":"WebSite","@id":"https:\/\/allstarfinland.fi\/en\/#website","url":"https:\/\/allstarfinland.fi\/en\/","name":"Allstar Finland","description":"Miekkailuv\u00e4lineiden verkkokauppa","potentialAction":[{"@type":"SearchAction","target":{"@type":"EntryPoint","urlTemplate":"https:\/\/allstarfinland.fi\/en\/?s={search_term_string}"},"query-input":{"@type":"PropertyValueSpecification","valueRequired":true,"valueName":"search_term_string"}}],"inLanguage":"en-US"}]}},"jetpack_sharing_enabled":true,"_links":{"self":[{"href":"https:\/\/allstarfinland.fi\/en\/wp-json\/wp\/v2\/product\/3351","targetHints":{"allow":["GET"]}}],"collection":[{"href":"https:\/\/allstarfinland.fi\/en\/wp-json\/wp\/v2\/product"}],"about":[{"href":"https:\/\/allstarfinland.fi\/en\/wp-json\/wp\/v2\/types\/product"}],"wp:featuredmedia":[{"embeddable":true,"href":"https:\/\/allstarfinland.fi\/en\/wp-json\/wp\/v2\/media\/3346"}],"wp:attachment":[{"href":"https:\/\/allstarfinland.fi\/en\/wp-json\/wp\/v2\/media?parent=3351"}],"wp:term":[{"taxonomy":"product_brand","embeddable":true,"href":"https:\/\/allstarfinland.fi\/en\/wp-json\/wp\/v2\/product_brand?post=3351"},{"taxonomy":"product_cat","embeddable":true,"href":"https:\/\/allstarfinland.fi\/en\/wp-json\/wp\/v2\/product_cat?post=3351"},{"taxonomy":"product_tag","embeddable":true,"href":"https:\/\/allstarfinland.fi\/en\/wp-json\/wp\/v2\/product_tag?post=3351"}],"curies":[{"name":"wp","href":"https:\/\/api.w.org\/{rel}","templated":true}]}}