{"id":2816,"date":"2022-07-17T18:31:37","date_gmt":"2022-07-17T15:31:37","guid":{"rendered":"https:\/\/allstarfinland.fi\/?post_type=product&#038;p=2816"},"modified":"2026-04-09T13:38:16","modified_gmt":"2026-04-09T10:38:16","slug":"allstar-alpha-350n-miekkailutakki-miehille","status":"publish","type":"product","link":"https:\/\/allstarfinland.fi\/en\/p\/allstar-alpha-350n-miekkailutakki-miehille\/","title":{"rendered":"ALPHA 350N FENCING JACKET FOR MEN"},"content":{"rendered":"<p>Alpha features protection, comfort, quality and a perfect fit.<\/p>\n<p>Keyfacts:<\/p>\n<ul>\n<li>350N fencing uniform for kids and beginners<\/li>\n<li>optimized wearing comfort and free moving space<\/li>\n<li>bright white<\/li>\n<li>lightweight and elastic<\/li>\n<li>perfect fit (cut is based on our top-of-the-line model)<\/li>\n<li>comfortable Coolmax-lining<\/li>\n<li>machine washable<\/li>\n<li>high-quality and long-lasting materials<\/li>\n<\/ul>\n<p>Please note that<strong>\u00a0Alpha 350N is not allowed to use in competitions<\/strong>\u00a0except some kids' series.<\/p>","protected":false},"excerpt":{"rendered":"<p>Alpha is our number one among 350N fencing uniforms for kids and beginners.<\/p>","protected":false},"featured_media":2752,"template":"","meta":[],"product_brand":[],"product_cat":[25],"product_tag":[82,83,84],"class_list":{"0":"post-2816","1":"product","2":"type-product","3":"status-publish","4":"has-post-thumbnail","6":"product_cat-350n","7":"product_tag-miekkailupuku","8":"product_tag-puku","9":"product_tag-takki","10":"product_shipping_class-paketti","12":"first","13":"onbackorder","14":"taxable","15":"shipping-taxable","16":"purchasable","17":"product-type-variable"},"composite_virtual":false,"composite_layout":"","composite_add_to_cart_form_location":"","composite_editable_in_cart":false,"composite_sold_individually_context":"","composite_shop_price_calc":"","composite_components":[],"composite_scenarios":[],"supplier_id":null,"supplier_sku":"","atum_controlled":true,"out_stock_date":"2022-07-17 15:31:39","out_stock_threshold":null,"inheritable":true,"inbound_stock":0,"stock_on_hold":0,"sold_today":0,"sales_last_days":1,"reserved_stock":0,"customer_returns":0,"warehouse_damage":0,"lost_in_post":0,"other_logs":0,"out_stock_days":896,"lost_sales":0,"has_location":false,"update_date":"2026-04-09T10:38:25","atum_locations":[],"atum_stock_status":"onbackorder","restock_status":false,"low_stock_amount":"","sales_update_date":null,"calc_backorders":0,"exclude_global_add_ons":false,"addons":[{"name":"Printing of name and nationality","type":"custom_text","position":0,"required":false,"title_format":"label","default":"","description_enable":true,"description":"Type LASTNAME \/ COUNTRY (for example SMITH \/  USA)","placeholder_enable":false,"placeholder":"","display":"select","restrictions_type":"any_text","adjust_price":true,"price":"15","price_type":"flat_fee","restrictions":false,"min":"0","max":"0","options":[],"id":1709122331}],"yoast_head":"<!-- This site is optimized with the Yoast SEO plugin v27.4 - https:\/\/yoast.com\/product\/yoast-seo-wordpress\/ -->\n<title>ALPHA 350N MIEKKAILUTAKKI MIEHILLE - Allstar Finland<\/title>\n<meta name=\"description\" content=\"Alpha miekkailupuku on hyv\u00e4 valinta lapsille ja aloittelijoille silloin kun 350N suojaus on riitt\u00e4v\u00e4.\" \/>\n<meta name=\"robots\" content=\"index, follow, max-snippet:-1, max-image-preview:large, max-video-preview:-1\" \/>\n<link rel=\"canonical\" href=\"https:\/\/allstarfinland.fi\/en\/p\/allstar-alpha-350n-miekkailutakki-miehille\/\" \/>\n<meta property=\"og:locale\" content=\"en_US\" \/>\n<meta property=\"og:type\" content=\"article\" \/>\n<meta property=\"og:title\" content=\"ALPHA 350N MIEKKAILUTAKKI MIEHILLE - Allstar Finland\" \/>\n<meta property=\"og:description\" content=\"Alpha miekkailupuku on hyv\u00e4 valinta lapsille ja aloittelijoille silloin kun 350N suojaus on riitt\u00e4v\u00e4.\" \/>\n<meta property=\"og:url\" content=\"https:\/\/allstarfinland.fi\/en\/p\/allstar-alpha-350n-miekkailutakki-miehille\/\" \/>\n<meta property=\"og:site_name\" content=\"Allstar Finland\" \/>\n<meta property=\"article:modified_time\" content=\"2026-04-09T10:38:16+00:00\" \/>\n<meta property=\"og:image\" content=\"https:\/\/allstarfinland.fi\/wp-content\/uploads\/2022\/07\/2500J_1.jpg\" \/>\n\t<meta property=\"og:image:width\" content=\"1000\" \/>\n\t<meta property=\"og:image:height\" content=\"1000\" \/>\n\t<meta property=\"og:image:type\" content=\"image\/jpeg\" \/>\n<meta name=\"twitter:card\" content=\"summary_large_image\" \/>\n<meta name=\"twitter:label1\" content=\"Est. reading time\" \/>\n\t<meta name=\"twitter:data1\" content=\"1 minute\" \/>\n<script type=\"application\/ld+json\" class=\"yoast-schema-graph\">{\"@context\":\"https:\\\/\\\/schema.org\",\"@graph\":[{\"@type\":\"WebPage\",\"@id\":\"https:\\\/\\\/allstarfinland.fi\\\/p\\\/allstar-alpha-350n-miekkailutakki-miehille\\\/\",\"url\":\"https:\\\/\\\/allstarfinland.fi\\\/p\\\/allstar-alpha-350n-miekkailutakki-miehille\\\/\",\"name\":\"ALPHA 350N MIEKKAILUTAKKI MIEHILLE - Allstar Finland\",\"isPartOf\":{\"@id\":\"https:\\\/\\\/allstarfinland.fi\\\/en\\\/#website\"},\"primaryImageOfPage\":{\"@id\":\"https:\\\/\\\/allstarfinland.fi\\\/p\\\/allstar-alpha-350n-miekkailutakki-miehille\\\/#primaryimage\"},\"image\":{\"@id\":\"https:\\\/\\\/allstarfinland.fi\\\/p\\\/allstar-alpha-350n-miekkailutakki-miehille\\\/#primaryimage\"},\"thumbnailUrl\":\"https:\\\/\\\/allstarfinland.fi\\\/wp-content\\\/uploads\\\/2022\\\/07\\\/2500J_1.jpg\",\"datePublished\":\"2022-07-17T15:31:37+00:00\",\"dateModified\":\"2026-04-09T10:38:16+00:00\",\"description\":\"Alpha miekkailupuku on hyv\u00e4 valinta lapsille ja aloittelijoille silloin kun 350N suojaus on riitt\u00e4v\u00e4.\",\"breadcrumb\":{\"@id\":\"https:\\\/\\\/allstarfinland.fi\\\/p\\\/allstar-alpha-350n-miekkailutakki-miehille\\\/#breadcrumb\"},\"inLanguage\":\"en-US\",\"potentialAction\":[{\"@type\":\"ReadAction\",\"target\":[\"https:\\\/\\\/allstarfinland.fi\\\/p\\\/allstar-alpha-350n-miekkailutakki-miehille\\\/\"]}]},{\"@type\":\"ImageObject\",\"inLanguage\":\"en-US\",\"@id\":\"https:\\\/\\\/allstarfinland.fi\\\/p\\\/allstar-alpha-350n-miekkailutakki-miehille\\\/#primaryimage\",\"url\":\"https:\\\/\\\/allstarfinland.fi\\\/wp-content\\\/uploads\\\/2022\\\/07\\\/2500J_1.jpg\",\"contentUrl\":\"https:\\\/\\\/allstarfinland.fi\\\/wp-content\\\/uploads\\\/2022\\\/07\\\/2500J_1.jpg\",\"width\":1000,\"height\":1000},{\"@type\":\"BreadcrumbList\",\"@id\":\"https:\\\/\\\/allstarfinland.fi\\\/p\\\/allstar-alpha-350n-miekkailutakki-miehille\\\/#breadcrumb\",\"itemListElement\":[{\"@type\":\"ListItem\",\"position\":1,\"name\":\"Etusivu\",\"item\":\"https:\\\/\\\/allstarfinland.fi\\\/\"},{\"@type\":\"ListItem\",\"position\":2,\"name\":\"Etusivu\",\"item\":\"https:\\\/\\\/allstarfinland.fi\\\/\"},{\"@type\":\"ListItem\",\"position\":3,\"name\":\"ALPHA 350N MIEKKAILUTAKKI MIEHILLE\"}]},{\"@type\":\"WebSite\",\"@id\":\"https:\\\/\\\/allstarfinland.fi\\\/en\\\/#website\",\"url\":\"https:\\\/\\\/allstarfinland.fi\\\/en\\\/\",\"name\":\"Allstar Finland\",\"description\":\"Miekkailuv\u00e4lineiden verkkokauppa\",\"potentialAction\":[{\"@type\":\"SearchAction\",\"target\":{\"@type\":\"EntryPoint\",\"urlTemplate\":\"https:\\\/\\\/allstarfinland.fi\\\/en\\\/?s={search_term_string}\"},\"query-input\":{\"@type\":\"PropertyValueSpecification\",\"valueRequired\":true,\"valueName\":\"search_term_string\"}}],\"inLanguage\":\"en-US\"}]}<\/script>\n<!-- \/ Yoast SEO plugin. -->","yoast_head_json":{"title":"ALPHA 350N MIEKKAILUTAKKI MIEHILLE - Allstar Finland","description":"Alpha miekkailupuku on hyv\u00e4 valinta lapsille ja aloittelijoille silloin kun 350N suojaus on riitt\u00e4v\u00e4.","robots":{"index":"index","follow":"follow","max-snippet":"max-snippet:-1","max-image-preview":"max-image-preview:large","max-video-preview":"max-video-preview:-1"},"canonical":"https:\/\/allstarfinland.fi\/en\/p\/allstar-alpha-350n-miekkailutakki-miehille\/","og_locale":"en_US","og_type":"article","og_title":"ALPHA 350N MIEKKAILUTAKKI MIEHILLE - Allstar Finland","og_description":"Alpha miekkailupuku on hyv\u00e4 valinta lapsille ja aloittelijoille silloin kun 350N suojaus on riitt\u00e4v\u00e4.","og_url":"https:\/\/allstarfinland.fi\/en\/p\/allstar-alpha-350n-miekkailutakki-miehille\/","og_site_name":"Allstar Finland","article_modified_time":"2026-04-09T10:38:16+00:00","og_image":[{"width":1000,"height":1000,"url":"https:\/\/allstarfinland.fi\/wp-content\/uploads\/2022\/07\/2500J_1.jpg","type":"image\/jpeg"}],"twitter_card":"summary_large_image","twitter_misc":{"Est. reading time":"1 minute"},"schema":{"@context":"https:\/\/schema.org","@graph":[{"@type":"WebPage","@id":"https:\/\/allstarfinland.fi\/p\/allstar-alpha-350n-miekkailutakki-miehille\/","url":"https:\/\/allstarfinland.fi\/p\/allstar-alpha-350n-miekkailutakki-miehille\/","name":"ALPHA 350N MIEKKAILUTAKKI MIEHILLE - Allstar Finland","isPartOf":{"@id":"https:\/\/allstarfinland.fi\/en\/#website"},"primaryImageOfPage":{"@id":"https:\/\/allstarfinland.fi\/p\/allstar-alpha-350n-miekkailutakki-miehille\/#primaryimage"},"image":{"@id":"https:\/\/allstarfinland.fi\/p\/allstar-alpha-350n-miekkailutakki-miehille\/#primaryimage"},"thumbnailUrl":"https:\/\/allstarfinland.fi\/wp-content\/uploads\/2022\/07\/2500J_1.jpg","datePublished":"2022-07-17T15:31:37+00:00","dateModified":"2026-04-09T10:38:16+00:00","description":"Alpha miekkailupuku on hyv\u00e4 valinta lapsille ja aloittelijoille silloin kun 350N suojaus on riitt\u00e4v\u00e4.","breadcrumb":{"@id":"https:\/\/allstarfinland.fi\/p\/allstar-alpha-350n-miekkailutakki-miehille\/#breadcrumb"},"inLanguage":"en-US","potentialAction":[{"@type":"ReadAction","target":["https:\/\/allstarfinland.fi\/p\/allstar-alpha-350n-miekkailutakki-miehille\/"]}]},{"@type":"ImageObject","inLanguage":"en-US","@id":"https:\/\/allstarfinland.fi\/p\/allstar-alpha-350n-miekkailutakki-miehille\/#primaryimage","url":"https:\/\/allstarfinland.fi\/wp-content\/uploads\/2022\/07\/2500J_1.jpg","contentUrl":"https:\/\/allstarfinland.fi\/wp-content\/uploads\/2022\/07\/2500J_1.jpg","width":1000,"height":1000},{"@type":"BreadcrumbList","@id":"https:\/\/allstarfinland.fi\/p\/allstar-alpha-350n-miekkailutakki-miehille\/#breadcrumb","itemListElement":[{"@type":"ListItem","position":1,"name":"Etusivu","item":"https:\/\/allstarfinland.fi\/"},{"@type":"ListItem","position":2,"name":"Etusivu","item":"https:\/\/allstarfinland.fi\/"},{"@type":"ListItem","position":3,"name":"ALPHA 350N MIEKKAILUTAKKI MIEHILLE"}]},{"@type":"WebSite","@id":"https:\/\/allstarfinland.fi\/en\/#website","url":"https:\/\/allstarfinland.fi\/en\/","name":"Allstar Finland","description":"Miekkailuv\u00e4lineiden verkkokauppa","potentialAction":[{"@type":"SearchAction","target":{"@type":"EntryPoint","urlTemplate":"https:\/\/allstarfinland.fi\/en\/?s={search_term_string}"},"query-input":{"@type":"PropertyValueSpecification","valueRequired":true,"valueName":"search_term_string"}}],"inLanguage":"en-US"}]}},"jetpack_sharing_enabled":true,"_links":{"self":[{"href":"https:\/\/allstarfinland.fi\/en\/wp-json\/wp\/v2\/product\/2816","targetHints":{"allow":["GET"]}}],"collection":[{"href":"https:\/\/allstarfinland.fi\/en\/wp-json\/wp\/v2\/product"}],"about":[{"href":"https:\/\/allstarfinland.fi\/en\/wp-json\/wp\/v2\/types\/product"}],"wp:featuredmedia":[{"embeddable":true,"href":"https:\/\/allstarfinland.fi\/en\/wp-json\/wp\/v2\/media\/2752"}],"wp:attachment":[{"href":"https:\/\/allstarfinland.fi\/en\/wp-json\/wp\/v2\/media?parent=2816"}],"wp:term":[{"taxonomy":"product_brand","embeddable":true,"href":"https:\/\/allstarfinland.fi\/en\/wp-json\/wp\/v2\/product_brand?post=2816"},{"taxonomy":"product_cat","embeddable":true,"href":"https:\/\/allstarfinland.fi\/en\/wp-json\/wp\/v2\/product_cat?post=2816"},{"taxonomy":"product_tag","embeddable":true,"href":"https:\/\/allstarfinland.fi\/en\/wp-json\/wp\/v2\/product_tag?post=2816"}],"curies":[{"name":"wp","href":"https:\/\/api.w.org\/{rel}","templated":true}]}}