{"id":2450,"date":"2022-07-17T13:55:25","date_gmt":"2022-07-17T10:55:25","guid":{"rendered":"https:\/\/allstarfinland.fi\/?post_type=product&#038;p=2450"},"modified":"2026-03-09T11:51:19","modified_gmt":"2026-03-09T09:51:19","slug":"allstar-ecostar-fie-800n-miekkailutakki-naisille","status":"publish","type":"product","link":"https:\/\/allstarfinland.fi\/en\/p\/allstar-ecostar-fie-800n-miekkailutakki-naisille\/","title":{"rendered":"ECOSTAR FIE FENCING JACKET FOR WOMEN"},"content":{"rendered":"<p>Our Ecostar is the perfect choice for children, beginners and non-professional athletes due to the excellent price-performance ratio. The single layer, fully elastic fabric combines high wearing comfort and a great free moving space. The Ecostar fencing uniform represents best allstar quality and safety at an affordable price.<\/p>","protected":false},"excerpt":{"rendered":"<p>FIE approved fencing jacket for all fencers<\/p>","protected":false},"featured_media":2503,"template":"","meta":[],"product_brand":[],"product_cat":[24],"product_tag":[82,83,84],"class_list":{"0":"post-2450","1":"product","2":"type-product","3":"status-publish","4":"has-post-thumbnail","6":"product_cat-fie-800n","7":"product_tag-miekkailupuku","8":"product_tag-puku","9":"product_tag-takki","10":"product_shipping_class-paketti","12":"first","13":"onbackorder","14":"taxable","15":"shipping-taxable","16":"purchasable","17":"product-type-variable"},"composite_virtual":false,"composite_layout":"","composite_add_to_cart_form_location":"","composite_editable_in_cart":false,"composite_sold_individually_context":"","composite_shop_price_calc":"","composite_components":[],"composite_scenarios":[],"supplier_id":null,"supplier_sku":"","atum_controlled":true,"out_stock_date":"2022-07-17 10:55:26","out_stock_threshold":null,"inheritable":true,"inbound_stock":0,"stock_on_hold":0,"sold_today":0,"sales_last_days":2,"reserved_stock":0,"customer_returns":0,"warehouse_damage":0,"lost_in_post":0,"other_logs":0,"out_stock_days":896,"lost_sales":0,"has_location":false,"update_date":"2026-03-09T13:54:01","atum_locations":[],"atum_stock_status":"onbackorder","restock_status":false,"low_stock_amount":"","sales_update_date":null,"calc_backorders":0,"exclude_global_add_ons":false,"addons":[{"name":"Printing of name and nationality","type":"custom_text","position":0,"required":false,"title_format":"label","default":"","description_enable":true,"description":"Type LASTNAME \/ COUNTRY (for example SMITH \/  USA)","placeholder_enable":false,"placeholder":"","display":"select","restrictions_type":"any_text","adjust_price":true,"price":"19","price_type":"flat_fee","restrictions":false,"min":"0","max":"0","options":[],"id":1709207586}],"yoast_head":"<!-- This site is optimized with the Yoast SEO plugin v27.4 - https:\/\/yoast.com\/product\/yoast-seo-wordpress\/ -->\n<title>ECOSTAR FIE MIEKKAILUTAKKI NAISILLE - Allstar Finland<\/title>\n<meta name=\"description\" content=\"FIE-hyv\u00e4ksytty kilpailuk\u00e4ytt\u00f6\u00f6n sopiva harrastajan ja kilpamiekkailijan miekkailutakki miehille.\" \/>\n<meta name=\"robots\" content=\"index, follow, max-snippet:-1, max-image-preview:large, max-video-preview:-1\" \/>\n<link rel=\"canonical\" href=\"https:\/\/allstarfinland.fi\/en\/p\/allstar-ecostar-fie-800n-miekkailutakki-naisille\/\" \/>\n<meta property=\"og:locale\" content=\"en_US\" \/>\n<meta property=\"og:type\" content=\"article\" \/>\n<meta property=\"og:title\" content=\"ECOSTAR FIE MIEKKAILUTAKKI NAISILLE - Allstar Finland\" \/>\n<meta property=\"og:description\" content=\"FIE-hyv\u00e4ksytty kilpailuk\u00e4ytt\u00f6\u00f6n sopiva harrastajan ja kilpamiekkailijan miekkailutakki miehille.\" \/>\n<meta property=\"og:url\" content=\"https:\/\/allstarfinland.fi\/en\/p\/allstar-ecostar-fie-800n-miekkailutakki-naisille\/\" \/>\n<meta property=\"og:site_name\" content=\"Allstar Finland\" \/>\n<meta property=\"article:modified_time\" content=\"2026-03-09T09:51:19+00:00\" \/>\n<meta property=\"og:image\" content=\"https:\/\/allstarfinland.fi\/wp-content\/uploads\/2022\/07\/4000D_1.jpg\" \/>\n\t<meta property=\"og:image:width\" content=\"1920\" \/>\n\t<meta property=\"og:image:height\" content=\"1920\" \/>\n\t<meta property=\"og:image:type\" content=\"image\/jpeg\" \/>\n<meta name=\"twitter:card\" content=\"summary_large_image\" \/>\n<meta name=\"twitter:label1\" content=\"Est. reading time\" \/>\n\t<meta name=\"twitter:data1\" content=\"1 minute\" \/>\n<script type=\"application\/ld+json\" class=\"yoast-schema-graph\">{\"@context\":\"https:\\\/\\\/schema.org\",\"@graph\":[{\"@type\":\"WebPage\",\"@id\":\"https:\\\/\\\/allstarfinland.fi\\\/p\\\/allstar-ecostar-fie-800n-miekkailutakki-naisille\\\/\",\"url\":\"https:\\\/\\\/allstarfinland.fi\\\/p\\\/allstar-ecostar-fie-800n-miekkailutakki-naisille\\\/\",\"name\":\"ECOSTAR FIE MIEKKAILUTAKKI NAISILLE - Allstar Finland\",\"isPartOf\":{\"@id\":\"https:\\\/\\\/allstarfinland.fi\\\/en\\\/#website\"},\"primaryImageOfPage\":{\"@id\":\"https:\\\/\\\/allstarfinland.fi\\\/p\\\/allstar-ecostar-fie-800n-miekkailutakki-naisille\\\/#primaryimage\"},\"image\":{\"@id\":\"https:\\\/\\\/allstarfinland.fi\\\/p\\\/allstar-ecostar-fie-800n-miekkailutakki-naisille\\\/#primaryimage\"},\"thumbnailUrl\":\"https:\\\/\\\/allstarfinland.fi\\\/wp-content\\\/uploads\\\/2022\\\/07\\\/4000D_1.jpg\",\"datePublished\":\"2022-07-17T10:55:25+00:00\",\"dateModified\":\"2026-03-09T09:51:19+00:00\",\"description\":\"FIE-hyv\u00e4ksytty kilpailuk\u00e4ytt\u00f6\u00f6n sopiva harrastajan ja kilpamiekkailijan miekkailutakki miehille.\",\"breadcrumb\":{\"@id\":\"https:\\\/\\\/allstarfinland.fi\\\/p\\\/allstar-ecostar-fie-800n-miekkailutakki-naisille\\\/#breadcrumb\"},\"inLanguage\":\"en-US\",\"potentialAction\":[{\"@type\":\"ReadAction\",\"target\":[\"https:\\\/\\\/allstarfinland.fi\\\/p\\\/allstar-ecostar-fie-800n-miekkailutakki-naisille\\\/\"]}]},{\"@type\":\"ImageObject\",\"inLanguage\":\"en-US\",\"@id\":\"https:\\\/\\\/allstarfinland.fi\\\/p\\\/allstar-ecostar-fie-800n-miekkailutakki-naisille\\\/#primaryimage\",\"url\":\"https:\\\/\\\/allstarfinland.fi\\\/wp-content\\\/uploads\\\/2022\\\/07\\\/4000D_1.jpg\",\"contentUrl\":\"https:\\\/\\\/allstarfinland.fi\\\/wp-content\\\/uploads\\\/2022\\\/07\\\/4000D_1.jpg\",\"width\":1920,\"height\":1920},{\"@type\":\"BreadcrumbList\",\"@id\":\"https:\\\/\\\/allstarfinland.fi\\\/p\\\/allstar-ecostar-fie-800n-miekkailutakki-naisille\\\/#breadcrumb\",\"itemListElement\":[{\"@type\":\"ListItem\",\"position\":1,\"name\":\"Etusivu\",\"item\":\"https:\\\/\\\/allstarfinland.fi\\\/\"},{\"@type\":\"ListItem\",\"position\":2,\"name\":\"Etusivu\",\"item\":\"https:\\\/\\\/allstarfinland.fi\\\/\"},{\"@type\":\"ListItem\",\"position\":3,\"name\":\"ECOSTAR FIE MIEKKAILUTAKKI NAISILLE\"}]},{\"@type\":\"WebSite\",\"@id\":\"https:\\\/\\\/allstarfinland.fi\\\/en\\\/#website\",\"url\":\"https:\\\/\\\/allstarfinland.fi\\\/en\\\/\",\"name\":\"Allstar Finland\",\"description\":\"Miekkailuv\u00e4lineiden verkkokauppa\",\"potentialAction\":[{\"@type\":\"SearchAction\",\"target\":{\"@type\":\"EntryPoint\",\"urlTemplate\":\"https:\\\/\\\/allstarfinland.fi\\\/en\\\/?s={search_term_string}\"},\"query-input\":{\"@type\":\"PropertyValueSpecification\",\"valueRequired\":true,\"valueName\":\"search_term_string\"}}],\"inLanguage\":\"en-US\"}]}<\/script>\n<!-- \/ Yoast SEO plugin. -->","yoast_head_json":{"title":"ECOSTAR FIE MIEKKAILUTAKKI NAISILLE - Allstar Finland","description":"FIE-hyv\u00e4ksytty kilpailuk\u00e4ytt\u00f6\u00f6n sopiva harrastajan ja kilpamiekkailijan miekkailutakki miehille.","robots":{"index":"index","follow":"follow","max-snippet":"max-snippet:-1","max-image-preview":"max-image-preview:large","max-video-preview":"max-video-preview:-1"},"canonical":"https:\/\/allstarfinland.fi\/en\/p\/allstar-ecostar-fie-800n-miekkailutakki-naisille\/","og_locale":"en_US","og_type":"article","og_title":"ECOSTAR FIE MIEKKAILUTAKKI NAISILLE - Allstar Finland","og_description":"FIE-hyv\u00e4ksytty kilpailuk\u00e4ytt\u00f6\u00f6n sopiva harrastajan ja kilpamiekkailijan miekkailutakki miehille.","og_url":"https:\/\/allstarfinland.fi\/en\/p\/allstar-ecostar-fie-800n-miekkailutakki-naisille\/","og_site_name":"Allstar Finland","article_modified_time":"2026-03-09T09:51:19+00:00","og_image":[{"width":1920,"height":1920,"url":"https:\/\/allstarfinland.fi\/wp-content\/uploads\/2022\/07\/4000D_1.jpg","type":"image\/jpeg"}],"twitter_card":"summary_large_image","twitter_misc":{"Est. reading time":"1 minute"},"schema":{"@context":"https:\/\/schema.org","@graph":[{"@type":"WebPage","@id":"https:\/\/allstarfinland.fi\/p\/allstar-ecostar-fie-800n-miekkailutakki-naisille\/","url":"https:\/\/allstarfinland.fi\/p\/allstar-ecostar-fie-800n-miekkailutakki-naisille\/","name":"ECOSTAR FIE MIEKKAILUTAKKI NAISILLE - Allstar Finland","isPartOf":{"@id":"https:\/\/allstarfinland.fi\/en\/#website"},"primaryImageOfPage":{"@id":"https:\/\/allstarfinland.fi\/p\/allstar-ecostar-fie-800n-miekkailutakki-naisille\/#primaryimage"},"image":{"@id":"https:\/\/allstarfinland.fi\/p\/allstar-ecostar-fie-800n-miekkailutakki-naisille\/#primaryimage"},"thumbnailUrl":"https:\/\/allstarfinland.fi\/wp-content\/uploads\/2022\/07\/4000D_1.jpg","datePublished":"2022-07-17T10:55:25+00:00","dateModified":"2026-03-09T09:51:19+00:00","description":"FIE-hyv\u00e4ksytty kilpailuk\u00e4ytt\u00f6\u00f6n sopiva harrastajan ja kilpamiekkailijan miekkailutakki miehille.","breadcrumb":{"@id":"https:\/\/allstarfinland.fi\/p\/allstar-ecostar-fie-800n-miekkailutakki-naisille\/#breadcrumb"},"inLanguage":"en-US","potentialAction":[{"@type":"ReadAction","target":["https:\/\/allstarfinland.fi\/p\/allstar-ecostar-fie-800n-miekkailutakki-naisille\/"]}]},{"@type":"ImageObject","inLanguage":"en-US","@id":"https:\/\/allstarfinland.fi\/p\/allstar-ecostar-fie-800n-miekkailutakki-naisille\/#primaryimage","url":"https:\/\/allstarfinland.fi\/wp-content\/uploads\/2022\/07\/4000D_1.jpg","contentUrl":"https:\/\/allstarfinland.fi\/wp-content\/uploads\/2022\/07\/4000D_1.jpg","width":1920,"height":1920},{"@type":"BreadcrumbList","@id":"https:\/\/allstarfinland.fi\/p\/allstar-ecostar-fie-800n-miekkailutakki-naisille\/#breadcrumb","itemListElement":[{"@type":"ListItem","position":1,"name":"Etusivu","item":"https:\/\/allstarfinland.fi\/"},{"@type":"ListItem","position":2,"name":"Etusivu","item":"https:\/\/allstarfinland.fi\/"},{"@type":"ListItem","position":3,"name":"ECOSTAR FIE MIEKKAILUTAKKI NAISILLE"}]},{"@type":"WebSite","@id":"https:\/\/allstarfinland.fi\/en\/#website","url":"https:\/\/allstarfinland.fi\/en\/","name":"Allstar Finland","description":"Miekkailuv\u00e4lineiden verkkokauppa","potentialAction":[{"@type":"SearchAction","target":{"@type":"EntryPoint","urlTemplate":"https:\/\/allstarfinland.fi\/en\/?s={search_term_string}"},"query-input":{"@type":"PropertyValueSpecification","valueRequired":true,"valueName":"search_term_string"}}],"inLanguage":"en-US"}]}},"jetpack_sharing_enabled":true,"_links":{"self":[{"href":"https:\/\/allstarfinland.fi\/en\/wp-json\/wp\/v2\/product\/2450","targetHints":{"allow":["GET"]}}],"collection":[{"href":"https:\/\/allstarfinland.fi\/en\/wp-json\/wp\/v2\/product"}],"about":[{"href":"https:\/\/allstarfinland.fi\/en\/wp-json\/wp\/v2\/types\/product"}],"wp:featuredmedia":[{"embeddable":true,"href":"https:\/\/allstarfinland.fi\/en\/wp-json\/wp\/v2\/media\/2503"}],"wp:attachment":[{"href":"https:\/\/allstarfinland.fi\/en\/wp-json\/wp\/v2\/media?parent=2450"}],"wp:term":[{"taxonomy":"product_brand","embeddable":true,"href":"https:\/\/allstarfinland.fi\/en\/wp-json\/wp\/v2\/product_brand?post=2450"},{"taxonomy":"product_cat","embeddable":true,"href":"https:\/\/allstarfinland.fi\/en\/wp-json\/wp\/v2\/product_cat?post=2450"},{"taxonomy":"product_tag","embeddable":true,"href":"https:\/\/allstarfinland.fi\/en\/wp-json\/wp\/v2\/product_tag?post=2450"}],"curies":[{"name":"wp","href":"https:\/\/api.w.org\/{rel}","templated":true}]}}