{"id":24,"date":"2022-03-29T05:37:00","date_gmt":"2022-03-29T02:37:00","guid":{"rendered":"https:\/\/allstarfinland.fi\/?post_type=product&#038;p=24"},"modified":"2026-04-27T09:24:31","modified_gmt":"2026-04-27T06:24:31","slug":"allstar-startex-fie-800n-miekkailutakki-miehille","status":"publish","type":"product","link":"https:\/\/allstarfinland.fi\/en\/p\/allstar-startex-fie-800n-miekkailutakki-miehille\/","title":{"rendered":"STARTEX FIE FENCING JACKET FOR MEN"},"content":{"rendered":"<p>Startex-miekkailutakki on huippumalliamme, jossa yhdistyv\u00e4t eritt\u00e4in korkea k\u00e4ytt\u00f6mukavuus, paras suorituskyky, t\u00e4ydellinen istuvuus ja ylellinen muotoilu. T\u00e4ysin elastinen kangas on eritt\u00e4in kevyt ja se on ainutlaatuisen valkoinen. Toisin kuin muut miekkailupuvut, Startex ei muutu keltaiseksi edes kovan k\u00e4yt\u00f6n j\u00e4lkeen. Hengitt\u00e4v\u00e4t kuidut varmistavat kosteuden poistumisen ja kankaan antibakteeriset ominaisuudet est\u00e4v\u00e4t ep\u00e4miellytt\u00e4v\u00e4t hajut. Startex edustaa sitoutumistamme erinomaiseen toimivuuteen ja parhaaseen laatuun.<\/p>","protected":false},"excerpt":{"rendered":"<p>The favourite fencing uniform of our top fencers worldwide.<\/p>","protected":false},"featured_media":21180,"template":"","meta":[],"product_brand":[],"product_cat":[24,142],"product_tag":[82,83,84],"class_list":{"0":"post-24","1":"product","2":"type-product","3":"status-publish","4":"has-post-thumbnail","6":"product_cat-fie-800n","7":"product_cat-miehet","8":"product_tag-miekkailupuku","9":"product_tag-puku","10":"product_tag-takki","11":"product_shipping_class-paketti","13":"first","14":"onbackorder","15":"taxable","16":"shipping-taxable","17":"purchasable","18":"product-type-variable"},"composite_virtual":false,"composite_layout":"","composite_add_to_cart_form_location":"","composite_editable_in_cart":false,"composite_sold_individually_context":"","composite_shop_price_calc":"","composite_components":[],"composite_scenarios":[],"supplier_id":null,"supplier_sku":"","atum_controlled":true,"out_stock_date":"2022-07-17 10:30:22","out_stock_threshold":null,"inheritable":true,"inbound_stock":2,"stock_on_hold":2,"sold_today":1,"sales_last_days":1,"reserved_stock":0,"customer_returns":0,"warehouse_damage":0,"lost_in_post":0,"other_logs":0,"out_stock_days":915,"lost_sales":0,"has_location":false,"update_date":"2026-04-28T05:55:40","atum_locations":[],"atum_stock_status":"onbackorder","restock_status":false,"low_stock_amount":"","sales_update_date":null,"calc_backorders":0,"exclude_global_add_ons":false,"addons":[{"name":"Printing of name and nationality","type":"custom_text","position":0,"required":false,"title_format":"label","default":"","description_enable":true,"description":"Type LASTNAME \/ COUNTRY (for example SMITH \/  USA)","placeholder_enable":false,"placeholder":"","display":"select","restrictions_type":"any_text","adjust_price":true,"price":"19","price_type":"flat_fee","restrictions":false,"min":"0","max":"0","options":[],"id":1669283864}],"yoast_head":"<!-- This site is optimized with the Yoast SEO plugin v27.4 - https:\/\/yoast.com\/product\/yoast-seo-wordpress\/ -->\n<title>STARTEX FIE MIEKKAILUTAKKI MIEHILLE - Allstar Finland<\/title>\n<meta name=\"description\" content=\"Startex-miekkailutakki on valikoimamme lippulaiva. Sen keveys ja joustavuus ovat ominaisuuksia, joita ei valikoimamme muista takeista l\u00f6ydy.\" \/>\n<meta name=\"robots\" content=\"index, follow, max-snippet:-1, max-image-preview:large, max-video-preview:-1\" \/>\n<link rel=\"canonical\" href=\"https:\/\/allstarfinland.fi\/en\/p\/allstar-startex-fie-800n-miekkailutakki-miehille\/\" \/>\n<meta property=\"og:locale\" content=\"en_US\" \/>\n<meta property=\"og:type\" content=\"article\" \/>\n<meta property=\"og:title\" content=\"STARTEX FIE MIEKKAILUTAKKI MIEHILLE - Allstar Finland\" \/>\n<meta property=\"og:description\" content=\"Startex-miekkailutakki on valikoimamme lippulaiva. Sen keveys ja joustavuus ovat ominaisuuksia, joita ei valikoimamme muista takeista l\u00f6ydy.\" \/>\n<meta property=\"og:url\" content=\"https:\/\/allstarfinland.fi\/en\/p\/allstar-startex-fie-800n-miekkailutakki-miehille\/\" \/>\n<meta property=\"og:site_name\" content=\"Allstar Finland\" \/>\n<meta property=\"article:modified_time\" content=\"2026-04-27T06:24:31+00:00\" \/>\n<meta property=\"og:image\" content=\"https:\/\/allstarfinland.fi\/wp-content\/uploads\/2022\/03\/9500H_3_1920x1920.jpg\" \/>\n\t<meta property=\"og:image:width\" content=\"1100\" \/>\n\t<meta property=\"og:image:height\" content=\"1100\" \/>\n\t<meta property=\"og:image:type\" content=\"image\/jpeg\" \/>\n<meta name=\"twitter:card\" content=\"summary_large_image\" \/>\n<meta name=\"twitter:label1\" content=\"Est. reading time\" \/>\n\t<meta name=\"twitter:data1\" content=\"1 minute\" \/>\n<script type=\"application\/ld+json\" class=\"yoast-schema-graph\">{\"@context\":\"https:\\\/\\\/schema.org\",\"@graph\":[{\"@type\":\"WebPage\",\"@id\":\"https:\\\/\\\/allstarfinland.fi\\\/p\\\/allstar-startex-fie-800n-miekkailutakki-miehille\\\/\",\"url\":\"https:\\\/\\\/allstarfinland.fi\\\/p\\\/allstar-startex-fie-800n-miekkailutakki-miehille\\\/\",\"name\":\"STARTEX FIE MIEKKAILUTAKKI MIEHILLE - Allstar Finland\",\"isPartOf\":{\"@id\":\"https:\\\/\\\/allstarfinland.fi\\\/en\\\/#website\"},\"primaryImageOfPage\":{\"@id\":\"https:\\\/\\\/allstarfinland.fi\\\/p\\\/allstar-startex-fie-800n-miekkailutakki-miehille\\\/#primaryimage\"},\"image\":{\"@id\":\"https:\\\/\\\/allstarfinland.fi\\\/p\\\/allstar-startex-fie-800n-miekkailutakki-miehille\\\/#primaryimage\"},\"thumbnailUrl\":\"https:\\\/\\\/allstarfinland.fi\\\/wp-content\\\/uploads\\\/2022\\\/03\\\/9500H_3_1920x1920.jpg\",\"datePublished\":\"2022-03-29T02:37:00+00:00\",\"dateModified\":\"2026-04-27T06:24:31+00:00\",\"description\":\"Startex-miekkailutakki on valikoimamme lippulaiva. Sen keveys ja joustavuus ovat ominaisuuksia, joita ei valikoimamme muista takeista l\u00f6ydy.\",\"breadcrumb\":{\"@id\":\"https:\\\/\\\/allstarfinland.fi\\\/p\\\/allstar-startex-fie-800n-miekkailutakki-miehille\\\/#breadcrumb\"},\"inLanguage\":\"en-US\",\"potentialAction\":[{\"@type\":\"ReadAction\",\"target\":[\"https:\\\/\\\/allstarfinland.fi\\\/p\\\/allstar-startex-fie-800n-miekkailutakki-miehille\\\/\"]}]},{\"@type\":\"ImageObject\",\"inLanguage\":\"en-US\",\"@id\":\"https:\\\/\\\/allstarfinland.fi\\\/p\\\/allstar-startex-fie-800n-miekkailutakki-miehille\\\/#primaryimage\",\"url\":\"https:\\\/\\\/allstarfinland.fi\\\/wp-content\\\/uploads\\\/2022\\\/03\\\/9500H_3_1920x1920.jpg\",\"contentUrl\":\"https:\\\/\\\/allstarfinland.fi\\\/wp-content\\\/uploads\\\/2022\\\/03\\\/9500H_3_1920x1920.jpg\",\"width\":1100,\"height\":1100,\"caption\":\"Startex-miekkailutakki etuviistosta\"},{\"@type\":\"BreadcrumbList\",\"@id\":\"https:\\\/\\\/allstarfinland.fi\\\/p\\\/allstar-startex-fie-800n-miekkailutakki-miehille\\\/#breadcrumb\",\"itemListElement\":[{\"@type\":\"ListItem\",\"position\":1,\"name\":\"Etusivu\",\"item\":\"https:\\\/\\\/allstarfinland.fi\\\/\"},{\"@type\":\"ListItem\",\"position\":2,\"name\":\"Etusivu\",\"item\":\"https:\\\/\\\/allstarfinland.fi\\\/\"},{\"@type\":\"ListItem\",\"position\":3,\"name\":\"STARTEX FIE MIEKKAILUTAKKI MIEHILLE\"}]},{\"@type\":\"WebSite\",\"@id\":\"https:\\\/\\\/allstarfinland.fi\\\/en\\\/#website\",\"url\":\"https:\\\/\\\/allstarfinland.fi\\\/en\\\/\",\"name\":\"Allstar Finland\",\"description\":\"Miekkailuv\u00e4lineiden verkkokauppa\",\"potentialAction\":[{\"@type\":\"SearchAction\",\"target\":{\"@type\":\"EntryPoint\",\"urlTemplate\":\"https:\\\/\\\/allstarfinland.fi\\\/en\\\/?s={search_term_string}\"},\"query-input\":{\"@type\":\"PropertyValueSpecification\",\"valueRequired\":true,\"valueName\":\"search_term_string\"}}],\"inLanguage\":\"en-US\"}]}<\/script>\n<!-- \/ Yoast SEO plugin. -->","yoast_head_json":{"title":"STARTEX FIE MIEKKAILUTAKKI MIEHILLE - Allstar Finland","description":"Startex-miekkailutakki on valikoimamme lippulaiva. Sen keveys ja joustavuus ovat ominaisuuksia, joita ei valikoimamme muista takeista l\u00f6ydy.","robots":{"index":"index","follow":"follow","max-snippet":"max-snippet:-1","max-image-preview":"max-image-preview:large","max-video-preview":"max-video-preview:-1"},"canonical":"https:\/\/allstarfinland.fi\/en\/p\/allstar-startex-fie-800n-miekkailutakki-miehille\/","og_locale":"en_US","og_type":"article","og_title":"STARTEX FIE MIEKKAILUTAKKI MIEHILLE - Allstar Finland","og_description":"Startex-miekkailutakki on valikoimamme lippulaiva. Sen keveys ja joustavuus ovat ominaisuuksia, joita ei valikoimamme muista takeista l\u00f6ydy.","og_url":"https:\/\/allstarfinland.fi\/en\/p\/allstar-startex-fie-800n-miekkailutakki-miehille\/","og_site_name":"Allstar Finland","article_modified_time":"2026-04-27T06:24:31+00:00","og_image":[{"width":1100,"height":1100,"url":"https:\/\/allstarfinland.fi\/wp-content\/uploads\/2022\/03\/9500H_3_1920x1920.jpg","type":"image\/jpeg"}],"twitter_card":"summary_large_image","twitter_misc":{"Est. reading time":"1 minute"},"schema":{"@context":"https:\/\/schema.org","@graph":[{"@type":"WebPage","@id":"https:\/\/allstarfinland.fi\/p\/allstar-startex-fie-800n-miekkailutakki-miehille\/","url":"https:\/\/allstarfinland.fi\/p\/allstar-startex-fie-800n-miekkailutakki-miehille\/","name":"STARTEX FIE MIEKKAILUTAKKI MIEHILLE - Allstar Finland","isPartOf":{"@id":"https:\/\/allstarfinland.fi\/en\/#website"},"primaryImageOfPage":{"@id":"https:\/\/allstarfinland.fi\/p\/allstar-startex-fie-800n-miekkailutakki-miehille\/#primaryimage"},"image":{"@id":"https:\/\/allstarfinland.fi\/p\/allstar-startex-fie-800n-miekkailutakki-miehille\/#primaryimage"},"thumbnailUrl":"https:\/\/allstarfinland.fi\/wp-content\/uploads\/2022\/03\/9500H_3_1920x1920.jpg","datePublished":"2022-03-29T02:37:00+00:00","dateModified":"2026-04-27T06:24:31+00:00","description":"Startex-miekkailutakki on valikoimamme lippulaiva. Sen keveys ja joustavuus ovat ominaisuuksia, joita ei valikoimamme muista takeista l\u00f6ydy.","breadcrumb":{"@id":"https:\/\/allstarfinland.fi\/p\/allstar-startex-fie-800n-miekkailutakki-miehille\/#breadcrumb"},"inLanguage":"en-US","potentialAction":[{"@type":"ReadAction","target":["https:\/\/allstarfinland.fi\/p\/allstar-startex-fie-800n-miekkailutakki-miehille\/"]}]},{"@type":"ImageObject","inLanguage":"en-US","@id":"https:\/\/allstarfinland.fi\/p\/allstar-startex-fie-800n-miekkailutakki-miehille\/#primaryimage","url":"https:\/\/allstarfinland.fi\/wp-content\/uploads\/2022\/03\/9500H_3_1920x1920.jpg","contentUrl":"https:\/\/allstarfinland.fi\/wp-content\/uploads\/2022\/03\/9500H_3_1920x1920.jpg","width":1100,"height":1100,"caption":"Startex-miekkailutakki etuviistosta"},{"@type":"BreadcrumbList","@id":"https:\/\/allstarfinland.fi\/p\/allstar-startex-fie-800n-miekkailutakki-miehille\/#breadcrumb","itemListElement":[{"@type":"ListItem","position":1,"name":"Etusivu","item":"https:\/\/allstarfinland.fi\/"},{"@type":"ListItem","position":2,"name":"Etusivu","item":"https:\/\/allstarfinland.fi\/"},{"@type":"ListItem","position":3,"name":"STARTEX FIE MIEKKAILUTAKKI MIEHILLE"}]},{"@type":"WebSite","@id":"https:\/\/allstarfinland.fi\/en\/#website","url":"https:\/\/allstarfinland.fi\/en\/","name":"Allstar Finland","description":"Miekkailuv\u00e4lineiden verkkokauppa","potentialAction":[{"@type":"SearchAction","target":{"@type":"EntryPoint","urlTemplate":"https:\/\/allstarfinland.fi\/en\/?s={search_term_string}"},"query-input":{"@type":"PropertyValueSpecification","valueRequired":true,"valueName":"search_term_string"}}],"inLanguage":"en-US"}]}},"jetpack_sharing_enabled":true,"_links":{"self":[{"href":"https:\/\/allstarfinland.fi\/en\/wp-json\/wp\/v2\/product\/24","targetHints":{"allow":["GET"]}}],"collection":[{"href":"https:\/\/allstarfinland.fi\/en\/wp-json\/wp\/v2\/product"}],"about":[{"href":"https:\/\/allstarfinland.fi\/en\/wp-json\/wp\/v2\/types\/product"}],"wp:featuredmedia":[{"embeddable":true,"href":"https:\/\/allstarfinland.fi\/en\/wp-json\/wp\/v2\/media\/21180"}],"wp:attachment":[{"href":"https:\/\/allstarfinland.fi\/en\/wp-json\/wp\/v2\/media?parent=24"}],"wp:term":[{"taxonomy":"product_brand","embeddable":true,"href":"https:\/\/allstarfinland.fi\/en\/wp-json\/wp\/v2\/product_brand?post=24"},{"taxonomy":"product_cat","embeddable":true,"href":"https:\/\/allstarfinland.fi\/en\/wp-json\/wp\/v2\/product_cat?post=24"},{"taxonomy":"product_tag","embeddable":true,"href":"https:\/\/allstarfinland.fi\/en\/wp-json\/wp\/v2\/product_tag?post=24"}],"curies":[{"name":"wp","href":"https:\/\/api.w.org\/{rel}","templated":true}]}}