{"id":2228,"date":"2022-07-14T11:49:28","date_gmt":"2022-07-14T08:49:28","guid":{"rendered":"https:\/\/allstarfinland.fi\/tuote\/allstar-tbox-one-testiboksi\/"},"modified":"2024-09-16T13:16:03","modified_gmt":"2024-09-16T10:16:03","slug":"allstar-tbox-one-testiboksi","status":"publish","type":"product","link":"https:\/\/allstarfinland.fi\/en\/p\/allstar-tbox-one-testiboksi\/","title":{"rendered":"ALLSTAR TBOX ONE UNIVERSAL TEST BOX"},"content":{"rendered":"","protected":false},"excerpt":{"rendered":"<p>TBOX One is a precision test box for all weapons, cables and conductive fabrics (lam\u00e9, conductive mask bib). Currently there are six test modes available: three for weapons, two for cables and one for conductive fabrics. The handy test box is powered by a 9V battery and is operated by one single button. Alternatively the device can be powered via the integrated Micro USB port and can later be operated remotely with an app. Due to the visualization of the results in an application and the standardized measuring routines our TBOX One can be used for FIE conform material controls, whose requirements are outperformed. Six bright RGB LEDs are used to show the test mode and the results. In addition, for selected test results an acoustic signaling is implemented. The TBOX One is equipped with a Kensington lock to protect it from being stolen. Software updates and upgrades can easily be implemented using the micro USB connector to connect it to a laptop or PC.<\/p>\n<p>Optional accessories: transformer (TZ82\/A), test pin for electric jacket (TZ8C)<\/p>","protected":false},"featured_media":2044,"template":"","meta":[],"product_brand":[],"product_cat":[217],"product_tag":[],"class_list":{"0":"post-2228","1":"product","2":"type-product","3":"status-publish","4":"has-post-thumbnail","6":"product_cat-korjaus-ja-testaus","7":"product_shipping_class-paketti","9":"first","10":"onbackorder","11":"taxable","12":"shipping-taxable","13":"purchasable","14":"product-type-simple"},"composite_virtual":false,"composite_layout":"","composite_add_to_cart_form_location":"","composite_editable_in_cart":false,"composite_sold_individually_context":"","composite_shop_price_calc":"","composite_components":[],"composite_scenarios":[],"supplier_id":1366,"supplier_sku":"TZ82","atum_controlled":true,"out_stock_date":"2023-03-06 15:08:10","out_stock_threshold":null,"inheritable":false,"inbound_stock":0,"stock_on_hold":0,"sold_today":0,"sales_last_days":0,"reserved_stock":0,"customer_returns":0,"warehouse_damage":0,"lost_in_post":0,"other_logs":0,"out_stock_days":1027,"lost_sales":0,"has_location":false,"update_date":"2025-12-28T09:53:31","atum_locations":[],"atum_stock_status":"onbackorder","restock_status":false,"low_stock_amount":"","sales_update_date":"2025-12-28T09:53:31","calc_backorders":0,"exclude_global_add_ons":[],"addons":[],"yoast_head":"<!-- This site is optimized with the Yoast SEO plugin v27.3 - https:\/\/yoast.com\/product\/yoast-seo-wordpress\/ -->\n<title>ALLSTAR TBOX ONE TESTIBOKSI - Allstar Finland<\/title>\n<meta name=\"description\" content=\"TBOX One on tarkka testiboksi kaikille aseille, kaapeleille ja s\u00e4hk\u00f6\u00e4 johtaville kankaille.\" \/>\n<meta name=\"robots\" content=\"index, follow, max-snippet:-1, max-image-preview:large, max-video-preview:-1\" \/>\n<link rel=\"canonical\" href=\"https:\/\/allstarfinland.fi\/en\/p\/allstar-tbox-one-testiboksi\/\" \/>\n<meta property=\"og:locale\" content=\"en_US\" \/>\n<meta property=\"og:type\" content=\"article\" \/>\n<meta property=\"og:title\" content=\"ALLSTAR TBOX ONE TESTIBOKSI - Allstar Finland\" \/>\n<meta property=\"og:description\" content=\"TBOX One on tarkka testiboksi kaikille aseille, kaapeleille ja s\u00e4hk\u00f6\u00e4 johtaville kankaille.\" \/>\n<meta property=\"og:url\" content=\"https:\/\/allstarfinland.fi\/en\/p\/allstar-tbox-one-testiboksi\/\" \/>\n<meta property=\"og:site_name\" content=\"Allstar Finland\" \/>\n<meta property=\"article:modified_time\" content=\"2024-09-16T10:16:03+00:00\" \/>\n<meta property=\"og:image\" content=\"https:\/\/allstarfinland.fi\/wp-content\/uploads\/2022\/07\/TZ-82.jpg\" \/>\n\t<meta property=\"og:image:width\" content=\"1000\" \/>\n\t<meta property=\"og:image:height\" content=\"1000\" \/>\n\t<meta property=\"og:image:type\" content=\"image\/jpeg\" \/>\n<meta name=\"twitter:card\" content=\"summary_large_image\" \/>\n<meta name=\"twitter:label1\" content=\"Est. reading time\" \/>\n\t<meta name=\"twitter:data1\" content=\"1 minute\" \/>\n<script type=\"application\/ld+json\" class=\"yoast-schema-graph\">{\"@context\":\"https:\\\/\\\/schema.org\",\"@graph\":[{\"@type\":\"WebPage\",\"@id\":\"https:\\\/\\\/allstarfinland.fi\\\/p\\\/allstar-tbox-one-testiboksi\\\/\",\"url\":\"https:\\\/\\\/allstarfinland.fi\\\/p\\\/allstar-tbox-one-testiboksi\\\/\",\"name\":\"ALLSTAR TBOX ONE TESTIBOKSI - Allstar Finland\",\"isPartOf\":{\"@id\":\"https:\\\/\\\/allstarfinland.fi\\\/en\\\/#website\"},\"primaryImageOfPage\":{\"@id\":\"https:\\\/\\\/allstarfinland.fi\\\/p\\\/allstar-tbox-one-testiboksi\\\/#primaryimage\"},\"image\":{\"@id\":\"https:\\\/\\\/allstarfinland.fi\\\/p\\\/allstar-tbox-one-testiboksi\\\/#primaryimage\"},\"thumbnailUrl\":\"https:\\\/\\\/allstarfinland.fi\\\/wp-content\\\/uploads\\\/2022\\\/07\\\/TZ-82.jpg\",\"datePublished\":\"2022-07-14T08:49:28+00:00\",\"dateModified\":\"2024-09-16T10:16:03+00:00\",\"description\":\"TBOX One on tarkka testiboksi kaikille aseille, kaapeleille ja s\u00e4hk\u00f6\u00e4 johtaville kankaille.\",\"breadcrumb\":{\"@id\":\"https:\\\/\\\/allstarfinland.fi\\\/p\\\/allstar-tbox-one-testiboksi\\\/#breadcrumb\"},\"inLanguage\":\"en-US\",\"potentialAction\":[{\"@type\":\"ReadAction\",\"target\":[\"https:\\\/\\\/allstarfinland.fi\\\/p\\\/allstar-tbox-one-testiboksi\\\/\"]}]},{\"@type\":\"ImageObject\",\"inLanguage\":\"en-US\",\"@id\":\"https:\\\/\\\/allstarfinland.fi\\\/p\\\/allstar-tbox-one-testiboksi\\\/#primaryimage\",\"url\":\"https:\\\/\\\/allstarfinland.fi\\\/wp-content\\\/uploads\\\/2022\\\/07\\\/TZ-82.jpg\",\"contentUrl\":\"https:\\\/\\\/allstarfinland.fi\\\/wp-content\\\/uploads\\\/2022\\\/07\\\/TZ-82.jpg\",\"width\":1000,\"height\":1000},{\"@type\":\"BreadcrumbList\",\"@id\":\"https:\\\/\\\/allstarfinland.fi\\\/p\\\/allstar-tbox-one-testiboksi\\\/#breadcrumb\",\"itemListElement\":[{\"@type\":\"ListItem\",\"position\":1,\"name\":\"Etusivu\",\"item\":\"https:\\\/\\\/allstarfinland.fi\\\/\"},{\"@type\":\"ListItem\",\"position\":2,\"name\":\"Etusivu\",\"item\":\"https:\\\/\\\/allstarfinland.fi\\\/\"},{\"@type\":\"ListItem\",\"position\":3,\"name\":\"ALLSTAR TBOX ONE TESTIBOKSI\"}]},{\"@type\":\"WebSite\",\"@id\":\"https:\\\/\\\/allstarfinland.fi\\\/en\\\/#website\",\"url\":\"https:\\\/\\\/allstarfinland.fi\\\/en\\\/\",\"name\":\"Allstar Finland\",\"description\":\"Miekkailuv\u00e4lineiden verkkokauppa\",\"potentialAction\":[{\"@type\":\"SearchAction\",\"target\":{\"@type\":\"EntryPoint\",\"urlTemplate\":\"https:\\\/\\\/allstarfinland.fi\\\/en\\\/?s={search_term_string}\"},\"query-input\":{\"@type\":\"PropertyValueSpecification\",\"valueRequired\":true,\"valueName\":\"search_term_string\"}}],\"inLanguage\":\"en-US\"}]}<\/script>\n<!-- \/ Yoast SEO plugin. -->","yoast_head_json":{"title":"ALLSTAR TBOX ONE TESTIBOKSI - Allstar Finland","description":"TBOX One on tarkka testiboksi kaikille aseille, kaapeleille ja s\u00e4hk\u00f6\u00e4 johtaville kankaille.","robots":{"index":"index","follow":"follow","max-snippet":"max-snippet:-1","max-image-preview":"max-image-preview:large","max-video-preview":"max-video-preview:-1"},"canonical":"https:\/\/allstarfinland.fi\/en\/p\/allstar-tbox-one-testiboksi\/","og_locale":"en_US","og_type":"article","og_title":"ALLSTAR TBOX ONE TESTIBOKSI - Allstar Finland","og_description":"TBOX One on tarkka testiboksi kaikille aseille, kaapeleille ja s\u00e4hk\u00f6\u00e4 johtaville kankaille.","og_url":"https:\/\/allstarfinland.fi\/en\/p\/allstar-tbox-one-testiboksi\/","og_site_name":"Allstar Finland","article_modified_time":"2024-09-16T10:16:03+00:00","og_image":[{"width":1000,"height":1000,"url":"https:\/\/allstarfinland.fi\/wp-content\/uploads\/2022\/07\/TZ-82.jpg","type":"image\/jpeg"}],"twitter_card":"summary_large_image","twitter_misc":{"Est. reading time":"1 minute"},"schema":{"@context":"https:\/\/schema.org","@graph":[{"@type":"WebPage","@id":"https:\/\/allstarfinland.fi\/p\/allstar-tbox-one-testiboksi\/","url":"https:\/\/allstarfinland.fi\/p\/allstar-tbox-one-testiboksi\/","name":"ALLSTAR TBOX ONE TESTIBOKSI - Allstar Finland","isPartOf":{"@id":"https:\/\/allstarfinland.fi\/en\/#website"},"primaryImageOfPage":{"@id":"https:\/\/allstarfinland.fi\/p\/allstar-tbox-one-testiboksi\/#primaryimage"},"image":{"@id":"https:\/\/allstarfinland.fi\/p\/allstar-tbox-one-testiboksi\/#primaryimage"},"thumbnailUrl":"https:\/\/allstarfinland.fi\/wp-content\/uploads\/2022\/07\/TZ-82.jpg","datePublished":"2022-07-14T08:49:28+00:00","dateModified":"2024-09-16T10:16:03+00:00","description":"TBOX One on tarkka testiboksi kaikille aseille, kaapeleille ja s\u00e4hk\u00f6\u00e4 johtaville kankaille.","breadcrumb":{"@id":"https:\/\/allstarfinland.fi\/p\/allstar-tbox-one-testiboksi\/#breadcrumb"},"inLanguage":"en-US","potentialAction":[{"@type":"ReadAction","target":["https:\/\/allstarfinland.fi\/p\/allstar-tbox-one-testiboksi\/"]}]},{"@type":"ImageObject","inLanguage":"en-US","@id":"https:\/\/allstarfinland.fi\/p\/allstar-tbox-one-testiboksi\/#primaryimage","url":"https:\/\/allstarfinland.fi\/wp-content\/uploads\/2022\/07\/TZ-82.jpg","contentUrl":"https:\/\/allstarfinland.fi\/wp-content\/uploads\/2022\/07\/TZ-82.jpg","width":1000,"height":1000},{"@type":"BreadcrumbList","@id":"https:\/\/allstarfinland.fi\/p\/allstar-tbox-one-testiboksi\/#breadcrumb","itemListElement":[{"@type":"ListItem","position":1,"name":"Etusivu","item":"https:\/\/allstarfinland.fi\/"},{"@type":"ListItem","position":2,"name":"Etusivu","item":"https:\/\/allstarfinland.fi\/"},{"@type":"ListItem","position":3,"name":"ALLSTAR TBOX ONE TESTIBOKSI"}]},{"@type":"WebSite","@id":"https:\/\/allstarfinland.fi\/en\/#website","url":"https:\/\/allstarfinland.fi\/en\/","name":"Allstar Finland","description":"Miekkailuv\u00e4lineiden verkkokauppa","potentialAction":[{"@type":"SearchAction","target":{"@type":"EntryPoint","urlTemplate":"https:\/\/allstarfinland.fi\/en\/?s={search_term_string}"},"query-input":{"@type":"PropertyValueSpecification","valueRequired":true,"valueName":"search_term_string"}}],"inLanguage":"en-US"}]}},"jetpack_sharing_enabled":true,"_links":{"self":[{"href":"https:\/\/allstarfinland.fi\/en\/wp-json\/wp\/v2\/product\/2228","targetHints":{"allow":["GET"]}}],"collection":[{"href":"https:\/\/allstarfinland.fi\/en\/wp-json\/wp\/v2\/product"}],"about":[{"href":"https:\/\/allstarfinland.fi\/en\/wp-json\/wp\/v2\/types\/product"}],"wp:featuredmedia":[{"embeddable":true,"href":"https:\/\/allstarfinland.fi\/en\/wp-json\/wp\/v2\/media\/2044"}],"wp:attachment":[{"href":"https:\/\/allstarfinland.fi\/en\/wp-json\/wp\/v2\/media?parent=2228"}],"wp:term":[{"taxonomy":"product_brand","embeddable":true,"href":"https:\/\/allstarfinland.fi\/en\/wp-json\/wp\/v2\/product_brand?post=2228"},{"taxonomy":"product_cat","embeddable":true,"href":"https:\/\/allstarfinland.fi\/en\/wp-json\/wp\/v2\/product_cat?post=2228"},{"taxonomy":"product_tag","embeddable":true,"href":"https:\/\/allstarfinland.fi\/en\/wp-json\/wp\/v2\/product_tag?post=2228"}],"curies":[{"name":"wp","href":"https:\/\/api.w.org\/{rel}","templated":true}]}}