{"id":2213,"date":"2022-07-14T11:49:24","date_gmt":"2022-07-14T08:49:24","guid":{"rendered":"https:\/\/allstarfinland.fi\/tuote\/bf-black-predator-fie-maraging-ter-sillle\/"},"modified":"2025-10-06T07:57:22","modified_gmt":"2025-10-06T04:57:22","slug":"bf-black-predator-fie-maraging-tera-sailalle","status":"publish","type":"product","link":"https:\/\/allstarfinland.fi\/en\/p\/bf-black-predator-fie-maraging-tera-sailalle\/","title":{"rendered":"BF BLACK PREDATOR FIE MARAGING WIRED BLADE FOR SABRE"},"content":{"rendered":"","protected":false},"excerpt":{"rendered":"<p class=\"translation-block\">Our high-quality <strong>BF Black Predator<\/strong> sabre blades speak for perfect balance, optimized center of gravity and an elegant matt design. The dynamic shape combined with a unique anthracite coloration make our Black Predator blades a premium product and a must-have for all fencers looking for exclusive BF sabre blades.\nBlack Predator blades are exclusively available at allstar.<\/p>","protected":false},"featured_media":2261,"template":"","meta":[],"product_brand":[],"product_cat":[206],"product_tag":[],"class_list":{"0":"post-2213","1":"product","2":"type-product","3":"status-publish","4":"has-post-thumbnail","6":"product_cat-sailan-terat","7":"product_shipping_class-paketti","9":"first","10":"outofstock","11":"taxable","12":"shipping-taxable","13":"purchasable","14":"product-type-simple"},"composite_virtual":false,"composite_layout":"","composite_add_to_cart_form_location":"","composite_editable_in_cart":false,"composite_sold_individually_context":"","composite_shop_price_calc":"","composite_components":[],"composite_scenarios":[],"supplier_id":1366,"supplier_sku":"S25","atum_controlled":true,"out_stock_date":"2025-10-05 11:17:41","out_stock_threshold":null,"inheritable":false,"inbound_stock":0,"stock_on_hold":0,"sold_today":0,"sales_last_days":0,"reserved_stock":0,"customer_returns":0,"warehouse_damage":0,"lost_in_post":0,"other_logs":0,"out_stock_days":83,"lost_sales":2288,"has_location":false,"update_date":"2025-12-28T09:53:32","atum_locations":[],"atum_stock_status":"outofstock","restock_status":false,"low_stock_amount":"","sales_update_date":"2025-12-28T09:53:32","calc_backorders":null,"exclude_global_add_ons":[],"addons":[],"yoast_head":"<!-- This site is optimized with the Yoast SEO plugin v27.4 - https:\/\/yoast.com\/product\/yoast-seo-wordpress\/ -->\n<title>BF BLACK PREDATOR FIE MARAGING TER\u00c4 S\u00c4IL\u00c4LLE - Allstar Finland<\/title>\n<meta name=\"robots\" content=\"index, follow, max-snippet:-1, max-image-preview:large, max-video-preview:-1\" \/>\n<link rel=\"canonical\" href=\"https:\/\/allstarfinland.fi\/en\/p\/bf-black-predator-fie-maraging-tera-sailalle\/\" \/>\n<meta property=\"og:locale\" content=\"en_US\" \/>\n<meta property=\"og:type\" content=\"article\" \/>\n<meta property=\"og:title\" content=\"BF BLACK PREDATOR FIE MARAGING TER\u00c4 S\u00c4IL\u00c4LLE - Allstar Finland\" \/>\n<meta property=\"og:description\" content=\"Black Predator-ter\u00e4 on jopa 20 grammaa kevyempi verrattuna muihin BF-teriin. Korkealaatuiset ter\u00e4t takaavat t\u00e4ydellisen tuntuman ja optimoidun painopisteen. Antrasiitin v\u00e4rinen mattamusta tekee ter\u00e4st\u00e4 tyylikk\u00e4\u00e4n. Ehdoton ykk\u00f6svalinta niille, jotka haluavat kevyen FIE-ter\u00e4n. Black Predator-ter\u00e4n saat vain allstarilta!\" \/>\n<meta property=\"og:url\" content=\"https:\/\/allstarfinland.fi\/en\/p\/bf-black-predator-fie-maraging-tera-sailalle\/\" \/>\n<meta property=\"og:site_name\" content=\"Allstar Finland\" \/>\n<meta property=\"article:modified_time\" content=\"2025-10-06T04:57:22+00:00\" \/>\n<meta property=\"og:image\" content=\"https:\/\/allstarfinland.fi\/wp-content\/uploads\/2022\/07\/S25_1.jpg\" \/>\n\t<meta property=\"og:image:width\" content=\"1920\" \/>\n\t<meta property=\"og:image:height\" content=\"1920\" \/>\n\t<meta property=\"og:image:type\" content=\"image\/jpeg\" \/>\n<meta name=\"twitter:card\" content=\"summary_large_image\" \/>\n<meta name=\"twitter:label1\" content=\"Est. reading time\" \/>\n\t<meta name=\"twitter:data1\" content=\"1 minute\" \/>\n<script type=\"application\/ld+json\" class=\"yoast-schema-graph\">{\"@context\":\"https:\\\/\\\/schema.org\",\"@graph\":[{\"@type\":\"WebPage\",\"@id\":\"https:\\\/\\\/allstarfinland.fi\\\/p\\\/bf-black-predator-fie-maraging-tera-sailalle\\\/\",\"url\":\"https:\\\/\\\/allstarfinland.fi\\\/p\\\/bf-black-predator-fie-maraging-tera-sailalle\\\/\",\"name\":\"BF BLACK PREDATOR FIE MARAGING TER\u00c4 S\u00c4IL\u00c4LLE - Allstar Finland\",\"isPartOf\":{\"@id\":\"https:\\\/\\\/allstarfinland.fi\\\/en\\\/#website\"},\"primaryImageOfPage\":{\"@id\":\"https:\\\/\\\/allstarfinland.fi\\\/p\\\/bf-black-predator-fie-maraging-tera-sailalle\\\/#primaryimage\"},\"image\":{\"@id\":\"https:\\\/\\\/allstarfinland.fi\\\/p\\\/bf-black-predator-fie-maraging-tera-sailalle\\\/#primaryimage\"},\"thumbnailUrl\":\"https:\\\/\\\/allstarfinland.fi\\\/wp-content\\\/uploads\\\/2022\\\/07\\\/S25_1.jpg\",\"datePublished\":\"2022-07-14T08:49:24+00:00\",\"dateModified\":\"2025-10-06T04:57:22+00:00\",\"breadcrumb\":{\"@id\":\"https:\\\/\\\/allstarfinland.fi\\\/p\\\/bf-black-predator-fie-maraging-tera-sailalle\\\/#breadcrumb\"},\"inLanguage\":\"en-US\",\"potentialAction\":[{\"@type\":\"ReadAction\",\"target\":[\"https:\\\/\\\/allstarfinland.fi\\\/p\\\/bf-black-predator-fie-maraging-tera-sailalle\\\/\"]}]},{\"@type\":\"ImageObject\",\"inLanguage\":\"en-US\",\"@id\":\"https:\\\/\\\/allstarfinland.fi\\\/p\\\/bf-black-predator-fie-maraging-tera-sailalle\\\/#primaryimage\",\"url\":\"https:\\\/\\\/allstarfinland.fi\\\/wp-content\\\/uploads\\\/2022\\\/07\\\/S25_1.jpg\",\"contentUrl\":\"https:\\\/\\\/allstarfinland.fi\\\/wp-content\\\/uploads\\\/2022\\\/07\\\/S25_1.jpg\",\"width\":1920,\"height\":1920},{\"@type\":\"BreadcrumbList\",\"@id\":\"https:\\\/\\\/allstarfinland.fi\\\/p\\\/bf-black-predator-fie-maraging-tera-sailalle\\\/#breadcrumb\",\"itemListElement\":[{\"@type\":\"ListItem\",\"position\":1,\"name\":\"Etusivu\",\"item\":\"https:\\\/\\\/allstarfinland.fi\\\/\"},{\"@type\":\"ListItem\",\"position\":2,\"name\":\"Etusivu\",\"item\":\"https:\\\/\\\/allstarfinland.fi\\\/\"},{\"@type\":\"ListItem\",\"position\":3,\"name\":\"BF BLACK PREDATOR FIE MARAGING TER\u00c4 S\u00c4IL\u00c4LLE\"}]},{\"@type\":\"WebSite\",\"@id\":\"https:\\\/\\\/allstarfinland.fi\\\/en\\\/#website\",\"url\":\"https:\\\/\\\/allstarfinland.fi\\\/en\\\/\",\"name\":\"Allstar Finland\",\"description\":\"Miekkailuv\u00e4lineiden verkkokauppa\",\"potentialAction\":[{\"@type\":\"SearchAction\",\"target\":{\"@type\":\"EntryPoint\",\"urlTemplate\":\"https:\\\/\\\/allstarfinland.fi\\\/en\\\/?s={search_term_string}\"},\"query-input\":{\"@type\":\"PropertyValueSpecification\",\"valueRequired\":true,\"valueName\":\"search_term_string\"}}],\"inLanguage\":\"en-US\"}]}<\/script>\n<!-- \/ Yoast SEO plugin. -->","yoast_head_json":{"title":"BF BLACK PREDATOR FIE MARAGING TER\u00c4 S\u00c4IL\u00c4LLE - Allstar Finland","robots":{"index":"index","follow":"follow","max-snippet":"max-snippet:-1","max-image-preview":"max-image-preview:large","max-video-preview":"max-video-preview:-1"},"canonical":"https:\/\/allstarfinland.fi\/en\/p\/bf-black-predator-fie-maraging-tera-sailalle\/","og_locale":"en_US","og_type":"article","og_title":"BF BLACK PREDATOR FIE MARAGING TER\u00c4 S\u00c4IL\u00c4LLE - Allstar Finland","og_description":"Black Predator-ter\u00e4 on jopa 20 grammaa kevyempi verrattuna muihin BF-teriin. Korkealaatuiset ter\u00e4t takaavat t\u00e4ydellisen tuntuman ja optimoidun painopisteen. Antrasiitin v\u00e4rinen mattamusta tekee ter\u00e4st\u00e4 tyylikk\u00e4\u00e4n. Ehdoton ykk\u00f6svalinta niille, jotka haluavat kevyen FIE-ter\u00e4n. Black Predator-ter\u00e4n saat vain allstarilta!","og_url":"https:\/\/allstarfinland.fi\/en\/p\/bf-black-predator-fie-maraging-tera-sailalle\/","og_site_name":"Allstar Finland","article_modified_time":"2025-10-06T04:57:22+00:00","og_image":[{"width":1920,"height":1920,"url":"https:\/\/allstarfinland.fi\/wp-content\/uploads\/2022\/07\/S25_1.jpg","type":"image\/jpeg"}],"twitter_card":"summary_large_image","twitter_misc":{"Est. reading time":"1 minute"},"schema":{"@context":"https:\/\/schema.org","@graph":[{"@type":"WebPage","@id":"https:\/\/allstarfinland.fi\/p\/bf-black-predator-fie-maraging-tera-sailalle\/","url":"https:\/\/allstarfinland.fi\/p\/bf-black-predator-fie-maraging-tera-sailalle\/","name":"BF BLACK PREDATOR FIE MARAGING TER\u00c4 S\u00c4IL\u00c4LLE - Allstar Finland","isPartOf":{"@id":"https:\/\/allstarfinland.fi\/en\/#website"},"primaryImageOfPage":{"@id":"https:\/\/allstarfinland.fi\/p\/bf-black-predator-fie-maraging-tera-sailalle\/#primaryimage"},"image":{"@id":"https:\/\/allstarfinland.fi\/p\/bf-black-predator-fie-maraging-tera-sailalle\/#primaryimage"},"thumbnailUrl":"https:\/\/allstarfinland.fi\/wp-content\/uploads\/2022\/07\/S25_1.jpg","datePublished":"2022-07-14T08:49:24+00:00","dateModified":"2025-10-06T04:57:22+00:00","breadcrumb":{"@id":"https:\/\/allstarfinland.fi\/p\/bf-black-predator-fie-maraging-tera-sailalle\/#breadcrumb"},"inLanguage":"en-US","potentialAction":[{"@type":"ReadAction","target":["https:\/\/allstarfinland.fi\/p\/bf-black-predator-fie-maraging-tera-sailalle\/"]}]},{"@type":"ImageObject","inLanguage":"en-US","@id":"https:\/\/allstarfinland.fi\/p\/bf-black-predator-fie-maraging-tera-sailalle\/#primaryimage","url":"https:\/\/allstarfinland.fi\/wp-content\/uploads\/2022\/07\/S25_1.jpg","contentUrl":"https:\/\/allstarfinland.fi\/wp-content\/uploads\/2022\/07\/S25_1.jpg","width":1920,"height":1920},{"@type":"BreadcrumbList","@id":"https:\/\/allstarfinland.fi\/p\/bf-black-predator-fie-maraging-tera-sailalle\/#breadcrumb","itemListElement":[{"@type":"ListItem","position":1,"name":"Etusivu","item":"https:\/\/allstarfinland.fi\/"},{"@type":"ListItem","position":2,"name":"Etusivu","item":"https:\/\/allstarfinland.fi\/"},{"@type":"ListItem","position":3,"name":"BF BLACK PREDATOR FIE MARAGING TER\u00c4 S\u00c4IL\u00c4LLE"}]},{"@type":"WebSite","@id":"https:\/\/allstarfinland.fi\/en\/#website","url":"https:\/\/allstarfinland.fi\/en\/","name":"Allstar Finland","description":"Miekkailuv\u00e4lineiden verkkokauppa","potentialAction":[{"@type":"SearchAction","target":{"@type":"EntryPoint","urlTemplate":"https:\/\/allstarfinland.fi\/en\/?s={search_term_string}"},"query-input":{"@type":"PropertyValueSpecification","valueRequired":true,"valueName":"search_term_string"}}],"inLanguage":"en-US"}]}},"jetpack_sharing_enabled":true,"_links":{"self":[{"href":"https:\/\/allstarfinland.fi\/en\/wp-json\/wp\/v2\/product\/2213","targetHints":{"allow":["GET"]}}],"collection":[{"href":"https:\/\/allstarfinland.fi\/en\/wp-json\/wp\/v2\/product"}],"about":[{"href":"https:\/\/allstarfinland.fi\/en\/wp-json\/wp\/v2\/types\/product"}],"wp:featuredmedia":[{"embeddable":true,"href":"https:\/\/allstarfinland.fi\/en\/wp-json\/wp\/v2\/media\/2261"}],"wp:attachment":[{"href":"https:\/\/allstarfinland.fi\/en\/wp-json\/wp\/v2\/media?parent=2213"}],"wp:term":[{"taxonomy":"product_brand","embeddable":true,"href":"https:\/\/allstarfinland.fi\/en\/wp-json\/wp\/v2\/product_brand?post=2213"},{"taxonomy":"product_cat","embeddable":true,"href":"https:\/\/allstarfinland.fi\/en\/wp-json\/wp\/v2\/product_cat?post=2213"},{"taxonomy":"product_tag","embeddable":true,"href":"https:\/\/allstarfinland.fi\/en\/wp-json\/wp\/v2\/product_tag?post=2213"}],"curies":[{"name":"wp","href":"https:\/\/api.w.org\/{rel}","templated":true}]}}