{"id":2205,"date":"2022-07-14T11:49:22","date_gmt":"2022-07-14T08:49:22","guid":{"rendered":"https:\/\/allstarfinland.fi\/tuote\/siln-ja-floretin-maskin-kontaktijohto\/"},"modified":"2026-04-15T19:20:02","modified_gmt":"2026-04-15T16:20:02","slug":"sailan-ja-floretin-maskin-kontaktijohto","status":"publish","type":"product","link":"https:\/\/allstarfinland.fi\/en\/p\/sailan-ja-floretin-maskin-kontaktijohto\/","title":{"rendered":"MASK CABLE"},"content":{"rendered":"","protected":false},"excerpt":{"rendered":"<p>Mask cable for sabre and foil.<\/p>","protected":false},"featured_media":2312,"template":"","meta":[],"product_brand":[],"product_cat":[309,307,305,308,134,135,136,209,204],"product_tag":[],"class_list":{"0":"post-2205","1":"product","2":"type-product","3":"status-publish","4":"has-post-thumbnail","6":"product_cat-350n-saila","7":"product_cat-350n-floretti","8":"product_cat-fie-1600n-floretti-maskit","9":"product_cat-fie-1600n-saila","10":"product_cat-floretti-maskit","11":"product_cat-saila-maskit","12":"product_cat-tarvikkeet","13":"product_cat-vartalojohdot-ja-muut-saila","14":"product_cat-vartalojohdot-ja-muut-floretti","15":"product_shipping_class-pikkupaketti","17":"first","18":"instock","19":"taxable","20":"shipping-taxable","21":"purchasable","22":"product-type-simple"},"composite_virtual":false,"composite_layout":"","composite_add_to_cart_form_location":"","composite_editable_in_cart":false,"composite_sold_individually_context":"","composite_shop_price_calc":"","composite_components":[],"composite_scenarios":[],"supplier_id":1366,"supplier_sku":"MK","atum_controlled":true,"out_stock_date":null,"out_stock_threshold":null,"inheritable":false,"inbound_stock":0,"stock_on_hold":2,"sold_today":0,"sales_last_days":0,"reserved_stock":0,"customer_returns":0,"warehouse_damage":0,"lost_in_post":0,"other_logs":0,"out_stock_days":0,"lost_sales":0,"has_location":false,"update_date":"2026-04-16T09:34:05","atum_locations":[],"atum_stock_status":"instock","restock_status":false,"low_stock_amount":2,"sales_update_date":"2026-04-16T09:34:05","calc_backorders":0,"exclude_global_add_ons":[],"addons":[],"yoast_head":"<!-- This site is optimized with the Yoast SEO plugin v27.3 - https:\/\/yoast.com\/product\/yoast-seo-wordpress\/ -->\n<title>S\u00c4IL\u00c4N JA FLORETIN MASKIN KONTAKTIJOHTO - Allstar Finland<\/title>\n<meta name=\"robots\" content=\"index, follow, max-snippet:-1, max-image-preview:large, max-video-preview:-1\" \/>\n<link rel=\"canonical\" href=\"https:\/\/allstarfinland.fi\/en\/p\/sailan-ja-floretin-maskin-kontaktijohto\/\" \/>\n<meta property=\"og:locale\" content=\"en_US\" \/>\n<meta property=\"og:type\" content=\"article\" \/>\n<meta property=\"og:title\" content=\"S\u00c4IL\u00c4N JA FLORETIN MASKIN KONTAKTIJOHTO - Allstar Finland\" \/>\n<meta property=\"og:description\" content=\"Maskin kontaktijohto florettiin ja s\u00e4il\u00e4\u00e4n.\" \/>\n<meta property=\"og:url\" content=\"https:\/\/allstarfinland.fi\/en\/p\/sailan-ja-floretin-maskin-kontaktijohto\/\" \/>\n<meta property=\"og:site_name\" content=\"Allstar Finland\" \/>\n<meta property=\"article:modified_time\" content=\"2026-04-15T16:20:02+00:00\" \/>\n<meta property=\"og:image\" content=\"https:\/\/allstarfinland.fi\/wp-content\/uploads\/2022\/07\/MK_1.jpg\" \/>\n\t<meta property=\"og:image:width\" content=\"1000\" \/>\n\t<meta property=\"og:image:height\" content=\"1000\" \/>\n\t<meta property=\"og:image:type\" content=\"image\/jpeg\" \/>\n<meta name=\"twitter:card\" content=\"summary_large_image\" \/>\n<meta name=\"twitter:label1\" content=\"Est. reading time\" \/>\n\t<meta name=\"twitter:data1\" content=\"1 minute\" \/>\n<script type=\"application\/ld+json\" class=\"yoast-schema-graph\">{\"@context\":\"https:\\\/\\\/schema.org\",\"@graph\":[{\"@type\":\"WebPage\",\"@id\":\"https:\\\/\\\/allstarfinland.fi\\\/p\\\/sailan-ja-floretin-maskin-kontaktijohto\\\/\",\"url\":\"https:\\\/\\\/allstarfinland.fi\\\/p\\\/sailan-ja-floretin-maskin-kontaktijohto\\\/\",\"name\":\"S\u00c4IL\u00c4N JA FLORETIN MASKIN KONTAKTIJOHTO - Allstar Finland\",\"isPartOf\":{\"@id\":\"https:\\\/\\\/allstarfinland.fi\\\/en\\\/#website\"},\"primaryImageOfPage\":{\"@id\":\"https:\\\/\\\/allstarfinland.fi\\\/p\\\/sailan-ja-floretin-maskin-kontaktijohto\\\/#primaryimage\"},\"image\":{\"@id\":\"https:\\\/\\\/allstarfinland.fi\\\/p\\\/sailan-ja-floretin-maskin-kontaktijohto\\\/#primaryimage\"},\"thumbnailUrl\":\"https:\\\/\\\/allstarfinland.fi\\\/wp-content\\\/uploads\\\/2022\\\/07\\\/MK_1.jpg\",\"datePublished\":\"2022-07-14T08:49:22+00:00\",\"dateModified\":\"2026-04-15T16:20:02+00:00\",\"breadcrumb\":{\"@id\":\"https:\\\/\\\/allstarfinland.fi\\\/p\\\/sailan-ja-floretin-maskin-kontaktijohto\\\/#breadcrumb\"},\"inLanguage\":\"en-US\",\"potentialAction\":[{\"@type\":\"ReadAction\",\"target\":[\"https:\\\/\\\/allstarfinland.fi\\\/p\\\/sailan-ja-floretin-maskin-kontaktijohto\\\/\"]}]},{\"@type\":\"ImageObject\",\"inLanguage\":\"en-US\",\"@id\":\"https:\\\/\\\/allstarfinland.fi\\\/p\\\/sailan-ja-floretin-maskin-kontaktijohto\\\/#primaryimage\",\"url\":\"https:\\\/\\\/allstarfinland.fi\\\/wp-content\\\/uploads\\\/2022\\\/07\\\/MK_1.jpg\",\"contentUrl\":\"https:\\\/\\\/allstarfinland.fi\\\/wp-content\\\/uploads\\\/2022\\\/07\\\/MK_1.jpg\",\"width\":1000,\"height\":1000},{\"@type\":\"BreadcrumbList\",\"@id\":\"https:\\\/\\\/allstarfinland.fi\\\/p\\\/sailan-ja-floretin-maskin-kontaktijohto\\\/#breadcrumb\",\"itemListElement\":[{\"@type\":\"ListItem\",\"position\":1,\"name\":\"Etusivu\",\"item\":\"https:\\\/\\\/allstarfinland.fi\\\/\"},{\"@type\":\"ListItem\",\"position\":2,\"name\":\"Etusivu\",\"item\":\"https:\\\/\\\/allstarfinland.fi\\\/\"},{\"@type\":\"ListItem\",\"position\":3,\"name\":\"S\u00c4IL\u00c4N JA FLORETIN MASKIN KONTAKTIJOHTO\"}]},{\"@type\":\"WebSite\",\"@id\":\"https:\\\/\\\/allstarfinland.fi\\\/en\\\/#website\",\"url\":\"https:\\\/\\\/allstarfinland.fi\\\/en\\\/\",\"name\":\"Allstar Finland\",\"description\":\"Miekkailuv\u00e4lineiden verkkokauppa\",\"potentialAction\":[{\"@type\":\"SearchAction\",\"target\":{\"@type\":\"EntryPoint\",\"urlTemplate\":\"https:\\\/\\\/allstarfinland.fi\\\/en\\\/?s={search_term_string}\"},\"query-input\":{\"@type\":\"PropertyValueSpecification\",\"valueRequired\":true,\"valueName\":\"search_term_string\"}}],\"inLanguage\":\"en-US\"}]}<\/script>\n<!-- \/ Yoast SEO plugin. -->","yoast_head_json":{"title":"S\u00c4IL\u00c4N JA FLORETIN MASKIN KONTAKTIJOHTO - Allstar Finland","robots":{"index":"index","follow":"follow","max-snippet":"max-snippet:-1","max-image-preview":"max-image-preview:large","max-video-preview":"max-video-preview:-1"},"canonical":"https:\/\/allstarfinland.fi\/en\/p\/sailan-ja-floretin-maskin-kontaktijohto\/","og_locale":"en_US","og_type":"article","og_title":"S\u00c4IL\u00c4N JA FLORETIN MASKIN KONTAKTIJOHTO - Allstar Finland","og_description":"Maskin kontaktijohto florettiin ja s\u00e4il\u00e4\u00e4n.","og_url":"https:\/\/allstarfinland.fi\/en\/p\/sailan-ja-floretin-maskin-kontaktijohto\/","og_site_name":"Allstar Finland","article_modified_time":"2026-04-15T16:20:02+00:00","og_image":[{"width":1000,"height":1000,"url":"https:\/\/allstarfinland.fi\/wp-content\/uploads\/2022\/07\/MK_1.jpg","type":"image\/jpeg"}],"twitter_card":"summary_large_image","twitter_misc":{"Est. reading time":"1 minute"},"schema":{"@context":"https:\/\/schema.org","@graph":[{"@type":"WebPage","@id":"https:\/\/allstarfinland.fi\/p\/sailan-ja-floretin-maskin-kontaktijohto\/","url":"https:\/\/allstarfinland.fi\/p\/sailan-ja-floretin-maskin-kontaktijohto\/","name":"S\u00c4IL\u00c4N JA FLORETIN MASKIN KONTAKTIJOHTO - Allstar Finland","isPartOf":{"@id":"https:\/\/allstarfinland.fi\/en\/#website"},"primaryImageOfPage":{"@id":"https:\/\/allstarfinland.fi\/p\/sailan-ja-floretin-maskin-kontaktijohto\/#primaryimage"},"image":{"@id":"https:\/\/allstarfinland.fi\/p\/sailan-ja-floretin-maskin-kontaktijohto\/#primaryimage"},"thumbnailUrl":"https:\/\/allstarfinland.fi\/wp-content\/uploads\/2022\/07\/MK_1.jpg","datePublished":"2022-07-14T08:49:22+00:00","dateModified":"2026-04-15T16:20:02+00:00","breadcrumb":{"@id":"https:\/\/allstarfinland.fi\/p\/sailan-ja-floretin-maskin-kontaktijohto\/#breadcrumb"},"inLanguage":"en-US","potentialAction":[{"@type":"ReadAction","target":["https:\/\/allstarfinland.fi\/p\/sailan-ja-floretin-maskin-kontaktijohto\/"]}]},{"@type":"ImageObject","inLanguage":"en-US","@id":"https:\/\/allstarfinland.fi\/p\/sailan-ja-floretin-maskin-kontaktijohto\/#primaryimage","url":"https:\/\/allstarfinland.fi\/wp-content\/uploads\/2022\/07\/MK_1.jpg","contentUrl":"https:\/\/allstarfinland.fi\/wp-content\/uploads\/2022\/07\/MK_1.jpg","width":1000,"height":1000},{"@type":"BreadcrumbList","@id":"https:\/\/allstarfinland.fi\/p\/sailan-ja-floretin-maskin-kontaktijohto\/#breadcrumb","itemListElement":[{"@type":"ListItem","position":1,"name":"Etusivu","item":"https:\/\/allstarfinland.fi\/"},{"@type":"ListItem","position":2,"name":"Etusivu","item":"https:\/\/allstarfinland.fi\/"},{"@type":"ListItem","position":3,"name":"S\u00c4IL\u00c4N JA FLORETIN MASKIN KONTAKTIJOHTO"}]},{"@type":"WebSite","@id":"https:\/\/allstarfinland.fi\/en\/#website","url":"https:\/\/allstarfinland.fi\/en\/","name":"Allstar Finland","description":"Miekkailuv\u00e4lineiden verkkokauppa","potentialAction":[{"@type":"SearchAction","target":{"@type":"EntryPoint","urlTemplate":"https:\/\/allstarfinland.fi\/en\/?s={search_term_string}"},"query-input":{"@type":"PropertyValueSpecification","valueRequired":true,"valueName":"search_term_string"}}],"inLanguage":"en-US"}]}},"jetpack_sharing_enabled":true,"_links":{"self":[{"href":"https:\/\/allstarfinland.fi\/en\/wp-json\/wp\/v2\/product\/2205","targetHints":{"allow":["GET"]}}],"collection":[{"href":"https:\/\/allstarfinland.fi\/en\/wp-json\/wp\/v2\/product"}],"about":[{"href":"https:\/\/allstarfinland.fi\/en\/wp-json\/wp\/v2\/types\/product"}],"wp:featuredmedia":[{"embeddable":true,"href":"https:\/\/allstarfinland.fi\/en\/wp-json\/wp\/v2\/media\/2312"}],"wp:attachment":[{"href":"https:\/\/allstarfinland.fi\/en\/wp-json\/wp\/v2\/media?parent=2205"}],"wp:term":[{"taxonomy":"product_brand","embeddable":true,"href":"https:\/\/allstarfinland.fi\/en\/wp-json\/wp\/v2\/product_brand?post=2205"},{"taxonomy":"product_cat","embeddable":true,"href":"https:\/\/allstarfinland.fi\/en\/wp-json\/wp\/v2\/product_cat?post=2205"},{"taxonomy":"product_tag","embeddable":true,"href":"https:\/\/allstarfinland.fi\/en\/wp-json\/wp\/v2\/product_tag?post=2205"}],"curies":[{"name":"wp","href":"https:\/\/api.w.org\/{rel}","templated":true}]}}