{"id":22015,"date":"2025-08-26T08:16:57","date_gmt":"2025-08-26T05:16:57","guid":{"rendered":"https:\/\/allstarfinland.fi\/?post_type=product&#038;p=22015"},"modified":"2026-04-19T14:49:29","modified_gmt":"2026-04-19T11:49:29","slug":"protec-miekkailusukka","status":"publish","type":"product","link":"https:\/\/allstarfinland.fi\/en\/p\/protec-miekkailusukka\/","title":{"rendered":"PROTEC FENCING SOCKS"},"content":{"rendered":"<h3><strong>ProTec Fencing Socks \u2013 High Performance for Training &amp; Competition<\/strong><\/h3>\n<p><strong>ProTec fencing socks<\/strong>\u00a0are specially designed for ambitious fencers who demand maximum support, comfort, and performance. The innovative all-around\u00a0<strong>compression<\/strong>\u00a0enhances circulation, stabilizes muscles, and effectively reduces fatigue.\u00a0<strong>Ergonomic padding in the shin and heel areas,<\/strong>\u00a0along with additional\u00a0<strong>diamond-pattern cushioning,<\/strong>\u00a0provides protection during every bout.<\/p>\n<p><strong>Reinforced, cushioned heels and toes<\/strong>combined with\u00a0<strong>a hand-linked, pressure-free toe seam,<\/strong>ensure exceptional durability and a perfect fit.\u00a0<strong>Thanks to the anti-slip sole<\/strong>,\u00a0<strong>non-slip comfort cuff,<\/strong>\u00a0and\u00a0<strong>breathable calf zone,<\/strong>\u00a0the socks stay comfortably in place \u2014 even during long sessions.<\/p>\n<h4><strong>Keyfacts:<\/strong><\/h4>\n<ul>\n<li>all-around compression<\/li>\n<li>ergonomic padding in the shin area<\/li>\n<li>reinforced cushioning in the heel and toe areas<\/li>\n<li>diamond-pattern padding<\/li>\n<li>hand-linked, pressure-free toe seam<\/li>\n<li>anti-slip sole<\/li>\n<li>non-slip comfort cuff<\/li>\n<li>breathable zone in the calf area<\/li>\n<\/ul>","protected":false},"excerpt":{"rendered":"<p>ProTec-miekkailusukat \u2013 Maksimaalista tukea ja suorituskyky\u00e4 ProTec miekkailusukat\u00a0on suunniteltu kunnianhimoisille miekkailijoille, jotka vaativat parasta tukea, mukavuutta ja suorituskyky\u00e4. Innovatiivinen\u00a0kompressio\u00a0parantaa verenkiertoa, vakauttaa lihaksia ja v\u00e4hent\u00e4\u00e4 tehokkaasti v\u00e4symyst\u00e4.\u00a0Ergonominen pehmustus s\u00e4\u00e4riss\u00e4 ja kantap\u00e4\u00e4ss\u00e4\u00a0sek\u00e4\u00a0timanttikuviolla vahvistettu lis\u00e4pehmustus\u00a0suojaavat jokaisessa ottelussa. Vahvistetut ja pehmustetut kantap\u00e4\u00e4t ja varpaat, yhdistettyn\u00e4\u00a0k\u00e4sin yhdistettyyn, paineettomaan varvassaumaan, takaavat erinomaisen kest\u00e4vyyden ja t\u00e4ydellisen istuvuuden.\u00a0Pit\u00e4v\u00e4 pohja,\u00a0liukumaton mukavuusresori\u00a0ja\u00a0hengitt\u00e4v\u00e4 pohjealue\u00a0pit\u00e4v\u00e4t sukat paikoillaan [&#8230;]\n","protected":false},"featured_media":22016,"template":"","meta":[],"product_brand":[],"product_cat":[193],"product_tag":[],"class_list":{"0":"post-22015","1":"product","2":"type-product","3":"status-publish","4":"has-post-thumbnail","6":"product_cat-miekkailusukat","8":"first","9":"instock","10":"taxable","11":"shipping-taxable","12":"purchasable","13":"product-type-variable"},"composite_virtual":false,"composite_layout":"","composite_add_to_cart_form_location":"","composite_editable_in_cart":false,"composite_sold_individually_context":"","composite_shop_price_calc":"","composite_components":[],"composite_scenarios":[],"supplier_id":null,"supplier_sku":"","atum_controlled":true,"out_stock_date":null,"out_stock_threshold":null,"inheritable":true,"inbound_stock":5,"stock_on_hold":4,"sold_today":1,"sales_last_days":5,"reserved_stock":0,"customer_returns":0,"warehouse_damage":0,"lost_in_post":null,"other_logs":0,"out_stock_days":null,"lost_sales":0,"has_location":false,"update_date":"2026-04-20T10:04:38","atum_locations":[],"atum_stock_status":"instock","restock_status":false,"low_stock_amount":"","sales_update_date":"2026-04-19T08:23:16","calc_backorders":null,"exclude_global_add_ons":[],"addons":[],"yoast_head":"<!-- This site is optimized with the Yoast SEO plugin v27.3 - https:\/\/yoast.com\/product\/yoast-seo-wordpress\/ -->\n<title>PROTEC MIEKKAILUSUKKA - Allstar Finland<\/title>\n<meta name=\"description\" content=\"ProTec miekkailusukat\u00a0on suunniteltu miekkailijoille, jotka vaativat miekkailusukalta parasta tukea, mukavuutta ja suorituskyky\u00e4.\" \/>\n<meta name=\"robots\" content=\"index, follow, max-snippet:-1, max-image-preview:large, max-video-preview:-1\" \/>\n<link rel=\"canonical\" href=\"https:\/\/allstarfinland.fi\/en\/p\/protec-miekkailusukka\/\" \/>\n<meta property=\"og:locale\" content=\"en_US\" \/>\n<meta property=\"og:type\" content=\"article\" \/>\n<meta property=\"og:title\" content=\"PROTEC MIEKKAILUSUKKA - Allstar Finland\" \/>\n<meta property=\"og:description\" content=\"ProTec miekkailusukat\u00a0on suunniteltu miekkailijoille, jotka vaativat miekkailusukalta parasta tukea, mukavuutta ja suorituskyky\u00e4.\" \/>\n<meta property=\"og:url\" content=\"https:\/\/allstarfinland.fi\/en\/p\/protec-miekkailusukka\/\" \/>\n<meta property=\"og:site_name\" content=\"Allstar Finland\" \/>\n<meta property=\"article:modified_time\" content=\"2026-04-19T11:49:29+00:00\" \/>\n<meta property=\"og:image\" content=\"https:\/\/allstarfinland.fi\/wp-content\/uploads\/2025\/08\/FSTR-PT_1.jpg\" \/>\n\t<meta property=\"og:image:width\" content=\"1510\" \/>\n\t<meta property=\"og:image:height\" content=\"1510\" \/>\n\t<meta property=\"og:image:type\" content=\"image\/jpeg\" \/>\n<meta name=\"twitter:card\" content=\"summary_large_image\" \/>\n<meta name=\"twitter:label1\" content=\"Est. reading time\" \/>\n\t<meta name=\"twitter:data1\" content=\"1 minute\" \/>\n<script type=\"application\/ld+json\" class=\"yoast-schema-graph\">{\"@context\":\"https:\\\/\\\/schema.org\",\"@graph\":[{\"@type\":\"WebPage\",\"@id\":\"https:\\\/\\\/allstarfinland.fi\\\/p\\\/protec-miekkailusukka\\\/\",\"url\":\"https:\\\/\\\/allstarfinland.fi\\\/p\\\/protec-miekkailusukka\\\/\",\"name\":\"PROTEC MIEKKAILUSUKKA - Allstar Finland\",\"isPartOf\":{\"@id\":\"https:\\\/\\\/allstarfinland.fi\\\/en\\\/#website\"},\"primaryImageOfPage\":{\"@id\":\"https:\\\/\\\/allstarfinland.fi\\\/p\\\/protec-miekkailusukka\\\/#primaryimage\"},\"image\":{\"@id\":\"https:\\\/\\\/allstarfinland.fi\\\/p\\\/protec-miekkailusukka\\\/#primaryimage\"},\"thumbnailUrl\":\"https:\\\/\\\/allstarfinland.fi\\\/wp-content\\\/uploads\\\/2025\\\/08\\\/FSTR-PT_1.jpg\",\"datePublished\":\"2025-08-26T05:16:57+00:00\",\"dateModified\":\"2026-04-19T11:49:29+00:00\",\"description\":\"ProTec miekkailusukat\u00a0on suunniteltu miekkailijoille, jotka vaativat miekkailusukalta parasta tukea, mukavuutta ja suorituskyky\u00e4.\",\"breadcrumb\":{\"@id\":\"https:\\\/\\\/allstarfinland.fi\\\/p\\\/protec-miekkailusukka\\\/#breadcrumb\"},\"inLanguage\":\"en-US\",\"potentialAction\":[{\"@type\":\"ReadAction\",\"target\":[\"https:\\\/\\\/allstarfinland.fi\\\/p\\\/protec-miekkailusukka\\\/\"]}]},{\"@type\":\"ImageObject\",\"inLanguage\":\"en-US\",\"@id\":\"https:\\\/\\\/allstarfinland.fi\\\/p\\\/protec-miekkailusukka\\\/#primaryimage\",\"url\":\"https:\\\/\\\/allstarfinland.fi\\\/wp-content\\\/uploads\\\/2025\\\/08\\\/FSTR-PT_1.jpg\",\"contentUrl\":\"https:\\\/\\\/allstarfinland.fi\\\/wp-content\\\/uploads\\\/2025\\\/08\\\/FSTR-PT_1.jpg\",\"width\":1510,\"height\":1510},{\"@type\":\"BreadcrumbList\",\"@id\":\"https:\\\/\\\/allstarfinland.fi\\\/p\\\/protec-miekkailusukka\\\/#breadcrumb\",\"itemListElement\":[{\"@type\":\"ListItem\",\"position\":1,\"name\":\"Etusivu\",\"item\":\"https:\\\/\\\/allstarfinland.fi\\\/\"},{\"@type\":\"ListItem\",\"position\":2,\"name\":\"Etusivu\",\"item\":\"https:\\\/\\\/allstarfinland.fi\\\/\"},{\"@type\":\"ListItem\",\"position\":3,\"name\":\"PROTEC MIEKKAILUSUKKA\"}]},{\"@type\":\"WebSite\",\"@id\":\"https:\\\/\\\/allstarfinland.fi\\\/en\\\/#website\",\"url\":\"https:\\\/\\\/allstarfinland.fi\\\/en\\\/\",\"name\":\"Allstar Finland\",\"description\":\"Miekkailuv\u00e4lineiden verkkokauppa\",\"potentialAction\":[{\"@type\":\"SearchAction\",\"target\":{\"@type\":\"EntryPoint\",\"urlTemplate\":\"https:\\\/\\\/allstarfinland.fi\\\/en\\\/?s={search_term_string}\"},\"query-input\":{\"@type\":\"PropertyValueSpecification\",\"valueRequired\":true,\"valueName\":\"search_term_string\"}}],\"inLanguage\":\"en-US\"}]}<\/script>\n<!-- \/ Yoast SEO plugin. -->","yoast_head_json":{"title":"PROTEC MIEKKAILUSUKKA - Allstar Finland","description":"ProTec miekkailusukat\u00a0on suunniteltu miekkailijoille, jotka vaativat miekkailusukalta parasta tukea, mukavuutta ja suorituskyky\u00e4.","robots":{"index":"index","follow":"follow","max-snippet":"max-snippet:-1","max-image-preview":"max-image-preview:large","max-video-preview":"max-video-preview:-1"},"canonical":"https:\/\/allstarfinland.fi\/en\/p\/protec-miekkailusukka\/","og_locale":"en_US","og_type":"article","og_title":"PROTEC MIEKKAILUSUKKA - Allstar Finland","og_description":"ProTec miekkailusukat\u00a0on suunniteltu miekkailijoille, jotka vaativat miekkailusukalta parasta tukea, mukavuutta ja suorituskyky\u00e4.","og_url":"https:\/\/allstarfinland.fi\/en\/p\/protec-miekkailusukka\/","og_site_name":"Allstar Finland","article_modified_time":"2026-04-19T11:49:29+00:00","og_image":[{"width":1510,"height":1510,"url":"https:\/\/allstarfinland.fi\/wp-content\/uploads\/2025\/08\/FSTR-PT_1.jpg","type":"image\/jpeg"}],"twitter_card":"summary_large_image","twitter_misc":{"Est. reading time":"1 minute"},"schema":{"@context":"https:\/\/schema.org","@graph":[{"@type":"WebPage","@id":"https:\/\/allstarfinland.fi\/p\/protec-miekkailusukka\/","url":"https:\/\/allstarfinland.fi\/p\/protec-miekkailusukka\/","name":"PROTEC MIEKKAILUSUKKA - Allstar Finland","isPartOf":{"@id":"https:\/\/allstarfinland.fi\/en\/#website"},"primaryImageOfPage":{"@id":"https:\/\/allstarfinland.fi\/p\/protec-miekkailusukka\/#primaryimage"},"image":{"@id":"https:\/\/allstarfinland.fi\/p\/protec-miekkailusukka\/#primaryimage"},"thumbnailUrl":"https:\/\/allstarfinland.fi\/wp-content\/uploads\/2025\/08\/FSTR-PT_1.jpg","datePublished":"2025-08-26T05:16:57+00:00","dateModified":"2026-04-19T11:49:29+00:00","description":"ProTec miekkailusukat\u00a0on suunniteltu miekkailijoille, jotka vaativat miekkailusukalta parasta tukea, mukavuutta ja suorituskyky\u00e4.","breadcrumb":{"@id":"https:\/\/allstarfinland.fi\/p\/protec-miekkailusukka\/#breadcrumb"},"inLanguage":"en-US","potentialAction":[{"@type":"ReadAction","target":["https:\/\/allstarfinland.fi\/p\/protec-miekkailusukka\/"]}]},{"@type":"ImageObject","inLanguage":"en-US","@id":"https:\/\/allstarfinland.fi\/p\/protec-miekkailusukka\/#primaryimage","url":"https:\/\/allstarfinland.fi\/wp-content\/uploads\/2025\/08\/FSTR-PT_1.jpg","contentUrl":"https:\/\/allstarfinland.fi\/wp-content\/uploads\/2025\/08\/FSTR-PT_1.jpg","width":1510,"height":1510},{"@type":"BreadcrumbList","@id":"https:\/\/allstarfinland.fi\/p\/protec-miekkailusukka\/#breadcrumb","itemListElement":[{"@type":"ListItem","position":1,"name":"Etusivu","item":"https:\/\/allstarfinland.fi\/"},{"@type":"ListItem","position":2,"name":"Etusivu","item":"https:\/\/allstarfinland.fi\/"},{"@type":"ListItem","position":3,"name":"PROTEC MIEKKAILUSUKKA"}]},{"@type":"WebSite","@id":"https:\/\/allstarfinland.fi\/en\/#website","url":"https:\/\/allstarfinland.fi\/en\/","name":"Allstar Finland","description":"Miekkailuv\u00e4lineiden verkkokauppa","potentialAction":[{"@type":"SearchAction","target":{"@type":"EntryPoint","urlTemplate":"https:\/\/allstarfinland.fi\/en\/?s={search_term_string}"},"query-input":{"@type":"PropertyValueSpecification","valueRequired":true,"valueName":"search_term_string"}}],"inLanguage":"en-US"}]}},"jetpack_sharing_enabled":true,"_links":{"self":[{"href":"https:\/\/allstarfinland.fi\/en\/wp-json\/wp\/v2\/product\/22015","targetHints":{"allow":["GET"]}}],"collection":[{"href":"https:\/\/allstarfinland.fi\/en\/wp-json\/wp\/v2\/product"}],"about":[{"href":"https:\/\/allstarfinland.fi\/en\/wp-json\/wp\/v2\/types\/product"}],"wp:featuredmedia":[{"embeddable":true,"href":"https:\/\/allstarfinland.fi\/en\/wp-json\/wp\/v2\/media\/22016"}],"wp:attachment":[{"href":"https:\/\/allstarfinland.fi\/en\/wp-json\/wp\/v2\/media?parent=22015"}],"wp:term":[{"taxonomy":"product_brand","embeddable":true,"href":"https:\/\/allstarfinland.fi\/en\/wp-json\/wp\/v2\/product_brand?post=22015"},{"taxonomy":"product_cat","embeddable":true,"href":"https:\/\/allstarfinland.fi\/en\/wp-json\/wp\/v2\/product_cat?post=22015"},{"taxonomy":"product_tag","embeddable":true,"href":"https:\/\/allstarfinland.fi\/en\/wp-json\/wp\/v2\/product_tag?post=22015"}],"curies":[{"name":"wp","href":"https:\/\/api.w.org\/{rel}","templated":true}]}}