{"id":21986,"date":"2025-08-26T07:53:49","date_gmt":"2025-08-26T04:53:49","guid":{"rendered":"https:\/\/allstarfinland.fi\/?post_type=product&#038;p=21986"},"modified":"2026-05-03T12:23:51","modified_gmt":"2026-05-03T09:23:51","slug":"kempa-pro-agility-miekkailukengat","status":"publish","type":"product","link":"https:\/\/allstarfinland.fi\/en\/p\/kempa-pro-agility-miekkailukengat\/","title":{"rendered":"KEMPA PRO AGILITY MIEKKAILUKENG\u00c4T"},"content":{"rendered":"<h3><strong>Agility Pro \u2013 Vapauta potentiaalisi<\/strong><\/h3>\n<p><strong>Kolmen huippubr\u00e4ndin voimin kehitetty Agility Pro<\/strong>\u00a0on miekkailukenk\u00e4, joka vie suorituskyvyn uudelle tasolle. Saksalaiset allstar, Uhlmann ja Kempa yhdistiv\u00e4t asiantuntemuksensa miekkailusta, joukkuelajeista ja huippuluokan jalkineista \u2013 tuloksena syntyi kenk\u00e4, joka vastaa vaativimpien urheilijoiden tarpeisiin.<\/p>\n<p>Agility Pro on suunniteltu erityisesti dynaamiseen liikkumiseen ja intensiiviseen fyysiseen rasitukseen. Se tarjoaa erinomaisen mukavuuden, kest\u00e4vyyden ja suorituskyvyn \u2013 jokaisessa askeleessa.<\/p>\n<h4><strong>Huippuominaisuudet:<\/strong><\/h4>\n<ul>\n<li><strong>Neopreenisukka vetol\u00e4p\u00e4ll\u00e4<\/strong>\u00a0\u2013 helppo pukea, t\u00e4ydellinen istuvuus.<\/li>\n<li><strong>Torsion-tuki keskijalan alueella<\/strong>\u00a0\u2013 maksimaalinen vakaus ja kontrolli.<\/li>\n<li><strong>PU-iskunvaimennus kantap\u00e4\u00e4ss\u00e4 ja p\u00e4ki\u00e4ss\u00e4<\/strong>\u00a0\u2013 tehokas suoja ja parempi kimmoisuus pistoissa.<\/li>\n<li><strong>Korotettu kumipohja<\/strong>\u00a0\u2013 suojaa kulumiselta ja pident\u00e4\u00e4 k\u00e4ytt\u00f6ik\u00e4\u00e4.<\/li>\n<li><strong>Integroitu nauhasuoja<\/strong>\u00a0\u2013 pit\u00e4\u00e4 nauhat ehjin\u00e4 ja keng\u00e4t toimintakunnossa pidemp\u00e4\u00e4n.<\/li>\n<li><strong>Py\u00f6ristetty kantapohja<\/strong>\u00a0\u2013 sulava liike eteen ja taakse, optimaalinen jalkaty\u00f6.<\/li>\n<li><strong>Eritt\u00e4in kevyt ja hengitt\u00e4v\u00e4 verkkokangas<\/strong>\u00a0\u2013 luonnollinen k\u00e4ytt\u00f6mukavuus ja tehokas kosteudenhallinta.<\/li>\n<\/ul>","protected":false},"excerpt":{"rendered":"<p>Agility Pro \u2013 Vapauta potentiaalisi Kolmen huippubr\u00e4ndin voimin kehitetty Agility Pro\u00a0on miekkailukenk\u00e4, joka vie suorituskyvyn uudelle tasolle. Saksalaiset allstar, Uhlmann ja Kempa yhdistiv\u00e4t asiantuntemuksensa miekkailusta, joukkuelajeista ja huippuluokan jalkineista \u2013 tuloksena syntyi kenk\u00e4, joka vastaa vaativimpien urheilijoiden tarpeisiin. Agility Pro on suunniteltu erityisesti dynaamiseen liikkumiseen ja intensiiviseen fyysiseen rasitukseen. Se tarjoaa erinomaisen mukavuuden, kest\u00e4vyyden ja [&#8230;]\n","protected":false},"featured_media":22009,"template":"","meta":[],"product_brand":[],"product_cat":[192],"product_tag":[],"class_list":{"0":"post-21986","1":"product","2":"type-product","3":"status-publish","4":"has-post-thumbnail","6":"product_cat-miekkailukengat","8":"first","9":"instock","10":"taxable","11":"shipping-taxable","12":"purchasable","13":"product-type-variable"},"composite_virtual":false,"composite_layout":"","composite_add_to_cart_form_location":"","composite_editable_in_cart":false,"composite_sold_individually_context":"","composite_shop_price_calc":"","composite_components":[],"composite_scenarios":[],"supplier_id":null,"supplier_sku":"","atum_controlled":true,"out_stock_date":null,"out_stock_threshold":null,"inheritable":true,"inbound_stock":1,"stock_on_hold":2,"sold_today":0,"sales_last_days":2,"reserved_stock":0,"customer_returns":0,"warehouse_damage":0,"lost_in_post":null,"other_logs":0,"out_stock_days":null,"lost_sales":0,"has_location":false,"update_date":"2026-05-05T11:56:19","atum_locations":[],"atum_stock_status":"instock","restock_status":false,"low_stock_amount":"","sales_update_date":"2026-05-05T11:56:19","calc_backorders":null,"exclude_global_add_ons":[],"addons":[],"yoast_head":"<!-- This site is optimized with the Yoast SEO plugin v27.5 - https:\/\/yoast.com\/product\/yoast-seo-wordpress\/ -->\n<title>KEMPA PRO AGILITY MIEKKAILUKENG\u00c4T - Allstar Finland<\/title>\n<meta name=\"robots\" content=\"index, follow, max-snippet:-1, max-image-preview:large, max-video-preview:-1\" \/>\n<link rel=\"canonical\" href=\"https:\/\/allstarfinland.fi\/en\/p\/kempa-pro-agility-miekkailukengat\/\" \/>\n<meta property=\"og:locale\" content=\"en_US\" \/>\n<meta property=\"og:type\" content=\"article\" \/>\n<meta property=\"og:title\" content=\"KEMPA PRO AGILITY MIEKKAILUKENG\u00c4T - Allstar Finland\" \/>\n<meta property=\"og:description\" content=\"Agility Pro \u2013 Vapauta potentiaalisi Kolmen huippubr\u00e4ndin voimin kehitetty Agility Pro\u00a0on miekkailukenk\u00e4, joka vie suorituskyvyn uudelle tasolle. Saksalaiset allstar, Uhlmann ja Kempa yhdistiv\u00e4t asiantuntemuksensa miekkailusta, joukkuelajeista ja huippuluokan jalkineista \u2013 tuloksena syntyi kenk\u00e4, joka vastaa vaativimpien urheilijoiden tarpeisiin. Agility Pro on suunniteltu erityisesti dynaamiseen liikkumiseen ja intensiiviseen fyysiseen rasitukseen. Se tarjoaa erinomaisen mukavuuden, kest\u00e4vyyden ja [...]\" \/>\n<meta property=\"og:url\" content=\"https:\/\/allstarfinland.fi\/en\/p\/kempa-pro-agility-miekkailukengat\/\" \/>\n<meta property=\"og:site_name\" content=\"Allstar Finland\" \/>\n<meta property=\"article:modified_time\" content=\"2026-05-03T09:23:51+00:00\" \/>\n<meta property=\"og:image\" content=\"https:\/\/allstarfinland.fi\/wp-content\/uploads\/2025\/08\/525KPA_1.jpg\" \/>\n\t<meta property=\"og:image:width\" content=\"1510\" \/>\n\t<meta property=\"og:image:height\" content=\"1510\" \/>\n\t<meta property=\"og:image:type\" content=\"image\/jpeg\" \/>\n<meta name=\"twitter:card\" content=\"summary_large_image\" \/>\n<meta name=\"twitter:label1\" content=\"Est. reading time\" \/>\n\t<meta name=\"twitter:data1\" content=\"1 minute\" \/>\n<script type=\"application\/ld+json\" class=\"yoast-schema-graph\">{\"@context\":\"https:\\\/\\\/schema.org\",\"@graph\":[{\"@type\":\"WebPage\",\"@id\":\"https:\\\/\\\/allstarfinland.fi\\\/p\\\/kempa-pro-agility-miekkailukengat\\\/\",\"url\":\"https:\\\/\\\/allstarfinland.fi\\\/p\\\/kempa-pro-agility-miekkailukengat\\\/\",\"name\":\"KEMPA PRO AGILITY MIEKKAILUKENG\u00c4T - Allstar Finland\",\"isPartOf\":{\"@id\":\"https:\\\/\\\/allstarfinland.fi\\\/en\\\/#website\"},\"primaryImageOfPage\":{\"@id\":\"https:\\\/\\\/allstarfinland.fi\\\/p\\\/kempa-pro-agility-miekkailukengat\\\/#primaryimage\"},\"image\":{\"@id\":\"https:\\\/\\\/allstarfinland.fi\\\/p\\\/kempa-pro-agility-miekkailukengat\\\/#primaryimage\"},\"thumbnailUrl\":\"https:\\\/\\\/allstarfinland.fi\\\/wp-content\\\/uploads\\\/2025\\\/08\\\/525KPA_1.jpg\",\"datePublished\":\"2025-08-26T04:53:49+00:00\",\"dateModified\":\"2026-05-03T09:23:51+00:00\",\"breadcrumb\":{\"@id\":\"https:\\\/\\\/allstarfinland.fi\\\/p\\\/kempa-pro-agility-miekkailukengat\\\/#breadcrumb\"},\"inLanguage\":\"en-US\",\"potentialAction\":[{\"@type\":\"ReadAction\",\"target\":[\"https:\\\/\\\/allstarfinland.fi\\\/p\\\/kempa-pro-agility-miekkailukengat\\\/\"]}]},{\"@type\":\"ImageObject\",\"inLanguage\":\"en-US\",\"@id\":\"https:\\\/\\\/allstarfinland.fi\\\/p\\\/kempa-pro-agility-miekkailukengat\\\/#primaryimage\",\"url\":\"https:\\\/\\\/allstarfinland.fi\\\/wp-content\\\/uploads\\\/2025\\\/08\\\/525KPA_1.jpg\",\"contentUrl\":\"https:\\\/\\\/allstarfinland.fi\\\/wp-content\\\/uploads\\\/2025\\\/08\\\/525KPA_1.jpg\",\"width\":1510,\"height\":1510},{\"@type\":\"BreadcrumbList\",\"@id\":\"https:\\\/\\\/allstarfinland.fi\\\/p\\\/kempa-pro-agility-miekkailukengat\\\/#breadcrumb\",\"itemListElement\":[{\"@type\":\"ListItem\",\"position\":1,\"name\":\"Etusivu\",\"item\":\"https:\\\/\\\/allstarfinland.fi\\\/\"},{\"@type\":\"ListItem\",\"position\":2,\"name\":\"Etusivu\",\"item\":\"https:\\\/\\\/allstarfinland.fi\\\/\"},{\"@type\":\"ListItem\",\"position\":3,\"name\":\"KEMPA PRO AGILITY MIEKKAILUKENG\u00c4T\"}]},{\"@type\":\"WebSite\",\"@id\":\"https:\\\/\\\/allstarfinland.fi\\\/en\\\/#website\",\"url\":\"https:\\\/\\\/allstarfinland.fi\\\/en\\\/\",\"name\":\"Allstar Finland\",\"description\":\"Miekkailuv\u00e4lineiden verkkokauppa\",\"potentialAction\":[{\"@type\":\"SearchAction\",\"target\":{\"@type\":\"EntryPoint\",\"urlTemplate\":\"https:\\\/\\\/allstarfinland.fi\\\/en\\\/?s={search_term_string}\"},\"query-input\":{\"@type\":\"PropertyValueSpecification\",\"valueRequired\":true,\"valueName\":\"search_term_string\"}}],\"inLanguage\":\"en-US\"}]}<\/script>\n<!-- \/ Yoast SEO plugin. -->","yoast_head_json":{"title":"KEMPA PRO AGILITY MIEKKAILUKENG\u00c4T - Allstar Finland","robots":{"index":"index","follow":"follow","max-snippet":"max-snippet:-1","max-image-preview":"max-image-preview:large","max-video-preview":"max-video-preview:-1"},"canonical":"https:\/\/allstarfinland.fi\/en\/p\/kempa-pro-agility-miekkailukengat\/","og_locale":"en_US","og_type":"article","og_title":"KEMPA PRO AGILITY MIEKKAILUKENG\u00c4T - Allstar Finland","og_description":"Agility Pro \u2013 Vapauta potentiaalisi Kolmen huippubr\u00e4ndin voimin kehitetty Agility Pro\u00a0on miekkailukenk\u00e4, joka vie suorituskyvyn uudelle tasolle. Saksalaiset allstar, Uhlmann ja Kempa yhdistiv\u00e4t asiantuntemuksensa miekkailusta, joukkuelajeista ja huippuluokan jalkineista \u2013 tuloksena syntyi kenk\u00e4, joka vastaa vaativimpien urheilijoiden tarpeisiin. Agility Pro on suunniteltu erityisesti dynaamiseen liikkumiseen ja intensiiviseen fyysiseen rasitukseen. Se tarjoaa erinomaisen mukavuuden, kest\u00e4vyyden ja [...]","og_url":"https:\/\/allstarfinland.fi\/en\/p\/kempa-pro-agility-miekkailukengat\/","og_site_name":"Allstar Finland","article_modified_time":"2026-05-03T09:23:51+00:00","og_image":[{"width":1510,"height":1510,"url":"https:\/\/allstarfinland.fi\/wp-content\/uploads\/2025\/08\/525KPA_1.jpg","type":"image\/jpeg"}],"twitter_card":"summary_large_image","twitter_misc":{"Est. reading time":"1 minute"},"schema":{"@context":"https:\/\/schema.org","@graph":[{"@type":"WebPage","@id":"https:\/\/allstarfinland.fi\/p\/kempa-pro-agility-miekkailukengat\/","url":"https:\/\/allstarfinland.fi\/p\/kempa-pro-agility-miekkailukengat\/","name":"KEMPA PRO AGILITY MIEKKAILUKENG\u00c4T - Allstar Finland","isPartOf":{"@id":"https:\/\/allstarfinland.fi\/en\/#website"},"primaryImageOfPage":{"@id":"https:\/\/allstarfinland.fi\/p\/kempa-pro-agility-miekkailukengat\/#primaryimage"},"image":{"@id":"https:\/\/allstarfinland.fi\/p\/kempa-pro-agility-miekkailukengat\/#primaryimage"},"thumbnailUrl":"https:\/\/allstarfinland.fi\/wp-content\/uploads\/2025\/08\/525KPA_1.jpg","datePublished":"2025-08-26T04:53:49+00:00","dateModified":"2026-05-03T09:23:51+00:00","breadcrumb":{"@id":"https:\/\/allstarfinland.fi\/p\/kempa-pro-agility-miekkailukengat\/#breadcrumb"},"inLanguage":"en-US","potentialAction":[{"@type":"ReadAction","target":["https:\/\/allstarfinland.fi\/p\/kempa-pro-agility-miekkailukengat\/"]}]},{"@type":"ImageObject","inLanguage":"en-US","@id":"https:\/\/allstarfinland.fi\/p\/kempa-pro-agility-miekkailukengat\/#primaryimage","url":"https:\/\/allstarfinland.fi\/wp-content\/uploads\/2025\/08\/525KPA_1.jpg","contentUrl":"https:\/\/allstarfinland.fi\/wp-content\/uploads\/2025\/08\/525KPA_1.jpg","width":1510,"height":1510},{"@type":"BreadcrumbList","@id":"https:\/\/allstarfinland.fi\/p\/kempa-pro-agility-miekkailukengat\/#breadcrumb","itemListElement":[{"@type":"ListItem","position":1,"name":"Etusivu","item":"https:\/\/allstarfinland.fi\/"},{"@type":"ListItem","position":2,"name":"Etusivu","item":"https:\/\/allstarfinland.fi\/"},{"@type":"ListItem","position":3,"name":"KEMPA PRO AGILITY MIEKKAILUKENG\u00c4T"}]},{"@type":"WebSite","@id":"https:\/\/allstarfinland.fi\/en\/#website","url":"https:\/\/allstarfinland.fi\/en\/","name":"Allstar Finland","description":"Miekkailuv\u00e4lineiden verkkokauppa","potentialAction":[{"@type":"SearchAction","target":{"@type":"EntryPoint","urlTemplate":"https:\/\/allstarfinland.fi\/en\/?s={search_term_string}"},"query-input":{"@type":"PropertyValueSpecification","valueRequired":true,"valueName":"search_term_string"}}],"inLanguage":"en-US"}]}},"jetpack_sharing_enabled":true,"_links":{"self":[{"href":"https:\/\/allstarfinland.fi\/en\/wp-json\/wp\/v2\/product\/21986","targetHints":{"allow":["GET"]}}],"collection":[{"href":"https:\/\/allstarfinland.fi\/en\/wp-json\/wp\/v2\/product"}],"about":[{"href":"https:\/\/allstarfinland.fi\/en\/wp-json\/wp\/v2\/types\/product"}],"wp:featuredmedia":[{"embeddable":true,"href":"https:\/\/allstarfinland.fi\/en\/wp-json\/wp\/v2\/media\/22009"}],"wp:attachment":[{"href":"https:\/\/allstarfinland.fi\/en\/wp-json\/wp\/v2\/media?parent=21986"}],"wp:term":[{"taxonomy":"product_brand","embeddable":true,"href":"https:\/\/allstarfinland.fi\/en\/wp-json\/wp\/v2\/product_brand?post=21986"},{"taxonomy":"product_cat","embeddable":true,"href":"https:\/\/allstarfinland.fi\/en\/wp-json\/wp\/v2\/product_cat?post=21986"},{"taxonomy":"product_tag","embeddable":true,"href":"https:\/\/allstarfinland.fi\/en\/wp-json\/wp\/v2\/product_tag?post=21986"}],"curies":[{"name":"wp","href":"https:\/\/api.w.org\/{rel}","templated":true}]}}