{"id":2194,"date":"2022-07-14T11:49:19","date_gmt":"2022-07-14T08:49:19","guid":{"rendered":"https:\/\/allstarfinland.fi\/tuote\/allstar-protouch-fie-merkitsijlaite-kosketusnytll\/"},"modified":"2024-09-16T13:15:51","modified_gmt":"2024-09-16T10:15:51","slug":"allstar-protouch-fie-merkitsijalaite-kosketusnaytolla","status":"publish","type":"product","link":"https:\/\/allstarfinland.fi\/en\/p\/allstar-protouch-fie-merkitsijalaite-kosketusnaytolla\/","title":{"rendered":"ALLSTAR PROTOUCH FIE SIGNALLING UNIT W. TOUCHSCREEN"},"content":{"rendered":"<h3>Touch-screen display<\/h3>\n<p>All relevant information is shown on the 22\u201c (55,8cm) TFT-Touch screen, which can also be operated with gloves. The functions on the screen can be adapted to suit your particular requirements.<\/p>\n<h4>The following information is displayed on the screen:<\/h4>\n<ul>\n<li>valid and non-valid hits<\/li>\n<li>name, photo and national flag of the fencer (in connection with result management system e.g. Ophardt).<\/li>\n<li>score<\/li>\n<li>time<\/li>\n<li>match number<\/li>\n<li>piste number for use with results management system e.g. Ophardt<\/li>\n<li>yellow, up to 15 red cards and black card.<\/li>\n<li>P-cards and passivity timer<\/li>\n<\/ul>\n<h3>Included in delivery:<\/h3>\n<ul>\n<li>signalling unit with integrated embedded industrial PC and 22\u201c touch screen-Display<\/li>\n<li>infra-red remote control<\/li>\n<li>power supply 110-240 V input voltage (according to medicine standard)<\/li>\n<\/ul>","protected":false},"excerpt":{"rendered":"<p>The FMA21 is a fully FIE approved signalling unit for all 3 weapons incorporating all the latest FIE requirements. It is equipped with an integrated embedded industry PC and an easy to operate touch screen. The advanced design ensures a clear easy to read display of all relevant information. The unit also incorporates connections to peripheral units such as displays, result management, video refereeing system etc.\nThe FMA21 is operated by touch screen or remote control. The new RC system has much better range than previous models. Software up-dates for required FIE rule changes or the addition of new functions etc., are all done via the integrated USB-interface eliminating the need for chip changes.\nTogether with our range of accessories, such as stand and repetition lights, both of which can be easily attached to the main unit, makes the FMA 21 the most capable and sophisticated signalling unit available.\nThe FMA21 has successfully been used in Olympic, Paralympic and Continental Games, World and Continental Championships as well as World Cups and many more prestigious competitions.<\/p>","protected":false},"featured_media":2035,"template":"","meta":[],"product_brand":[],"product_cat":[19],"product_tag":[],"class_list":{"0":"post-2194","1":"product","2":"type-product","3":"status-publish","4":"has-post-thumbnail","6":"product_cat-miekkailusalit","7":"product_shipping_class-paketti","9":"first","10":"onbackorder","11":"taxable","12":"shipping-taxable","13":"purchasable","14":"product-type-simple"},"composite_virtual":false,"composite_layout":"","composite_add_to_cart_form_location":"","composite_editable_in_cart":false,"composite_sold_individually_context":"","composite_shop_price_calc":"","composite_components":[],"composite_scenarios":[],"supplier_id":1366,"supplier_sku":"FMA21","atum_controlled":true,"out_stock_date":"2022-07-15 10:40:46","out_stock_threshold":null,"inheritable":false,"inbound_stock":0,"stock_on_hold":0,"sold_today":0,"sales_last_days":0,"reserved_stock":0,"customer_returns":0,"warehouse_damage":0,"lost_in_post":0,"other_logs":0,"out_stock_days":1261,"lost_sales":0,"has_location":false,"update_date":"2025-12-28T09:55:42","atum_locations":[],"atum_stock_status":"onbackorder","restock_status":false,"low_stock_amount":"","sales_update_date":"2025-12-28T09:55:42","calc_backorders":0,"exclude_global_add_ons":[],"addons":[],"yoast_head":"<!-- This site is optimized with the Yoast SEO plugin v27.3 - https:\/\/yoast.com\/product\/yoast-seo-wordpress\/ -->\n<title>ALLSTAR PROTOUCH FIE MERKITSIJ\u00c4LAITE KOSKETUSN\u00c4YT\u00d6LL\u00c4 - Allstar Finland<\/title>\n<meta name=\"robots\" content=\"index, follow, max-snippet:-1, max-image-preview:large, max-video-preview:-1\" \/>\n<link rel=\"canonical\" href=\"https:\/\/allstarfinland.fi\/en\/p\/allstar-protouch-fie-merkitsijalaite-kosketusnaytolla\/\" \/>\n<meta property=\"og:locale\" content=\"en_US\" \/>\n<meta property=\"og:type\" content=\"article\" \/>\n<meta property=\"og:title\" content=\"ALLSTAR PROTOUCH FIE MERKITSIJ\u00c4LAITE KOSKETUSN\u00c4YT\u00d6LL\u00c4 - Allstar Finland\" \/>\n<meta property=\"og:description\" content=\"FMA21 on t\u00e4ysin FIE:n hyv\u00e4ksym\u00e4 merkitsij\u00e4laite kaikille kolmelle aseelle. Se t\u00e4ytt\u00e4\u00e4 kaikki uusimmat FIE-vaatimukset. Laite on varustettu integroidulla keskusyksik\u00f6ll\u00e4 ja helppok\u00e4ytt\u00f6isell\u00e4 kosketusn\u00e4yt\u00f6ll\u00e4. Edistyksellinen muotoilu varmistaa, ett\u00e4 olennainen tieto on selke\u00e4sti ja helposti luettavavissa. Yksikk\u00f6 sis\u00e4lt\u00e4\u00e4 my\u00f6s liit\u00e4nn\u00e4t oheislaitteisiin, kuten n\u00e4ytt\u00f6ihin, tuloksenhallintaan, videotuomarij\u00e4rjestelm\u00e4\u00e4n jne. FMA21: ta k\u00e4ytet\u00e4\u00e4n kosketusn\u00e4yt\u00f6ll\u00e4 tai kaukos\u00e4\u00e4timell\u00e4. Uudella RC-j\u00e4rjestelm\u00e4ll\u00e4 on paljon parempi kantama kuin aikaisemmilla malleilla. Ohjelmistop\u00e4ivitykset tarvittaville FIE-s\u00e4\u00e4nt\u00f6muutoksille tai uusien toimintojen lis\u00e4\u00e4miselle tehd\u00e4\u00e4n kaikki integroidun USB-liit\u00e4nn\u00e4n kautta, mik\u00e4 poistaa sirumuutosten tarpeen. Yhdess\u00e4 helposti liitett\u00e4vien lis\u00e4varusteidemme, kuten jalusta ja toistovalot, kanssa FMA 21on tehokkain ja kehittynein k\u00e4ytett\u00e4viss\u00e4 oleva merkinantolaite. FMA21-mallia on k\u00e4ytetty menestyksekk\u00e4\u00e4sti olympia-, paralympia- ja maailmanmestaruuskilpailuissa, maailmancupeissa sek\u00e4 monissa muissa arvokilpailuissa.\" \/>\n<meta property=\"og:url\" content=\"https:\/\/allstarfinland.fi\/en\/p\/allstar-protouch-fie-merkitsijalaite-kosketusnaytolla\/\" \/>\n<meta property=\"og:site_name\" content=\"Allstar Finland\" \/>\n<meta property=\"article:modified_time\" content=\"2024-09-16T10:15:51+00:00\" \/>\n<meta property=\"og:image\" content=\"https:\/\/allstarfinland.fi\/wp-content\/uploads\/2022\/07\/FMA21_1.jpg\" \/>\n\t<meta property=\"og:image:width\" content=\"1920\" \/>\n\t<meta property=\"og:image:height\" content=\"1920\" \/>\n\t<meta property=\"og:image:type\" content=\"image\/jpeg\" \/>\n<meta name=\"twitter:card\" content=\"summary_large_image\" \/>\n<meta name=\"twitter:label1\" content=\"Est. reading time\" \/>\n\t<meta name=\"twitter:data1\" content=\"1 minute\" \/>\n<script type=\"application\/ld+json\" class=\"yoast-schema-graph\">{\"@context\":\"https:\\\/\\\/schema.org\",\"@graph\":[{\"@type\":\"WebPage\",\"@id\":\"https:\\\/\\\/allstarfinland.fi\\\/p\\\/allstar-protouch-fie-merkitsijalaite-kosketusnaytolla\\\/\",\"url\":\"https:\\\/\\\/allstarfinland.fi\\\/p\\\/allstar-protouch-fie-merkitsijalaite-kosketusnaytolla\\\/\",\"name\":\"ALLSTAR PROTOUCH FIE MERKITSIJ\u00c4LAITE KOSKETUSN\u00c4YT\u00d6LL\u00c4 - Allstar Finland\",\"isPartOf\":{\"@id\":\"https:\\\/\\\/allstarfinland.fi\\\/en\\\/#website\"},\"primaryImageOfPage\":{\"@id\":\"https:\\\/\\\/allstarfinland.fi\\\/p\\\/allstar-protouch-fie-merkitsijalaite-kosketusnaytolla\\\/#primaryimage\"},\"image\":{\"@id\":\"https:\\\/\\\/allstarfinland.fi\\\/p\\\/allstar-protouch-fie-merkitsijalaite-kosketusnaytolla\\\/#primaryimage\"},\"thumbnailUrl\":\"https:\\\/\\\/allstarfinland.fi\\\/wp-content\\\/uploads\\\/2022\\\/07\\\/FMA21_1.jpg\",\"datePublished\":\"2022-07-14T08:49:19+00:00\",\"dateModified\":\"2024-09-16T10:15:51+00:00\",\"breadcrumb\":{\"@id\":\"https:\\\/\\\/allstarfinland.fi\\\/p\\\/allstar-protouch-fie-merkitsijalaite-kosketusnaytolla\\\/#breadcrumb\"},\"inLanguage\":\"en-US\",\"potentialAction\":[{\"@type\":\"ReadAction\",\"target\":[\"https:\\\/\\\/allstarfinland.fi\\\/p\\\/allstar-protouch-fie-merkitsijalaite-kosketusnaytolla\\\/\"]}]},{\"@type\":\"ImageObject\",\"inLanguage\":\"en-US\",\"@id\":\"https:\\\/\\\/allstarfinland.fi\\\/p\\\/allstar-protouch-fie-merkitsijalaite-kosketusnaytolla\\\/#primaryimage\",\"url\":\"https:\\\/\\\/allstarfinland.fi\\\/wp-content\\\/uploads\\\/2022\\\/07\\\/FMA21_1.jpg\",\"contentUrl\":\"https:\\\/\\\/allstarfinland.fi\\\/wp-content\\\/uploads\\\/2022\\\/07\\\/FMA21_1.jpg\",\"width\":1920,\"height\":1920},{\"@type\":\"BreadcrumbList\",\"@id\":\"https:\\\/\\\/allstarfinland.fi\\\/p\\\/allstar-protouch-fie-merkitsijalaite-kosketusnaytolla\\\/#breadcrumb\",\"itemListElement\":[{\"@type\":\"ListItem\",\"position\":1,\"name\":\"Etusivu\",\"item\":\"https:\\\/\\\/allstarfinland.fi\\\/\"},{\"@type\":\"ListItem\",\"position\":2,\"name\":\"Etusivu\",\"item\":\"https:\\\/\\\/allstarfinland.fi\\\/\"},{\"@type\":\"ListItem\",\"position\":3,\"name\":\"ALLSTAR PROTOUCH FIE MERKITSIJ\u00c4LAITE KOSKETUSN\u00c4YT\u00d6LL\u00c4\"}]},{\"@type\":\"WebSite\",\"@id\":\"https:\\\/\\\/allstarfinland.fi\\\/en\\\/#website\",\"url\":\"https:\\\/\\\/allstarfinland.fi\\\/en\\\/\",\"name\":\"Allstar Finland\",\"description\":\"Miekkailuv\u00e4lineiden verkkokauppa\",\"potentialAction\":[{\"@type\":\"SearchAction\",\"target\":{\"@type\":\"EntryPoint\",\"urlTemplate\":\"https:\\\/\\\/allstarfinland.fi\\\/en\\\/?s={search_term_string}\"},\"query-input\":{\"@type\":\"PropertyValueSpecification\",\"valueRequired\":true,\"valueName\":\"search_term_string\"}}],\"inLanguage\":\"en-US\"}]}<\/script>\n<!-- \/ Yoast SEO plugin. -->","yoast_head_json":{"title":"ALLSTAR PROTOUCH FIE MERKITSIJ\u00c4LAITE KOSKETUSN\u00c4YT\u00d6LL\u00c4 - Allstar Finland","robots":{"index":"index","follow":"follow","max-snippet":"max-snippet:-1","max-image-preview":"max-image-preview:large","max-video-preview":"max-video-preview:-1"},"canonical":"https:\/\/allstarfinland.fi\/en\/p\/allstar-protouch-fie-merkitsijalaite-kosketusnaytolla\/","og_locale":"en_US","og_type":"article","og_title":"ALLSTAR PROTOUCH FIE MERKITSIJ\u00c4LAITE KOSKETUSN\u00c4YT\u00d6LL\u00c4 - Allstar Finland","og_description":"FMA21 on t\u00e4ysin FIE:n hyv\u00e4ksym\u00e4 merkitsij\u00e4laite kaikille kolmelle aseelle. Se t\u00e4ytt\u00e4\u00e4 kaikki uusimmat FIE-vaatimukset. Laite on varustettu integroidulla keskusyksik\u00f6ll\u00e4 ja helppok\u00e4ytt\u00f6isell\u00e4 kosketusn\u00e4yt\u00f6ll\u00e4. Edistyksellinen muotoilu varmistaa, ett\u00e4 olennainen tieto on selke\u00e4sti ja helposti luettavavissa. Yksikk\u00f6 sis\u00e4lt\u00e4\u00e4 my\u00f6s liit\u00e4nn\u00e4t oheislaitteisiin, kuten n\u00e4ytt\u00f6ihin, tuloksenhallintaan, videotuomarij\u00e4rjestelm\u00e4\u00e4n jne. FMA21: ta k\u00e4ytet\u00e4\u00e4n kosketusn\u00e4yt\u00f6ll\u00e4 tai kaukos\u00e4\u00e4timell\u00e4. Uudella RC-j\u00e4rjestelm\u00e4ll\u00e4 on paljon parempi kantama kuin aikaisemmilla malleilla. Ohjelmistop\u00e4ivitykset tarvittaville FIE-s\u00e4\u00e4nt\u00f6muutoksille tai uusien toimintojen lis\u00e4\u00e4miselle tehd\u00e4\u00e4n kaikki integroidun USB-liit\u00e4nn\u00e4n kautta, mik\u00e4 poistaa sirumuutosten tarpeen. Yhdess\u00e4 helposti liitett\u00e4vien lis\u00e4varusteidemme, kuten jalusta ja toistovalot, kanssa FMA 21on tehokkain ja kehittynein k\u00e4ytett\u00e4viss\u00e4 oleva merkinantolaite. FMA21-mallia on k\u00e4ytetty menestyksekk\u00e4\u00e4sti olympia-, paralympia- ja maailmanmestaruuskilpailuissa, maailmancupeissa sek\u00e4 monissa muissa arvokilpailuissa.","og_url":"https:\/\/allstarfinland.fi\/en\/p\/allstar-protouch-fie-merkitsijalaite-kosketusnaytolla\/","og_site_name":"Allstar Finland","article_modified_time":"2024-09-16T10:15:51+00:00","og_image":[{"width":1920,"height":1920,"url":"https:\/\/allstarfinland.fi\/wp-content\/uploads\/2022\/07\/FMA21_1.jpg","type":"image\/jpeg"}],"twitter_card":"summary_large_image","twitter_misc":{"Est. reading time":"1 minute"},"schema":{"@context":"https:\/\/schema.org","@graph":[{"@type":"WebPage","@id":"https:\/\/allstarfinland.fi\/p\/allstar-protouch-fie-merkitsijalaite-kosketusnaytolla\/","url":"https:\/\/allstarfinland.fi\/p\/allstar-protouch-fie-merkitsijalaite-kosketusnaytolla\/","name":"ALLSTAR PROTOUCH FIE MERKITSIJ\u00c4LAITE KOSKETUSN\u00c4YT\u00d6LL\u00c4 - Allstar Finland","isPartOf":{"@id":"https:\/\/allstarfinland.fi\/en\/#website"},"primaryImageOfPage":{"@id":"https:\/\/allstarfinland.fi\/p\/allstar-protouch-fie-merkitsijalaite-kosketusnaytolla\/#primaryimage"},"image":{"@id":"https:\/\/allstarfinland.fi\/p\/allstar-protouch-fie-merkitsijalaite-kosketusnaytolla\/#primaryimage"},"thumbnailUrl":"https:\/\/allstarfinland.fi\/wp-content\/uploads\/2022\/07\/FMA21_1.jpg","datePublished":"2022-07-14T08:49:19+00:00","dateModified":"2024-09-16T10:15:51+00:00","breadcrumb":{"@id":"https:\/\/allstarfinland.fi\/p\/allstar-protouch-fie-merkitsijalaite-kosketusnaytolla\/#breadcrumb"},"inLanguage":"en-US","potentialAction":[{"@type":"ReadAction","target":["https:\/\/allstarfinland.fi\/p\/allstar-protouch-fie-merkitsijalaite-kosketusnaytolla\/"]}]},{"@type":"ImageObject","inLanguage":"en-US","@id":"https:\/\/allstarfinland.fi\/p\/allstar-protouch-fie-merkitsijalaite-kosketusnaytolla\/#primaryimage","url":"https:\/\/allstarfinland.fi\/wp-content\/uploads\/2022\/07\/FMA21_1.jpg","contentUrl":"https:\/\/allstarfinland.fi\/wp-content\/uploads\/2022\/07\/FMA21_1.jpg","width":1920,"height":1920},{"@type":"BreadcrumbList","@id":"https:\/\/allstarfinland.fi\/p\/allstar-protouch-fie-merkitsijalaite-kosketusnaytolla\/#breadcrumb","itemListElement":[{"@type":"ListItem","position":1,"name":"Etusivu","item":"https:\/\/allstarfinland.fi\/"},{"@type":"ListItem","position":2,"name":"Etusivu","item":"https:\/\/allstarfinland.fi\/"},{"@type":"ListItem","position":3,"name":"ALLSTAR PROTOUCH FIE MERKITSIJ\u00c4LAITE KOSKETUSN\u00c4YT\u00d6LL\u00c4"}]},{"@type":"WebSite","@id":"https:\/\/allstarfinland.fi\/en\/#website","url":"https:\/\/allstarfinland.fi\/en\/","name":"Allstar Finland","description":"Miekkailuv\u00e4lineiden verkkokauppa","potentialAction":[{"@type":"SearchAction","target":{"@type":"EntryPoint","urlTemplate":"https:\/\/allstarfinland.fi\/en\/?s={search_term_string}"},"query-input":{"@type":"PropertyValueSpecification","valueRequired":true,"valueName":"search_term_string"}}],"inLanguage":"en-US"}]}},"jetpack_sharing_enabled":true,"_links":{"self":[{"href":"https:\/\/allstarfinland.fi\/en\/wp-json\/wp\/v2\/product\/2194","targetHints":{"allow":["GET"]}}],"collection":[{"href":"https:\/\/allstarfinland.fi\/en\/wp-json\/wp\/v2\/product"}],"about":[{"href":"https:\/\/allstarfinland.fi\/en\/wp-json\/wp\/v2\/types\/product"}],"wp:featuredmedia":[{"embeddable":true,"href":"https:\/\/allstarfinland.fi\/en\/wp-json\/wp\/v2\/media\/2035"}],"wp:attachment":[{"href":"https:\/\/allstarfinland.fi\/en\/wp-json\/wp\/v2\/media?parent=2194"}],"wp:term":[{"taxonomy":"product_brand","embeddable":true,"href":"https:\/\/allstarfinland.fi\/en\/wp-json\/wp\/v2\/product_brand?post=2194"},{"taxonomy":"product_cat","embeddable":true,"href":"https:\/\/allstarfinland.fi\/en\/wp-json\/wp\/v2\/product_cat?post=2194"},{"taxonomy":"product_tag","embeddable":true,"href":"https:\/\/allstarfinland.fi\/en\/wp-json\/wp\/v2\/product_tag?post=2194"}],"curies":[{"name":"wp","href":"https:\/\/api.w.org\/{rel}","templated":true}]}}