{"id":21759,"date":"2025-06-06T14:03:36","date_gmt":"2025-06-06T11:03:36","guid":{"rendered":"https:\/\/allstarfinland.fi\/?post_type=product&#038;p=21759"},"modified":"2026-03-29T11:15:51","modified_gmt":"2026-03-29T08:15:51","slug":"allstar-gripstar-kids","status":"publish","type":"product","link":"https:\/\/allstarfinland.fi\/en\/p\/allstar-gripstar-kids\/","title":{"rendered":"ALLSTAR GRIPSTAR KIDS FENCING GLOVE FOR JUNIORS"},"content":{"rendered":"","protected":false},"excerpt":{"rendered":"<p data-start=\"33\" data-end=\"92\"><strong data-start=\"33\" data-end=\"92\">Gripstar - the ultimate fencing glove for young champions<\/strong><\/p>\n<p data-start=\"94\" data-end=\"599\">The Gripstar glove has been one of our all-time bestsellers, and now it's finally available for the youngest fencing stars! Designed for epee and foil, this glove features an advanced anti-slip grip coating on the palm, ensuring a secure hold and precise control. Made from durable Alcantex material, it is not only exceptionally comfortable to wear but also washable \u2013 perfect for intense training sessions and competition days. Start your fencing journey with the perfect grip!<\/p>\n<p data-start=\"601\" data-end=\"612\"><strong data-start=\"601\" data-end=\"612\">Details<\/strong><\/p>\n<ul data-start=\"614\" data-end=\"839\" data-is-last-node=\"\" data-is-only-node=\"\">\n<li data-start=\"614\" data-end=\"650\">\n<p data-start=\"616\" data-end=\"650\">specially designed for children<\/p>\n<\/li>\n<li data-start=\"651\" data-end=\"690\">\n<p data-start=\"653\" data-end=\"690\">ideal for epee and foil<\/p>\n<\/li>\n<li data-start=\"691\" data-end=\"745\">\n<p data-start=\"693\" data-end=\"745\">non-slip grip dots for better control<\/p>\n<\/li>\n<li data-start=\"746\" data-end=\"788\">\n<p data-start=\"748\" data-end=\"788\">washable and durable Alcantex material<\/p>\n<\/li>\n<li data-start=\"789\" data-end=\"839\" data-is-last-node=\"\">\n<p data-start=\"791\" data-end=\"839\" data-is-last-node=\"\">perfect for both training and tournaments<\/p>\n<\/li>\n<\/ul>","protected":false},"featured_media":21768,"template":"","meta":[],"product_brand":[],"product_cat":[195],"product_tag":[],"class_list":{"0":"post-21759","1":"product","2":"type-product","3":"status-publish","4":"has-post-thumbnail","6":"product_cat-kalpa-floretti","8":"first","9":"onbackorder","10":"taxable","11":"shipping-taxable","12":"purchasable","13":"product-type-variable"},"composite_virtual":false,"composite_layout":"","composite_add_to_cart_form_location":"","composite_editable_in_cart":false,"composite_sold_individually_context":"","composite_shop_price_calc":"","composite_components":[],"composite_scenarios":[],"supplier_id":null,"supplier_sku":"","atum_controlled":true,"out_stock_date":null,"out_stock_threshold":null,"inheritable":true,"inbound_stock":0,"stock_on_hold":0,"sold_today":0,"sales_last_days":0,"reserved_stock":0,"customer_returns":0,"warehouse_damage":0,"lost_in_post":null,"other_logs":0,"out_stock_days":null,"lost_sales":0,"has_location":false,"update_date":"2026-04-24T06:09:38","atum_locations":[],"atum_stock_status":"onbackorder","restock_status":false,"low_stock_amount":"","sales_update_date":"2026-04-24T06:09:38","calc_backorders":null,"exclude_global_add_ons":[],"addons":[],"yoast_head":"<!-- This site is optimized with the Yoast SEO plugin v27.4 - https:\/\/yoast.com\/product\/yoast-seo-wordpress\/ -->\n<title>ALLSTAR GRIPSTAR KIDS MIEKKAILUHANSKA JUNIOREILLE - Allstar Finland<\/title>\n<meta name=\"description\" content=\"Gripstar-k\u00e4sine on vihdoin saatavilla my\u00f6s nuorimmille miekkailijalupauksille! Voidaan k\u00e4ytt\u00e4\u00e4 kalpa- ja florettimiekkailussa.\" \/>\n<meta name=\"robots\" content=\"index, follow, max-snippet:-1, max-image-preview:large, max-video-preview:-1\" \/>\n<link rel=\"canonical\" href=\"https:\/\/allstarfinland.fi\/en\/p\/allstar-gripstar-kids\/\" \/>\n<meta property=\"og:locale\" content=\"en_US\" \/>\n<meta property=\"og:type\" content=\"article\" \/>\n<meta property=\"og:title\" content=\"ALLSTAR GRIPSTAR KIDS MIEKKAILUHANSKA JUNIOREILLE - Allstar Finland\" \/>\n<meta property=\"og:description\" content=\"Gripstar-k\u00e4sine on vihdoin saatavilla my\u00f6s nuorimmille miekkailijalupauksille! Voidaan k\u00e4ytt\u00e4\u00e4 kalpa- ja florettimiekkailussa.\" \/>\n<meta property=\"og:url\" content=\"https:\/\/allstarfinland.fi\/en\/p\/allstar-gripstar-kids\/\" \/>\n<meta property=\"og:site_name\" content=\"Allstar Finland\" \/>\n<meta property=\"article:modified_time\" content=\"2026-03-29T08:15:51+00:00\" \/>\n<meta property=\"og:image\" content=\"https:\/\/allstarfinland.fi\/wp-content\/uploads\/2025\/06\/AKH-K-GS_2_1920x1920.jpg\" \/>\n\t<meta property=\"og:image:width\" content=\"1100\" \/>\n\t<meta property=\"og:image:height\" content=\"1100\" \/>\n\t<meta property=\"og:image:type\" content=\"image\/jpeg\" \/>\n<meta name=\"twitter:card\" content=\"summary_large_image\" \/>\n<meta name=\"twitter:label1\" content=\"Est. reading time\" \/>\n\t<meta name=\"twitter:data1\" content=\"1 minute\" \/>\n<script type=\"application\/ld+json\" class=\"yoast-schema-graph\">{\"@context\":\"https:\\\/\\\/schema.org\",\"@graph\":[{\"@type\":\"WebPage\",\"@id\":\"https:\\\/\\\/allstarfinland.fi\\\/p\\\/allstar-gripstar-kids\\\/\",\"url\":\"https:\\\/\\\/allstarfinland.fi\\\/p\\\/allstar-gripstar-kids\\\/\",\"name\":\"ALLSTAR GRIPSTAR KIDS MIEKKAILUHANSKA JUNIOREILLE - Allstar Finland\",\"isPartOf\":{\"@id\":\"https:\\\/\\\/allstarfinland.fi\\\/en\\\/#website\"},\"primaryImageOfPage\":{\"@id\":\"https:\\\/\\\/allstarfinland.fi\\\/p\\\/allstar-gripstar-kids\\\/#primaryimage\"},\"image\":{\"@id\":\"https:\\\/\\\/allstarfinland.fi\\\/p\\\/allstar-gripstar-kids\\\/#primaryimage\"},\"thumbnailUrl\":\"https:\\\/\\\/allstarfinland.fi\\\/wp-content\\\/uploads\\\/2025\\\/06\\\/AKH-K-GS_2_1920x1920.jpg\",\"datePublished\":\"2025-06-06T11:03:36+00:00\",\"dateModified\":\"2026-03-29T08:15:51+00:00\",\"description\":\"Gripstar-k\u00e4sine on vihdoin saatavilla my\u00f6s nuorimmille miekkailijalupauksille! Voidaan k\u00e4ytt\u00e4\u00e4 kalpa- ja florettimiekkailussa.\",\"breadcrumb\":{\"@id\":\"https:\\\/\\\/allstarfinland.fi\\\/p\\\/allstar-gripstar-kids\\\/#breadcrumb\"},\"inLanguage\":\"en-US\",\"potentialAction\":[{\"@type\":\"ReadAction\",\"target\":[\"https:\\\/\\\/allstarfinland.fi\\\/p\\\/allstar-gripstar-kids\\\/\"]}]},{\"@type\":\"ImageObject\",\"inLanguage\":\"en-US\",\"@id\":\"https:\\\/\\\/allstarfinland.fi\\\/p\\\/allstar-gripstar-kids\\\/#primaryimage\",\"url\":\"https:\\\/\\\/allstarfinland.fi\\\/wp-content\\\/uploads\\\/2025\\\/06\\\/AKH-K-GS_2_1920x1920.jpg\",\"contentUrl\":\"https:\\\/\\\/allstarfinland.fi\\\/wp-content\\\/uploads\\\/2025\\\/06\\\/AKH-K-GS_2_1920x1920.jpg\",\"width\":1100,\"height\":1100},{\"@type\":\"BreadcrumbList\",\"@id\":\"https:\\\/\\\/allstarfinland.fi\\\/p\\\/allstar-gripstar-kids\\\/#breadcrumb\",\"itemListElement\":[{\"@type\":\"ListItem\",\"position\":1,\"name\":\"Etusivu\",\"item\":\"https:\\\/\\\/allstarfinland.fi\\\/\"},{\"@type\":\"ListItem\",\"position\":2,\"name\":\"Etusivu\",\"item\":\"https:\\\/\\\/allstarfinland.fi\\\/\"},{\"@type\":\"ListItem\",\"position\":3,\"name\":\"ALLSTAR GRIPSTAR KIDS MIEKKAILUHANSKA JUNIOREILLE\"}]},{\"@type\":\"WebSite\",\"@id\":\"https:\\\/\\\/allstarfinland.fi\\\/en\\\/#website\",\"url\":\"https:\\\/\\\/allstarfinland.fi\\\/en\\\/\",\"name\":\"Allstar Finland\",\"description\":\"Miekkailuv\u00e4lineiden verkkokauppa\",\"potentialAction\":[{\"@type\":\"SearchAction\",\"target\":{\"@type\":\"EntryPoint\",\"urlTemplate\":\"https:\\\/\\\/allstarfinland.fi\\\/en\\\/?s={search_term_string}\"},\"query-input\":{\"@type\":\"PropertyValueSpecification\",\"valueRequired\":true,\"valueName\":\"search_term_string\"}}],\"inLanguage\":\"en-US\"}]}<\/script>\n<!-- \/ Yoast SEO plugin. -->","yoast_head_json":{"title":"ALLSTAR GRIPSTAR KIDS MIEKKAILUHANSKA JUNIOREILLE - Allstar Finland","description":"Gripstar-k\u00e4sine on vihdoin saatavilla my\u00f6s nuorimmille miekkailijalupauksille! Voidaan k\u00e4ytt\u00e4\u00e4 kalpa- ja florettimiekkailussa.","robots":{"index":"index","follow":"follow","max-snippet":"max-snippet:-1","max-image-preview":"max-image-preview:large","max-video-preview":"max-video-preview:-1"},"canonical":"https:\/\/allstarfinland.fi\/en\/p\/allstar-gripstar-kids\/","og_locale":"en_US","og_type":"article","og_title":"ALLSTAR GRIPSTAR KIDS MIEKKAILUHANSKA JUNIOREILLE - Allstar Finland","og_description":"Gripstar-k\u00e4sine on vihdoin saatavilla my\u00f6s nuorimmille miekkailijalupauksille! Voidaan k\u00e4ytt\u00e4\u00e4 kalpa- ja florettimiekkailussa.","og_url":"https:\/\/allstarfinland.fi\/en\/p\/allstar-gripstar-kids\/","og_site_name":"Allstar Finland","article_modified_time":"2026-03-29T08:15:51+00:00","og_image":[{"width":1100,"height":1100,"url":"https:\/\/allstarfinland.fi\/wp-content\/uploads\/2025\/06\/AKH-K-GS_2_1920x1920.jpg","type":"image\/jpeg"}],"twitter_card":"summary_large_image","twitter_misc":{"Est. reading time":"1 minute"},"schema":{"@context":"https:\/\/schema.org","@graph":[{"@type":"WebPage","@id":"https:\/\/allstarfinland.fi\/p\/allstar-gripstar-kids\/","url":"https:\/\/allstarfinland.fi\/p\/allstar-gripstar-kids\/","name":"ALLSTAR GRIPSTAR KIDS MIEKKAILUHANSKA JUNIOREILLE - Allstar Finland","isPartOf":{"@id":"https:\/\/allstarfinland.fi\/en\/#website"},"primaryImageOfPage":{"@id":"https:\/\/allstarfinland.fi\/p\/allstar-gripstar-kids\/#primaryimage"},"image":{"@id":"https:\/\/allstarfinland.fi\/p\/allstar-gripstar-kids\/#primaryimage"},"thumbnailUrl":"https:\/\/allstarfinland.fi\/wp-content\/uploads\/2025\/06\/AKH-K-GS_2_1920x1920.jpg","datePublished":"2025-06-06T11:03:36+00:00","dateModified":"2026-03-29T08:15:51+00:00","description":"Gripstar-k\u00e4sine on vihdoin saatavilla my\u00f6s nuorimmille miekkailijalupauksille! Voidaan k\u00e4ytt\u00e4\u00e4 kalpa- ja florettimiekkailussa.","breadcrumb":{"@id":"https:\/\/allstarfinland.fi\/p\/allstar-gripstar-kids\/#breadcrumb"},"inLanguage":"en-US","potentialAction":[{"@type":"ReadAction","target":["https:\/\/allstarfinland.fi\/p\/allstar-gripstar-kids\/"]}]},{"@type":"ImageObject","inLanguage":"en-US","@id":"https:\/\/allstarfinland.fi\/p\/allstar-gripstar-kids\/#primaryimage","url":"https:\/\/allstarfinland.fi\/wp-content\/uploads\/2025\/06\/AKH-K-GS_2_1920x1920.jpg","contentUrl":"https:\/\/allstarfinland.fi\/wp-content\/uploads\/2025\/06\/AKH-K-GS_2_1920x1920.jpg","width":1100,"height":1100},{"@type":"BreadcrumbList","@id":"https:\/\/allstarfinland.fi\/p\/allstar-gripstar-kids\/#breadcrumb","itemListElement":[{"@type":"ListItem","position":1,"name":"Etusivu","item":"https:\/\/allstarfinland.fi\/"},{"@type":"ListItem","position":2,"name":"Etusivu","item":"https:\/\/allstarfinland.fi\/"},{"@type":"ListItem","position":3,"name":"ALLSTAR GRIPSTAR KIDS MIEKKAILUHANSKA JUNIOREILLE"}]},{"@type":"WebSite","@id":"https:\/\/allstarfinland.fi\/en\/#website","url":"https:\/\/allstarfinland.fi\/en\/","name":"Allstar Finland","description":"Miekkailuv\u00e4lineiden verkkokauppa","potentialAction":[{"@type":"SearchAction","target":{"@type":"EntryPoint","urlTemplate":"https:\/\/allstarfinland.fi\/en\/?s={search_term_string}"},"query-input":{"@type":"PropertyValueSpecification","valueRequired":true,"valueName":"search_term_string"}}],"inLanguage":"en-US"}]}},"jetpack_sharing_enabled":true,"_links":{"self":[{"href":"https:\/\/allstarfinland.fi\/en\/wp-json\/wp\/v2\/product\/21759","targetHints":{"allow":["GET"]}}],"collection":[{"href":"https:\/\/allstarfinland.fi\/en\/wp-json\/wp\/v2\/product"}],"about":[{"href":"https:\/\/allstarfinland.fi\/en\/wp-json\/wp\/v2\/types\/product"}],"wp:featuredmedia":[{"embeddable":true,"href":"https:\/\/allstarfinland.fi\/en\/wp-json\/wp\/v2\/media\/21768"}],"wp:attachment":[{"href":"https:\/\/allstarfinland.fi\/en\/wp-json\/wp\/v2\/media?parent=21759"}],"wp:term":[{"taxonomy":"product_brand","embeddable":true,"href":"https:\/\/allstarfinland.fi\/en\/wp-json\/wp\/v2\/product_brand?post=21759"},{"taxonomy":"product_cat","embeddable":true,"href":"https:\/\/allstarfinland.fi\/en\/wp-json\/wp\/v2\/product_cat?post=21759"},{"taxonomy":"product_tag","embeddable":true,"href":"https:\/\/allstarfinland.fi\/en\/wp-json\/wp\/v2\/product_tag?post=21759"}],"curies":[{"name":"wp","href":"https:\/\/api.w.org\/{rel}","templated":true}]}}