{"id":21753,"date":"2025-06-06T09:43:03","date_gmt":"2025-06-06T06:43:03","guid":{"rendered":"https:\/\/allstarfinland.fi\/?post_type=product&#038;p=21753"},"modified":"2025-06-06T10:16:06","modified_gmt":"2025-06-06T07:16:06","slug":"allstar-comfort-inox-fie-maski-kalvalle-est","status":"publish","type":"product","link":"https:\/\/allstarfinland.fi\/en\/p\/allstar-comfort-inox-fie-maski-kalvalle-est\/","title":{"rendered":"ALLSTAR COMFORT INOX FIE MASK FOR EPEE EST"},"content":{"rendered":"","protected":false},"excerpt":{"rendered":"<p>Allstar Inox FIE Comfort mask in Estonian colors!<\/p>\n<p>allstar Comfort FIE mask speak for highest safety and a perfect wearing comfort. All FIE masks produced by allstar have a 1600N bib for maximum protection. Our masks stand out due to their immense durability and robustness. The light weight and the soft padding guarantee a great wearing comfort. Moreover our Comfort masks have a removable and washable padding.<\/p>\n<p>Tip for washing: Wash the padding in a bra washing bag. Then the stickers won't stick to others clothes.<\/p>","protected":false},"featured_media":21751,"template":"","meta":[],"product_brand":[],"product_cat":[141],"product_tag":[],"class_list":{"0":"post-21753","1":"product","2":"type-product","3":"status-publish","4":"has-post-thumbnail","6":"product_cat-fie-1600n","7":"product_shipping_class-paketti","9":"first","10":"onbackorder","11":"taxable","12":"shipping-taxable","13":"purchasable","14":"product-type-variable"},"composite_virtual":false,"composite_layout":"","composite_add_to_cart_form_location":"","composite_editable_in_cart":false,"composite_sold_individually_context":"","composite_shop_price_calc":"","composite_components":[],"composite_scenarios":[],"supplier_id":null,"supplier_sku":"","atum_controlled":true,"out_stock_date":"2025-06-06 09:43:03","out_stock_threshold":null,"inheritable":true,"inbound_stock":0,"stock_on_hold":0,"sold_today":null,"sales_last_days":null,"reserved_stock":0,"customer_returns":0,"warehouse_damage":0,"lost_in_post":null,"other_logs":0,"out_stock_days":0,"lost_sales":null,"has_location":false,"update_date":"2026-04-13T06:12:19","atum_locations":[],"atum_stock_status":"onbackorder","restock_status":false,"low_stock_amount":"","sales_update_date":"2026-04-13T06:12:19","calc_backorders":0,"exclude_global_add_ons":[],"addons":[],"yoast_head":"<!-- This site is optimized with the Yoast SEO plugin v27.3 - https:\/\/yoast.com\/product\/yoast-seo-wordpress\/ -->\n<title>ALLSTAR COMFORT INOX FIE MASKI KALVALLE EST - Allstar Finland<\/title>\n<meta name=\"description\" content=\"Allstar Comfort Inox FIE maskin keveys ja mukavat pehmusteet takaavat erinomaisen k\u00e4ytt\u00f6mukavuuden. Comfort-mallissa on irrotettava sis\u00e4osa pesua varten.\" \/>\n<meta name=\"robots\" content=\"index, follow, max-snippet:-1, max-image-preview:large, max-video-preview:-1\" \/>\n<link rel=\"canonical\" href=\"https:\/\/allstarfinland.fi\/en\/p\/allstar-comfort-inox-fie-maski-kalvalle-est\/\" \/>\n<meta property=\"og:locale\" content=\"en_US\" \/>\n<meta property=\"og:type\" content=\"article\" \/>\n<meta property=\"og:title\" content=\"ALLSTAR COMFORT INOX FIE MASKI KALVALLE EST - Allstar Finland\" \/>\n<meta property=\"og:description\" content=\"Allstar Comfort Inox FIE maskin keveys ja mukavat pehmusteet takaavat erinomaisen k\u00e4ytt\u00f6mukavuuden. Comfort-mallissa on irrotettava sis\u00e4osa pesua varten.\" \/>\n<meta property=\"og:url\" content=\"https:\/\/allstarfinland.fi\/en\/p\/allstar-comfort-inox-fie-maski-kalvalle-est\/\" \/>\n<meta property=\"og:site_name\" content=\"Allstar Finland\" \/>\n<meta property=\"article:modified_time\" content=\"2025-06-06T07:16:06+00:00\" \/>\n<meta property=\"og:image\" content=\"https:\/\/allstarfinland.fi\/wp-content\/uploads\/2025\/06\/AMID_Estland-.jpg\" \/>\n\t<meta property=\"og:image:width\" content=\"1100\" \/>\n\t<meta property=\"og:image:height\" content=\"1100\" \/>\n\t<meta property=\"og:image:type\" content=\"image\/jpeg\" \/>\n<meta name=\"twitter:card\" content=\"summary_large_image\" \/>\n<meta name=\"twitter:label1\" content=\"Est. reading time\" \/>\n\t<meta name=\"twitter:data1\" content=\"1 minute\" \/>\n<script type=\"application\/ld+json\" class=\"yoast-schema-graph\">{\"@context\":\"https:\\\/\\\/schema.org\",\"@graph\":[{\"@type\":\"WebPage\",\"@id\":\"https:\\\/\\\/allstarfinland.fi\\\/p\\\/allstar-comfort-inox-fie-maski-kalvalle-est\\\/\",\"url\":\"https:\\\/\\\/allstarfinland.fi\\\/p\\\/allstar-comfort-inox-fie-maski-kalvalle-est\\\/\",\"name\":\"ALLSTAR COMFORT INOX FIE MASKI KALVALLE EST - Allstar Finland\",\"isPartOf\":{\"@id\":\"https:\\\/\\\/allstarfinland.fi\\\/en\\\/#website\"},\"primaryImageOfPage\":{\"@id\":\"https:\\\/\\\/allstarfinland.fi\\\/p\\\/allstar-comfort-inox-fie-maski-kalvalle-est\\\/#primaryimage\"},\"image\":{\"@id\":\"https:\\\/\\\/allstarfinland.fi\\\/p\\\/allstar-comfort-inox-fie-maski-kalvalle-est\\\/#primaryimage\"},\"thumbnailUrl\":\"https:\\\/\\\/allstarfinland.fi\\\/wp-content\\\/uploads\\\/2025\\\/06\\\/AMID_Estland-.jpg\",\"datePublished\":\"2025-06-06T06:43:03+00:00\",\"dateModified\":\"2025-06-06T07:16:06+00:00\",\"description\":\"Allstar Comfort Inox FIE maskin keveys ja mukavat pehmusteet takaavat erinomaisen k\u00e4ytt\u00f6mukavuuden. Comfort-mallissa on irrotettava sis\u00e4osa pesua varten.\",\"breadcrumb\":{\"@id\":\"https:\\\/\\\/allstarfinland.fi\\\/p\\\/allstar-comfort-inox-fie-maski-kalvalle-est\\\/#breadcrumb\"},\"inLanguage\":\"en-US\",\"potentialAction\":[{\"@type\":\"ReadAction\",\"target\":[\"https:\\\/\\\/allstarfinland.fi\\\/p\\\/allstar-comfort-inox-fie-maski-kalvalle-est\\\/\"]}]},{\"@type\":\"ImageObject\",\"inLanguage\":\"en-US\",\"@id\":\"https:\\\/\\\/allstarfinland.fi\\\/p\\\/allstar-comfort-inox-fie-maski-kalvalle-est\\\/#primaryimage\",\"url\":\"https:\\\/\\\/allstarfinland.fi\\\/wp-content\\\/uploads\\\/2025\\\/06\\\/AMID_Estland-.jpg\",\"contentUrl\":\"https:\\\/\\\/allstarfinland.fi\\\/wp-content\\\/uploads\\\/2025\\\/06\\\/AMID_Estland-.jpg\",\"width\":1100,\"height\":1100},{\"@type\":\"BreadcrumbList\",\"@id\":\"https:\\\/\\\/allstarfinland.fi\\\/p\\\/allstar-comfort-inox-fie-maski-kalvalle-est\\\/#breadcrumb\",\"itemListElement\":[{\"@type\":\"ListItem\",\"position\":1,\"name\":\"Etusivu\",\"item\":\"https:\\\/\\\/allstarfinland.fi\\\/\"},{\"@type\":\"ListItem\",\"position\":2,\"name\":\"Etusivu\",\"item\":\"https:\\\/\\\/allstarfinland.fi\\\/\"},{\"@type\":\"ListItem\",\"position\":3,\"name\":\"ALLSTAR COMFORT INOX FIE MASKI KALVALLE EST\"}]},{\"@type\":\"WebSite\",\"@id\":\"https:\\\/\\\/allstarfinland.fi\\\/en\\\/#website\",\"url\":\"https:\\\/\\\/allstarfinland.fi\\\/en\\\/\",\"name\":\"Allstar Finland\",\"description\":\"Miekkailuv\u00e4lineiden verkkokauppa\",\"potentialAction\":[{\"@type\":\"SearchAction\",\"target\":{\"@type\":\"EntryPoint\",\"urlTemplate\":\"https:\\\/\\\/allstarfinland.fi\\\/en\\\/?s={search_term_string}\"},\"query-input\":{\"@type\":\"PropertyValueSpecification\",\"valueRequired\":true,\"valueName\":\"search_term_string\"}}],\"inLanguage\":\"en-US\"}]}<\/script>\n<!-- \/ Yoast SEO plugin. -->","yoast_head_json":{"title":"ALLSTAR COMFORT INOX FIE MASKI KALVALLE EST - Allstar Finland","description":"Allstar Comfort Inox FIE maskin keveys ja mukavat pehmusteet takaavat erinomaisen k\u00e4ytt\u00f6mukavuuden. Comfort-mallissa on irrotettava sis\u00e4osa pesua varten.","robots":{"index":"index","follow":"follow","max-snippet":"max-snippet:-1","max-image-preview":"max-image-preview:large","max-video-preview":"max-video-preview:-1"},"canonical":"https:\/\/allstarfinland.fi\/en\/p\/allstar-comfort-inox-fie-maski-kalvalle-est\/","og_locale":"en_US","og_type":"article","og_title":"ALLSTAR COMFORT INOX FIE MASKI KALVALLE EST - Allstar Finland","og_description":"Allstar Comfort Inox FIE maskin keveys ja mukavat pehmusteet takaavat erinomaisen k\u00e4ytt\u00f6mukavuuden. Comfort-mallissa on irrotettava sis\u00e4osa pesua varten.","og_url":"https:\/\/allstarfinland.fi\/en\/p\/allstar-comfort-inox-fie-maski-kalvalle-est\/","og_site_name":"Allstar Finland","article_modified_time":"2025-06-06T07:16:06+00:00","og_image":[{"width":1100,"height":1100,"url":"https:\/\/allstarfinland.fi\/wp-content\/uploads\/2025\/06\/AMID_Estland-.jpg","type":"image\/jpeg"}],"twitter_card":"summary_large_image","twitter_misc":{"Est. reading time":"1 minute"},"schema":{"@context":"https:\/\/schema.org","@graph":[{"@type":"WebPage","@id":"https:\/\/allstarfinland.fi\/p\/allstar-comfort-inox-fie-maski-kalvalle-est\/","url":"https:\/\/allstarfinland.fi\/p\/allstar-comfort-inox-fie-maski-kalvalle-est\/","name":"ALLSTAR COMFORT INOX FIE MASKI KALVALLE EST - Allstar Finland","isPartOf":{"@id":"https:\/\/allstarfinland.fi\/en\/#website"},"primaryImageOfPage":{"@id":"https:\/\/allstarfinland.fi\/p\/allstar-comfort-inox-fie-maski-kalvalle-est\/#primaryimage"},"image":{"@id":"https:\/\/allstarfinland.fi\/p\/allstar-comfort-inox-fie-maski-kalvalle-est\/#primaryimage"},"thumbnailUrl":"https:\/\/allstarfinland.fi\/wp-content\/uploads\/2025\/06\/AMID_Estland-.jpg","datePublished":"2025-06-06T06:43:03+00:00","dateModified":"2025-06-06T07:16:06+00:00","description":"Allstar Comfort Inox FIE maskin keveys ja mukavat pehmusteet takaavat erinomaisen k\u00e4ytt\u00f6mukavuuden. Comfort-mallissa on irrotettava sis\u00e4osa pesua varten.","breadcrumb":{"@id":"https:\/\/allstarfinland.fi\/p\/allstar-comfort-inox-fie-maski-kalvalle-est\/#breadcrumb"},"inLanguage":"en-US","potentialAction":[{"@type":"ReadAction","target":["https:\/\/allstarfinland.fi\/p\/allstar-comfort-inox-fie-maski-kalvalle-est\/"]}]},{"@type":"ImageObject","inLanguage":"en-US","@id":"https:\/\/allstarfinland.fi\/p\/allstar-comfort-inox-fie-maski-kalvalle-est\/#primaryimage","url":"https:\/\/allstarfinland.fi\/wp-content\/uploads\/2025\/06\/AMID_Estland-.jpg","contentUrl":"https:\/\/allstarfinland.fi\/wp-content\/uploads\/2025\/06\/AMID_Estland-.jpg","width":1100,"height":1100},{"@type":"BreadcrumbList","@id":"https:\/\/allstarfinland.fi\/p\/allstar-comfort-inox-fie-maski-kalvalle-est\/#breadcrumb","itemListElement":[{"@type":"ListItem","position":1,"name":"Etusivu","item":"https:\/\/allstarfinland.fi\/"},{"@type":"ListItem","position":2,"name":"Etusivu","item":"https:\/\/allstarfinland.fi\/"},{"@type":"ListItem","position":3,"name":"ALLSTAR COMFORT INOX FIE MASKI KALVALLE EST"}]},{"@type":"WebSite","@id":"https:\/\/allstarfinland.fi\/en\/#website","url":"https:\/\/allstarfinland.fi\/en\/","name":"Allstar Finland","description":"Miekkailuv\u00e4lineiden verkkokauppa","potentialAction":[{"@type":"SearchAction","target":{"@type":"EntryPoint","urlTemplate":"https:\/\/allstarfinland.fi\/en\/?s={search_term_string}"},"query-input":{"@type":"PropertyValueSpecification","valueRequired":true,"valueName":"search_term_string"}}],"inLanguage":"en-US"}]}},"jetpack_sharing_enabled":true,"_links":{"self":[{"href":"https:\/\/allstarfinland.fi\/en\/wp-json\/wp\/v2\/product\/21753","targetHints":{"allow":["GET"]}}],"collection":[{"href":"https:\/\/allstarfinland.fi\/en\/wp-json\/wp\/v2\/product"}],"about":[{"href":"https:\/\/allstarfinland.fi\/en\/wp-json\/wp\/v2\/types\/product"}],"wp:featuredmedia":[{"embeddable":true,"href":"https:\/\/allstarfinland.fi\/en\/wp-json\/wp\/v2\/media\/21751"}],"wp:attachment":[{"href":"https:\/\/allstarfinland.fi\/en\/wp-json\/wp\/v2\/media?parent=21753"}],"wp:term":[{"taxonomy":"product_brand","embeddable":true,"href":"https:\/\/allstarfinland.fi\/en\/wp-json\/wp\/v2\/product_brand?post=21753"},{"taxonomy":"product_cat","embeddable":true,"href":"https:\/\/allstarfinland.fi\/en\/wp-json\/wp\/v2\/product_cat?post=21753"},{"taxonomy":"product_tag","embeddable":true,"href":"https:\/\/allstarfinland.fi\/en\/wp-json\/wp\/v2\/product_tag?post=21753"}],"curies":[{"name":"wp","href":"https:\/\/api.w.org\/{rel}","templated":true}]}}