{"id":20330,"date":"2024-08-18T12:28:08","date_gmt":"2024-08-18T09:28:08","guid":{"rendered":"https:\/\/allstarfinland.fi\/?post_type=product&#038;p=20330"},"modified":"2025-02-06T13:31:41","modified_gmt":"2025-02-06T11:31:41","slug":"sm-fie-maraging-johdotettu-tera-kalvalle","status":"publish","type":"product","link":"https:\/\/allstarfinland.fi\/en\/p\/sm-fie-maraging-johdotettu-tera-kalvalle\/","title":{"rendered":"SM FIE MARAGING WIRED BLADE FOR EPEE"},"content":{"rendered":"<p>Pitk\u00e4n odotuksen j\u00e4lkeen t\u00e4m\u00e4 kalvan ter\u00e4 on j\u00e4lleen saatavilla! Ter\u00e4 on FIE-sertifioitu, joten se soveltuu kansainv\u00e4lisiin kilpailuihin.<br \/>\nJokainen ter\u00e4 on k\u00e4sinvalmistettu, jotta saavutetaan t\u00e4ydellinen tasapaino kest\u00e4vyyden ja joustavuuden v\u00e4lill\u00e4.<br \/>\nMaraging-ter\u00e4t ovat tunnettuja merkitt\u00e4v\u00e4sti pienemm\u00e4st\u00e4 murtumisriskist\u00e4\u00e4n perinteisiin teriin verrattuna.<br \/>\nFIE-ter\u00e4 on erinomainen valinta sek\u00e4 edistyneille kalpamiekkailijoille ett\u00e4 aloittelijoille.<\/p>\n<p><strong>Details<\/strong><\/p>\n<ul>\n<li>FIE-hyv\u00e4ksytty<\/li>\n<li>Valmistettu maraging-ter\u00e4ksest\u00e4<\/li>\n<li>K\u00e4sin taottu<\/li>\n<li>Hyv\u00e4 kest\u00e4vyys ja joustavuus<\/li>\n<li>Sopii edistyneille miekkailijoille ja aloittelijoille<\/li>\n<li>Ter\u00e4 on varustettu allstarin k\u00e4rjell\u00e4 ja johdolla<\/li>\n<\/ul>","protected":false},"excerpt":{"rendered":"<p>Johdotettu huippulaatuinen FIE-hyv\u00e4ksytty kalvan ter\u00e4, valmistettu kest\u00e4v\u00e4st\u00e4 maraging-ter\u00e4ksest\u00e4. Erinomainen tasapaino kest\u00e4vyyden ja joustavuuden v\u00e4lill\u00e4 takaa turvallisuuden ja suorituskyvyn. Sopii niin aloittelijoille kuin kokeneille miekkailijoille.<\/p>","protected":false},"featured_media":20332,"template":"","meta":[],"product_brand":[],"product_cat":[178],"product_tag":[],"class_list":{"0":"post-20330","1":"product","2":"type-product","3":"status-publish","4":"has-post-thumbnail","6":"product_cat-kalvan-terat","8":"first","9":"onbackorder","10":"taxable","11":"shipping-taxable","12":"purchasable","13":"product-type-simple"},"composite_virtual":false,"composite_layout":"","composite_add_to_cart_form_location":"","composite_editable_in_cart":false,"composite_sold_individually_context":"","composite_shop_price_calc":"","composite_components":[],"composite_scenarios":[],"supplier_id":1366,"supplier_sku":"ED210\/FG\/5","atum_controlled":true,"out_stock_date":"2025-02-06 13:31:42","out_stock_threshold":null,"inheritable":false,"inbound_stock":0,"stock_on_hold":0,"sold_today":0,"sales_last_days":0,"reserved_stock":0,"customer_returns":0,"warehouse_damage":0,"lost_in_post":0,"other_logs":0,"out_stock_days":441,"lost_sales":0,"has_location":false,"update_date":"2026-04-24T06:09:38","atum_locations":[],"atum_stock_status":"onbackorder","restock_status":false,"low_stock_amount":"","sales_update_date":"2026-04-24T06:09:38","calc_backorders":0,"exclude_global_add_ons":[],"addons":[],"yoast_head":"<!-- This site is optimized with the Yoast SEO plugin v27.4 - https:\/\/yoast.com\/product\/yoast-seo-wordpress\/ -->\n<title>SM FIE MARAGING JOHDOTETTU TER\u00c4 KALVALLE - Allstar Finland<\/title>\n<meta name=\"description\" content=\"Huippulaatuinen FIE-hyv\u00e4ksytty kalvan ter\u00e4, valmistettu kest\u00e4v\u00e4st\u00e4 maraging-ter\u00e4ksest\u00e4. Erinomainen tasapaino kest\u00e4vyyden ja joustavuuden v\u00e4lill\u00e4.\" \/>\n<meta name=\"robots\" content=\"index, follow, max-snippet:-1, max-image-preview:large, max-video-preview:-1\" \/>\n<link rel=\"canonical\" href=\"https:\/\/allstarfinland.fi\/en\/p\/sm-fie-maraging-johdotettu-tera-kalvalle\/\" \/>\n<meta property=\"og:locale\" content=\"en_US\" \/>\n<meta property=\"og:type\" content=\"article\" \/>\n<meta property=\"og:title\" content=\"SM FIE MARAGING JOHDOTETTU TER\u00c4 KALVALLE - Allstar Finland\" \/>\n<meta property=\"og:description\" content=\"Huippulaatuinen FIE-hyv\u00e4ksytty kalvan ter\u00e4, valmistettu kest\u00e4v\u00e4st\u00e4 maraging-ter\u00e4ksest\u00e4. Erinomainen tasapaino kest\u00e4vyyden ja joustavuuden v\u00e4lill\u00e4.\" \/>\n<meta property=\"og:url\" content=\"https:\/\/allstarfinland.fi\/en\/p\/sm-fie-maraging-johdotettu-tera-kalvalle\/\" \/>\n<meta property=\"og:site_name\" content=\"Allstar Finland\" \/>\n<meta property=\"article:modified_time\" content=\"2025-02-06T11:31:41+00:00\" \/>\n<meta property=\"og:image\" content=\"https:\/\/allstarfinland.fi\/wp-content\/uploads\/2024\/08\/ED210_1.jpg\" \/>\n\t<meta property=\"og:image:width\" content=\"1100\" \/>\n\t<meta property=\"og:image:height\" content=\"1100\" \/>\n\t<meta property=\"og:image:type\" content=\"image\/jpeg\" \/>\n<meta name=\"twitter:card\" content=\"summary_large_image\" \/>\n<meta name=\"twitter:label1\" content=\"Est. reading time\" \/>\n\t<meta name=\"twitter:data1\" content=\"1 minute\" \/>\n<script type=\"application\/ld+json\" class=\"yoast-schema-graph\">{\"@context\":\"https:\\\/\\\/schema.org\",\"@graph\":[{\"@type\":\"WebPage\",\"@id\":\"https:\\\/\\\/allstarfinland.fi\\\/p\\\/sm-fie-maraging-johdotettu-tera-kalvalle\\\/\",\"url\":\"https:\\\/\\\/allstarfinland.fi\\\/p\\\/sm-fie-maraging-johdotettu-tera-kalvalle\\\/\",\"name\":\"SM FIE MARAGING JOHDOTETTU TER\u00c4 KALVALLE - Allstar Finland\",\"isPartOf\":{\"@id\":\"https:\\\/\\\/allstarfinland.fi\\\/en\\\/#website\"},\"primaryImageOfPage\":{\"@id\":\"https:\\\/\\\/allstarfinland.fi\\\/p\\\/sm-fie-maraging-johdotettu-tera-kalvalle\\\/#primaryimage\"},\"image\":{\"@id\":\"https:\\\/\\\/allstarfinland.fi\\\/p\\\/sm-fie-maraging-johdotettu-tera-kalvalle\\\/#primaryimage\"},\"thumbnailUrl\":\"https:\\\/\\\/allstarfinland.fi\\\/wp-content\\\/uploads\\\/2024\\\/08\\\/ED210_1.jpg\",\"datePublished\":\"2024-08-18T09:28:08+00:00\",\"dateModified\":\"2025-02-06T11:31:41+00:00\",\"description\":\"Huippulaatuinen FIE-hyv\u00e4ksytty kalvan ter\u00e4, valmistettu kest\u00e4v\u00e4st\u00e4 maraging-ter\u00e4ksest\u00e4. Erinomainen tasapaino kest\u00e4vyyden ja joustavuuden v\u00e4lill\u00e4.\",\"breadcrumb\":{\"@id\":\"https:\\\/\\\/allstarfinland.fi\\\/p\\\/sm-fie-maraging-johdotettu-tera-kalvalle\\\/#breadcrumb\"},\"inLanguage\":\"en-US\",\"potentialAction\":[{\"@type\":\"ReadAction\",\"target\":[\"https:\\\/\\\/allstarfinland.fi\\\/p\\\/sm-fie-maraging-johdotettu-tera-kalvalle\\\/\"]}]},{\"@type\":\"ImageObject\",\"inLanguage\":\"en-US\",\"@id\":\"https:\\\/\\\/allstarfinland.fi\\\/p\\\/sm-fie-maraging-johdotettu-tera-kalvalle\\\/#primaryimage\",\"url\":\"https:\\\/\\\/allstarfinland.fi\\\/wp-content\\\/uploads\\\/2024\\\/08\\\/ED210_1.jpg\",\"contentUrl\":\"https:\\\/\\\/allstarfinland.fi\\\/wp-content\\\/uploads\\\/2024\\\/08\\\/ED210_1.jpg\",\"width\":1100,\"height\":1100},{\"@type\":\"BreadcrumbList\",\"@id\":\"https:\\\/\\\/allstarfinland.fi\\\/p\\\/sm-fie-maraging-johdotettu-tera-kalvalle\\\/#breadcrumb\",\"itemListElement\":[{\"@type\":\"ListItem\",\"position\":1,\"name\":\"Etusivu\",\"item\":\"https:\\\/\\\/allstarfinland.fi\\\/\"},{\"@type\":\"ListItem\",\"position\":2,\"name\":\"Etusivu\",\"item\":\"https:\\\/\\\/allstarfinland.fi\\\/\"},{\"@type\":\"ListItem\",\"position\":3,\"name\":\"SM FIE MARAGING JOHDOTETTU TER\u00c4 KALVALLE\"}]},{\"@type\":\"WebSite\",\"@id\":\"https:\\\/\\\/allstarfinland.fi\\\/en\\\/#website\",\"url\":\"https:\\\/\\\/allstarfinland.fi\\\/en\\\/\",\"name\":\"Allstar Finland\",\"description\":\"Miekkailuv\u00e4lineiden verkkokauppa\",\"potentialAction\":[{\"@type\":\"SearchAction\",\"target\":{\"@type\":\"EntryPoint\",\"urlTemplate\":\"https:\\\/\\\/allstarfinland.fi\\\/en\\\/?s={search_term_string}\"},\"query-input\":{\"@type\":\"PropertyValueSpecification\",\"valueRequired\":true,\"valueName\":\"search_term_string\"}}],\"inLanguage\":\"en-US\"}]}<\/script>\n<!-- \/ Yoast SEO plugin. -->","yoast_head_json":{"title":"SM FIE MARAGING JOHDOTETTU TER\u00c4 KALVALLE - Allstar Finland","description":"Huippulaatuinen FIE-hyv\u00e4ksytty kalvan ter\u00e4, valmistettu kest\u00e4v\u00e4st\u00e4 maraging-ter\u00e4ksest\u00e4. Erinomainen tasapaino kest\u00e4vyyden ja joustavuuden v\u00e4lill\u00e4.","robots":{"index":"index","follow":"follow","max-snippet":"max-snippet:-1","max-image-preview":"max-image-preview:large","max-video-preview":"max-video-preview:-1"},"canonical":"https:\/\/allstarfinland.fi\/en\/p\/sm-fie-maraging-johdotettu-tera-kalvalle\/","og_locale":"en_US","og_type":"article","og_title":"SM FIE MARAGING JOHDOTETTU TER\u00c4 KALVALLE - Allstar Finland","og_description":"Huippulaatuinen FIE-hyv\u00e4ksytty kalvan ter\u00e4, valmistettu kest\u00e4v\u00e4st\u00e4 maraging-ter\u00e4ksest\u00e4. Erinomainen tasapaino kest\u00e4vyyden ja joustavuuden v\u00e4lill\u00e4.","og_url":"https:\/\/allstarfinland.fi\/en\/p\/sm-fie-maraging-johdotettu-tera-kalvalle\/","og_site_name":"Allstar Finland","article_modified_time":"2025-02-06T11:31:41+00:00","og_image":[{"width":1100,"height":1100,"url":"https:\/\/allstarfinland.fi\/wp-content\/uploads\/2024\/08\/ED210_1.jpg","type":"image\/jpeg"}],"twitter_card":"summary_large_image","twitter_misc":{"Est. reading time":"1 minute"},"schema":{"@context":"https:\/\/schema.org","@graph":[{"@type":"WebPage","@id":"https:\/\/allstarfinland.fi\/p\/sm-fie-maraging-johdotettu-tera-kalvalle\/","url":"https:\/\/allstarfinland.fi\/p\/sm-fie-maraging-johdotettu-tera-kalvalle\/","name":"SM FIE MARAGING JOHDOTETTU TER\u00c4 KALVALLE - Allstar Finland","isPartOf":{"@id":"https:\/\/allstarfinland.fi\/en\/#website"},"primaryImageOfPage":{"@id":"https:\/\/allstarfinland.fi\/p\/sm-fie-maraging-johdotettu-tera-kalvalle\/#primaryimage"},"image":{"@id":"https:\/\/allstarfinland.fi\/p\/sm-fie-maraging-johdotettu-tera-kalvalle\/#primaryimage"},"thumbnailUrl":"https:\/\/allstarfinland.fi\/wp-content\/uploads\/2024\/08\/ED210_1.jpg","datePublished":"2024-08-18T09:28:08+00:00","dateModified":"2025-02-06T11:31:41+00:00","description":"Huippulaatuinen FIE-hyv\u00e4ksytty kalvan ter\u00e4, valmistettu kest\u00e4v\u00e4st\u00e4 maraging-ter\u00e4ksest\u00e4. Erinomainen tasapaino kest\u00e4vyyden ja joustavuuden v\u00e4lill\u00e4.","breadcrumb":{"@id":"https:\/\/allstarfinland.fi\/p\/sm-fie-maraging-johdotettu-tera-kalvalle\/#breadcrumb"},"inLanguage":"en-US","potentialAction":[{"@type":"ReadAction","target":["https:\/\/allstarfinland.fi\/p\/sm-fie-maraging-johdotettu-tera-kalvalle\/"]}]},{"@type":"ImageObject","inLanguage":"en-US","@id":"https:\/\/allstarfinland.fi\/p\/sm-fie-maraging-johdotettu-tera-kalvalle\/#primaryimage","url":"https:\/\/allstarfinland.fi\/wp-content\/uploads\/2024\/08\/ED210_1.jpg","contentUrl":"https:\/\/allstarfinland.fi\/wp-content\/uploads\/2024\/08\/ED210_1.jpg","width":1100,"height":1100},{"@type":"BreadcrumbList","@id":"https:\/\/allstarfinland.fi\/p\/sm-fie-maraging-johdotettu-tera-kalvalle\/#breadcrumb","itemListElement":[{"@type":"ListItem","position":1,"name":"Etusivu","item":"https:\/\/allstarfinland.fi\/"},{"@type":"ListItem","position":2,"name":"Etusivu","item":"https:\/\/allstarfinland.fi\/"},{"@type":"ListItem","position":3,"name":"SM FIE MARAGING JOHDOTETTU TER\u00c4 KALVALLE"}]},{"@type":"WebSite","@id":"https:\/\/allstarfinland.fi\/en\/#website","url":"https:\/\/allstarfinland.fi\/en\/","name":"Allstar Finland","description":"Miekkailuv\u00e4lineiden verkkokauppa","potentialAction":[{"@type":"SearchAction","target":{"@type":"EntryPoint","urlTemplate":"https:\/\/allstarfinland.fi\/en\/?s={search_term_string}"},"query-input":{"@type":"PropertyValueSpecification","valueRequired":true,"valueName":"search_term_string"}}],"inLanguage":"en-US"}]}},"jetpack_sharing_enabled":true,"_links":{"self":[{"href":"https:\/\/allstarfinland.fi\/en\/wp-json\/wp\/v2\/product\/20330","targetHints":{"allow":["GET"]}}],"collection":[{"href":"https:\/\/allstarfinland.fi\/en\/wp-json\/wp\/v2\/product"}],"about":[{"href":"https:\/\/allstarfinland.fi\/en\/wp-json\/wp\/v2\/types\/product"}],"wp:featuredmedia":[{"embeddable":true,"href":"https:\/\/allstarfinland.fi\/en\/wp-json\/wp\/v2\/media\/20332"}],"wp:attachment":[{"href":"https:\/\/allstarfinland.fi\/en\/wp-json\/wp\/v2\/media?parent=20330"}],"wp:term":[{"taxonomy":"product_brand","embeddable":true,"href":"https:\/\/allstarfinland.fi\/en\/wp-json\/wp\/v2\/product_brand?post=20330"},{"taxonomy":"product_cat","embeddable":true,"href":"https:\/\/allstarfinland.fi\/en\/wp-json\/wp\/v2\/product_cat?post=20330"},{"taxonomy":"product_tag","embeddable":true,"href":"https:\/\/allstarfinland.fi\/en\/wp-json\/wp\/v2\/product_tag?post=20330"}],"curies":[{"name":"wp","href":"https:\/\/api.w.org\/{rel}","templated":true}]}}