{"id":20264,"date":"2024-07-26T08:26:41","date_gmt":"2024-07-26T05:26:41","guid":{"rendered":"https:\/\/allstarfinland.fi\/?post_type=product&#038;p=20264"},"modified":"2025-09-29T12:56:19","modified_gmt":"2025-09-29T09:56:19","slug":"fencya-etsimassa-kahvimuki","status":"publish","type":"product","link":"https:\/\/allstarfinland.fi\/en\/p\/fencya-etsimassa-kahvimuki\/","title":{"rendered":"FINDING FENCY COFFEE MUG"},"content":{"rendered":"","protected":false},"excerpt":{"rendered":"<p>Corollasta tutun mattamustan v\u00e4rinen kahvimuki. Siin\u00e4 vaiheessa kun piri ei ole en\u00e4\u00e4 pinnassa, Fency kurkistaa mukin sis\u00e4puolelta. Mukin tilavuus on 290 ml, joten t\u00e4h\u00e4n voi laittaa iltap\u00e4iv\u00e4teen tai vaikka 7-kertaisen espresson.<\/p>","protected":false},"featured_media":20265,"template":"","meta":[],"product_brand":[],"product_cat":[366],"product_tag":[],"class_list":{"0":"post-20264","1":"product","2":"type-product","3":"status-publish","4":"has-post-thumbnail","6":"product_cat-muut-allstar-tuotteet","8":"first","9":"instock","10":"taxable","11":"shipping-taxable","12":"purchasable","13":"product-type-simple"},"composite_virtual":false,"composite_layout":"","composite_add_to_cart_form_location":"","composite_editable_in_cart":false,"composite_sold_individually_context":"","composite_shop_price_calc":"","composite_components":[],"composite_scenarios":[],"supplier_id":1366,"supplier_sku":"MER01","atum_controlled":true,"out_stock_date":null,"out_stock_threshold":null,"inheritable":false,"inbound_stock":0,"stock_on_hold":0,"sold_today":0,"sales_last_days":0,"reserved_stock":0,"customer_returns":0,"warehouse_damage":0,"lost_in_post":0,"other_logs":0,"out_stock_days":0,"lost_sales":0,"has_location":false,"update_date":"2026-05-05T11:56:27","atum_locations":[],"atum_stock_status":"instock","restock_status":false,"low_stock_amount":"","sales_update_date":"2026-05-05T11:56:27","calc_backorders":0,"exclude_global_add_ons":[],"addons":[],"yoast_head":"<!-- This site is optimized with the Yoast SEO plugin v27.5 - https:\/\/yoast.com\/product\/yoast-seo-wordpress\/ -->\n<title>FENCY\u00c4 ETSIM\u00c4SS\u00c4 KAHVIMUKI - Allstar Finland<\/title>\n<meta name=\"description\" content=\"Allstar kahvimuki on mainio lahjaidea. Mattamustassa mukissa on kirkkaanpunainen sis\u00e4puoli.\" \/>\n<meta name=\"robots\" content=\"index, follow, max-snippet:-1, max-image-preview:large, max-video-preview:-1\" \/>\n<link rel=\"canonical\" href=\"https:\/\/allstarfinland.fi\/en\/p\/fencya-etsimassa-kahvimuki\/\" \/>\n<meta property=\"og:locale\" content=\"en_US\" \/>\n<meta property=\"og:type\" content=\"article\" \/>\n<meta property=\"og:title\" content=\"FENCY\u00c4 ETSIM\u00c4SS\u00c4 KAHVIMUKI - Allstar Finland\" \/>\n<meta property=\"og:description\" content=\"Allstar kahvimuki on mainio lahjaidea. Mattamustassa mukissa on kirkkaanpunainen sis\u00e4puoli.\" \/>\n<meta property=\"og:url\" content=\"https:\/\/allstarfinland.fi\/en\/p\/fencya-etsimassa-kahvimuki\/\" \/>\n<meta property=\"og:site_name\" content=\"Allstar Finland\" \/>\n<meta property=\"article:modified_time\" content=\"2025-09-29T09:56:19+00:00\" \/>\n<meta property=\"og:image\" content=\"https:\/\/allstarfinland.fi\/wp-content\/uploads\/2024\/07\/MER1.jpg\" \/>\n\t<meta property=\"og:image:width\" content=\"1100\" \/>\n\t<meta property=\"og:image:height\" content=\"1100\" \/>\n\t<meta property=\"og:image:type\" content=\"image\/jpeg\" \/>\n<meta name=\"twitter:card\" content=\"summary_large_image\" \/>\n<meta name=\"twitter:label1\" content=\"Est. reading time\" \/>\n\t<meta name=\"twitter:data1\" content=\"1 minute\" \/>\n<script type=\"application\/ld+json\" class=\"yoast-schema-graph\">{\"@context\":\"https:\\\/\\\/schema.org\",\"@graph\":[{\"@type\":\"WebPage\",\"@id\":\"https:\\\/\\\/allstarfinland.fi\\\/p\\\/fencya-etsimassa-kahvimuki\\\/\",\"url\":\"https:\\\/\\\/allstarfinland.fi\\\/p\\\/fencya-etsimassa-kahvimuki\\\/\",\"name\":\"FENCY\u00c4 ETSIM\u00c4SS\u00c4 KAHVIMUKI - Allstar Finland\",\"isPartOf\":{\"@id\":\"https:\\\/\\\/allstarfinland.fi\\\/en\\\/#website\"},\"primaryImageOfPage\":{\"@id\":\"https:\\\/\\\/allstarfinland.fi\\\/p\\\/fencya-etsimassa-kahvimuki\\\/#primaryimage\"},\"image\":{\"@id\":\"https:\\\/\\\/allstarfinland.fi\\\/p\\\/fencya-etsimassa-kahvimuki\\\/#primaryimage\"},\"thumbnailUrl\":\"https:\\\/\\\/allstarfinland.fi\\\/wp-content\\\/uploads\\\/2024\\\/07\\\/MER1.jpg\",\"datePublished\":\"2024-07-26T05:26:41+00:00\",\"dateModified\":\"2025-09-29T09:56:19+00:00\",\"description\":\"Allstar kahvimuki on mainio lahjaidea. Mattamustassa mukissa on kirkkaanpunainen sis\u00e4puoli.\",\"breadcrumb\":{\"@id\":\"https:\\\/\\\/allstarfinland.fi\\\/p\\\/fencya-etsimassa-kahvimuki\\\/#breadcrumb\"},\"inLanguage\":\"en-US\",\"potentialAction\":[{\"@type\":\"ReadAction\",\"target\":[\"https:\\\/\\\/allstarfinland.fi\\\/p\\\/fencya-etsimassa-kahvimuki\\\/\"]}]},{\"@type\":\"ImageObject\",\"inLanguage\":\"en-US\",\"@id\":\"https:\\\/\\\/allstarfinland.fi\\\/p\\\/fencya-etsimassa-kahvimuki\\\/#primaryimage\",\"url\":\"https:\\\/\\\/allstarfinland.fi\\\/wp-content\\\/uploads\\\/2024\\\/07\\\/MER1.jpg\",\"contentUrl\":\"https:\\\/\\\/allstarfinland.fi\\\/wp-content\\\/uploads\\\/2024\\\/07\\\/MER1.jpg\",\"width\":1100,\"height\":1100},{\"@type\":\"BreadcrumbList\",\"@id\":\"https:\\\/\\\/allstarfinland.fi\\\/p\\\/fencya-etsimassa-kahvimuki\\\/#breadcrumb\",\"itemListElement\":[{\"@type\":\"ListItem\",\"position\":1,\"name\":\"Etusivu\",\"item\":\"https:\\\/\\\/allstarfinland.fi\\\/\"},{\"@type\":\"ListItem\",\"position\":2,\"name\":\"Etusivu\",\"item\":\"https:\\\/\\\/allstarfinland.fi\\\/\"},{\"@type\":\"ListItem\",\"position\":3,\"name\":\"FENCY\u00c4 ETSIM\u00c4SS\u00c4 KAHVIMUKI\"}]},{\"@type\":\"WebSite\",\"@id\":\"https:\\\/\\\/allstarfinland.fi\\\/en\\\/#website\",\"url\":\"https:\\\/\\\/allstarfinland.fi\\\/en\\\/\",\"name\":\"Allstar Finland\",\"description\":\"Miekkailuv\u00e4lineiden verkkokauppa\",\"potentialAction\":[{\"@type\":\"SearchAction\",\"target\":{\"@type\":\"EntryPoint\",\"urlTemplate\":\"https:\\\/\\\/allstarfinland.fi\\\/en\\\/?s={search_term_string}\"},\"query-input\":{\"@type\":\"PropertyValueSpecification\",\"valueRequired\":true,\"valueName\":\"search_term_string\"}}],\"inLanguage\":\"en-US\"}]}<\/script>\n<!-- \/ Yoast SEO plugin. -->","yoast_head_json":{"title":"FENCY\u00c4 ETSIM\u00c4SS\u00c4 KAHVIMUKI - Allstar Finland","description":"Allstar kahvimuki on mainio lahjaidea. Mattamustassa mukissa on kirkkaanpunainen sis\u00e4puoli.","robots":{"index":"index","follow":"follow","max-snippet":"max-snippet:-1","max-image-preview":"max-image-preview:large","max-video-preview":"max-video-preview:-1"},"canonical":"https:\/\/allstarfinland.fi\/en\/p\/fencya-etsimassa-kahvimuki\/","og_locale":"en_US","og_type":"article","og_title":"FENCY\u00c4 ETSIM\u00c4SS\u00c4 KAHVIMUKI - Allstar Finland","og_description":"Allstar kahvimuki on mainio lahjaidea. Mattamustassa mukissa on kirkkaanpunainen sis\u00e4puoli.","og_url":"https:\/\/allstarfinland.fi\/en\/p\/fencya-etsimassa-kahvimuki\/","og_site_name":"Allstar Finland","article_modified_time":"2025-09-29T09:56:19+00:00","og_image":[{"width":1100,"height":1100,"url":"https:\/\/allstarfinland.fi\/wp-content\/uploads\/2024\/07\/MER1.jpg","type":"image\/jpeg"}],"twitter_card":"summary_large_image","twitter_misc":{"Est. reading time":"1 minute"},"schema":{"@context":"https:\/\/schema.org","@graph":[{"@type":"WebPage","@id":"https:\/\/allstarfinland.fi\/p\/fencya-etsimassa-kahvimuki\/","url":"https:\/\/allstarfinland.fi\/p\/fencya-etsimassa-kahvimuki\/","name":"FENCY\u00c4 ETSIM\u00c4SS\u00c4 KAHVIMUKI - Allstar Finland","isPartOf":{"@id":"https:\/\/allstarfinland.fi\/en\/#website"},"primaryImageOfPage":{"@id":"https:\/\/allstarfinland.fi\/p\/fencya-etsimassa-kahvimuki\/#primaryimage"},"image":{"@id":"https:\/\/allstarfinland.fi\/p\/fencya-etsimassa-kahvimuki\/#primaryimage"},"thumbnailUrl":"https:\/\/allstarfinland.fi\/wp-content\/uploads\/2024\/07\/MER1.jpg","datePublished":"2024-07-26T05:26:41+00:00","dateModified":"2025-09-29T09:56:19+00:00","description":"Allstar kahvimuki on mainio lahjaidea. Mattamustassa mukissa on kirkkaanpunainen sis\u00e4puoli.","breadcrumb":{"@id":"https:\/\/allstarfinland.fi\/p\/fencya-etsimassa-kahvimuki\/#breadcrumb"},"inLanguage":"en-US","potentialAction":[{"@type":"ReadAction","target":["https:\/\/allstarfinland.fi\/p\/fencya-etsimassa-kahvimuki\/"]}]},{"@type":"ImageObject","inLanguage":"en-US","@id":"https:\/\/allstarfinland.fi\/p\/fencya-etsimassa-kahvimuki\/#primaryimage","url":"https:\/\/allstarfinland.fi\/wp-content\/uploads\/2024\/07\/MER1.jpg","contentUrl":"https:\/\/allstarfinland.fi\/wp-content\/uploads\/2024\/07\/MER1.jpg","width":1100,"height":1100},{"@type":"BreadcrumbList","@id":"https:\/\/allstarfinland.fi\/p\/fencya-etsimassa-kahvimuki\/#breadcrumb","itemListElement":[{"@type":"ListItem","position":1,"name":"Etusivu","item":"https:\/\/allstarfinland.fi\/"},{"@type":"ListItem","position":2,"name":"Etusivu","item":"https:\/\/allstarfinland.fi\/"},{"@type":"ListItem","position":3,"name":"FENCY\u00c4 ETSIM\u00c4SS\u00c4 KAHVIMUKI"}]},{"@type":"WebSite","@id":"https:\/\/allstarfinland.fi\/en\/#website","url":"https:\/\/allstarfinland.fi\/en\/","name":"Allstar Finland","description":"Miekkailuv\u00e4lineiden verkkokauppa","potentialAction":[{"@type":"SearchAction","target":{"@type":"EntryPoint","urlTemplate":"https:\/\/allstarfinland.fi\/en\/?s={search_term_string}"},"query-input":{"@type":"PropertyValueSpecification","valueRequired":true,"valueName":"search_term_string"}}],"inLanguage":"en-US"}]}},"jetpack_sharing_enabled":true,"_links":{"self":[{"href":"https:\/\/allstarfinland.fi\/en\/wp-json\/wp\/v2\/product\/20264","targetHints":{"allow":["GET"]}}],"collection":[{"href":"https:\/\/allstarfinland.fi\/en\/wp-json\/wp\/v2\/product"}],"about":[{"href":"https:\/\/allstarfinland.fi\/en\/wp-json\/wp\/v2\/types\/product"}],"wp:featuredmedia":[{"embeddable":true,"href":"https:\/\/allstarfinland.fi\/en\/wp-json\/wp\/v2\/media\/20265"}],"wp:attachment":[{"href":"https:\/\/allstarfinland.fi\/en\/wp-json\/wp\/v2\/media?parent=20264"}],"wp:term":[{"taxonomy":"product_brand","embeddable":true,"href":"https:\/\/allstarfinland.fi\/en\/wp-json\/wp\/v2\/product_brand?post=20264"},{"taxonomy":"product_cat","embeddable":true,"href":"https:\/\/allstarfinland.fi\/en\/wp-json\/wp\/v2\/product_cat?post=20264"},{"taxonomy":"product_tag","embeddable":true,"href":"https:\/\/allstarfinland.fi\/en\/wp-json\/wp\/v2\/product_tag?post=20264"}],"curies":[{"name":"wp","href":"https:\/\/api.w.org\/{rel}","templated":true}]}}