{"id":19861,"date":"2024-04-08T12:09:40","date_gmt":"2024-04-08T09:09:40","guid":{"rendered":"https:\/\/allstarfinland.fi\/?post_type=product&#038;p=19861"},"modified":"2025-09-16T12:46:05","modified_gmt":"2025-09-16T09:46:05","slug":"allstar-johdottamaton-kalvan-tera","status":"publish","type":"product","link":"https:\/\/allstarfinland.fi\/en\/p\/allstar-johdottamaton-kalvan-tera\/","title":{"rendered":"ALLSTAR BARE BLADE FOR EPEE"},"content":{"rendered":"","protected":false},"excerpt":{"rendered":"<p>This Allstar blade is not wired and it comes without tip. Blade is for beginners. It is not allowed in FIE competitions. Length 5.<\/p>","protected":false},"featured_media":19862,"template":"","meta":[],"product_brand":[],"product_cat":[178],"product_tag":[],"class_list":{"0":"post-19861","1":"product","2":"type-product","3":"status-publish","4":"has-post-thumbnail","6":"product_cat-kalvan-terat","8":"first","9":"outofstock","10":"taxable","11":"shipping-taxable","12":"purchasable","13":"product-type-simple"},"composite_virtual":false,"composite_layout":"","composite_add_to_cart_form_location":"","composite_editable_in_cart":false,"composite_sold_individually_context":"","composite_shop_price_calc":"","composite_components":[],"composite_scenarios":[],"supplier_id":1366,"supplier_sku":"ED31\/FG\/5","atum_controlled":true,"out_stock_date":"2025-03-26 09:33:42","out_stock_threshold":null,"inheritable":false,"inbound_stock":0,"stock_on_hold":0,"sold_today":0,"sales_last_days":0,"reserved_stock":0,"customer_returns":0,"warehouse_damage":0,"lost_in_post":0,"other_logs":0,"out_stock_days":388,"lost_sales":0,"has_location":false,"update_date":"2026-04-19T08:23:41","atum_locations":[],"atum_stock_status":"outofstock","restock_status":false,"low_stock_amount":"","sales_update_date":"2026-04-19T08:23:41","calc_backorders":null,"exclude_global_add_ons":[],"addons":[],"yoast_head":"<!-- This site is optimized with the Yoast SEO plugin v27.4 - https:\/\/yoast.com\/product\/yoast-seo-wordpress\/ -->\n<title>ALLSTAR JOHDOTTAMATON KALVAN TER\u00c4 - Allstar Finland<\/title>\n<meta name=\"robots\" content=\"index, follow, max-snippet:-1, max-image-preview:large, max-video-preview:-1\" \/>\n<link rel=\"canonical\" href=\"https:\/\/allstarfinland.fi\/en\/p\/allstar-johdottamaton-kalvan-tera\/\" \/>\n<meta property=\"og:locale\" content=\"en_US\" \/>\n<meta property=\"og:type\" content=\"article\" \/>\n<meta property=\"og:title\" content=\"ALLSTAR JOHDOTTAMATON KALVAN TER\u00c4 - Allstar Finland\" \/>\n<meta property=\"og:description\" content=\"Johdottamaton kalpamiekan ter\u00e4, joka sopii aloittelijalle ja harrastajalle. Sill\u00e4 saa kilpailla kansallisissa kilpailuissa, mutta ei FIE-kilpailuissa. Ei sis\u00e4ll\u00e4 k\u00e4rke\u00e4 eik\u00e4 johtoa. Pituus 5.\" \/>\n<meta property=\"og:url\" content=\"https:\/\/allstarfinland.fi\/en\/p\/allstar-johdottamaton-kalvan-tera\/\" \/>\n<meta property=\"og:site_name\" content=\"Allstar Finland\" \/>\n<meta property=\"article:modified_time\" content=\"2025-09-16T09:46:05+00:00\" \/>\n<meta property=\"og:image\" content=\"https:\/\/allstarfinland.fi\/wp-content\/uploads\/2024\/04\/ED31_1_1.jpg\" \/>\n\t<meta property=\"og:image:width\" content=\"1100\" \/>\n\t<meta property=\"og:image:height\" content=\"1100\" \/>\n\t<meta property=\"og:image:type\" content=\"image\/jpeg\" \/>\n<meta name=\"twitter:card\" content=\"summary_large_image\" \/>\n<meta name=\"twitter:label1\" content=\"Est. reading time\" \/>\n\t<meta name=\"twitter:data1\" content=\"1 minute\" \/>\n<script type=\"application\/ld+json\" class=\"yoast-schema-graph\">{\"@context\":\"https:\\\/\\\/schema.org\",\"@graph\":[{\"@type\":\"WebPage\",\"@id\":\"https:\\\/\\\/allstarfinland.fi\\\/p\\\/allstar-johdottamaton-kalvan-tera\\\/\",\"url\":\"https:\\\/\\\/allstarfinland.fi\\\/p\\\/allstar-johdottamaton-kalvan-tera\\\/\",\"name\":\"ALLSTAR JOHDOTTAMATON KALVAN TER\u00c4 - Allstar Finland\",\"isPartOf\":{\"@id\":\"https:\\\/\\\/allstarfinland.fi\\\/en\\\/#website\"},\"primaryImageOfPage\":{\"@id\":\"https:\\\/\\\/allstarfinland.fi\\\/p\\\/allstar-johdottamaton-kalvan-tera\\\/#primaryimage\"},\"image\":{\"@id\":\"https:\\\/\\\/allstarfinland.fi\\\/p\\\/allstar-johdottamaton-kalvan-tera\\\/#primaryimage\"},\"thumbnailUrl\":\"https:\\\/\\\/allstarfinland.fi\\\/wp-content\\\/uploads\\\/2024\\\/04\\\/ED31_1_1.jpg\",\"datePublished\":\"2024-04-08T09:09:40+00:00\",\"dateModified\":\"2025-09-16T09:46:05+00:00\",\"breadcrumb\":{\"@id\":\"https:\\\/\\\/allstarfinland.fi\\\/p\\\/allstar-johdottamaton-kalvan-tera\\\/#breadcrumb\"},\"inLanguage\":\"en-US\",\"potentialAction\":[{\"@type\":\"ReadAction\",\"target\":[\"https:\\\/\\\/allstarfinland.fi\\\/p\\\/allstar-johdottamaton-kalvan-tera\\\/\"]}]},{\"@type\":\"ImageObject\",\"inLanguage\":\"en-US\",\"@id\":\"https:\\\/\\\/allstarfinland.fi\\\/p\\\/allstar-johdottamaton-kalvan-tera\\\/#primaryimage\",\"url\":\"https:\\\/\\\/allstarfinland.fi\\\/wp-content\\\/uploads\\\/2024\\\/04\\\/ED31_1_1.jpg\",\"contentUrl\":\"https:\\\/\\\/allstarfinland.fi\\\/wp-content\\\/uploads\\\/2024\\\/04\\\/ED31_1_1.jpg\",\"width\":1100,\"height\":1100},{\"@type\":\"BreadcrumbList\",\"@id\":\"https:\\\/\\\/allstarfinland.fi\\\/p\\\/allstar-johdottamaton-kalvan-tera\\\/#breadcrumb\",\"itemListElement\":[{\"@type\":\"ListItem\",\"position\":1,\"name\":\"Etusivu\",\"item\":\"https:\\\/\\\/allstarfinland.fi\\\/\"},{\"@type\":\"ListItem\",\"position\":2,\"name\":\"Etusivu\",\"item\":\"https:\\\/\\\/allstarfinland.fi\\\/\"},{\"@type\":\"ListItem\",\"position\":3,\"name\":\"ALLSTAR JOHDOTTAMATON KALVAN TER\u00c4\"}]},{\"@type\":\"WebSite\",\"@id\":\"https:\\\/\\\/allstarfinland.fi\\\/en\\\/#website\",\"url\":\"https:\\\/\\\/allstarfinland.fi\\\/en\\\/\",\"name\":\"Allstar Finland\",\"description\":\"Miekkailuv\u00e4lineiden verkkokauppa\",\"potentialAction\":[{\"@type\":\"SearchAction\",\"target\":{\"@type\":\"EntryPoint\",\"urlTemplate\":\"https:\\\/\\\/allstarfinland.fi\\\/en\\\/?s={search_term_string}\"},\"query-input\":{\"@type\":\"PropertyValueSpecification\",\"valueRequired\":true,\"valueName\":\"search_term_string\"}}],\"inLanguage\":\"en-US\"}]}<\/script>\n<!-- \/ Yoast SEO plugin. -->","yoast_head_json":{"title":"ALLSTAR JOHDOTTAMATON KALVAN TER\u00c4 - Allstar Finland","robots":{"index":"index","follow":"follow","max-snippet":"max-snippet:-1","max-image-preview":"max-image-preview:large","max-video-preview":"max-video-preview:-1"},"canonical":"https:\/\/allstarfinland.fi\/en\/p\/allstar-johdottamaton-kalvan-tera\/","og_locale":"en_US","og_type":"article","og_title":"ALLSTAR JOHDOTTAMATON KALVAN TER\u00c4 - Allstar Finland","og_description":"Johdottamaton kalpamiekan ter\u00e4, joka sopii aloittelijalle ja harrastajalle. Sill\u00e4 saa kilpailla kansallisissa kilpailuissa, mutta ei FIE-kilpailuissa. Ei sis\u00e4ll\u00e4 k\u00e4rke\u00e4 eik\u00e4 johtoa. Pituus 5.","og_url":"https:\/\/allstarfinland.fi\/en\/p\/allstar-johdottamaton-kalvan-tera\/","og_site_name":"Allstar Finland","article_modified_time":"2025-09-16T09:46:05+00:00","og_image":[{"width":1100,"height":1100,"url":"https:\/\/allstarfinland.fi\/wp-content\/uploads\/2024\/04\/ED31_1_1.jpg","type":"image\/jpeg"}],"twitter_card":"summary_large_image","twitter_misc":{"Est. reading time":"1 minute"},"schema":{"@context":"https:\/\/schema.org","@graph":[{"@type":"WebPage","@id":"https:\/\/allstarfinland.fi\/p\/allstar-johdottamaton-kalvan-tera\/","url":"https:\/\/allstarfinland.fi\/p\/allstar-johdottamaton-kalvan-tera\/","name":"ALLSTAR JOHDOTTAMATON KALVAN TER\u00c4 - Allstar Finland","isPartOf":{"@id":"https:\/\/allstarfinland.fi\/en\/#website"},"primaryImageOfPage":{"@id":"https:\/\/allstarfinland.fi\/p\/allstar-johdottamaton-kalvan-tera\/#primaryimage"},"image":{"@id":"https:\/\/allstarfinland.fi\/p\/allstar-johdottamaton-kalvan-tera\/#primaryimage"},"thumbnailUrl":"https:\/\/allstarfinland.fi\/wp-content\/uploads\/2024\/04\/ED31_1_1.jpg","datePublished":"2024-04-08T09:09:40+00:00","dateModified":"2025-09-16T09:46:05+00:00","breadcrumb":{"@id":"https:\/\/allstarfinland.fi\/p\/allstar-johdottamaton-kalvan-tera\/#breadcrumb"},"inLanguage":"en-US","potentialAction":[{"@type":"ReadAction","target":["https:\/\/allstarfinland.fi\/p\/allstar-johdottamaton-kalvan-tera\/"]}]},{"@type":"ImageObject","inLanguage":"en-US","@id":"https:\/\/allstarfinland.fi\/p\/allstar-johdottamaton-kalvan-tera\/#primaryimage","url":"https:\/\/allstarfinland.fi\/wp-content\/uploads\/2024\/04\/ED31_1_1.jpg","contentUrl":"https:\/\/allstarfinland.fi\/wp-content\/uploads\/2024\/04\/ED31_1_1.jpg","width":1100,"height":1100},{"@type":"BreadcrumbList","@id":"https:\/\/allstarfinland.fi\/p\/allstar-johdottamaton-kalvan-tera\/#breadcrumb","itemListElement":[{"@type":"ListItem","position":1,"name":"Etusivu","item":"https:\/\/allstarfinland.fi\/"},{"@type":"ListItem","position":2,"name":"Etusivu","item":"https:\/\/allstarfinland.fi\/"},{"@type":"ListItem","position":3,"name":"ALLSTAR JOHDOTTAMATON KALVAN TER\u00c4"}]},{"@type":"WebSite","@id":"https:\/\/allstarfinland.fi\/en\/#website","url":"https:\/\/allstarfinland.fi\/en\/","name":"Allstar Finland","description":"Miekkailuv\u00e4lineiden verkkokauppa","potentialAction":[{"@type":"SearchAction","target":{"@type":"EntryPoint","urlTemplate":"https:\/\/allstarfinland.fi\/en\/?s={search_term_string}"},"query-input":{"@type":"PropertyValueSpecification","valueRequired":true,"valueName":"search_term_string"}}],"inLanguage":"en-US"}]}},"jetpack_sharing_enabled":true,"_links":{"self":[{"href":"https:\/\/allstarfinland.fi\/en\/wp-json\/wp\/v2\/product\/19861","targetHints":{"allow":["GET"]}}],"collection":[{"href":"https:\/\/allstarfinland.fi\/en\/wp-json\/wp\/v2\/product"}],"about":[{"href":"https:\/\/allstarfinland.fi\/en\/wp-json\/wp\/v2\/types\/product"}],"wp:featuredmedia":[{"embeddable":true,"href":"https:\/\/allstarfinland.fi\/en\/wp-json\/wp\/v2\/media\/19862"}],"wp:attachment":[{"href":"https:\/\/allstarfinland.fi\/en\/wp-json\/wp\/v2\/media?parent=19861"}],"wp:term":[{"taxonomy":"product_brand","embeddable":true,"href":"https:\/\/allstarfinland.fi\/en\/wp-json\/wp\/v2\/product_brand?post=19861"},{"taxonomy":"product_cat","embeddable":true,"href":"https:\/\/allstarfinland.fi\/en\/wp-json\/wp\/v2\/product_cat?post=19861"},{"taxonomy":"product_tag","embeddable":true,"href":"https:\/\/allstarfinland.fi\/en\/wp-json\/wp\/v2\/product_tag?post=19861"}],"curies":[{"name":"wp","href":"https:\/\/api.w.org\/{rel}","templated":true}]}}