{"id":1821,"date":"2022-07-12T09:43:47","date_gmt":"2022-07-12T06:43:47","guid":{"rendered":"https:\/\/allstarfinland.fi\/?post_type=product&#038;p=1821"},"modified":"2026-04-27T09:24:33","modified_gmt":"2026-04-27T06:24:33","slug":"allstar-startex-fie-800n-miekkailuhousut-miehille","status":"publish","type":"product","link":"https:\/\/allstarfinland.fi\/en\/p\/allstar-startex-fie-800n-miekkailuhousut-miehille\/","title":{"rendered":"STARTEX FIE FENCING BREECHES FOR MEN"},"content":{"rendered":"<p>Our top-of-the-range model combines extremely high wearing comfort, highest performance, perfect fit and an exclusive design. The fully elastic fabric is extremely lightweight and features a unique white. In contrast to other fencing suits, our Startex does not become yellow, even after extensive use. The breathable fiber ensures perfect sweat regulation and the antibacterial characteristics of the fabric prevents unpleasant odours. Startex represents our commitment to outstanding functionality and best quality made in Germany.<\/p>","protected":false},"excerpt":{"rendered":"<p>The favourite fencing uniform of our top fencers worldwide.<\/p>","protected":false},"featured_media":21185,"template":"","meta":[],"product_brand":[],"product_cat":[24],"product_tag":[211,82,83],"class_list":{"0":"post-1821","1":"product","2":"type-product","3":"status-publish","4":"has-post-thumbnail","6":"product_cat-fie-800n","7":"product_tag-housut","8":"product_tag-miekkailupuku","9":"product_tag-puku","10":"product_shipping_class-paketti","12":"first","13":"onbackorder","14":"taxable","15":"shipping-taxable","16":"purchasable","17":"product-type-variable"},"composite_virtual":false,"composite_layout":"","composite_add_to_cart_form_location":"","composite_editable_in_cart":false,"composite_sold_individually_context":"","composite_shop_price_calc":"","composite_components":[],"composite_scenarios":[],"supplier_id":null,"supplier_sku":"","atum_controlled":true,"out_stock_date":"2022-07-17 10:30:23","out_stock_threshold":null,"inheritable":true,"inbound_stock":1,"stock_on_hold":1,"sold_today":0,"sales_last_days":0,"reserved_stock":0,"customer_returns":0,"warehouse_damage":0,"lost_in_post":0,"other_logs":0,"out_stock_days":915,"lost_sales":0,"has_location":false,"update_date":"2026-04-28T05:55:42","atum_locations":[],"atum_stock_status":"onbackorder","restock_status":false,"low_stock_amount":"","sales_update_date":null,"calc_backorders":0,"exclude_global_add_ons":false,"addons":[{"name":"Printing of national colors on breeches","type":"multiple_choice","position":0,"required":false,"title_format":"label","default":"","description_enable":false,"description":"","placeholder_enable":false,"placeholder":"","display":"select","restrictions_type":"any_text","adjust_price":false,"price":"","price_type":"flat_fee","restrictions":false,"min":"0","max":"0","options":[{"label":"FIN","price":"30","price_type":"flat_fee","image":0,"visibility":true},{"label":"AUT","price":"40","price_type":"flat_fee","image":0,"visibility":true},{"label":"BEL","price":"40","price_type":"flat_fee","image":0,"visibility":true},{"label":"BUL","price":"40","price_type":"flat_fee","image":0,"visibility":true},{"label":"CRO","price":"40","price_type":"flat_fee","image":0,"visibility":true},{"label":"CYP","price":"40","price_type":"flat_fee","image":0,"visibility":true},{"label":"CZE","price":"40","price_type":"flat_fee","image":0,"visibility":true},{"label":"DEN","price":"40","price_type":"flat_fee","image":0,"visibility":true},{"label":"EST","price":"40","price_type":"flat_fee","image":0,"visibility":true},{"label":"ESP","price":"40","price_type":"flat_fee","image":0,"visibility":true},{"label":"FRA","price":"40","price_type":"flat_fee","image":0,"visibility":true},{"label":"GER","price":"40","price_type":"flat_fee","image":0,"visibility":true},{"label":"GRE","price":"40","price_type":"flat_fee","image":0,"visibility":true},{"label":"HUN","price":"40","price_type":"flat_fee","image":0,"visibility":true},{"label":"IRL","price":"40","price_type":"flat_fee","image":0,"visibility":true},{"label":"JPN","price":"40","price_type":"flat_fee","image":0,"visibility":true},{"label":"ITA","price":"40","price_type":"flat_fee","image":0,"visibility":true},{"label":"LAT","price":"40","price_type":"flat_fee","image":0,"visibility":true},{"label":"LIT","price":"40","price_type":"flat_fee","image":0,"visibility":true},{"label":"LUX","price":"40","price_type":"flat_fee","image":0,"visibility":true},{"label":"MLT","price":"40","price_type":"flat_fee","image":0,"visibility":true},{"label":"NED","price":"40","price_type":"flat_fee","image":0,"visibility":true},{"label":"POL","price":"40","price_type":"flat_fee","image":0,"visibility":true},{"label":"POR","price":"40","price_type":"flat_fee","image":0,"visibility":true},{"label":"ROM","price":"40","price_type":"flat_fee","image":0,"visibility":true},{"label":"SVK","price":"40","price_type":"flat_fee","image":0,"visibility":true},{"label":"SLO","price":"40","price_type":"flat_fee","image":0,"visibility":true},{"label":"SWE","price":"40","price_type":"flat_fee","image":0,"visibility":true}],"id":1669294295}],"yoast_head":"<!-- This site is optimized with the Yoast SEO plugin v27.4 - https:\/\/yoast.com\/product\/yoast-seo-wordpress\/ -->\n<title>STARTEX FIE MIEKKAILUHOUSUT MIEHILLE - Allstar Finland<\/title>\n<meta name=\"description\" content=\"Huippumallissamme yhdistyv\u00e4t eritt\u00e4in korkea k\u00e4ytt\u00f6mukavuus, paras suorituskyky, t\u00e4ydellinen istuvuus ja ylellinen muotoilu.\" \/>\n<meta name=\"robots\" content=\"index, follow, max-snippet:-1, max-image-preview:large, max-video-preview:-1\" \/>\n<link rel=\"canonical\" href=\"https:\/\/allstarfinland.fi\/en\/p\/allstar-startex-fie-800n-miekkailuhousut-miehille\/\" \/>\n<meta property=\"og:locale\" content=\"en_US\" \/>\n<meta property=\"og:type\" content=\"article\" \/>\n<meta property=\"og:title\" content=\"STARTEX FIE MIEKKAILUHOUSUT MIEHILLE - Allstar Finland\" \/>\n<meta property=\"og:description\" content=\"Huippumallissamme yhdistyv\u00e4t eritt\u00e4in korkea k\u00e4ytt\u00f6mukavuus, paras suorituskyky, t\u00e4ydellinen istuvuus ja ylellinen muotoilu.\" \/>\n<meta property=\"og:url\" content=\"https:\/\/allstarfinland.fi\/en\/p\/allstar-startex-fie-800n-miekkailuhousut-miehille\/\" \/>\n<meta property=\"og:site_name\" content=\"Allstar Finland\" \/>\n<meta property=\"article:modified_time\" content=\"2026-04-27T06:24:33+00:00\" \/>\n<meta property=\"og:image\" content=\"https:\/\/allstarfinland.fi\/wp-content\/uploads\/2022\/07\/9501H_3_1920x1920.jpg\" \/>\n\t<meta property=\"og:image:width\" content=\"1100\" \/>\n\t<meta property=\"og:image:height\" content=\"1100\" \/>\n\t<meta property=\"og:image:type\" content=\"image\/jpeg\" \/>\n<meta name=\"twitter:card\" content=\"summary_large_image\" \/>\n<meta name=\"twitter:label1\" content=\"Est. reading time\" \/>\n\t<meta name=\"twitter:data1\" content=\"1 minute\" \/>\n<script type=\"application\/ld+json\" class=\"yoast-schema-graph\">{\"@context\":\"https:\\\/\\\/schema.org\",\"@graph\":[{\"@type\":\"WebPage\",\"@id\":\"https:\\\/\\\/allstarfinland.fi\\\/p\\\/allstar-startex-fie-800n-miekkailuhousut-miehille\\\/\",\"url\":\"https:\\\/\\\/allstarfinland.fi\\\/p\\\/allstar-startex-fie-800n-miekkailuhousut-miehille\\\/\",\"name\":\"STARTEX FIE MIEKKAILUHOUSUT MIEHILLE - Allstar Finland\",\"isPartOf\":{\"@id\":\"https:\\\/\\\/allstarfinland.fi\\\/en\\\/#website\"},\"primaryImageOfPage\":{\"@id\":\"https:\\\/\\\/allstarfinland.fi\\\/p\\\/allstar-startex-fie-800n-miekkailuhousut-miehille\\\/#primaryimage\"},\"image\":{\"@id\":\"https:\\\/\\\/allstarfinland.fi\\\/p\\\/allstar-startex-fie-800n-miekkailuhousut-miehille\\\/#primaryimage\"},\"thumbnailUrl\":\"https:\\\/\\\/allstarfinland.fi\\\/wp-content\\\/uploads\\\/2022\\\/07\\\/9501H_3_1920x1920.jpg\",\"datePublished\":\"2022-07-12T06:43:47+00:00\",\"dateModified\":\"2026-04-27T06:24:33+00:00\",\"description\":\"Huippumallissamme yhdistyv\u00e4t eritt\u00e4in korkea k\u00e4ytt\u00f6mukavuus, paras suorituskyky, t\u00e4ydellinen istuvuus ja ylellinen muotoilu.\",\"breadcrumb\":{\"@id\":\"https:\\\/\\\/allstarfinland.fi\\\/p\\\/allstar-startex-fie-800n-miekkailuhousut-miehille\\\/#breadcrumb\"},\"inLanguage\":\"en-US\",\"potentialAction\":[{\"@type\":\"ReadAction\",\"target\":[\"https:\\\/\\\/allstarfinland.fi\\\/p\\\/allstar-startex-fie-800n-miekkailuhousut-miehille\\\/\"]}]},{\"@type\":\"ImageObject\",\"inLanguage\":\"en-US\",\"@id\":\"https:\\\/\\\/allstarfinland.fi\\\/p\\\/allstar-startex-fie-800n-miekkailuhousut-miehille\\\/#primaryimage\",\"url\":\"https:\\\/\\\/allstarfinland.fi\\\/wp-content\\\/uploads\\\/2022\\\/07\\\/9501H_3_1920x1920.jpg\",\"contentUrl\":\"https:\\\/\\\/allstarfinland.fi\\\/wp-content\\\/uploads\\\/2022\\\/07\\\/9501H_3_1920x1920.jpg\",\"width\":1100,\"height\":1100,\"caption\":\"Startex-miekkailuhousut etuviistosta\"},{\"@type\":\"BreadcrumbList\",\"@id\":\"https:\\\/\\\/allstarfinland.fi\\\/p\\\/allstar-startex-fie-800n-miekkailuhousut-miehille\\\/#breadcrumb\",\"itemListElement\":[{\"@type\":\"ListItem\",\"position\":1,\"name\":\"Etusivu\",\"item\":\"https:\\\/\\\/allstarfinland.fi\\\/\"},{\"@type\":\"ListItem\",\"position\":2,\"name\":\"Etusivu\",\"item\":\"https:\\\/\\\/allstarfinland.fi\\\/\"},{\"@type\":\"ListItem\",\"position\":3,\"name\":\"STARTEX FIE MIEKKAILUHOUSUT MIEHILLE\"}]},{\"@type\":\"WebSite\",\"@id\":\"https:\\\/\\\/allstarfinland.fi\\\/en\\\/#website\",\"url\":\"https:\\\/\\\/allstarfinland.fi\\\/en\\\/\",\"name\":\"Allstar Finland\",\"description\":\"Miekkailuv\u00e4lineiden verkkokauppa\",\"potentialAction\":[{\"@type\":\"SearchAction\",\"target\":{\"@type\":\"EntryPoint\",\"urlTemplate\":\"https:\\\/\\\/allstarfinland.fi\\\/en\\\/?s={search_term_string}\"},\"query-input\":{\"@type\":\"PropertyValueSpecification\",\"valueRequired\":true,\"valueName\":\"search_term_string\"}}],\"inLanguage\":\"en-US\"}]}<\/script>\n<!-- \/ Yoast SEO plugin. -->","yoast_head_json":{"title":"STARTEX FIE MIEKKAILUHOUSUT MIEHILLE - Allstar Finland","description":"Huippumallissamme yhdistyv\u00e4t eritt\u00e4in korkea k\u00e4ytt\u00f6mukavuus, paras suorituskyky, t\u00e4ydellinen istuvuus ja ylellinen muotoilu.","robots":{"index":"index","follow":"follow","max-snippet":"max-snippet:-1","max-image-preview":"max-image-preview:large","max-video-preview":"max-video-preview:-1"},"canonical":"https:\/\/allstarfinland.fi\/en\/p\/allstar-startex-fie-800n-miekkailuhousut-miehille\/","og_locale":"en_US","og_type":"article","og_title":"STARTEX FIE MIEKKAILUHOUSUT MIEHILLE - Allstar Finland","og_description":"Huippumallissamme yhdistyv\u00e4t eritt\u00e4in korkea k\u00e4ytt\u00f6mukavuus, paras suorituskyky, t\u00e4ydellinen istuvuus ja ylellinen muotoilu.","og_url":"https:\/\/allstarfinland.fi\/en\/p\/allstar-startex-fie-800n-miekkailuhousut-miehille\/","og_site_name":"Allstar Finland","article_modified_time":"2026-04-27T06:24:33+00:00","og_image":[{"width":1100,"height":1100,"url":"https:\/\/allstarfinland.fi\/wp-content\/uploads\/2022\/07\/9501H_3_1920x1920.jpg","type":"image\/jpeg"}],"twitter_card":"summary_large_image","twitter_misc":{"Est. reading time":"1 minute"},"schema":{"@context":"https:\/\/schema.org","@graph":[{"@type":"WebPage","@id":"https:\/\/allstarfinland.fi\/p\/allstar-startex-fie-800n-miekkailuhousut-miehille\/","url":"https:\/\/allstarfinland.fi\/p\/allstar-startex-fie-800n-miekkailuhousut-miehille\/","name":"STARTEX FIE MIEKKAILUHOUSUT MIEHILLE - Allstar Finland","isPartOf":{"@id":"https:\/\/allstarfinland.fi\/en\/#website"},"primaryImageOfPage":{"@id":"https:\/\/allstarfinland.fi\/p\/allstar-startex-fie-800n-miekkailuhousut-miehille\/#primaryimage"},"image":{"@id":"https:\/\/allstarfinland.fi\/p\/allstar-startex-fie-800n-miekkailuhousut-miehille\/#primaryimage"},"thumbnailUrl":"https:\/\/allstarfinland.fi\/wp-content\/uploads\/2022\/07\/9501H_3_1920x1920.jpg","datePublished":"2022-07-12T06:43:47+00:00","dateModified":"2026-04-27T06:24:33+00:00","description":"Huippumallissamme yhdistyv\u00e4t eritt\u00e4in korkea k\u00e4ytt\u00f6mukavuus, paras suorituskyky, t\u00e4ydellinen istuvuus ja ylellinen muotoilu.","breadcrumb":{"@id":"https:\/\/allstarfinland.fi\/p\/allstar-startex-fie-800n-miekkailuhousut-miehille\/#breadcrumb"},"inLanguage":"en-US","potentialAction":[{"@type":"ReadAction","target":["https:\/\/allstarfinland.fi\/p\/allstar-startex-fie-800n-miekkailuhousut-miehille\/"]}]},{"@type":"ImageObject","inLanguage":"en-US","@id":"https:\/\/allstarfinland.fi\/p\/allstar-startex-fie-800n-miekkailuhousut-miehille\/#primaryimage","url":"https:\/\/allstarfinland.fi\/wp-content\/uploads\/2022\/07\/9501H_3_1920x1920.jpg","contentUrl":"https:\/\/allstarfinland.fi\/wp-content\/uploads\/2022\/07\/9501H_3_1920x1920.jpg","width":1100,"height":1100,"caption":"Startex-miekkailuhousut etuviistosta"},{"@type":"BreadcrumbList","@id":"https:\/\/allstarfinland.fi\/p\/allstar-startex-fie-800n-miekkailuhousut-miehille\/#breadcrumb","itemListElement":[{"@type":"ListItem","position":1,"name":"Etusivu","item":"https:\/\/allstarfinland.fi\/"},{"@type":"ListItem","position":2,"name":"Etusivu","item":"https:\/\/allstarfinland.fi\/"},{"@type":"ListItem","position":3,"name":"STARTEX FIE MIEKKAILUHOUSUT MIEHILLE"}]},{"@type":"WebSite","@id":"https:\/\/allstarfinland.fi\/en\/#website","url":"https:\/\/allstarfinland.fi\/en\/","name":"Allstar Finland","description":"Miekkailuv\u00e4lineiden verkkokauppa","potentialAction":[{"@type":"SearchAction","target":{"@type":"EntryPoint","urlTemplate":"https:\/\/allstarfinland.fi\/en\/?s={search_term_string}"},"query-input":{"@type":"PropertyValueSpecification","valueRequired":true,"valueName":"search_term_string"}}],"inLanguage":"en-US"}]}},"jetpack_sharing_enabled":true,"_links":{"self":[{"href":"https:\/\/allstarfinland.fi\/en\/wp-json\/wp\/v2\/product\/1821","targetHints":{"allow":["GET"]}}],"collection":[{"href":"https:\/\/allstarfinland.fi\/en\/wp-json\/wp\/v2\/product"}],"about":[{"href":"https:\/\/allstarfinland.fi\/en\/wp-json\/wp\/v2\/types\/product"}],"wp:featuredmedia":[{"embeddable":true,"href":"https:\/\/allstarfinland.fi\/en\/wp-json\/wp\/v2\/media\/21185"}],"wp:attachment":[{"href":"https:\/\/allstarfinland.fi\/en\/wp-json\/wp\/v2\/media?parent=1821"}],"wp:term":[{"taxonomy":"product_brand","embeddable":true,"href":"https:\/\/allstarfinland.fi\/en\/wp-json\/wp\/v2\/product_brand?post=1821"},{"taxonomy":"product_cat","embeddable":true,"href":"https:\/\/allstarfinland.fi\/en\/wp-json\/wp\/v2\/product_cat?post=1821"},{"taxonomy":"product_tag","embeddable":true,"href":"https:\/\/allstarfinland.fi\/en\/wp-json\/wp\/v2\/product_tag?post=1821"}],"curies":[{"name":"wp","href":"https:\/\/api.w.org\/{rel}","templated":true}]}}