{"id":1742,"date":"2022-05-09T12:00:59","date_gmt":"2022-05-09T09:00:59","guid":{"rendered":"https:\/\/allstarfinland.fi\/?post_type=product&#038;p=1742"},"modified":"2026-04-20T15:34:22","modified_gmt":"2026-04-20T12:34:22","slug":"bf-blue-fie-maraging-tera-kalvalle","status":"publish","type":"product","link":"https:\/\/allstarfinland.fi\/en\/p\/bf-blue-fie-maraging-tera-kalvalle\/","title":{"rendered":"BF BLUE FIE MARAGING WIRED EPEE BLADE"},"content":{"rendered":"","protected":false},"excerpt":{"rendered":"<p>The most popular FIE Blades available on the market. Can be obtained in different levels of hardness. Made of Maraging alloy featuring high durability, outstanding balance and low weight. Blade has a cool blue shade.<\/p>","protected":false},"featured_media":1747,"template":"","meta":[],"product_brand":[],"product_cat":[178],"product_tag":[],"class_list":{"0":"post-1742","1":"product","2":"type-product","3":"status-publish","4":"has-post-thumbnail","6":"product_cat-kalvan-terat","7":"product_shipping_class-paketti","9":"first","10":"onbackorder","11":"taxable","12":"shipping-taxable","13":"purchasable","14":"product-type-variable"},"composite_virtual":false,"composite_layout":"","composite_add_to_cart_form_location":"","composite_editable_in_cart":false,"composite_sold_individually_context":"","composite_shop_price_calc":"","composite_components":[],"composite_scenarios":[],"supplier_id":null,"supplier_sku":"","atum_controlled":true,"out_stock_date":"2022-05-09 09:00:59","out_stock_threshold":null,"inheritable":true,"inbound_stock":0,"stock_on_hold":0,"sold_today":0,"sales_last_days":1,"reserved_stock":0,"customer_returns":0,"warehouse_damage":0,"lost_in_post":0,"other_logs":0,"out_stock_days":1442,"lost_sales":0,"has_location":false,"update_date":"2026-04-23T12:57:49","atum_locations":[],"atum_stock_status":"onbackorder","restock_status":false,"low_stock_amount":"","sales_update_date":"2026-03-26T06:50:04","calc_backorders":0,"exclude_global_add_ons":[],"addons":[],"yoast_head":"<!-- This site is optimized with the Yoast SEO plugin v27.4 - https:\/\/yoast.com\/product\/yoast-seo-wordpress\/ -->\n<title>BF BLUE FIE MARAGING JOHDOTETTU TER\u00c4 KALVALLE - Allstar Finland<\/title>\n<meta name=\"robots\" content=\"index, follow, max-snippet:-1, max-image-preview:large, max-video-preview:-1\" \/>\n<link rel=\"canonical\" href=\"https:\/\/allstarfinland.fi\/en\/p\/bf-blue-fie-maraging-tera-kalvalle\/\" \/>\n<meta property=\"og:locale\" content=\"en_US\" \/>\n<meta property=\"og:type\" content=\"article\" \/>\n<meta property=\"og:title\" content=\"BF BLUE FIE MARAGING JOHDOTETTU TER\u00c4 KALVALLE - Allstar Finland\" \/>\n<meta property=\"og:description\" content=\"Markkinoiden suosituin FIE-ter\u00e4, joka on saatavilla eri j\u00e4ykkyyksill\u00e4. Ter\u00e4 on valmistettu eritt\u00e4in kest\u00e4v\u00e4st\u00e4 maraging-seoksesta. Ter\u00e4ss\u00e4 on erinomainen tuntuma ja se on kevyt. Ter\u00e4ss\u00e4 on upea sininen v\u00e4ri.\" \/>\n<meta property=\"og:url\" content=\"https:\/\/allstarfinland.fi\/en\/p\/bf-blue-fie-maraging-tera-kalvalle\/\" \/>\n<meta property=\"og:site_name\" content=\"Allstar Finland\" \/>\n<meta property=\"article:modified_time\" content=\"2026-04-20T12:34:22+00:00\" \/>\n<meta property=\"og:image\" content=\"https:\/\/allstarfinland.fi\/wp-content\/uploads\/2022\/05\/ED28_1.jpg\" \/>\n\t<meta property=\"og:image:width\" content=\"1920\" \/>\n\t<meta property=\"og:image:height\" content=\"1920\" \/>\n\t<meta property=\"og:image:type\" content=\"image\/jpeg\" \/>\n<meta name=\"twitter:card\" content=\"summary_large_image\" \/>\n<meta name=\"twitter:label1\" content=\"Est. reading time\" \/>\n\t<meta name=\"twitter:data1\" content=\"1 minute\" \/>\n<script type=\"application\/ld+json\" class=\"yoast-schema-graph\">{\"@context\":\"https:\\\/\\\/schema.org\",\"@graph\":[{\"@type\":\"WebPage\",\"@id\":\"https:\\\/\\\/allstarfinland.fi\\\/p\\\/bf-blue-fie-maraging-tera-kalvalle\\\/\",\"url\":\"https:\\\/\\\/allstarfinland.fi\\\/p\\\/bf-blue-fie-maraging-tera-kalvalle\\\/\",\"name\":\"BF BLUE FIE MARAGING JOHDOTETTU TER\u00c4 KALVALLE - Allstar Finland\",\"isPartOf\":{\"@id\":\"https:\\\/\\\/allstarfinland.fi\\\/en\\\/#website\"},\"primaryImageOfPage\":{\"@id\":\"https:\\\/\\\/allstarfinland.fi\\\/p\\\/bf-blue-fie-maraging-tera-kalvalle\\\/#primaryimage\"},\"image\":{\"@id\":\"https:\\\/\\\/allstarfinland.fi\\\/p\\\/bf-blue-fie-maraging-tera-kalvalle\\\/#primaryimage\"},\"thumbnailUrl\":\"https:\\\/\\\/allstarfinland.fi\\\/wp-content\\\/uploads\\\/2022\\\/05\\\/ED28_1.jpg\",\"datePublished\":\"2022-05-09T09:00:59+00:00\",\"dateModified\":\"2026-04-20T12:34:22+00:00\",\"breadcrumb\":{\"@id\":\"https:\\\/\\\/allstarfinland.fi\\\/p\\\/bf-blue-fie-maraging-tera-kalvalle\\\/#breadcrumb\"},\"inLanguage\":\"en-US\",\"potentialAction\":[{\"@type\":\"ReadAction\",\"target\":[\"https:\\\/\\\/allstarfinland.fi\\\/p\\\/bf-blue-fie-maraging-tera-kalvalle\\\/\"]}]},{\"@type\":\"ImageObject\",\"inLanguage\":\"en-US\",\"@id\":\"https:\\\/\\\/allstarfinland.fi\\\/p\\\/bf-blue-fie-maraging-tera-kalvalle\\\/#primaryimage\",\"url\":\"https:\\\/\\\/allstarfinland.fi\\\/wp-content\\\/uploads\\\/2022\\\/05\\\/ED28_1.jpg\",\"contentUrl\":\"https:\\\/\\\/allstarfinland.fi\\\/wp-content\\\/uploads\\\/2022\\\/05\\\/ED28_1.jpg\",\"width\":1920,\"height\":1920},{\"@type\":\"BreadcrumbList\",\"@id\":\"https:\\\/\\\/allstarfinland.fi\\\/p\\\/bf-blue-fie-maraging-tera-kalvalle\\\/#breadcrumb\",\"itemListElement\":[{\"@type\":\"ListItem\",\"position\":1,\"name\":\"Etusivu\",\"item\":\"https:\\\/\\\/allstarfinland.fi\\\/\"},{\"@type\":\"ListItem\",\"position\":2,\"name\":\"Etusivu\",\"item\":\"https:\\\/\\\/allstarfinland.fi\\\/\"},{\"@type\":\"ListItem\",\"position\":3,\"name\":\"BF BLUE FIE MARAGING JOHDOTETTU TER\u00c4 KALVALLE\"}]},{\"@type\":\"WebSite\",\"@id\":\"https:\\\/\\\/allstarfinland.fi\\\/en\\\/#website\",\"url\":\"https:\\\/\\\/allstarfinland.fi\\\/en\\\/\",\"name\":\"Allstar Finland\",\"description\":\"Miekkailuv\u00e4lineiden verkkokauppa\",\"potentialAction\":[{\"@type\":\"SearchAction\",\"target\":{\"@type\":\"EntryPoint\",\"urlTemplate\":\"https:\\\/\\\/allstarfinland.fi\\\/en\\\/?s={search_term_string}\"},\"query-input\":{\"@type\":\"PropertyValueSpecification\",\"valueRequired\":true,\"valueName\":\"search_term_string\"}}],\"inLanguage\":\"en-US\"}]}<\/script>\n<!-- \/ Yoast SEO plugin. -->","yoast_head_json":{"title":"BF BLUE FIE MARAGING JOHDOTETTU TER\u00c4 KALVALLE - Allstar Finland","robots":{"index":"index","follow":"follow","max-snippet":"max-snippet:-1","max-image-preview":"max-image-preview:large","max-video-preview":"max-video-preview:-1"},"canonical":"https:\/\/allstarfinland.fi\/en\/p\/bf-blue-fie-maraging-tera-kalvalle\/","og_locale":"en_US","og_type":"article","og_title":"BF BLUE FIE MARAGING JOHDOTETTU TER\u00c4 KALVALLE - Allstar Finland","og_description":"Markkinoiden suosituin FIE-ter\u00e4, joka on saatavilla eri j\u00e4ykkyyksill\u00e4. Ter\u00e4 on valmistettu eritt\u00e4in kest\u00e4v\u00e4st\u00e4 maraging-seoksesta. Ter\u00e4ss\u00e4 on erinomainen tuntuma ja se on kevyt. Ter\u00e4ss\u00e4 on upea sininen v\u00e4ri.","og_url":"https:\/\/allstarfinland.fi\/en\/p\/bf-blue-fie-maraging-tera-kalvalle\/","og_site_name":"Allstar Finland","article_modified_time":"2026-04-20T12:34:22+00:00","og_image":[{"width":1920,"height":1920,"url":"https:\/\/allstarfinland.fi\/wp-content\/uploads\/2022\/05\/ED28_1.jpg","type":"image\/jpeg"}],"twitter_card":"summary_large_image","twitter_misc":{"Est. reading time":"1 minute"},"schema":{"@context":"https:\/\/schema.org","@graph":[{"@type":"WebPage","@id":"https:\/\/allstarfinland.fi\/p\/bf-blue-fie-maraging-tera-kalvalle\/","url":"https:\/\/allstarfinland.fi\/p\/bf-blue-fie-maraging-tera-kalvalle\/","name":"BF BLUE FIE MARAGING JOHDOTETTU TER\u00c4 KALVALLE - Allstar Finland","isPartOf":{"@id":"https:\/\/allstarfinland.fi\/en\/#website"},"primaryImageOfPage":{"@id":"https:\/\/allstarfinland.fi\/p\/bf-blue-fie-maraging-tera-kalvalle\/#primaryimage"},"image":{"@id":"https:\/\/allstarfinland.fi\/p\/bf-blue-fie-maraging-tera-kalvalle\/#primaryimage"},"thumbnailUrl":"https:\/\/allstarfinland.fi\/wp-content\/uploads\/2022\/05\/ED28_1.jpg","datePublished":"2022-05-09T09:00:59+00:00","dateModified":"2026-04-20T12:34:22+00:00","breadcrumb":{"@id":"https:\/\/allstarfinland.fi\/p\/bf-blue-fie-maraging-tera-kalvalle\/#breadcrumb"},"inLanguage":"en-US","potentialAction":[{"@type":"ReadAction","target":["https:\/\/allstarfinland.fi\/p\/bf-blue-fie-maraging-tera-kalvalle\/"]}]},{"@type":"ImageObject","inLanguage":"en-US","@id":"https:\/\/allstarfinland.fi\/p\/bf-blue-fie-maraging-tera-kalvalle\/#primaryimage","url":"https:\/\/allstarfinland.fi\/wp-content\/uploads\/2022\/05\/ED28_1.jpg","contentUrl":"https:\/\/allstarfinland.fi\/wp-content\/uploads\/2022\/05\/ED28_1.jpg","width":1920,"height":1920},{"@type":"BreadcrumbList","@id":"https:\/\/allstarfinland.fi\/p\/bf-blue-fie-maraging-tera-kalvalle\/#breadcrumb","itemListElement":[{"@type":"ListItem","position":1,"name":"Etusivu","item":"https:\/\/allstarfinland.fi\/"},{"@type":"ListItem","position":2,"name":"Etusivu","item":"https:\/\/allstarfinland.fi\/"},{"@type":"ListItem","position":3,"name":"BF BLUE FIE MARAGING JOHDOTETTU TER\u00c4 KALVALLE"}]},{"@type":"WebSite","@id":"https:\/\/allstarfinland.fi\/en\/#website","url":"https:\/\/allstarfinland.fi\/en\/","name":"Allstar Finland","description":"Miekkailuv\u00e4lineiden verkkokauppa","potentialAction":[{"@type":"SearchAction","target":{"@type":"EntryPoint","urlTemplate":"https:\/\/allstarfinland.fi\/en\/?s={search_term_string}"},"query-input":{"@type":"PropertyValueSpecification","valueRequired":true,"valueName":"search_term_string"}}],"inLanguage":"en-US"}]}},"jetpack_sharing_enabled":true,"_links":{"self":[{"href":"https:\/\/allstarfinland.fi\/en\/wp-json\/wp\/v2\/product\/1742","targetHints":{"allow":["GET"]}}],"collection":[{"href":"https:\/\/allstarfinland.fi\/en\/wp-json\/wp\/v2\/product"}],"about":[{"href":"https:\/\/allstarfinland.fi\/en\/wp-json\/wp\/v2\/types\/product"}],"wp:featuredmedia":[{"embeddable":true,"href":"https:\/\/allstarfinland.fi\/en\/wp-json\/wp\/v2\/media\/1747"}],"wp:attachment":[{"href":"https:\/\/allstarfinland.fi\/en\/wp-json\/wp\/v2\/media?parent=1742"}],"wp:term":[{"taxonomy":"product_brand","embeddable":true,"href":"https:\/\/allstarfinland.fi\/en\/wp-json\/wp\/v2\/product_brand?post=1742"},{"taxonomy":"product_cat","embeddable":true,"href":"https:\/\/allstarfinland.fi\/en\/wp-json\/wp\/v2\/product_cat?post=1742"},{"taxonomy":"product_tag","embeddable":true,"href":"https:\/\/allstarfinland.fi\/en\/wp-json\/wp\/v2\/product_tag?post=1742"}],"curies":[{"name":"wp","href":"https:\/\/api.w.org\/{rel}","templated":true}]}}