{"id":13262,"date":"2023-05-08T10:26:43","date_gmt":"2023-05-08T07:26:43","guid":{"rendered":"https:\/\/allstarfinland.fi\/?post_type=product&#038;p=13262"},"modified":"2023-11-11T12:49:35","modified_gmt":"2023-11-11T10:49:35","slug":"lahjakortti","status":"publish","type":"product","link":"https:\/\/allstarfinland.fi\/en\/p\/lahjakortti\/","title":{"rendered":"GIFT CARD"},"content":{"rendered":"","protected":false},"excerpt":{"rendered":"<p>Gift card to Allstar Finland web shop. Choose the value of gift card by yourself. Gift card is valid for one year.<\/p>","protected":false},"featured_media":12650,"template":"","meta":[],"product_brand":[],"product_cat":[360],"product_tag":[],"class_list":{"0":"post-13262","1":"product","2":"type-product","3":"status-publish","4":"has-post-thumbnail","6":"product_cat-wps_wgm_giftcard","8":"first","9":"instock","10":"taxable","11":"shipping-taxable","12":"purchasable","13":"product-type-wgm_gift_card"},"composite_virtual":false,"composite_layout":"","composite_add_to_cart_form_location":"","composite_editable_in_cart":false,"composite_sold_individually_context":"","composite_shop_price_calc":"","composite_components":[],"composite_scenarios":[],"supplier_id":null,"supplier_sku":"","atum_controlled":true,"out_stock_date":null,"out_stock_threshold":null,"inheritable":false,"inbound_stock":null,"stock_on_hold":0,"sold_today":1,"sales_last_days":1,"reserved_stock":null,"customer_returns":null,"warehouse_damage":null,"lost_in_post":null,"other_logs":null,"out_stock_days":0,"lost_sales":0,"has_location":false,"update_date":"2026-02-05T07:58:51","atum_locations":[],"atum_stock_status":"instock","restock_status":false,"low_stock_amount":"","sales_update_date":"2026-02-05T07:58:51","calc_backorders":null,"exclude_global_add_ons":[],"addons":[],"yoast_head":"<!-- This site is optimized with the Yoast SEO plugin v27.3 - https:\/\/yoast.com\/product\/yoast-seo-wordpress\/ -->\n<title>LAHJAKORTTI - Allstar Finland<\/title>\n<meta name=\"description\" content=\"Lahjakortti Allstar Finlandin verkkokauppaan. Lahjakortti on voimassa vuoden ostop\u00e4iv\u00e4st\u00e4.\" \/>\n<meta name=\"robots\" content=\"index, follow, max-snippet:-1, max-image-preview:large, max-video-preview:-1\" \/>\n<link rel=\"canonical\" href=\"https:\/\/allstarfinland.fi\/en\/p\/lahjakortti\/\" \/>\n<meta property=\"og:locale\" content=\"en_US\" \/>\n<meta property=\"og:type\" content=\"article\" \/>\n<meta property=\"og:title\" content=\"LAHJAKORTTI - Allstar Finland\" \/>\n<meta property=\"og:description\" content=\"Lahjakortti Allstar Finlandin verkkokauppaan. Lahjakortti on voimassa vuoden ostop\u00e4iv\u00e4st\u00e4.\" \/>\n<meta property=\"og:url\" content=\"https:\/\/allstarfinland.fi\/en\/p\/lahjakortti\/\" \/>\n<meta property=\"og:site_name\" content=\"Allstar Finland\" \/>\n<meta property=\"article:modified_time\" content=\"2023-11-11T10:49:35+00:00\" \/>\n<meta property=\"og:image\" content=\"https:\/\/allstarfinland.fi\/wp-content\/uploads\/2023\/04\/Lahjakortti.jpg\" \/>\n\t<meta property=\"og:image:width\" content=\"700\" \/>\n\t<meta property=\"og:image:height\" content=\"700\" \/>\n\t<meta property=\"og:image:type\" content=\"image\/jpeg\" \/>\n<meta name=\"twitter:card\" content=\"summary_large_image\" \/>\n<script type=\"application\/ld+json\" class=\"yoast-schema-graph\">{\"@context\":\"https:\\\/\\\/schema.org\",\"@graph\":[{\"@type\":\"WebPage\",\"@id\":\"https:\\\/\\\/allstarfinland.fi\\\/p\\\/lahjakortti\\\/\",\"url\":\"https:\\\/\\\/allstarfinland.fi\\\/p\\\/lahjakortti\\\/\",\"name\":\"LAHJAKORTTI - Allstar Finland\",\"isPartOf\":{\"@id\":\"https:\\\/\\\/allstarfinland.fi\\\/en\\\/#website\"},\"primaryImageOfPage\":{\"@id\":\"https:\\\/\\\/allstarfinland.fi\\\/p\\\/lahjakortti\\\/#primaryimage\"},\"image\":{\"@id\":\"https:\\\/\\\/allstarfinland.fi\\\/p\\\/lahjakortti\\\/#primaryimage\"},\"thumbnailUrl\":\"https:\\\/\\\/allstarfinland.fi\\\/wp-content\\\/uploads\\\/2023\\\/04\\\/Lahjakortti.jpg\",\"datePublished\":\"2023-05-08T07:26:43+00:00\",\"dateModified\":\"2023-11-11T10:49:35+00:00\",\"description\":\"Lahjakortti Allstar Finlandin verkkokauppaan. Lahjakortti on voimassa vuoden ostop\u00e4iv\u00e4st\u00e4.\",\"breadcrumb\":{\"@id\":\"https:\\\/\\\/allstarfinland.fi\\\/p\\\/lahjakortti\\\/#breadcrumb\"},\"inLanguage\":\"en-US\",\"potentialAction\":[{\"@type\":\"ReadAction\",\"target\":[\"https:\\\/\\\/allstarfinland.fi\\\/p\\\/lahjakortti\\\/\"]}]},{\"@type\":\"ImageObject\",\"inLanguage\":\"en-US\",\"@id\":\"https:\\\/\\\/allstarfinland.fi\\\/p\\\/lahjakortti\\\/#primaryimage\",\"url\":\"https:\\\/\\\/allstarfinland.fi\\\/wp-content\\\/uploads\\\/2023\\\/04\\\/Lahjakortti.jpg\",\"contentUrl\":\"https:\\\/\\\/allstarfinland.fi\\\/wp-content\\\/uploads\\\/2023\\\/04\\\/Lahjakortti.jpg\",\"width\":700,\"height\":700},{\"@type\":\"BreadcrumbList\",\"@id\":\"https:\\\/\\\/allstarfinland.fi\\\/p\\\/lahjakortti\\\/#breadcrumb\",\"itemListElement\":[{\"@type\":\"ListItem\",\"position\":1,\"name\":\"Etusivu\",\"item\":\"https:\\\/\\\/allstarfinland.fi\\\/\"},{\"@type\":\"ListItem\",\"position\":2,\"name\":\"Etusivu\",\"item\":\"https:\\\/\\\/allstarfinland.fi\\\/\"},{\"@type\":\"ListItem\",\"position\":3,\"name\":\"LAHJAKORTTI\"}]},{\"@type\":\"WebSite\",\"@id\":\"https:\\\/\\\/allstarfinland.fi\\\/en\\\/#website\",\"url\":\"https:\\\/\\\/allstarfinland.fi\\\/en\\\/\",\"name\":\"Allstar Finland\",\"description\":\"Miekkailuv\u00e4lineiden verkkokauppa\",\"potentialAction\":[{\"@type\":\"SearchAction\",\"target\":{\"@type\":\"EntryPoint\",\"urlTemplate\":\"https:\\\/\\\/allstarfinland.fi\\\/en\\\/?s={search_term_string}\"},\"query-input\":{\"@type\":\"PropertyValueSpecification\",\"valueRequired\":true,\"valueName\":\"search_term_string\"}}],\"inLanguage\":\"en-US\"}]}<\/script>\n<!-- \/ Yoast SEO plugin. -->","yoast_head_json":{"title":"LAHJAKORTTI - Allstar Finland","description":"Lahjakortti Allstar Finlandin verkkokauppaan. Lahjakortti on voimassa vuoden ostop\u00e4iv\u00e4st\u00e4.","robots":{"index":"index","follow":"follow","max-snippet":"max-snippet:-1","max-image-preview":"max-image-preview:large","max-video-preview":"max-video-preview:-1"},"canonical":"https:\/\/allstarfinland.fi\/en\/p\/lahjakortti\/","og_locale":"en_US","og_type":"article","og_title":"LAHJAKORTTI - Allstar Finland","og_description":"Lahjakortti Allstar Finlandin verkkokauppaan. Lahjakortti on voimassa vuoden ostop\u00e4iv\u00e4st\u00e4.","og_url":"https:\/\/allstarfinland.fi\/en\/p\/lahjakortti\/","og_site_name":"Allstar Finland","article_modified_time":"2023-11-11T10:49:35+00:00","og_image":[{"width":700,"height":700,"url":"https:\/\/allstarfinland.fi\/wp-content\/uploads\/2023\/04\/Lahjakortti.jpg","type":"image\/jpeg"}],"twitter_card":"summary_large_image","schema":{"@context":"https:\/\/schema.org","@graph":[{"@type":"WebPage","@id":"https:\/\/allstarfinland.fi\/p\/lahjakortti\/","url":"https:\/\/allstarfinland.fi\/p\/lahjakortti\/","name":"LAHJAKORTTI - Allstar Finland","isPartOf":{"@id":"https:\/\/allstarfinland.fi\/en\/#website"},"primaryImageOfPage":{"@id":"https:\/\/allstarfinland.fi\/p\/lahjakortti\/#primaryimage"},"image":{"@id":"https:\/\/allstarfinland.fi\/p\/lahjakortti\/#primaryimage"},"thumbnailUrl":"https:\/\/allstarfinland.fi\/wp-content\/uploads\/2023\/04\/Lahjakortti.jpg","datePublished":"2023-05-08T07:26:43+00:00","dateModified":"2023-11-11T10:49:35+00:00","description":"Lahjakortti Allstar Finlandin verkkokauppaan. Lahjakortti on voimassa vuoden ostop\u00e4iv\u00e4st\u00e4.","breadcrumb":{"@id":"https:\/\/allstarfinland.fi\/p\/lahjakortti\/#breadcrumb"},"inLanguage":"en-US","potentialAction":[{"@type":"ReadAction","target":["https:\/\/allstarfinland.fi\/p\/lahjakortti\/"]}]},{"@type":"ImageObject","inLanguage":"en-US","@id":"https:\/\/allstarfinland.fi\/p\/lahjakortti\/#primaryimage","url":"https:\/\/allstarfinland.fi\/wp-content\/uploads\/2023\/04\/Lahjakortti.jpg","contentUrl":"https:\/\/allstarfinland.fi\/wp-content\/uploads\/2023\/04\/Lahjakortti.jpg","width":700,"height":700},{"@type":"BreadcrumbList","@id":"https:\/\/allstarfinland.fi\/p\/lahjakortti\/#breadcrumb","itemListElement":[{"@type":"ListItem","position":1,"name":"Etusivu","item":"https:\/\/allstarfinland.fi\/"},{"@type":"ListItem","position":2,"name":"Etusivu","item":"https:\/\/allstarfinland.fi\/"},{"@type":"ListItem","position":3,"name":"LAHJAKORTTI"}]},{"@type":"WebSite","@id":"https:\/\/allstarfinland.fi\/en\/#website","url":"https:\/\/allstarfinland.fi\/en\/","name":"Allstar Finland","description":"Miekkailuv\u00e4lineiden verkkokauppa","potentialAction":[{"@type":"SearchAction","target":{"@type":"EntryPoint","urlTemplate":"https:\/\/allstarfinland.fi\/en\/?s={search_term_string}"},"query-input":{"@type":"PropertyValueSpecification","valueRequired":true,"valueName":"search_term_string"}}],"inLanguage":"en-US"}]}},"jetpack_sharing_enabled":true,"_links":{"self":[{"href":"https:\/\/allstarfinland.fi\/en\/wp-json\/wp\/v2\/product\/13262","targetHints":{"allow":["GET"]}}],"collection":[{"href":"https:\/\/allstarfinland.fi\/en\/wp-json\/wp\/v2\/product"}],"about":[{"href":"https:\/\/allstarfinland.fi\/en\/wp-json\/wp\/v2\/types\/product"}],"wp:featuredmedia":[{"embeddable":true,"href":"https:\/\/allstarfinland.fi\/en\/wp-json\/wp\/v2\/media\/12650"}],"wp:attachment":[{"href":"https:\/\/allstarfinland.fi\/en\/wp-json\/wp\/v2\/media?parent=13262"}],"wp:term":[{"taxonomy":"product_brand","embeddable":true,"href":"https:\/\/allstarfinland.fi\/en\/wp-json\/wp\/v2\/product_brand?post=13262"},{"taxonomy":"product_cat","embeddable":true,"href":"https:\/\/allstarfinland.fi\/en\/wp-json\/wp\/v2\/product_cat?post=13262"},{"taxonomy":"product_tag","embeddable":true,"href":"https:\/\/allstarfinland.fi\/en\/wp-json\/wp\/v2\/product_tag?post=13262"}],"curies":[{"name":"wp","href":"https:\/\/api.w.org\/{rel}","templated":true}]}}