{"id":11415,"date":"2023-04-16T11:32:02","date_gmt":"2023-04-16T08:32:02","guid":{"rendered":"https:\/\/allstarfinland.fi\/?post_type=product&#038;p=11415"},"modified":"2023-11-11T12:49:34","modified_gmt":"2023-11-11T10:49:34","slug":"azza-15-14-miekkailukenka","status":"publish","type":"product","link":"https:\/\/allstarfinland.fi\/en\/p\/azza-15-14-miekkailukenka\/","title":{"rendered":"AZZA 15\/14 MIEKKAILUKENK\u00c4"},"content":{"rendered":"","protected":false},"excerpt":{"rendered":"<p>Azza 15\/14 Electric sneaker was created from fencer to fencers. Years of professional fencing experience form the basis for a development focused on functionality, sustainability and performance. This functionality is derived from the tradition and brought together with the evolution of the sport. Each Azza Fencing sneaker stands for professionalism and innovation.<\/p>\n<p><strong>From fencer to fencers<\/strong><\/p>\n<p>Design by <a href=\"https:\/\/en.wikipedia.org\/wiki\/Azza_Besbes\" rel=\"noopener\" target=\"_blank\">Azza Besbes<\/a>, five-time African champion and three-time olympic athele.<\/p>","protected":false},"featured_media":0,"template":"","meta":[],"product_brand":[],"product_cat":[192],"product_tag":[],"class_list":{"0":"post-11415","1":"product","2":"type-product","3":"status-publish","5":"product_cat-miekkailukengat","6":"product_shipping_class-paketti","8":"first","9":"outofstock","10":"taxable","11":"shipping-taxable","12":"product-type-variable"},"composite_virtual":false,"composite_layout":"","composite_add_to_cart_form_location":"","composite_editable_in_cart":false,"composite_sold_individually_context":"","composite_shop_price_calc":"","composite_components":[],"composite_scenarios":[],"supplier_id":null,"supplier_sku":"","atum_controlled":true,"out_stock_date":null,"out_stock_threshold":null,"inheritable":true,"inbound_stock":null,"stock_on_hold":null,"sold_today":null,"sales_last_days":null,"reserved_stock":null,"customer_returns":null,"warehouse_damage":null,"lost_in_post":null,"other_logs":null,"out_stock_days":null,"lost_sales":null,"has_location":false,"update_date":"2025-09-28T06:13:13","atum_locations":[],"atum_stock_status":"outofstock","restock_status":false,"low_stock_amount":"","sales_update_date":"2025-09-28T06:13:13","calc_backorders":null,"exclude_global_add_ons":[],"addons":[],"yoast_head":"<!-- This site is optimized with the Yoast SEO plugin v27.3 - https:\/\/yoast.com\/product\/yoast-seo-wordpress\/ -->\n<title>AZZA 15\/14 MIEKKAILUKENK\u00c4 - Allstar Finland<\/title>\n<meta name=\"robots\" content=\"index, follow, max-snippet:-1, max-image-preview:large, max-video-preview:-1\" \/>\n<link rel=\"canonical\" href=\"https:\/\/allstarfinland.fi\/en\/p\/azza-15-14-miekkailukenka\/\" \/>\n<meta property=\"og:locale\" content=\"en_US\" \/>\n<meta property=\"og:type\" content=\"article\" \/>\n<meta property=\"og:title\" content=\"AZZA 15\/14 MIEKKAILUKENK\u00c4 - Allstar Finland\" \/>\n<meta property=\"og:description\" content=\"Azza 15\/14 Electric miekkailukenk\u00e4 on vuosien miekkailukokemuksen ja miekkailuun sopimattomiin kenkiin turhautumisen tulos. Azza Fencing -miekkailukeng\u00e4n v\u00e4lipohja parantaa iskunvaimennusta s\u00e4ilytt\u00e4en kuitenkin muotonsa. Keng\u00e4n vuori pit\u00e4\u00e4 jalan paremmin paikallaan. Pohjan luonnonkumi lis\u00e4\u00e4 pitoa ja joustavuutta. Keng\u00e4n pintamateriaali tekee siit\u00e4 kest\u00e4v\u00e4n. Sen lis\u00e4ksi, ett\u00e4 valmistusmateriaalit ovat p\u00e4\u00e4sin kierr\u00e4tettyj\u00e4, ovat ne kevyit\u00e4 mutta vahvoja.  Miekkailijalta miekkailijoille  Keng\u00e4n on suunnitellut Azza Besbes, viisinkertainen s\u00e4il\u00e4n Afrikan mestari ja kolminkertainen olympiak\u00e4vij\u00e4.\" \/>\n<meta property=\"og:url\" content=\"https:\/\/allstarfinland.fi\/en\/p\/azza-15-14-miekkailukenka\/\" \/>\n<meta property=\"og:site_name\" content=\"Allstar Finland\" \/>\n<meta property=\"article:modified_time\" content=\"2023-11-11T10:49:34+00:00\" \/>\n<meta name=\"twitter:card\" content=\"summary_large_image\" \/>\n<script type=\"application\/ld+json\" class=\"yoast-schema-graph\">{\"@context\":\"https:\\\/\\\/schema.org\",\"@graph\":[{\"@type\":\"WebPage\",\"@id\":\"https:\\\/\\\/allstarfinland.fi\\\/p\\\/azza-15-14-miekkailukenka\\\/\",\"url\":\"https:\\\/\\\/allstarfinland.fi\\\/p\\\/azza-15-14-miekkailukenka\\\/\",\"name\":\"AZZA 15\\\/14 MIEKKAILUKENK\u00c4 - Allstar Finland\",\"isPartOf\":{\"@id\":\"https:\\\/\\\/allstarfinland.fi\\\/en\\\/#website\"},\"datePublished\":\"2023-04-16T08:32:02+00:00\",\"dateModified\":\"2023-11-11T10:49:34+00:00\",\"breadcrumb\":{\"@id\":\"https:\\\/\\\/allstarfinland.fi\\\/p\\\/azza-15-14-miekkailukenka\\\/#breadcrumb\"},\"inLanguage\":\"en-US\",\"potentialAction\":[{\"@type\":\"ReadAction\",\"target\":[\"https:\\\/\\\/allstarfinland.fi\\\/p\\\/azza-15-14-miekkailukenka\\\/\"]}]},{\"@type\":\"BreadcrumbList\",\"@id\":\"https:\\\/\\\/allstarfinland.fi\\\/p\\\/azza-15-14-miekkailukenka\\\/#breadcrumb\",\"itemListElement\":[{\"@type\":\"ListItem\",\"position\":1,\"name\":\"Etusivu\",\"item\":\"https:\\\/\\\/allstarfinland.fi\\\/\"},{\"@type\":\"ListItem\",\"position\":2,\"name\":\"Etusivu\",\"item\":\"https:\\\/\\\/allstarfinland.fi\\\/\"},{\"@type\":\"ListItem\",\"position\":3,\"name\":\"AZZA 15\\\/14 MIEKKAILUKENK\u00c4\"}]},{\"@type\":\"WebSite\",\"@id\":\"https:\\\/\\\/allstarfinland.fi\\\/en\\\/#website\",\"url\":\"https:\\\/\\\/allstarfinland.fi\\\/en\\\/\",\"name\":\"Allstar Finland\",\"description\":\"Miekkailuv\u00e4lineiden verkkokauppa\",\"potentialAction\":[{\"@type\":\"SearchAction\",\"target\":{\"@type\":\"EntryPoint\",\"urlTemplate\":\"https:\\\/\\\/allstarfinland.fi\\\/en\\\/?s={search_term_string}\"},\"query-input\":{\"@type\":\"PropertyValueSpecification\",\"valueRequired\":true,\"valueName\":\"search_term_string\"}}],\"inLanguage\":\"en-US\"}]}<\/script>\n<!-- \/ Yoast SEO plugin. -->","yoast_head_json":{"title":"AZZA 15\/14 MIEKKAILUKENK\u00c4 - Allstar Finland","robots":{"index":"index","follow":"follow","max-snippet":"max-snippet:-1","max-image-preview":"max-image-preview:large","max-video-preview":"max-video-preview:-1"},"canonical":"https:\/\/allstarfinland.fi\/en\/p\/azza-15-14-miekkailukenka\/","og_locale":"en_US","og_type":"article","og_title":"AZZA 15\/14 MIEKKAILUKENK\u00c4 - Allstar Finland","og_description":"Azza 15\/14 Electric miekkailukenk\u00e4 on vuosien miekkailukokemuksen ja miekkailuun sopimattomiin kenkiin turhautumisen tulos. Azza Fencing -miekkailukeng\u00e4n v\u00e4lipohja parantaa iskunvaimennusta s\u00e4ilytt\u00e4en kuitenkin muotonsa. Keng\u00e4n vuori pit\u00e4\u00e4 jalan paremmin paikallaan. Pohjan luonnonkumi lis\u00e4\u00e4 pitoa ja joustavuutta. Keng\u00e4n pintamateriaali tekee siit\u00e4 kest\u00e4v\u00e4n. Sen lis\u00e4ksi, ett\u00e4 valmistusmateriaalit ovat p\u00e4\u00e4sin kierr\u00e4tettyj\u00e4, ovat ne kevyit\u00e4 mutta vahvoja.  Miekkailijalta miekkailijoille  Keng\u00e4n on suunnitellut Azza Besbes, viisinkertainen s\u00e4il\u00e4n Afrikan mestari ja kolminkertainen olympiak\u00e4vij\u00e4.","og_url":"https:\/\/allstarfinland.fi\/en\/p\/azza-15-14-miekkailukenka\/","og_site_name":"Allstar Finland","article_modified_time":"2023-11-11T10:49:34+00:00","twitter_card":"summary_large_image","schema":{"@context":"https:\/\/schema.org","@graph":[{"@type":"WebPage","@id":"https:\/\/allstarfinland.fi\/p\/azza-15-14-miekkailukenka\/","url":"https:\/\/allstarfinland.fi\/p\/azza-15-14-miekkailukenka\/","name":"AZZA 15\/14 MIEKKAILUKENK\u00c4 - Allstar Finland","isPartOf":{"@id":"https:\/\/allstarfinland.fi\/en\/#website"},"datePublished":"2023-04-16T08:32:02+00:00","dateModified":"2023-11-11T10:49:34+00:00","breadcrumb":{"@id":"https:\/\/allstarfinland.fi\/p\/azza-15-14-miekkailukenka\/#breadcrumb"},"inLanguage":"en-US","potentialAction":[{"@type":"ReadAction","target":["https:\/\/allstarfinland.fi\/p\/azza-15-14-miekkailukenka\/"]}]},{"@type":"BreadcrumbList","@id":"https:\/\/allstarfinland.fi\/p\/azza-15-14-miekkailukenka\/#breadcrumb","itemListElement":[{"@type":"ListItem","position":1,"name":"Etusivu","item":"https:\/\/allstarfinland.fi\/"},{"@type":"ListItem","position":2,"name":"Etusivu","item":"https:\/\/allstarfinland.fi\/"},{"@type":"ListItem","position":3,"name":"AZZA 15\/14 MIEKKAILUKENK\u00c4"}]},{"@type":"WebSite","@id":"https:\/\/allstarfinland.fi\/en\/#website","url":"https:\/\/allstarfinland.fi\/en\/","name":"Allstar Finland","description":"Miekkailuv\u00e4lineiden verkkokauppa","potentialAction":[{"@type":"SearchAction","target":{"@type":"EntryPoint","urlTemplate":"https:\/\/allstarfinland.fi\/en\/?s={search_term_string}"},"query-input":{"@type":"PropertyValueSpecification","valueRequired":true,"valueName":"search_term_string"}}],"inLanguage":"en-US"}]}},"jetpack_sharing_enabled":true,"_links":{"self":[{"href":"https:\/\/allstarfinland.fi\/en\/wp-json\/wp\/v2\/product\/11415","targetHints":{"allow":["GET"]}}],"collection":[{"href":"https:\/\/allstarfinland.fi\/en\/wp-json\/wp\/v2\/product"}],"about":[{"href":"https:\/\/allstarfinland.fi\/en\/wp-json\/wp\/v2\/types\/product"}],"wp:attachment":[{"href":"https:\/\/allstarfinland.fi\/en\/wp-json\/wp\/v2\/media?parent=11415"}],"wp:term":[{"taxonomy":"product_brand","embeddable":true,"href":"https:\/\/allstarfinland.fi\/en\/wp-json\/wp\/v2\/product_brand?post=11415"},{"taxonomy":"product_cat","embeddable":true,"href":"https:\/\/allstarfinland.fi\/en\/wp-json\/wp\/v2\/product_cat?post=11415"},{"taxonomy":"product_tag","embeddable":true,"href":"https:\/\/allstarfinland.fi\/en\/wp-json\/wp\/v2\/product_tag?post=11415"}],"curies":[{"name":"wp","href":"https:\/\/api.w.org\/{rel}","templated":true}]}}