{"id":10850,"date":"2023-04-11T08:38:03","date_gmt":"2023-04-11T05:38:03","guid":{"rendered":"https:\/\/allstarfinland.fi\/?post_type=product&#038;p=10850"},"modified":"2025-01-03T10:21:18","modified_gmt":"2025-01-03T08:21:18","slug":"bf-fie-maraging-johdotettu-tera-miniflorettiin","status":"publish","type":"product","link":"https:\/\/allstarfinland.fi\/en\/p\/bf-fie-maraging-johdotettu-tera-miniflorettiin\/","title":{"rendered":"BF FIE MARAGING JOHDOTETTU TER\u00c4 MINIFLORETTIIN"},"content":{"rendered":"","protected":false},"excerpt":{"rendered":"<p>BF:n Maraging-ter\u00e4ksest\u00e4 valmistama huippuluokan FIE-hyv\u00e4ksytty florettiter\u00e4. Ter\u00e4 on johdotettu ja siin\u00e4 on vakiok\u00e4rki. Saatavilla vain pistoolikahvaan.<\/p>","protected":false},"featured_media":6171,"template":"","meta":[],"product_brand":[],"product_cat":[200],"product_tag":[],"class_list":{"0":"post-10850","1":"product","2":"type-product","3":"status-publish","4":"has-post-thumbnail","6":"product_cat-floretin-terat","7":"product_shipping_class-pikkupaketti","9":"first","10":"outofstock","11":"taxable","12":"shipping-taxable","13":"purchasable","14":"product-type-simple"},"composite_virtual":false,"composite_layout":"","composite_add_to_cart_form_location":"","composite_editable_in_cart":false,"composite_sold_individually_context":"","composite_shop_price_calc":"","composite_components":[],"composite_scenarios":[],"supplier_id":null,"supplier_sku":"EF27\/PG\/2\/M\/B","atum_controlled":true,"out_stock_date":"2023-06-27 09:44:59","out_stock_threshold":null,"inheritable":false,"inbound_stock":0,"stock_on_hold":0,"sold_today":0,"sales_last_days":0,"reserved_stock":0,"customer_returns":0,"warehouse_damage":0,"lost_in_post":0,"other_logs":0,"out_stock_days":1026,"lost_sales":0,"has_location":false,"update_date":"2026-04-19T08:24:32","atum_locations":[],"atum_stock_status":"outofstock","restock_status":false,"low_stock_amount":"","sales_update_date":"2026-04-19T08:24:32","calc_backorders":null,"exclude_global_add_ons":[],"addons":[],"yoast_head":"<!-- This site is optimized with the Yoast SEO plugin v27.4 - https:\/\/yoast.com\/product\/yoast-seo-wordpress\/ -->\n<title>BF FIE MARAGING JOHDOTETTU TER\u00c4 MINIFLORETTIIN -<\/title>\n<meta name=\"description\" content=\"Maraging-ter\u00e4ksest\u00e4 valmistettu huippuluokan miniflorettiter\u00e4. Ter\u00e4 on johdotettu.\" \/>\n<meta name=\"robots\" content=\"index, follow, max-snippet:-1, max-image-preview:large, max-video-preview:-1\" \/>\n<link rel=\"canonical\" href=\"https:\/\/allstarfinland.fi\/en\/p\/bf-fie-maraging-johdotettu-tera-miniflorettiin\/\" \/>\n<meta property=\"og:locale\" content=\"en_US\" \/>\n<meta property=\"og:type\" content=\"article\" \/>\n<meta property=\"og:title\" content=\"BF FIE MARAGING JOHDOTETTU TER\u00c4 MINIFLORETTIIN -\" \/>\n<meta property=\"og:description\" content=\"Maraging-ter\u00e4ksest\u00e4 valmistettu huippuluokan miniflorettiter\u00e4. Ter\u00e4 on johdotettu.\" \/>\n<meta property=\"og:url\" content=\"https:\/\/allstarfinland.fi\/en\/p\/bf-fie-maraging-johdotettu-tera-miniflorettiin\/\" \/>\n<meta property=\"og:site_name\" content=\"Allstar Finland\" \/>\n<meta property=\"article:modified_time\" content=\"2025-01-03T08:21:18+00:00\" \/>\n<meta property=\"og:image\" content=\"https:\/\/allstarfinland.fi\/wp-content\/uploads\/2022\/10\/EF27_3.jpg\" \/>\n\t<meta property=\"og:image:width\" content=\"1920\" \/>\n\t<meta property=\"og:image:height\" content=\"1920\" \/>\n\t<meta property=\"og:image:type\" content=\"image\/jpeg\" \/>\n<meta name=\"twitter:card\" content=\"summary_large_image\" \/>\n<meta name=\"twitter:label1\" content=\"Est. reading time\" \/>\n\t<meta name=\"twitter:data1\" content=\"1 minute\" \/>\n<script type=\"application\/ld+json\" class=\"yoast-schema-graph\">{\"@context\":\"https:\\\/\\\/schema.org\",\"@graph\":[{\"@type\":\"WebPage\",\"@id\":\"https:\\\/\\\/allstarfinland.fi\\\/p\\\/bf-fie-maraging-johdotettu-tera-miniflorettiin\\\/\",\"url\":\"https:\\\/\\\/allstarfinland.fi\\\/p\\\/bf-fie-maraging-johdotettu-tera-miniflorettiin\\\/\",\"name\":\"BF FIE MARAGING JOHDOTETTU TER\u00c4 MINIFLORETTIIN -\",\"isPartOf\":{\"@id\":\"https:\\\/\\\/allstarfinland.fi\\\/en\\\/#website\"},\"primaryImageOfPage\":{\"@id\":\"https:\\\/\\\/allstarfinland.fi\\\/p\\\/bf-fie-maraging-johdotettu-tera-miniflorettiin\\\/#primaryimage\"},\"image\":{\"@id\":\"https:\\\/\\\/allstarfinland.fi\\\/p\\\/bf-fie-maraging-johdotettu-tera-miniflorettiin\\\/#primaryimage\"},\"thumbnailUrl\":\"https:\\\/\\\/allstarfinland.fi\\\/wp-content\\\/uploads\\\/2022\\\/10\\\/EF27_3.jpg\",\"datePublished\":\"2023-04-11T05:38:03+00:00\",\"dateModified\":\"2025-01-03T08:21:18+00:00\",\"description\":\"Maraging-ter\u00e4ksest\u00e4 valmistettu huippuluokan miniflorettiter\u00e4. Ter\u00e4 on johdotettu.\",\"breadcrumb\":{\"@id\":\"https:\\\/\\\/allstarfinland.fi\\\/p\\\/bf-fie-maraging-johdotettu-tera-miniflorettiin\\\/#breadcrumb\"},\"inLanguage\":\"en-US\",\"potentialAction\":[{\"@type\":\"ReadAction\",\"target\":[\"https:\\\/\\\/allstarfinland.fi\\\/p\\\/bf-fie-maraging-johdotettu-tera-miniflorettiin\\\/\"]}]},{\"@type\":\"ImageObject\",\"inLanguage\":\"en-US\",\"@id\":\"https:\\\/\\\/allstarfinland.fi\\\/p\\\/bf-fie-maraging-johdotettu-tera-miniflorettiin\\\/#primaryimage\",\"url\":\"https:\\\/\\\/allstarfinland.fi\\\/wp-content\\\/uploads\\\/2022\\\/10\\\/EF27_3.jpg\",\"contentUrl\":\"https:\\\/\\\/allstarfinland.fi\\\/wp-content\\\/uploads\\\/2022\\\/10\\\/EF27_3.jpg\",\"width\":1920,\"height\":1920},{\"@type\":\"BreadcrumbList\",\"@id\":\"https:\\\/\\\/allstarfinland.fi\\\/p\\\/bf-fie-maraging-johdotettu-tera-miniflorettiin\\\/#breadcrumb\",\"itemListElement\":[{\"@type\":\"ListItem\",\"position\":1,\"name\":\"Etusivu\",\"item\":\"https:\\\/\\\/allstarfinland.fi\\\/\"},{\"@type\":\"ListItem\",\"position\":2,\"name\":\"Etusivu\",\"item\":\"https:\\\/\\\/allstarfinland.fi\\\/\"},{\"@type\":\"ListItem\",\"position\":3,\"name\":\"BF FIE MARAGING JOHDOTETTU TER\u00c4 MINIFLORETTIIN\"}]},{\"@type\":\"WebSite\",\"@id\":\"https:\\\/\\\/allstarfinland.fi\\\/en\\\/#website\",\"url\":\"https:\\\/\\\/allstarfinland.fi\\\/en\\\/\",\"name\":\"Allstar Finland\",\"description\":\"Miekkailuv\u00e4lineiden verkkokauppa\",\"potentialAction\":[{\"@type\":\"SearchAction\",\"target\":{\"@type\":\"EntryPoint\",\"urlTemplate\":\"https:\\\/\\\/allstarfinland.fi\\\/en\\\/?s={search_term_string}\"},\"query-input\":{\"@type\":\"PropertyValueSpecification\",\"valueRequired\":true,\"valueName\":\"search_term_string\"}}],\"inLanguage\":\"en-US\"}]}<\/script>\n<!-- \/ Yoast SEO plugin. -->","yoast_head_json":{"title":"BF FIE MARAGING JOHDOTETTU TER\u00c4 MINIFLORETTIIN -","description":"Maraging-ter\u00e4ksest\u00e4 valmistettu huippuluokan miniflorettiter\u00e4. Ter\u00e4 on johdotettu.","robots":{"index":"index","follow":"follow","max-snippet":"max-snippet:-1","max-image-preview":"max-image-preview:large","max-video-preview":"max-video-preview:-1"},"canonical":"https:\/\/allstarfinland.fi\/en\/p\/bf-fie-maraging-johdotettu-tera-miniflorettiin\/","og_locale":"en_US","og_type":"article","og_title":"BF FIE MARAGING JOHDOTETTU TER\u00c4 MINIFLORETTIIN -","og_description":"Maraging-ter\u00e4ksest\u00e4 valmistettu huippuluokan miniflorettiter\u00e4. Ter\u00e4 on johdotettu.","og_url":"https:\/\/allstarfinland.fi\/en\/p\/bf-fie-maraging-johdotettu-tera-miniflorettiin\/","og_site_name":"Allstar Finland","article_modified_time":"2025-01-03T08:21:18+00:00","og_image":[{"width":1920,"height":1920,"url":"https:\/\/allstarfinland.fi\/wp-content\/uploads\/2022\/10\/EF27_3.jpg","type":"image\/jpeg"}],"twitter_card":"summary_large_image","twitter_misc":{"Est. reading time":"1 minute"},"schema":{"@context":"https:\/\/schema.org","@graph":[{"@type":"WebPage","@id":"https:\/\/allstarfinland.fi\/p\/bf-fie-maraging-johdotettu-tera-miniflorettiin\/","url":"https:\/\/allstarfinland.fi\/p\/bf-fie-maraging-johdotettu-tera-miniflorettiin\/","name":"BF FIE MARAGING JOHDOTETTU TER\u00c4 MINIFLORETTIIN -","isPartOf":{"@id":"https:\/\/allstarfinland.fi\/en\/#website"},"primaryImageOfPage":{"@id":"https:\/\/allstarfinland.fi\/p\/bf-fie-maraging-johdotettu-tera-miniflorettiin\/#primaryimage"},"image":{"@id":"https:\/\/allstarfinland.fi\/p\/bf-fie-maraging-johdotettu-tera-miniflorettiin\/#primaryimage"},"thumbnailUrl":"https:\/\/allstarfinland.fi\/wp-content\/uploads\/2022\/10\/EF27_3.jpg","datePublished":"2023-04-11T05:38:03+00:00","dateModified":"2025-01-03T08:21:18+00:00","description":"Maraging-ter\u00e4ksest\u00e4 valmistettu huippuluokan miniflorettiter\u00e4. Ter\u00e4 on johdotettu.","breadcrumb":{"@id":"https:\/\/allstarfinland.fi\/p\/bf-fie-maraging-johdotettu-tera-miniflorettiin\/#breadcrumb"},"inLanguage":"en-US","potentialAction":[{"@type":"ReadAction","target":["https:\/\/allstarfinland.fi\/p\/bf-fie-maraging-johdotettu-tera-miniflorettiin\/"]}]},{"@type":"ImageObject","inLanguage":"en-US","@id":"https:\/\/allstarfinland.fi\/p\/bf-fie-maraging-johdotettu-tera-miniflorettiin\/#primaryimage","url":"https:\/\/allstarfinland.fi\/wp-content\/uploads\/2022\/10\/EF27_3.jpg","contentUrl":"https:\/\/allstarfinland.fi\/wp-content\/uploads\/2022\/10\/EF27_3.jpg","width":1920,"height":1920},{"@type":"BreadcrumbList","@id":"https:\/\/allstarfinland.fi\/p\/bf-fie-maraging-johdotettu-tera-miniflorettiin\/#breadcrumb","itemListElement":[{"@type":"ListItem","position":1,"name":"Etusivu","item":"https:\/\/allstarfinland.fi\/"},{"@type":"ListItem","position":2,"name":"Etusivu","item":"https:\/\/allstarfinland.fi\/"},{"@type":"ListItem","position":3,"name":"BF FIE MARAGING JOHDOTETTU TER\u00c4 MINIFLORETTIIN"}]},{"@type":"WebSite","@id":"https:\/\/allstarfinland.fi\/en\/#website","url":"https:\/\/allstarfinland.fi\/en\/","name":"Allstar Finland","description":"Miekkailuv\u00e4lineiden verkkokauppa","potentialAction":[{"@type":"SearchAction","target":{"@type":"EntryPoint","urlTemplate":"https:\/\/allstarfinland.fi\/en\/?s={search_term_string}"},"query-input":{"@type":"PropertyValueSpecification","valueRequired":true,"valueName":"search_term_string"}}],"inLanguage":"en-US"}]}},"jetpack_sharing_enabled":true,"_links":{"self":[{"href":"https:\/\/allstarfinland.fi\/en\/wp-json\/wp\/v2\/product\/10850","targetHints":{"allow":["GET"]}}],"collection":[{"href":"https:\/\/allstarfinland.fi\/en\/wp-json\/wp\/v2\/product"}],"about":[{"href":"https:\/\/allstarfinland.fi\/en\/wp-json\/wp\/v2\/types\/product"}],"wp:featuredmedia":[{"embeddable":true,"href":"https:\/\/allstarfinland.fi\/en\/wp-json\/wp\/v2\/media\/6171"}],"wp:attachment":[{"href":"https:\/\/allstarfinland.fi\/en\/wp-json\/wp\/v2\/media?parent=10850"}],"wp:term":[{"taxonomy":"product_brand","embeddable":true,"href":"https:\/\/allstarfinland.fi\/en\/wp-json\/wp\/v2\/product_brand?post=10850"},{"taxonomy":"product_cat","embeddable":true,"href":"https:\/\/allstarfinland.fi\/en\/wp-json\/wp\/v2\/product_cat?post=10850"},{"taxonomy":"product_tag","embeddable":true,"href":"https:\/\/allstarfinland.fi\/en\/wp-json\/wp\/v2\/product_tag?post=10850"}],"curies":[{"name":"wp","href":"https:\/\/api.w.org\/{rel}","templated":true}]}}