{"id":10843,"date":"2023-04-11T08:06:24","date_gmt":"2023-04-11T05:06:24","guid":{"rendered":"https:\/\/allstarfinland.fi\/?post_type=product&#038;p=10843"},"modified":"2024-12-30T10:12:28","modified_gmt":"2024-12-30T08:12:28","slug":"allstar-ecostar-johdotettu-tera-miniflorettiin","status":"publish","type":"product","link":"https:\/\/allstarfinland.fi\/en\/p\/allstar-ecostar-johdotettu-tera-miniflorettiin\/","title":{"rendered":"ALLSTAR ECOSTAR WIRED BLADE FOR MINIFOIL"},"content":{"rendered":"","protected":false},"excerpt":{"rendered":"<p>Allstar Ecostar on edullinen johdotettu ter\u00e4 minifloretille. Ter\u00e4ss\u00e4 on vakiok\u00e4rki. Ter\u00e4n pituus 2.<\/p>","protected":false},"featured_media":7285,"template":"","meta":[],"product_brand":[],"product_cat":[200],"product_tag":[],"class_list":{"0":"post-10843","1":"product","2":"type-product","3":"status-publish","4":"has-post-thumbnail","6":"product_cat-floretin-terat","7":"product_shipping_class-paketti","9":"first","10":"onbackorder","11":"taxable","12":"shipping-taxable","13":"purchasable","14":"product-type-simple"},"composite_virtual":false,"composite_layout":"","composite_add_to_cart_form_location":"","composite_editable_in_cart":false,"composite_sold_individually_context":"","composite_shop_price_calc":"","composite_components":[],"composite_scenarios":[],"supplier_id":1366,"supplier_sku":"EF20\/FG\/2","atum_controlled":true,"out_stock_date":"2023-04-20 09:15:29","out_stock_threshold":null,"inheritable":false,"inbound_stock":0,"stock_on_hold":0,"sold_today":0,"sales_last_days":0,"reserved_stock":0,"customer_returns":0,"warehouse_damage":0,"lost_in_post":0,"other_logs":0,"out_stock_days":1094,"lost_sales":0,"has_location":false,"update_date":"2026-04-19T08:24:32","atum_locations":[],"atum_stock_status":"onbackorder","restock_status":false,"low_stock_amount":"","sales_update_date":"2026-04-19T08:24:32","calc_backorders":0,"exclude_global_add_ons":[],"addons":[],"yoast_head":"<!-- This site is optimized with the Yoast SEO plugin v27.4 - https:\/\/yoast.com\/product\/yoast-seo-wordpress\/ -->\n<title>ALLSTAR ECOSTAR JOHDOTETTU TER\u00c4 MINIFLORETTIIN -<\/title>\n<meta name=\"description\" content=\"Edullinen ter\u00e4 minifloretille. Ter\u00e4 on johdotettu ja siin\u00e4 on vakiok\u00e4rki.\" \/>\n<meta name=\"robots\" content=\"index, follow, max-snippet:-1, max-image-preview:large, max-video-preview:-1\" \/>\n<link rel=\"canonical\" href=\"https:\/\/allstarfinland.fi\/en\/p\/allstar-ecostar-johdotettu-tera-miniflorettiin\/\" \/>\n<meta property=\"og:locale\" content=\"en_US\" \/>\n<meta property=\"og:type\" content=\"article\" \/>\n<meta property=\"og:title\" content=\"ALLSTAR ECOSTAR JOHDOTETTU TER\u00c4 MINIFLORETTIIN -\" \/>\n<meta property=\"og:description\" content=\"Edullinen ter\u00e4 minifloretille. Ter\u00e4 on johdotettu ja siin\u00e4 on vakiok\u00e4rki.\" \/>\n<meta property=\"og:url\" content=\"https:\/\/allstarfinland.fi\/en\/p\/allstar-ecostar-johdotettu-tera-miniflorettiin\/\" \/>\n<meta property=\"og:site_name\" content=\"Allstar Finland\" \/>\n<meta property=\"article:modified_time\" content=\"2024-12-30T08:12:28+00:00\" \/>\n<meta property=\"og:image\" content=\"https:\/\/allstarfinland.fi\/wp-content\/uploads\/2023\/03\/EF20_1-1.jpg\" \/>\n\t<meta property=\"og:image:width\" content=\"1920\" \/>\n\t<meta property=\"og:image:height\" content=\"1920\" \/>\n\t<meta property=\"og:image:type\" content=\"image\/jpeg\" \/>\n<meta name=\"twitter:card\" content=\"summary_large_image\" \/>\n<meta name=\"twitter:label1\" content=\"Est. reading time\" \/>\n\t<meta name=\"twitter:data1\" content=\"1 minute\" \/>\n<script type=\"application\/ld+json\" class=\"yoast-schema-graph\">{\"@context\":\"https:\\\/\\\/schema.org\",\"@graph\":[{\"@type\":\"WebPage\",\"@id\":\"https:\\\/\\\/allstarfinland.fi\\\/p\\\/allstar-ecostar-johdotettu-tera-miniflorettiin\\\/\",\"url\":\"https:\\\/\\\/allstarfinland.fi\\\/p\\\/allstar-ecostar-johdotettu-tera-miniflorettiin\\\/\",\"name\":\"ALLSTAR ECOSTAR JOHDOTETTU TER\u00c4 MINIFLORETTIIN -\",\"isPartOf\":{\"@id\":\"https:\\\/\\\/allstarfinland.fi\\\/en\\\/#website\"},\"primaryImageOfPage\":{\"@id\":\"https:\\\/\\\/allstarfinland.fi\\\/p\\\/allstar-ecostar-johdotettu-tera-miniflorettiin\\\/#primaryimage\"},\"image\":{\"@id\":\"https:\\\/\\\/allstarfinland.fi\\\/p\\\/allstar-ecostar-johdotettu-tera-miniflorettiin\\\/#primaryimage\"},\"thumbnailUrl\":\"https:\\\/\\\/allstarfinland.fi\\\/wp-content\\\/uploads\\\/2023\\\/03\\\/EF20_1-1.jpg\",\"datePublished\":\"2023-04-11T05:06:24+00:00\",\"dateModified\":\"2024-12-30T08:12:28+00:00\",\"description\":\"Edullinen ter\u00e4 minifloretille. Ter\u00e4 on johdotettu ja siin\u00e4 on vakiok\u00e4rki.\",\"breadcrumb\":{\"@id\":\"https:\\\/\\\/allstarfinland.fi\\\/p\\\/allstar-ecostar-johdotettu-tera-miniflorettiin\\\/#breadcrumb\"},\"inLanguage\":\"en-US\",\"potentialAction\":[{\"@type\":\"ReadAction\",\"target\":[\"https:\\\/\\\/allstarfinland.fi\\\/p\\\/allstar-ecostar-johdotettu-tera-miniflorettiin\\\/\"]}]},{\"@type\":\"ImageObject\",\"inLanguage\":\"en-US\",\"@id\":\"https:\\\/\\\/allstarfinland.fi\\\/p\\\/allstar-ecostar-johdotettu-tera-miniflorettiin\\\/#primaryimage\",\"url\":\"https:\\\/\\\/allstarfinland.fi\\\/wp-content\\\/uploads\\\/2023\\\/03\\\/EF20_1-1.jpg\",\"contentUrl\":\"https:\\\/\\\/allstarfinland.fi\\\/wp-content\\\/uploads\\\/2023\\\/03\\\/EF20_1-1.jpg\",\"width\":1920,\"height\":1920},{\"@type\":\"BreadcrumbList\",\"@id\":\"https:\\\/\\\/allstarfinland.fi\\\/p\\\/allstar-ecostar-johdotettu-tera-miniflorettiin\\\/#breadcrumb\",\"itemListElement\":[{\"@type\":\"ListItem\",\"position\":1,\"name\":\"Etusivu\",\"item\":\"https:\\\/\\\/allstarfinland.fi\\\/\"},{\"@type\":\"ListItem\",\"position\":2,\"name\":\"Etusivu\",\"item\":\"https:\\\/\\\/allstarfinland.fi\\\/\"},{\"@type\":\"ListItem\",\"position\":3,\"name\":\"ALLSTAR ECOSTAR JOHDOTETTU TER\u00c4 MINIFLORETTIIN\"}]},{\"@type\":\"WebSite\",\"@id\":\"https:\\\/\\\/allstarfinland.fi\\\/en\\\/#website\",\"url\":\"https:\\\/\\\/allstarfinland.fi\\\/en\\\/\",\"name\":\"Allstar Finland\",\"description\":\"Miekkailuv\u00e4lineiden verkkokauppa\",\"potentialAction\":[{\"@type\":\"SearchAction\",\"target\":{\"@type\":\"EntryPoint\",\"urlTemplate\":\"https:\\\/\\\/allstarfinland.fi\\\/en\\\/?s={search_term_string}\"},\"query-input\":{\"@type\":\"PropertyValueSpecification\",\"valueRequired\":true,\"valueName\":\"search_term_string\"}}],\"inLanguage\":\"en-US\"}]}<\/script>\n<!-- \/ Yoast SEO plugin. -->","yoast_head_json":{"title":"ALLSTAR ECOSTAR JOHDOTETTU TER\u00c4 MINIFLORETTIIN -","description":"Edullinen ter\u00e4 minifloretille. Ter\u00e4 on johdotettu ja siin\u00e4 on vakiok\u00e4rki.","robots":{"index":"index","follow":"follow","max-snippet":"max-snippet:-1","max-image-preview":"max-image-preview:large","max-video-preview":"max-video-preview:-1"},"canonical":"https:\/\/allstarfinland.fi\/en\/p\/allstar-ecostar-johdotettu-tera-miniflorettiin\/","og_locale":"en_US","og_type":"article","og_title":"ALLSTAR ECOSTAR JOHDOTETTU TER\u00c4 MINIFLORETTIIN -","og_description":"Edullinen ter\u00e4 minifloretille. Ter\u00e4 on johdotettu ja siin\u00e4 on vakiok\u00e4rki.","og_url":"https:\/\/allstarfinland.fi\/en\/p\/allstar-ecostar-johdotettu-tera-miniflorettiin\/","og_site_name":"Allstar Finland","article_modified_time":"2024-12-30T08:12:28+00:00","og_image":[{"width":1920,"height":1920,"url":"https:\/\/allstarfinland.fi\/wp-content\/uploads\/2023\/03\/EF20_1-1.jpg","type":"image\/jpeg"}],"twitter_card":"summary_large_image","twitter_misc":{"Est. reading time":"1 minute"},"schema":{"@context":"https:\/\/schema.org","@graph":[{"@type":"WebPage","@id":"https:\/\/allstarfinland.fi\/p\/allstar-ecostar-johdotettu-tera-miniflorettiin\/","url":"https:\/\/allstarfinland.fi\/p\/allstar-ecostar-johdotettu-tera-miniflorettiin\/","name":"ALLSTAR ECOSTAR JOHDOTETTU TER\u00c4 MINIFLORETTIIN -","isPartOf":{"@id":"https:\/\/allstarfinland.fi\/en\/#website"},"primaryImageOfPage":{"@id":"https:\/\/allstarfinland.fi\/p\/allstar-ecostar-johdotettu-tera-miniflorettiin\/#primaryimage"},"image":{"@id":"https:\/\/allstarfinland.fi\/p\/allstar-ecostar-johdotettu-tera-miniflorettiin\/#primaryimage"},"thumbnailUrl":"https:\/\/allstarfinland.fi\/wp-content\/uploads\/2023\/03\/EF20_1-1.jpg","datePublished":"2023-04-11T05:06:24+00:00","dateModified":"2024-12-30T08:12:28+00:00","description":"Edullinen ter\u00e4 minifloretille. Ter\u00e4 on johdotettu ja siin\u00e4 on vakiok\u00e4rki.","breadcrumb":{"@id":"https:\/\/allstarfinland.fi\/p\/allstar-ecostar-johdotettu-tera-miniflorettiin\/#breadcrumb"},"inLanguage":"en-US","potentialAction":[{"@type":"ReadAction","target":["https:\/\/allstarfinland.fi\/p\/allstar-ecostar-johdotettu-tera-miniflorettiin\/"]}]},{"@type":"ImageObject","inLanguage":"en-US","@id":"https:\/\/allstarfinland.fi\/p\/allstar-ecostar-johdotettu-tera-miniflorettiin\/#primaryimage","url":"https:\/\/allstarfinland.fi\/wp-content\/uploads\/2023\/03\/EF20_1-1.jpg","contentUrl":"https:\/\/allstarfinland.fi\/wp-content\/uploads\/2023\/03\/EF20_1-1.jpg","width":1920,"height":1920},{"@type":"BreadcrumbList","@id":"https:\/\/allstarfinland.fi\/p\/allstar-ecostar-johdotettu-tera-miniflorettiin\/#breadcrumb","itemListElement":[{"@type":"ListItem","position":1,"name":"Etusivu","item":"https:\/\/allstarfinland.fi\/"},{"@type":"ListItem","position":2,"name":"Etusivu","item":"https:\/\/allstarfinland.fi\/"},{"@type":"ListItem","position":3,"name":"ALLSTAR ECOSTAR JOHDOTETTU TER\u00c4 MINIFLORETTIIN"}]},{"@type":"WebSite","@id":"https:\/\/allstarfinland.fi\/en\/#website","url":"https:\/\/allstarfinland.fi\/en\/","name":"Allstar Finland","description":"Miekkailuv\u00e4lineiden verkkokauppa","potentialAction":[{"@type":"SearchAction","target":{"@type":"EntryPoint","urlTemplate":"https:\/\/allstarfinland.fi\/en\/?s={search_term_string}"},"query-input":{"@type":"PropertyValueSpecification","valueRequired":true,"valueName":"search_term_string"}}],"inLanguage":"en-US"}]}},"jetpack_sharing_enabled":true,"_links":{"self":[{"href":"https:\/\/allstarfinland.fi\/en\/wp-json\/wp\/v2\/product\/10843","targetHints":{"allow":["GET"]}}],"collection":[{"href":"https:\/\/allstarfinland.fi\/en\/wp-json\/wp\/v2\/product"}],"about":[{"href":"https:\/\/allstarfinland.fi\/en\/wp-json\/wp\/v2\/types\/product"}],"wp:featuredmedia":[{"embeddable":true,"href":"https:\/\/allstarfinland.fi\/en\/wp-json\/wp\/v2\/media\/7285"}],"wp:attachment":[{"href":"https:\/\/allstarfinland.fi\/en\/wp-json\/wp\/v2\/media?parent=10843"}],"wp:term":[{"taxonomy":"product_brand","embeddable":true,"href":"https:\/\/allstarfinland.fi\/en\/wp-json\/wp\/v2\/product_brand?post=10843"},{"taxonomy":"product_cat","embeddable":true,"href":"https:\/\/allstarfinland.fi\/en\/wp-json\/wp\/v2\/product_cat?post=10843"},{"taxonomy":"product_tag","embeddable":true,"href":"https:\/\/allstarfinland.fi\/en\/wp-json\/wp\/v2\/product_tag?post=10843"}],"curies":[{"name":"wp","href":"https:\/\/api.w.org\/{rel}","templated":true}]}}