{"id":10614,"date":"2023-04-09T14:08:02","date_gmt":"2023-04-09T11:08:02","guid":{"rendered":"https:\/\/allstarfinland.fi\/?post_type=product&#038;p=10614"},"modified":"2026-05-04T10:49:39","modified_gmt":"2026-05-04T07:49:39","slug":"airline-rullalaukku","status":"publish","type":"product","link":"https:\/\/allstarfinland.fi\/en\/p\/airline-rullalaukku\/","title":{"rendered":"AIRLINE ROLLBAG"},"content":{"rendered":"","protected":false},"excerpt":{"rendered":"<p>Our Airline combines simple elegance with highest functionality and is the perfect choice for all globetrotters. A fencing camp in Japan? An important competition in Italy? No problem! Avoid extra charges for your fencing bag at the airport with you allstar rollbag Airline, as dimensions are selected in accordance to the maximum permitted measures of most airlines (a maximum of 158 cm) .<\/p>","protected":false},"featured_media":10615,"template":"","meta":[],"product_brand":[],"product_cat":[129],"product_tag":[],"class_list":{"0":"post-10614","1":"product","2":"type-product","3":"status-publish","4":"has-post-thumbnail","6":"product_cat-laukut","7":"product_shipping_class-paketti","9":"first","10":"instock","11":"taxable","12":"shipping-taxable","13":"purchasable","14":"product-type-variable","15":"has-default-attributes"},"composite_virtual":false,"composite_layout":"","composite_add_to_cart_form_location":"","composite_editable_in_cart":false,"composite_sold_individually_context":"","composite_shop_price_calc":"","composite_components":[],"composite_scenarios":[],"supplier_id":null,"supplier_sku":"","atum_controlled":true,"out_stock_date":null,"out_stock_threshold":null,"inheritable":true,"inbound_stock":0,"stock_on_hold":1,"sold_today":0,"sales_last_days":0,"reserved_stock":0,"customer_returns":0,"warehouse_damage":0,"lost_in_post":0,"other_logs":0,"out_stock_days":null,"lost_sales":0,"has_location":false,"update_date":"2026-05-04T07:49:42","atum_locations":[],"atum_stock_status":"instock","restock_status":false,"low_stock_amount":"","sales_update_date":"2025-12-28T08:59:22","calc_backorders":null,"exclude_global_add_ons":[],"addons":[],"yoast_head":"<!-- This site is optimized with the Yoast SEO plugin v27.5 - https:\/\/yoast.com\/product\/yoast-seo-wordpress\/ -->\n<title>AIRLINE RULLALAUKKU - Allstar Finland<\/title>\n<meta name=\"robots\" content=\"index, follow, max-snippet:-1, max-image-preview:large, max-video-preview:-1\" \/>\n<link rel=\"canonical\" href=\"https:\/\/allstarfinland.fi\/en\/p\/airline-rullalaukku\/\" \/>\n<meta property=\"og:locale\" content=\"en_US\" \/>\n<meta property=\"og:type\" content=\"article\" \/>\n<meta property=\"og:title\" content=\"AIRLINE RULLALAUKKU - Allstar Finland\" \/>\n<meta property=\"og:description\" content=\"Airline-rullalaukku on nimens\u00e4 omaisesti suunniteltu t\u00e4ytt\u00e4m\u00e4\u00e4n lentoyhti\u00f6iden vaatimukset laukun mitoista. Laukun mitat 110x24x24 cm t\u00e4ytt\u00e4v\u00e4t vaatimukset, jonka mukaan sivujen summa saa olla enint\u00e4\u00e4n 158 cm. Lis\u00e4ksi laukun kevyt 2,2 kilogramman paino ei vie turhaan kapasiteettia matkatavaroilta. Laukkua on saatavilla mustana, punaisena, vaaleansinisen\u00e4, tummansinisen\u00e4 sek\u00e4 harmaana.\" \/>\n<meta property=\"og:url\" content=\"https:\/\/allstarfinland.fi\/en\/p\/airline-rullalaukku\/\" \/>\n<meta property=\"og:site_name\" content=\"Allstar Finland\" \/>\n<meta property=\"article:modified_time\" content=\"2026-05-04T07:49:39+00:00\" \/>\n<meta property=\"og:image\" content=\"https:\/\/allstarfinland.fi\/wp-content\/uploads\/2023\/04\/RB158-DB_1.jpg\" \/>\n\t<meta property=\"og:image:width\" content=\"1000\" \/>\n\t<meta property=\"og:image:height\" content=\"1000\" \/>\n\t<meta property=\"og:image:type\" content=\"image\/jpeg\" \/>\n<meta name=\"twitter:card\" content=\"summary_large_image\" \/>\n<meta name=\"twitter:label1\" content=\"Est. reading time\" \/>\n\t<meta name=\"twitter:data1\" content=\"1 minute\" \/>\n<script type=\"application\/ld+json\" class=\"yoast-schema-graph\">{\"@context\":\"https:\\\/\\\/schema.org\",\"@graph\":[{\"@type\":\"WebPage\",\"@id\":\"https:\\\/\\\/allstarfinland.fi\\\/p\\\/airline-rullalaukku\\\/\",\"url\":\"https:\\\/\\\/allstarfinland.fi\\\/p\\\/airline-rullalaukku\\\/\",\"name\":\"AIRLINE RULLALAUKKU - Allstar Finland\",\"isPartOf\":{\"@id\":\"https:\\\/\\\/allstarfinland.fi\\\/en\\\/#website\"},\"primaryImageOfPage\":{\"@id\":\"https:\\\/\\\/allstarfinland.fi\\\/p\\\/airline-rullalaukku\\\/#primaryimage\"},\"image\":{\"@id\":\"https:\\\/\\\/allstarfinland.fi\\\/p\\\/airline-rullalaukku\\\/#primaryimage\"},\"thumbnailUrl\":\"https:\\\/\\\/allstarfinland.fi\\\/wp-content\\\/uploads\\\/2023\\\/04\\\/RB158-DB_1.jpg\",\"datePublished\":\"2023-04-09T11:08:02+00:00\",\"dateModified\":\"2026-05-04T07:49:39+00:00\",\"breadcrumb\":{\"@id\":\"https:\\\/\\\/allstarfinland.fi\\\/p\\\/airline-rullalaukku\\\/#breadcrumb\"},\"inLanguage\":\"en-US\",\"potentialAction\":[{\"@type\":\"ReadAction\",\"target\":[\"https:\\\/\\\/allstarfinland.fi\\\/p\\\/airline-rullalaukku\\\/\"]}]},{\"@type\":\"ImageObject\",\"inLanguage\":\"en-US\",\"@id\":\"https:\\\/\\\/allstarfinland.fi\\\/p\\\/airline-rullalaukku\\\/#primaryimage\",\"url\":\"https:\\\/\\\/allstarfinland.fi\\\/wp-content\\\/uploads\\\/2023\\\/04\\\/RB158-DB_1.jpg\",\"contentUrl\":\"https:\\\/\\\/allstarfinland.fi\\\/wp-content\\\/uploads\\\/2023\\\/04\\\/RB158-DB_1.jpg\",\"width\":1000,\"height\":1000},{\"@type\":\"BreadcrumbList\",\"@id\":\"https:\\\/\\\/allstarfinland.fi\\\/p\\\/airline-rullalaukku\\\/#breadcrumb\",\"itemListElement\":[{\"@type\":\"ListItem\",\"position\":1,\"name\":\"Etusivu\",\"item\":\"https:\\\/\\\/allstarfinland.fi\\\/\"},{\"@type\":\"ListItem\",\"position\":2,\"name\":\"Etusivu\",\"item\":\"https:\\\/\\\/allstarfinland.fi\\\/\"},{\"@type\":\"ListItem\",\"position\":3,\"name\":\"AIRLINE RULLALAUKKU\"}]},{\"@type\":\"WebSite\",\"@id\":\"https:\\\/\\\/allstarfinland.fi\\\/en\\\/#website\",\"url\":\"https:\\\/\\\/allstarfinland.fi\\\/en\\\/\",\"name\":\"Allstar Finland\",\"description\":\"Miekkailuv\u00e4lineiden verkkokauppa\",\"potentialAction\":[{\"@type\":\"SearchAction\",\"target\":{\"@type\":\"EntryPoint\",\"urlTemplate\":\"https:\\\/\\\/allstarfinland.fi\\\/en\\\/?s={search_term_string}\"},\"query-input\":{\"@type\":\"PropertyValueSpecification\",\"valueRequired\":true,\"valueName\":\"search_term_string\"}}],\"inLanguage\":\"en-US\"}]}<\/script>\n<!-- \/ Yoast SEO plugin. -->","yoast_head_json":{"title":"AIRLINE RULLALAUKKU - Allstar Finland","robots":{"index":"index","follow":"follow","max-snippet":"max-snippet:-1","max-image-preview":"max-image-preview:large","max-video-preview":"max-video-preview:-1"},"canonical":"https:\/\/allstarfinland.fi\/en\/p\/airline-rullalaukku\/","og_locale":"en_US","og_type":"article","og_title":"AIRLINE RULLALAUKKU - Allstar Finland","og_description":"Airline-rullalaukku on nimens\u00e4 omaisesti suunniteltu t\u00e4ytt\u00e4m\u00e4\u00e4n lentoyhti\u00f6iden vaatimukset laukun mitoista. Laukun mitat 110x24x24 cm t\u00e4ytt\u00e4v\u00e4t vaatimukset, jonka mukaan sivujen summa saa olla enint\u00e4\u00e4n 158 cm. Lis\u00e4ksi laukun kevyt 2,2 kilogramman paino ei vie turhaan kapasiteettia matkatavaroilta. Laukkua on saatavilla mustana, punaisena, vaaleansinisen\u00e4, tummansinisen\u00e4 sek\u00e4 harmaana.","og_url":"https:\/\/allstarfinland.fi\/en\/p\/airline-rullalaukku\/","og_site_name":"Allstar Finland","article_modified_time":"2026-05-04T07:49:39+00:00","og_image":[{"width":1000,"height":1000,"url":"https:\/\/allstarfinland.fi\/wp-content\/uploads\/2023\/04\/RB158-DB_1.jpg","type":"image\/jpeg"}],"twitter_card":"summary_large_image","twitter_misc":{"Est. reading time":"1 minute"},"schema":{"@context":"https:\/\/schema.org","@graph":[{"@type":"WebPage","@id":"https:\/\/allstarfinland.fi\/p\/airline-rullalaukku\/","url":"https:\/\/allstarfinland.fi\/p\/airline-rullalaukku\/","name":"AIRLINE RULLALAUKKU - Allstar Finland","isPartOf":{"@id":"https:\/\/allstarfinland.fi\/en\/#website"},"primaryImageOfPage":{"@id":"https:\/\/allstarfinland.fi\/p\/airline-rullalaukku\/#primaryimage"},"image":{"@id":"https:\/\/allstarfinland.fi\/p\/airline-rullalaukku\/#primaryimage"},"thumbnailUrl":"https:\/\/allstarfinland.fi\/wp-content\/uploads\/2023\/04\/RB158-DB_1.jpg","datePublished":"2023-04-09T11:08:02+00:00","dateModified":"2026-05-04T07:49:39+00:00","breadcrumb":{"@id":"https:\/\/allstarfinland.fi\/p\/airline-rullalaukku\/#breadcrumb"},"inLanguage":"en-US","potentialAction":[{"@type":"ReadAction","target":["https:\/\/allstarfinland.fi\/p\/airline-rullalaukku\/"]}]},{"@type":"ImageObject","inLanguage":"en-US","@id":"https:\/\/allstarfinland.fi\/p\/airline-rullalaukku\/#primaryimage","url":"https:\/\/allstarfinland.fi\/wp-content\/uploads\/2023\/04\/RB158-DB_1.jpg","contentUrl":"https:\/\/allstarfinland.fi\/wp-content\/uploads\/2023\/04\/RB158-DB_1.jpg","width":1000,"height":1000},{"@type":"BreadcrumbList","@id":"https:\/\/allstarfinland.fi\/p\/airline-rullalaukku\/#breadcrumb","itemListElement":[{"@type":"ListItem","position":1,"name":"Etusivu","item":"https:\/\/allstarfinland.fi\/"},{"@type":"ListItem","position":2,"name":"Etusivu","item":"https:\/\/allstarfinland.fi\/"},{"@type":"ListItem","position":3,"name":"AIRLINE RULLALAUKKU"}]},{"@type":"WebSite","@id":"https:\/\/allstarfinland.fi\/en\/#website","url":"https:\/\/allstarfinland.fi\/en\/","name":"Allstar Finland","description":"Miekkailuv\u00e4lineiden verkkokauppa","potentialAction":[{"@type":"SearchAction","target":{"@type":"EntryPoint","urlTemplate":"https:\/\/allstarfinland.fi\/en\/?s={search_term_string}"},"query-input":{"@type":"PropertyValueSpecification","valueRequired":true,"valueName":"search_term_string"}}],"inLanguage":"en-US"}]}},"jetpack_sharing_enabled":true,"_links":{"self":[{"href":"https:\/\/allstarfinland.fi\/en\/wp-json\/wp\/v2\/product\/10614","targetHints":{"allow":["GET"]}}],"collection":[{"href":"https:\/\/allstarfinland.fi\/en\/wp-json\/wp\/v2\/product"}],"about":[{"href":"https:\/\/allstarfinland.fi\/en\/wp-json\/wp\/v2\/types\/product"}],"wp:featuredmedia":[{"embeddable":true,"href":"https:\/\/allstarfinland.fi\/en\/wp-json\/wp\/v2\/media\/10615"}],"wp:attachment":[{"href":"https:\/\/allstarfinland.fi\/en\/wp-json\/wp\/v2\/media?parent=10614"}],"wp:term":[{"taxonomy":"product_brand","embeddable":true,"href":"https:\/\/allstarfinland.fi\/en\/wp-json\/wp\/v2\/product_brand?post=10614"},{"taxonomy":"product_cat","embeddable":true,"href":"https:\/\/allstarfinland.fi\/en\/wp-json\/wp\/v2\/product_cat?post=10614"},{"taxonomy":"product_tag","embeddable":true,"href":"https:\/\/allstarfinland.fi\/en\/wp-json\/wp\/v2\/product_tag?post=10614"}],"curies":[{"name":"wp","href":"https:\/\/api.w.org\/{rel}","templated":true}]}}