{"id":22741,"date":"2026-02-16T13:14:16","date_gmt":"2026-02-16T11:14:16","guid":{"rendered":"https:\/\/allstarfinland.fi\/?page_id=22741"},"modified":"2026-02-24T13:14:49","modified_gmt":"2026-02-24T11:14:49","slug":"yhteystiedot","status":"publish","type":"page","link":"https:\/\/allstarfinland.fi\/en\/yhteystiedot\/","title":{"rendered":"CONTACT US"},"content":{"rendered":"<h2>Call, WhatsApp us, or send an email.<\/h2>\n<p>You can reach us by phone at +358 44 255 7827 or by email at info@allstarfinland.fi.<\/p>\n<h2>Store<\/h2>\n<p>Our store is located in Maunula, Helsinki, at Mets\u00e4puronkuja 11, and is open by appointment. You can reach us, for example, by tram 15 or bus 53. Other public transport options also stop nearby. Parking for cars is usually available along Mets\u00e4puronkuja or on the surrounding streets.<\/p>\n<h2>Opening hours<\/h2>\n<p>Our store will next be open on Sunday, April 19, 2026, from 11:00 to 15:00. At other times, we serve by appointment.<\/p>\n<p><iframe loading=\"lazy\" style=\"border: 0;\" src=\"https:\/\/www.google.com\/maps\/embed?pb=!1m18!1m12!1m3!1d4711.666147717575!2d24.92128292218585!3d60.2301842723436!2m3!1f0!2f0!3f0!3m2!1i1024!2i768!4f13.1!3m3!1m2!1s0x469209705c69d065%3A0x8a61ec9a6f4edc73!2sAllstar%20Finland!5e0!3m2!1sfi!2sfi!4v1771241106169!5m2!1sfi!2sfi\" width=\"1200\" height=\"600\" allowfullscreen=\"allowfullscreen\"><\/iframe><\/p>","protected":false},"excerpt":{"rendered":"<p>Soita, laita WhatsAppia tai l\u00e4het\u00e4 s\u00e4hk\u00f6postia Tavoitat meid\u00e4t puhelimitse numerosta 044 255 7827 tai s\u00e4hk\u00f6postilla osoitteesta info@allstarfinland.fi Myym\u00e4l\u00e4 Myym\u00e4l\u00e4mme sijaitsee Helsingin Maunulassa osoitteessa Mets\u00e4puronkuja 11 ja on avoinna sopimuksen mukaan. P\u00e4\u00e4set meille mm. raitiovaunulla 15 sek\u00e4 bussilla 53. Muutkin julkiset kulkuv\u00e4lineet tuovat l\u00e4helle. Autoille parkkipaikka l\u00f6ytyy yleens\u00e4 Mets\u00e4puronkujan varrelta tai viereisilt\u00e4 kaduilta. Aukioloajat Seuraavan kerran [&#8230;]\n","protected":false},"author":1,"featured_media":0,"parent":0,"menu_order":0,"comment_status":"closed","ping_status":"closed","template":"","meta":{"footnotes":""},"class_list":["post-22741","page","type-page","status-publish","hentry"],"yoast_head":"<!-- This site is optimized with the Yoast SEO plugin v27.2 - https:\/\/yoast.com\/product\/yoast-seo-wordpress\/ -->\n<title>YHTEYSTIEDOT - Allstar Finland<\/title>\n<meta name=\"robots\" content=\"index, follow, max-snippet:-1, max-image-preview:large, max-video-preview:-1\" \/>\n<link rel=\"canonical\" href=\"https:\/\/allstarfinland.fi\/en\/yhteystiedot\/\" \/>\n<meta property=\"og:locale\" content=\"en_US\" \/>\n<meta property=\"og:type\" content=\"article\" \/>\n<meta property=\"og:title\" content=\"YHTEYSTIEDOT - Allstar Finland\" \/>\n<meta property=\"og:description\" content=\"Soita, laita WhatsAppia tai l\u00e4het\u00e4 s\u00e4hk\u00f6postia Tavoitat meid\u00e4t puhelimitse numerosta 044 255 7827 tai s\u00e4hk\u00f6postilla osoitteesta info@allstarfinland.fi Myym\u00e4l\u00e4 Myym\u00e4l\u00e4mme sijaitsee Helsingin Maunulassa osoitteessa Mets\u00e4puronkuja 11 ja on avoinna sopimuksen mukaan. P\u00e4\u00e4set meille mm. raitiovaunulla 15 sek\u00e4 bussilla 53. Muutkin julkiset kulkuv\u00e4lineet tuovat l\u00e4helle. Autoille parkkipaikka l\u00f6ytyy yleens\u00e4 Mets\u00e4puronkujan varrelta tai viereisilt\u00e4 kaduilta. Aukioloajat Seuraavan kerran [...]\" \/>\n<meta property=\"og:url\" content=\"https:\/\/allstarfinland.fi\/en\/yhteystiedot\/\" \/>\n<meta property=\"og:site_name\" content=\"Allstar Finland\" \/>\n<meta property=\"article:modified_time\" content=\"2026-02-24T11:14:49+00:00\" \/>\n<meta name=\"twitter:card\" content=\"summary_large_image\" \/>\n<meta name=\"twitter:label1\" content=\"Est. reading time\" \/>\n\t<meta name=\"twitter:data1\" content=\"1 minute\" \/>\n<script type=\"application\/ld+json\" class=\"yoast-schema-graph\">{\"@context\":\"https:\/\/schema.org\",\"@graph\":[{\"@type\":\"WebPage\",\"@id\":\"https:\/\/allstarfinland.fi\/yhteystiedot\/\",\"url\":\"https:\/\/allstarfinland.fi\/yhteystiedot\/\",\"name\":\"YHTEYSTIEDOT - Allstar Finland\",\"isPartOf\":{\"@id\":\"https:\/\/allstarfinland.fi\/en\/#website\"},\"datePublished\":\"2026-02-16T11:14:16+00:00\",\"dateModified\":\"2026-02-24T11:14:49+00:00\",\"breadcrumb\":{\"@id\":\"https:\/\/allstarfinland.fi\/yhteystiedot\/#breadcrumb\"},\"inLanguage\":\"en-US\",\"potentialAction\":[{\"@type\":\"ReadAction\",\"target\":[\"https:\/\/allstarfinland.fi\/yhteystiedot\/\"]}]},{\"@type\":\"BreadcrumbList\",\"@id\":\"https:\/\/allstarfinland.fi\/yhteystiedot\/#breadcrumb\",\"itemListElement\":[{\"@type\":\"ListItem\",\"position\":1,\"name\":\"Etusivu\",\"item\":\"https:\/\/allstarfinland.fi\/\"},{\"@type\":\"ListItem\",\"position\":2,\"name\":\"YHTEYSTIEDOT\"}]},{\"@type\":\"WebSite\",\"@id\":\"https:\/\/allstarfinland.fi\/en\/#website\",\"url\":\"https:\/\/allstarfinland.fi\/en\/\",\"name\":\"Allstar Finland\",\"description\":\"Miekkailuv\u00e4lineiden verkkokauppa\",\"potentialAction\":[{\"@type\":\"SearchAction\",\"target\":{\"@type\":\"EntryPoint\",\"urlTemplate\":\"https:\/\/allstarfinland.fi\/en\/?s={search_term_string}\"},\"query-input\":{\"@type\":\"PropertyValueSpecification\",\"valueRequired\":true,\"valueName\":\"search_term_string\"}}],\"inLanguage\":\"en-US\"}]}<\/script>\n<!-- \/ Yoast SEO plugin. -->","yoast_head_json":{"title":"YHTEYSTIEDOT - Allstar Finland","robots":{"index":"index","follow":"follow","max-snippet":"max-snippet:-1","max-image-preview":"max-image-preview:large","max-video-preview":"max-video-preview:-1"},"canonical":"https:\/\/allstarfinland.fi\/en\/yhteystiedot\/","og_locale":"en_US","og_type":"article","og_title":"YHTEYSTIEDOT - Allstar Finland","og_description":"Soita, laita WhatsAppia tai l\u00e4het\u00e4 s\u00e4hk\u00f6postia Tavoitat meid\u00e4t puhelimitse numerosta 044 255 7827 tai s\u00e4hk\u00f6postilla osoitteesta info@allstarfinland.fi Myym\u00e4l\u00e4 Myym\u00e4l\u00e4mme sijaitsee Helsingin Maunulassa osoitteessa Mets\u00e4puronkuja 11 ja on avoinna sopimuksen mukaan. P\u00e4\u00e4set meille mm. raitiovaunulla 15 sek\u00e4 bussilla 53. Muutkin julkiset kulkuv\u00e4lineet tuovat l\u00e4helle. Autoille parkkipaikka l\u00f6ytyy yleens\u00e4 Mets\u00e4puronkujan varrelta tai viereisilt\u00e4 kaduilta. Aukioloajat Seuraavan kerran [...]","og_url":"https:\/\/allstarfinland.fi\/en\/yhteystiedot\/","og_site_name":"Allstar Finland","article_modified_time":"2026-02-24T11:14:49+00:00","twitter_card":"summary_large_image","twitter_misc":{"Est. reading time":"1 minute"},"schema":{"@context":"https:\/\/schema.org","@graph":[{"@type":"WebPage","@id":"https:\/\/allstarfinland.fi\/yhteystiedot\/","url":"https:\/\/allstarfinland.fi\/yhteystiedot\/","name":"YHTEYSTIEDOT - Allstar Finland","isPartOf":{"@id":"https:\/\/allstarfinland.fi\/en\/#website"},"datePublished":"2026-02-16T11:14:16+00:00","dateModified":"2026-02-24T11:14:49+00:00","breadcrumb":{"@id":"https:\/\/allstarfinland.fi\/yhteystiedot\/#breadcrumb"},"inLanguage":"en-US","potentialAction":[{"@type":"ReadAction","target":["https:\/\/allstarfinland.fi\/yhteystiedot\/"]}]},{"@type":"BreadcrumbList","@id":"https:\/\/allstarfinland.fi\/yhteystiedot\/#breadcrumb","itemListElement":[{"@type":"ListItem","position":1,"name":"Etusivu","item":"https:\/\/allstarfinland.fi\/"},{"@type":"ListItem","position":2,"name":"YHTEYSTIEDOT"}]},{"@type":"WebSite","@id":"https:\/\/allstarfinland.fi\/en\/#website","url":"https:\/\/allstarfinland.fi\/en\/","name":"Allstar Finland","description":"Miekkailuv\u00e4lineiden verkkokauppa","potentialAction":[{"@type":"SearchAction","target":{"@type":"EntryPoint","urlTemplate":"https:\/\/allstarfinland.fi\/en\/?s={search_term_string}"},"query-input":{"@type":"PropertyValueSpecification","valueRequired":true,"valueName":"search_term_string"}}],"inLanguage":"en-US"}]}},"jetpack_sharing_enabled":true,"_links":{"self":[{"href":"https:\/\/allstarfinland.fi\/en\/wp-json\/wp\/v2\/pages\/22741","targetHints":{"allow":["GET"]}}],"collection":[{"href":"https:\/\/allstarfinland.fi\/en\/wp-json\/wp\/v2\/pages"}],"about":[{"href":"https:\/\/allstarfinland.fi\/en\/wp-json\/wp\/v2\/types\/page"}],"author":[{"embeddable":true,"href":"https:\/\/allstarfinland.fi\/en\/wp-json\/wp\/v2\/users\/1"}],"replies":[{"embeddable":true,"href":"https:\/\/allstarfinland.fi\/en\/wp-json\/wp\/v2\/comments?post=22741"}],"version-history":[{"count":7,"href":"https:\/\/allstarfinland.fi\/en\/wp-json\/wp\/v2\/pages\/22741\/revisions"}],"predecessor-version":[{"id":22786,"href":"https:\/\/allstarfinland.fi\/en\/wp-json\/wp\/v2\/pages\/22741\/revisions\/22786"}],"wp:attachment":[{"href":"https:\/\/allstarfinland.fi\/en\/wp-json\/wp\/v2\/media?parent=22741"}],"curies":[{"name":"wp","href":"https:\/\/api.w.org\/{rel}","templated":true}]}}